{"id":2914,"date":"2024-03-21T10:31:32","date_gmt":"2024-03-21T09:31:32","guid":{"rendered":"https:\/\/bastideparis.fr\/ro49090-ovh\/?page_id=2914"},"modified":"2024-05-24T11:15:06","modified_gmt":"2024-05-24T09:15:06","slug":"boutiques-bastide","status":"publish","type":"page","link":"https:\/\/bastideparis.fr\/ro49090-ovh\/index.php\/boutiques-bastide\/","title":{"rendered":"BOUTIQUES BASTIDE"},"content":{"rendered":"\n<p class=\"has-text-align-center has-theme-palette-2-color has-text-color has-link-color has-larger-font-size wp-elements-4f64aa142f5c4fc60df0b9d3259252c3\"><strong>Nos boutiques BASTIDE \u00e0 Paris <\/strong><\/p>\n\n\n<style>.kb-row-layout-id2914_64cff1-01 > .kt-row-column-wrap{align-content:center;}:where(.kb-row-layout-id2914_64cff1-01 > .kt-row-column-wrap) > .wp-block-kadence-column{justify-content:center;}.kb-row-layout-id2914_64cff1-01 > .kt-row-column-wrap{column-gap:var(--global-kb-gap-md, 2rem);row-gap:var(--global-kb-gap-md, 2rem);padding-top:var(--global-kb-spacing-sm, 1.5rem);padding-bottom:var(--global-kb-spacing-sm, 1.5rem);grid-template-columns:repeat(2, minmax(0, 1fr));}.kb-row-layout-id2914_64cff1-01 > .kt-row-layout-overlay{opacity:0.30;}@media all and (max-width: 1024px){.kb-row-layout-id2914_64cff1-01 > .kt-row-column-wrap{grid-template-columns:repeat(2, minmax(0, 1fr));}}@media all and (max-width: 767px){.kb-row-layout-id2914_64cff1-01 > .kt-row-column-wrap{grid-template-columns:minmax(0, 1fr);}}<\/style><div class=\"kb-row-layout-wrap kb-row-layout-id2914_64cff1-01 alignnone wp-block-kadence-rowlayout\"><div class=\"kt-row-column-wrap kt-has-2-columns kt-row-layout-equal kt-tab-layout-inherit kt-mobile-layout-row kt-row-valign-middle\">\n<style>.kadence-column2914_2cc755-a0 > .kt-inside-inner-col,.kadence-column2914_2cc755-a0 > .kt-inside-inner-col:before{border-top-left-radius:0px;border-top-right-radius:0px;border-bottom-right-radius:0px;border-bottom-left-radius:0px;}.kadence-column2914_2cc755-a0 > .kt-inside-inner-col{column-gap:var(--global-kb-gap-sm, 1rem);}.kadence-column2914_2cc755-a0 > .kt-inside-inner-col{flex-direction:column;}.kadence-column2914_2cc755-a0 > .kt-inside-inner-col > .aligncenter{width:100%;}.kadence-column2914_2cc755-a0 > .kt-inside-inner-col:before{opacity:0.3;}.kadence-column2914_2cc755-a0{position:relative;}@media all and (max-width: 1024px){.kadence-column2914_2cc755-a0 > .kt-inside-inner-col{flex-direction:column;justify-content:center;}}@media all and (max-width: 767px){.kadence-column2914_2cc755-a0 > .kt-inside-inner-col{flex-direction:column;justify-content:center;}}<\/style>\n<div class=\"wp-block-kadence-column kadence-column2914_2cc755-a0\"><div class=\"kt-inside-inner-col\">\n<h1 class=\"wp-block-heading has-text-align-left has-theme-palette-4-color has-text-color has-link-color wp-elements-3e85808433aa764fc301755f9a263c01\" style=\"font-size:54px\"><strong>VOUS SOUHAITEZ NOUS RENDRE VISITE ? <\/strong><\/h1>\n\n\n\n<h2 class=\"wp-block-heading has-text-align-left\">Retrouvez les coordonn\u00e9es de nos 5 boutiques ci-dessous !<\/h2>\n<\/div><\/div>\n\n\n<style>.kadence-column2914_3cd1d0-f9 > .kt-inside-inner-col,.kadence-column2914_3cd1d0-f9 > .kt-inside-inner-col:before{border-top-left-radius:0px;border-top-right-radius:0px;border-bottom-right-radius:0px;border-bottom-left-radius:0px;}.kadence-column2914_3cd1d0-f9 > .kt-inside-inner-col{column-gap:var(--global-kb-gap-sm, 1rem);}.kadence-column2914_3cd1d0-f9 > .kt-inside-inner-col{flex-direction:column;}.kadence-column2914_3cd1d0-f9 > .kt-inside-inner-col > .aligncenter{width:100%;}.kadence-column2914_3cd1d0-f9 > .kt-inside-inner-col:before{opacity:0.3;}.kadence-column2914_3cd1d0-f9{position:relative;}@media all and (max-width: 1024px){.kadence-column2914_3cd1d0-f9 > .kt-inside-inner-col{flex-direction:column;justify-content:center;}}@media all and (max-width: 767px){.kadence-column2914_3cd1d0-f9 > .kt-inside-inner-col{flex-direction:column;justify-content:center;}}<\/style>\n<div class=\"wp-block-kadence-column kadence-column2914_3cd1d0-f9\"><div class=\"kt-inside-inner-col\"><div class=\"wp-block-image\">\n<figure class=\"aligncenter size-full\"><img loading=\"lazy\" decoding=\"async\" width=\"600\" height=\"600\" src=\"https:\/\/bastideparis.fr\/ro49090-ovh\/wp-content\/uploads\/2024\/05\/MAP-PARIS-1.png\" alt=\"\" class=\"wp-image-3550\" srcset=\"https:\/\/bastideparis.fr\/ro49090-ovh\/wp-content\/uploads\/2024\/05\/MAP-PARIS-1.png 600w, https:\/\/bastideparis.fr\/ro49090-ovh\/wp-content\/uploads\/2024\/05\/MAP-PARIS-1-300x300.png 300w, https:\/\/bastideparis.fr\/ro49090-ovh\/wp-content\/uploads\/2024\/05\/MAP-PARIS-1-150x150.png 150w\" sizes=\"auto, (max-width: 600px) 100vw, 600px\" \/><\/figure>\n<\/div><\/div><\/div>\n\n<\/div><\/div>\n\n<style>.kb-row-layout-id2914_b0ebf7-9b > .kt-row-column-wrap{align-content:start;}:where(.kb-row-layout-id2914_b0ebf7-9b > .kt-row-column-wrap) > .wp-block-kadence-column{justify-content:start;}.kb-row-layout-id2914_b0ebf7-9b > .kt-row-column-wrap{column-gap:var(--global-kb-gap-md, 2rem);row-gap:var(--global-kb-gap-md, 2rem);padding-top:var(--global-kb-spacing-sm, 1.5rem);padding-bottom:var(--global-kb-spacing-sm, 1.5rem);}.kb-row-layout-id2914_b0ebf7-9b > .kt-row-column-wrap > div:not(.added-for-specificity){grid-column:initial;}.kb-row-layout-id2914_b0ebf7-9b > .kt-row-column-wrap{grid-template-columns:repeat(3, minmax(0, 1fr));}.kb-row-layout-id2914_b0ebf7-9b > .kt-row-layout-overlay{opacity:0.30;}@media all and (max-width: 1024px){.kb-row-layout-id2914_b0ebf7-9b > .kt-row-column-wrap > div:not(.added-for-specificity){grid-column:initial;}}@media all and (max-width: 1024px){.kb-row-layout-id2914_b0ebf7-9b > .kt-row-column-wrap{grid-template-columns:repeat(3, minmax(0, 1fr));}}@media all and (max-width: 767px){.kb-row-layout-id2914_b0ebf7-9b > .kt-row-column-wrap > div:not(.added-for-specificity){grid-column:initial;}.kb-row-layout-id2914_b0ebf7-9b > .kt-row-column-wrap{grid-template-columns:minmax(0, 1fr);}}<\/style><div class=\"kb-row-layout-wrap kb-row-layout-id2914_b0ebf7-9b alignnone wp-block-kadence-rowlayout\"><div class=\"kt-row-column-wrap kt-has-3-columns kt-row-layout-equal kt-tab-layout-inherit kt-mobile-layout-row kt-row-valign-top\">\n<style>.kadence-column2914_92ac0e-a6 > .kt-inside-inner-col,.kadence-column2914_92ac0e-a6 > .kt-inside-inner-col:before{border-top-left-radius:0px;border-top-right-radius:0px;border-bottom-right-radius:0px;border-bottom-left-radius:0px;}.kadence-column2914_92ac0e-a6 > .kt-inside-inner-col{column-gap:var(--global-kb-gap-sm, 1rem);}.kadence-column2914_92ac0e-a6 > .kt-inside-inner-col{flex-direction:column;}.kadence-column2914_92ac0e-a6 > .kt-inside-inner-col > .aligncenter{width:100%;}.kadence-column2914_92ac0e-a6 > .kt-inside-inner-col:before{opacity:0.3;}.kadence-column2914_92ac0e-a6{position:relative;}@media all and (max-width: 1024px){.kadence-column2914_92ac0e-a6 > .kt-inside-inner-col{flex-direction:column;justify-content:center;}}@media all and (max-width: 767px){.kadence-column2914_92ac0e-a6 > .kt-inside-inner-col{flex-direction:column;justify-content:center;}}<\/style>\n<div class=\"wp-block-kadence-column kadence-column2914_92ac0e-a6\"><div class=\"kt-inside-inner-col\">\n<p class=\"has-text-align-center has-theme-palette-1-color has-text-color has-link-color wp-elements-f44d30e2a7cd7e3ee0e00b7d9a801fdc\" style=\"font-size:23px\"><strong>BASTIDE PARIS 6\u00e8me arr.<\/strong><\/p>\n\n\n<style>.kb-google-maps-container2914_914f31-d7{height:450px;}<\/style><div class=\"kb-google-maps-container kb-google-maps-container2914_914f31-d7  wp-block-kadence-googlemaps\" data-mapid=\"2914_914f31d7\"><iframe width=\"100%\" height=\"100%\"\n\t\t\t\t\t\t\tstyle=\"border:0\" loading=\"lazy\"\n\t\t\t\t\t\t\tsrc=\"https:\/\/www.google.com\/maps\/embed\/v1\/place?key=AIzaSyBAM2o7PiQqwk15LC1XRH2e_KJ-jUa7KYk&#038;zoom=15&#038;maptype=roadmap&#038;q=1+rue+danton+75006\"\n\t\t\t\t\t\t\ttitle=\"Carte Google de 1 rue danton 75006\"><\/iframe><\/div><script>function kb_google_map2914_914f31d7() { let center = { lat: 37.8201, lng: -122.4781}; let map = new google.maps.Map(document.getElementById(\"kb-google-map2914_914f31d7\"), {\n\t\t\t\t\t    zoom: 15,\n\t\t\t\t\t    center: center,});let marker = new google.maps.Marker({   position: { lat: 37.8201, lng: -122.4781},    map: map,  });}<\/script>\n\n\n<p><\/p>\n\n\n\n<p class=\"has-text-align-center\">1 rue Danton \u2013 75006 PARIS<br><a href=\"tel:0143267500\">01 43 26 75 00<\/a><br><a href=\"mailto:paris6@bastideparis.com\">paris6@bastideparis.com<\/a><\/p>\n\n\n\n<p class=\"has-text-align-center\">Mardi \u2013 Samedi<br>10:00 \u2013 13:00<br>14:00 \u2013 18:00<\/p>\n\n\n\n<p class=\"has-text-align-center has-theme-palette-9-color has-text-color has-link-color wp-elements-6acca6e70a572479e87a093e24db4b1f\">Voir la boutique<\/p>\n\n\n<div class=\"wp-block-image\">\n<figure class=\"aligncenter size-full is-resized\"><img loading=\"lazy\" decoding=\"async\" width=\"709\" height=\"278\" src=\"https:\/\/bastideparis.fr\/ro49090-ovh\/wp-content\/uploads\/2023\/12\/P6-2.png\" alt=\"\" class=\"wp-image-1343\" style=\"width:247px;height:auto\" srcset=\"https:\/\/bastideparis.fr\/ro49090-ovh\/wp-content\/uploads\/2023\/12\/P6-2.png 709w, https:\/\/bastideparis.fr\/ro49090-ovh\/wp-content\/uploads\/2023\/12\/P6-2-300x118.png 300w\" sizes=\"auto, (max-width: 709px) 100vw, 709px\" \/><\/figure>\n<\/div><\/div><\/div>\n\n\n<style>.kadence-column2914_333d2d-cb > .kt-inside-inner-col,.kadence-column2914_333d2d-cb > .kt-inside-inner-col:before{border-top-left-radius:0px;border-top-right-radius:0px;border-bottom-right-radius:0px;border-bottom-left-radius:0px;}.kadence-column2914_333d2d-cb > .kt-inside-inner-col{column-gap:var(--global-kb-gap-sm, 1rem);}.kadence-column2914_333d2d-cb > .kt-inside-inner-col{flex-direction:column;}.kadence-column2914_333d2d-cb > .kt-inside-inner-col > .aligncenter{width:100%;}.kadence-column2914_333d2d-cb > .kt-inside-inner-col:before{opacity:0.3;}.kadence-column2914_333d2d-cb{position:relative;}@media all and (max-width: 1024px){.kadence-column2914_333d2d-cb > .kt-inside-inner-col{flex-direction:column;justify-content:center;}}@media all and (max-width: 767px){.kadence-column2914_333d2d-cb > .kt-inside-inner-col{flex-direction:column;justify-content:center;}}<\/style>\n<div class=\"wp-block-kadence-column kadence-column2914_333d2d-cb\"><div class=\"kt-inside-inner-col\">\n<p class=\"has-text-align-center has-theme-palette-1-color has-text-color has-link-color wp-elements-bdae2574eca1965ae3565d14652af9bb\" style=\"font-size:23px\"><strong>BASTIDE PARIS 14\u00e8me arr.<\/strong><\/p>\n\n\n<style>.kb-google-maps-container2914_593366-66{height:450px;}<\/style><div class=\"kb-google-maps-container kb-google-maps-container2914_593366-66  wp-block-kadence-googlemaps\" data-mapid=\"2914_59336666\"><iframe width=\"100%\" height=\"100%\"\n\t\t\t\t\t\t\tstyle=\"border:0\" loading=\"lazy\"\n\t\t\t\t\t\t\tsrc=\"https:\/\/www.google.com\/maps\/embed\/v1\/place?key=AIzaSyBAM2o7PiQqwk15LC1XRH2e_KJ-jUa7KYk&#038;zoom=15&#038;maptype=roadmap&#038;q=64+boulevard+brune+75014+paris\"\n\t\t\t\t\t\t\ttitle=\"Carte Google de 64 boulevard brune 75014 paris\"><\/iframe><\/div><script>function kb_google_map2914_59336666() { let center = { lat: 37.8201, lng: -122.4781}; let map = new google.maps.Map(document.getElementById(\"kb-google-map2914_59336666\"), {\n\t\t\t\t\t    zoom: 15,\n\t\t\t\t\t    center: center,});let marker = new google.maps.Marker({   position: { lat: 37.8201, lng: -122.4781},    map: map,  });}<\/script>\n\n\n<p><\/p>\n\n\n\n<p class=\"has-text-align-center\">64 boulevard Brune \u2013 75014 PARIS<br><a href=\"tel:01 57 05 99 85\">01 57 05 99 85<\/a><br><a href=\"mailto:paris14@bastideparis.com\">paris14@bastideparis.com<\/a><\/p>\n\n\n\n<p class=\"has-text-align-center\">Mardi \u2013 Samedi<br>10:00 \u2013 13:00<br>14:00 \u2013 18:00<\/p>\n\n\n\n<p class=\"has-text-align-center has-theme-palette-9-color has-text-color has-link-color wp-elements-6acca6e70a572479e87a093e24db4b1f\">Voir la boutique<\/p>\n\n\n<div class=\"wp-block-image\">\n<figure class=\"aligncenter size-full is-resized\"><img loading=\"lazy\" decoding=\"async\" width=\"457\" height=\"316\" src=\"https:\/\/bastideparis.fr\/ro49090-ovh\/wp-content\/uploads\/2023\/12\/P14_-2.png\" alt=\"\" class=\"wp-image-1344\" style=\"width:174px;height:auto\" srcset=\"https:\/\/bastideparis.fr\/ro49090-ovh\/wp-content\/uploads\/2023\/12\/P14_-2.png 457w, https:\/\/bastideparis.fr\/ro49090-ovh\/wp-content\/uploads\/2023\/12\/P14_-2-300x207.png 300w\" sizes=\"auto, (max-width: 457px) 100vw, 457px\" \/><\/figure>\n<\/div><\/div><\/div>\n\n\n<style>.kadence-column2914_969202-5d > .kt-inside-inner-col,.kadence-column2914_969202-5d > .kt-inside-inner-col:before{border-top-left-radius:0px;border-top-right-radius:0px;border-bottom-right-radius:0px;border-bottom-left-radius:0px;}.kadence-column2914_969202-5d > .kt-inside-inner-col{column-gap:var(--global-kb-gap-sm, 1rem);}.kadence-column2914_969202-5d > .kt-inside-inner-col{flex-direction:column;}.kadence-column2914_969202-5d > .kt-inside-inner-col > .aligncenter{width:100%;}.kadence-column2914_969202-5d > .kt-inside-inner-col:before{opacity:0.3;}.kadence-column2914_969202-5d{position:relative;}@media all and (max-width: 1024px){.kadence-column2914_969202-5d > .kt-inside-inner-col{flex-direction:column;justify-content:center;}}@media all and (max-width: 767px){.kadence-column2914_969202-5d > .kt-inside-inner-col{flex-direction:column;justify-content:center;}}<\/style>\n<div class=\"wp-block-kadence-column kadence-column2914_969202-5d\"><div class=\"kt-inside-inner-col\">\n<p class=\"has-text-align-center has-theme-palette-1-color has-text-color has-link-color wp-elements-c7aa25f9bdf63d2eceac1d83f5142127\" style=\"font-size:23px\"><strong>BASTIDE PARIS 16\u00e8me arr.<\/strong><\/p>\n\n\n<style>.kb-google-maps-container2914_69d443-fb{height:450px;}<\/style><div class=\"kb-google-maps-container kb-google-maps-container2914_69d443-fb  wp-block-kadence-googlemaps\" data-mapid=\"2914_69d443fb\"><iframe width=\"100%\" height=\"100%\"\n\t\t\t\t\t\t\tstyle=\"border:0\" loading=\"lazy\"\n\t\t\t\t\t\t\tsrc=\"https:\/\/www.google.com\/maps\/embed\/v1\/place?key=AIzaSyBAM2o7PiQqwk15LC1XRH2e_KJ-jUa7KYk&#038;zoom=15&#038;maptype=roadmap&#038;q=35+boulevard+exelmans+75016\"\n\t\t\t\t\t\t\ttitle=\"Carte Google de 35 boulevard exelmans 75016\"><\/iframe><\/div><script>function kb_google_map2914_69d443fb() { let center = { lat: 37.8201, lng: -122.4781}; let map = new google.maps.Map(document.getElementById(\"kb-google-map2914_69d443fb\"), {\n\t\t\t\t\t    zoom: 15,\n\t\t\t\t\t    center: center,});let marker = new google.maps.Marker({   position: { lat: 37.8201, lng: -122.4781},    map: map,  });}<\/script>\n\n\n<p><\/p>\n\n\n\n<p class=\"has-text-align-center\">35 boulevard Exelmans \u2013 75016 PARIS<br><a href=\"tel:0153925252\">01 53 92 52 52<\/a><br><a href=\"mailto:paris16@bastideparis.com\">paris16@bastideparis.com<\/a><\/p>\n\n\n\n<p class=\"has-text-align-center\">Lundi \u2013 Samedi<br>09:00 \u2013 13:00<br>14:00 \u2013 19:00<\/p>\n\n\n\n<p class=\"has-text-align-center\"><a href=\"https:\/\/bastideparis.fr\/ro49090-ovh\/index.php\/paris-16\/\">Voir la boutique<\/a><\/p>\n\n\n<div class=\"wp-block-image\">\n<figure class=\"aligncenter size-full is-resized\"><img loading=\"lazy\" decoding=\"async\" width=\"616\" height=\"243\" src=\"https:\/\/bastideparis.fr\/ro49090-ovh\/wp-content\/uploads\/2023\/12\/P16-2.png\" alt=\"\" class=\"wp-image-1345\" style=\"width:206px;height:auto\" srcset=\"https:\/\/bastideparis.fr\/ro49090-ovh\/wp-content\/uploads\/2023\/12\/P16-2.png 616w, https:\/\/bastideparis.fr\/ro49090-ovh\/wp-content\/uploads\/2023\/12\/P16-2-300x118.png 300w\" sizes=\"auto, (max-width: 616px) 100vw, 616px\" \/><\/figure>\n<\/div><\/div><\/div>\n\n<\/div><\/div>\n\n<style>.wp-block-kadence-spacer.kt-block-spacer-2914_d83028-36 .kt-block-spacer{height:60px;}.wp-block-kadence-spacer.kt-block-spacer-2914_d83028-36 .kt-divider{border-top-width:1px;height:1px;border-top-color:var(--global-palette2, #2B6CB0);width:80%;border-top-style:solid;}<\/style>\n<div class=\"wp-block-kadence-spacer aligncenter kt-block-spacer-2914_d83028-36\"><div class=\"kt-block-spacer kt-block-spacer-halign-center\"><hr class=\"kt-divider\"\/><\/div><\/div>\n\n\n<style>.kb-row-layout-id2914_979db6-79 > .kt-row-column-wrap{align-content:start;}:where(.kb-row-layout-id2914_979db6-79 > .kt-row-column-wrap) > .wp-block-kadence-column{justify-content:start;}.kb-row-layout-id2914_979db6-79 > .kt-row-column-wrap{column-gap:var(--global-kb-gap-md, 2rem);row-gap:var(--global-kb-gap-md, 2rem);padding-top:var(--global-kb-spacing-sm, 1.5rem);padding-bottom:var(--global-kb-spacing-sm, 1.5rem);}.kb-row-layout-id2914_979db6-79 > .kt-row-column-wrap > div:not(.added-for-specificity){grid-column:initial;}.kb-row-layout-id2914_979db6-79 > .kt-row-column-wrap{grid-template-columns:repeat(3, minmax(0, 1fr));}.kb-row-layout-id2914_979db6-79 > .kt-row-layout-overlay{opacity:0.30;}@media all and (max-width: 1024px){.kb-row-layout-id2914_979db6-79 > .kt-row-column-wrap > div:not(.added-for-specificity){grid-column:initial;}}@media all and (max-width: 1024px){.kb-row-layout-id2914_979db6-79 > .kt-row-column-wrap{grid-template-columns:repeat(3, minmax(0, 1fr));}}@media all and (max-width: 767px){.kb-row-layout-id2914_979db6-79 > .kt-row-column-wrap > div:not(.added-for-specificity){grid-column:initial;}.kb-row-layout-id2914_979db6-79 > .kt-row-column-wrap{grid-template-columns:minmax(0, 1fr);}}<\/style><div class=\"kb-row-layout-wrap kb-row-layout-id2914_979db6-79 alignnone wp-block-kadence-rowlayout\"><div class=\"kt-row-column-wrap kt-has-3-columns kt-row-layout-equal kt-tab-layout-inherit kt-mobile-layout-row kt-row-valign-top\">\n<style>.kadence-column2914_d0912d-d4 > .kt-inside-inner-col,.kadence-column2914_d0912d-d4 > .kt-inside-inner-col:before{border-top-left-radius:0px;border-top-right-radius:0px;border-bottom-right-radius:0px;border-bottom-left-radius:0px;}.kadence-column2914_d0912d-d4 > .kt-inside-inner-col{column-gap:var(--global-kb-gap-sm, 1rem);}.kadence-column2914_d0912d-d4 > .kt-inside-inner-col{flex-direction:column;}.kadence-column2914_d0912d-d4 > .kt-inside-inner-col > .aligncenter{width:100%;}.kadence-column2914_d0912d-d4 > .kt-inside-inner-col:before{opacity:0.3;}.kadence-column2914_d0912d-d4{position:relative;}@media all and (max-width: 1024px){.kadence-column2914_d0912d-d4 > .kt-inside-inner-col{flex-direction:column;justify-content:center;}}@media all and (max-width: 767px){.kadence-column2914_d0912d-d4 > .kt-inside-inner-col{flex-direction:column;justify-content:center;}}<\/style>\n<div class=\"wp-block-kadence-column kadence-column2914_d0912d-d4\"><div class=\"kt-inside-inner-col\">\n<p class=\"has-text-align-center has-theme-palette-1-color has-text-color has-link-color wp-elements-869f0b6c271aaa6de00abdd011eda915\" style=\"font-size:23px\"><strong>BASTIDE PARIS 18\u00e8me arr.<\/strong><\/p>\n\n\n<style>.kb-google-maps-container2914_dead6e-08{height:450px;}<\/style><div class=\"kb-google-maps-container kb-google-maps-container2914_dead6e-08  wp-block-kadence-googlemaps\" data-mapid=\"2914_dead6e08\"><iframe width=\"100%\" height=\"100%\"\n\t\t\t\t\t\t\tstyle=\"border:0\" loading=\"lazy\"\n\t\t\t\t\t\t\tsrc=\"https:\/\/www.google.com\/maps\/embed\/v1\/place?key=AIzaSyBAM2o7PiQqwk15LC1XRH2e_KJ-jUa7KYk&#038;zoom=15&#038;maptype=roadmap&#038;q=39+rue+hermel+75018\"\n\t\t\t\t\t\t\ttitle=\"Carte Google de 39 rue hermel 75018\"><\/iframe><\/div><script>function kb_google_map2914_dead6e08() { let center = { lat: 37.8201, lng: -122.4781}; let map = new google.maps.Map(document.getElementById(\"kb-google-map2914_dead6e08\"), {\n\t\t\t\t\t    zoom: 15,\n\t\t\t\t\t    center: center,});let marker = new google.maps.Marker({   position: { lat: 37.8201, lng: -122.4781},    map: map,  });}<\/script>\n\n\n<p><\/p>\n\n\n\n<p class=\"has-text-align-center\">39 rue Hermel \u2013 75018 PARIS<br><a href=\"tel:0153092250\">01 53 09 22 50<\/a><br><a href=\"mailto:paris18@bastideparis.com\">paris18@bastideparis.com<\/a><\/p>\n\n\n\n<p class=\"has-text-align-center\">Lundi \u2013 Samedi<br>10:00 \u2013 13:00<br>14:00 \u2013 18:00<\/p>\n\n\n\n<p class=\"has-text-align-center\"><a href=\"https:\/\/bastideparis.fr\/ro49090-ovh\/index.php\/paris-18\/\">Voir la boutique<\/a><\/p>\n\n\n\n<p><\/p>\n\n\n<div class=\"wp-block-image\">\n<figure class=\"aligncenter size-full is-resized\"><img loading=\"lazy\" decoding=\"async\" width=\"452\" height=\"302\" src=\"https:\/\/bastideparis.fr\/ro49090-ovh\/wp-content\/uploads\/2023\/12\/P18-2.png\" alt=\"\" class=\"wp-image-1346\" style=\"width:175px;height:auto\" srcset=\"https:\/\/bastideparis.fr\/ro49090-ovh\/wp-content\/uploads\/2023\/12\/P18-2.png 452w, https:\/\/bastideparis.fr\/ro49090-ovh\/wp-content\/uploads\/2023\/12\/P18-2-300x200.png 300w\" sizes=\"auto, (max-width: 452px) 100vw, 452px\" \/><\/figure>\n<\/div><\/div><\/div>\n\n\n<style>.kadence-column2914_0e7948-d6 > .kt-inside-inner-col,.kadence-column2914_0e7948-d6 > .kt-inside-inner-col:before{border-top-left-radius:0px;border-top-right-radius:0px;border-bottom-right-radius:0px;border-bottom-left-radius:0px;}.kadence-column2914_0e7948-d6 > .kt-inside-inner-col{column-gap:var(--global-kb-gap-sm, 1rem);}.kadence-column2914_0e7948-d6 > .kt-inside-inner-col{flex-direction:column;}.kadence-column2914_0e7948-d6 > .kt-inside-inner-col > .aligncenter{width:100%;}.kadence-column2914_0e7948-d6 > .kt-inside-inner-col:before{opacity:0.3;}.kadence-column2914_0e7948-d6{position:relative;}@media all and (max-width: 1024px){.kadence-column2914_0e7948-d6 > .kt-inside-inner-col{flex-direction:column;justify-content:center;}}@media all and (max-width: 767px){.kadence-column2914_0e7948-d6 > .kt-inside-inner-col{flex-direction:column;justify-content:center;}}<\/style>\n<div class=\"wp-block-kadence-column kadence-column2914_0e7948-d6\"><div class=\"kt-inside-inner-col\">\n<p class=\"has-text-align-center has-theme-palette-1-color has-text-color has-link-color wp-elements-ee6daf8ce9dc803058bfcfac895bedea\" style=\"font-size:23px\"><strong>BASTIDE PARIS 20\u00e8me arr.<\/strong><\/p>\n\n\n<style>.kb-google-maps-container2914_ba82f4-90{height:450px;}<\/style><div class=\"kb-google-maps-container kb-google-maps-container2914_ba82f4-90  wp-block-kadence-googlemaps\" data-mapid=\"2914_ba82f490\"><iframe width=\"100%\" height=\"100%\"\n\t\t\t\t\t\t\tstyle=\"border:0\" loading=\"lazy\"\n\t\t\t\t\t\t\tsrc=\"https:\/\/www.google.com\/maps\/embed\/v1\/place?key=AIzaSyBAM2o7PiQqwk15LC1XRH2e_KJ-jUa7KYk&#038;zoom=15&#038;maptype=roadmap&#038;q=27+RUE+DES+COURONNES+75020\"\n\t\t\t\t\t\t\ttitle=\"Carte Google de 27 RUE DES COURONNES 75020\"><\/iframe><\/div><script>function kb_google_map2914_ba82f490() { let center = { lat: 37.8201, lng: -122.4781}; let map = new google.maps.Map(document.getElementById(\"kb-google-map2914_ba82f490\"), {\n\t\t\t\t\t    zoom: 15,\n\t\t\t\t\t    center: center,});let marker = new google.maps.Marker({   position: { lat: 37.8201, lng: -122.4781},    map: map,  });}<\/script>\n\n\n<p><\/p>\n\n\n\n<p class=\"has-text-align-center\">27 rue des Couronnes \u2013 75020 PARIS<br><a href=\"tel:0143584486\">01 43 58 44 86<\/a><br><a href=\"mailto:paris20@bastideparis.com\">paris20@bastideparis.com<\/a><\/p>\n\n\n\n<p class=\"has-text-align-center\">Lundi \u2013 Samedi<br>10:00 \u2013 13:00<br>14:00 \u2013 18:00<\/p>\n\n\n\n<p class=\"has-text-align-center has-theme-palette-9-color has-text-color has-link-color wp-elements-6acca6e70a572479e87a093e24db4b1f\">Voir la boutique<\/p>\n\n\n<div class=\"wp-block-image\">\n<figure class=\"aligncenter size-full is-resized\"><img loading=\"lazy\" decoding=\"async\" width=\"567\" height=\"242\" src=\"https:\/\/bastideparis.fr\/ro49090-ovh\/wp-content\/uploads\/2023\/12\/P20-1.png\" alt=\"\" class=\"wp-image-1347\" style=\"width:174px;height:auto\" srcset=\"https:\/\/bastideparis.fr\/ro49090-ovh\/wp-content\/uploads\/2023\/12\/P20-1.png 567w, https:\/\/bastideparis.fr\/ro49090-ovh\/wp-content\/uploads\/2023\/12\/P20-1-300x128.png 300w\" sizes=\"auto, (max-width: 567px) 100vw, 567px\" \/><\/figure>\n<\/div><\/div><\/div>\n\n\n<style>.kadence-column2914_1b8ee8-09 > .kt-inside-inner-col,.kadence-column2914_1b8ee8-09 > .kt-inside-inner-col:before{border-top-left-radius:0px;border-top-right-radius:0px;border-bottom-right-radius:0px;border-bottom-left-radius:0px;}.kadence-column2914_1b8ee8-09 > .kt-inside-inner-col{column-gap:var(--global-kb-gap-sm, 1rem);}.kadence-column2914_1b8ee8-09 > .kt-inside-inner-col{flex-direction:column;}.kadence-column2914_1b8ee8-09 > .kt-inside-inner-col > .aligncenter{width:100%;}.kadence-column2914_1b8ee8-09 > .kt-inside-inner-col:before{opacity:0.3;}.kadence-column2914_1b8ee8-09{position:relative;}@media all and (max-width: 1024px){.kadence-column2914_1b8ee8-09 > .kt-inside-inner-col{flex-direction:column;justify-content:center;}}@media all and (max-width: 767px){.kadence-column2914_1b8ee8-09 > .kt-inside-inner-col{flex-direction:column;justify-content:center;}}<\/style>\n<div class=\"wp-block-kadence-column kadence-column2914_1b8ee8-09\"><div class=\"kt-inside-inner-col\">\n<p class=\"has-text-align-center has-theme-palette-1-color has-text-color has-link-color wp-elements-0476f0b46d2c57cbbe0cbeb134ad4a55\" style=\"font-size:21px\"><\/p>\n\n\n\n<p class=\"has-text-align-center has-theme-palette-9-color has-text-color has-link-color wp-elements-6acca6e70a572479e87a093e24db4b1f\">Voir la boutique<\/p>\n<\/div><\/div>\n\n<\/div><\/div>","protected":false},"excerpt":{"rendered":"<p>Nos boutiques BASTIDE \u00e0 Paris VOUS SOUHAITEZ NOUS RENDRE VISITE ? Retrouvez les coordonn\u00e9es de nos 5 boutiques ci-dessous ! BASTIDE PARIS 6\u00e8me arr. 1 rue Danton \u2013 75006 PARIS01 43 26 75 00paris6@bastideparis.com Mardi \u2013 Samedi10:00 \u2013 13:0014:00 \u2013 18:00 Voir la boutique BASTIDE PARIS 14\u00e8me arr. 64 boulevard Brune \u2013 75014 PARIS01 57&#8230;<\/p>\n","protected":false},"author":1,"featured_media":0,"parent":0,"menu_order":0,"comment_status":"closed","ping_status":"closed","template":"","meta":{"content-type":"","_kad_post_transparent":"disable","_kad_post_title":"hide","_kad_post_layout":"normal","_kad_post_sidebar_id":"","_kad_post_content_style":"","_kad_post_vertical_padding":"","_kad_post_feature":"","_kad_post_feature_position":"","_kad_post_header":false,"_kad_post_footer":false,"footnotes":""},"class_list":["post-2914","page","type-page","status-publish","hentry"],"_links":{"self":[{"href":"https:\/\/bastideparis.fr\/ro49090-ovh\/index.php\/wp-json\/wp\/v2\/pages\/2914","targetHints":{"allow":["GET"]}}],"collection":[{"href":"https:\/\/bastideparis.fr\/ro49090-ovh\/index.php\/wp-json\/wp\/v2\/pages"}],"about":[{"href":"https:\/\/bastideparis.fr\/ro49090-ovh\/index.php\/wp-json\/wp\/v2\/types\/page"}],"author":[{"embeddable":true,"href":"https:\/\/bastideparis.fr\/ro49090-ovh\/index.php\/wp-json\/wp\/v2\/users\/1"}],"replies":[{"embeddable":true,"href":"https:\/\/bastideparis.fr\/ro49090-ovh\/index.php\/wp-json\/wp\/v2\/comments?post=2914"}],"version-history":[{"count":39,"href":"https:\/\/bastideparis.fr\/ro49090-ovh\/index.php\/wp-json\/wp\/v2\/pages\/2914\/revisions"}],"predecessor-version":[{"id":3551,"href":"https:\/\/bastideparis.fr\/ro49090-ovh\/index.php\/wp-json\/wp\/v2\/pages\/2914\/revisions\/3551"}],"wp:attachment":[{"href":"https:\/\/bastideparis.fr\/ro49090-ovh\/index.php\/wp-json\/wp\/v2\/media?parent=2914"}],"curies":[{"name":"wp","href":"https:\/\/api.w.org\/{rel}","templated":true}]}}