{"id":3444,"date":"2024-05-15T11:34:37","date_gmt":"2024-05-15T09:34:37","guid":{"rendered":"https:\/\/bastideparis.fr\/ro49090-ovh\/?page_id=3444"},"modified":"2024-05-15T11:34:37","modified_gmt":"2024-05-15T09:34:37","slug":"barre-de-lit-ajustable-ara","status":"publish","type":"page","link":"https:\/\/bastideparis.fr\/ro49090-ovh\/index.php\/barre-de-lit-ajustable-ara\/","title":{"rendered":"Barre de lit ajustable ARA"},"content":{"rendered":"\n<p><a href=\"https:\/\/bastideparis.fr\/ro49090-ovh\/index.php\/showroom-chambre\/\">Retour<\/a><\/p>\n\n\n\n<p class=\"has-larger-font-size\">Barre de lit ajustable ARA<\/p>\n\n\n<style>.kb-row-layout-id3444_537d83-86 > .kt-row-column-wrap{align-content:center;}:where(.kb-row-layout-id3444_537d83-86 > .kt-row-column-wrap) > .wp-block-kadence-column{justify-content:center;}.kb-row-layout-id3444_537d83-86 > .kt-row-column-wrap{column-gap:var(--global-kb-gap-md, 2rem);row-gap:var(--global-kb-gap-md, 2rem);padding-top:var(--global-kb-spacing-sm, 1.5rem);padding-bottom:var(--global-kb-spacing-sm, 1.5rem);grid-template-columns:repeat(2, minmax(0, 1fr));}.kb-row-layout-id3444_537d83-86 > .kt-row-layout-overlay{opacity:0.30;}@media all and (max-width: 1024px){.kb-row-layout-id3444_537d83-86 > .kt-row-column-wrap{grid-template-columns:repeat(2, minmax(0, 1fr));}}@media all and (max-width: 767px){.kb-row-layout-id3444_537d83-86 > .kt-row-column-wrap{grid-template-columns:minmax(0, 1fr);}}<\/style><div class=\"kb-row-layout-wrap kb-row-layout-id3444_537d83-86 alignnone wp-block-kadence-rowlayout\"><div class=\"kt-row-column-wrap kt-has-2-columns kt-row-layout-equal kt-tab-layout-inherit kt-mobile-layout-row kt-row-valign-middle\">\n<style>.kadence-column3444_e68fc6-7c > .kt-inside-inner-col,.kadence-column3444_e68fc6-7c > .kt-inside-inner-col:before{border-top-left-radius:0px;border-top-right-radius:0px;border-bottom-right-radius:0px;border-bottom-left-radius:0px;}.kadence-column3444_e68fc6-7c > .kt-inside-inner-col{column-gap:var(--global-kb-gap-sm, 1rem);}.kadence-column3444_e68fc6-7c > .kt-inside-inner-col{flex-direction:column;}.kadence-column3444_e68fc6-7c > .kt-inside-inner-col > .aligncenter{width:100%;}.kadence-column3444_e68fc6-7c > .kt-inside-inner-col:before{opacity:0.3;}.kadence-column3444_e68fc6-7c{position:relative;}@media all and (max-width: 1024px){.kadence-column3444_e68fc6-7c > .kt-inside-inner-col{flex-direction:column;justify-content:center;}}@media all and (max-width: 767px){.kadence-column3444_e68fc6-7c > .kt-inside-inner-col{flex-direction:column;justify-content:center;}}<\/style>\n<div class=\"wp-block-kadence-column kadence-column3444_e68fc6-7c\"><div class=\"kt-inside-inner-col\">\n<figure class=\"wp-block-image size-full\"><img loading=\"lazy\" decoding=\"async\" width=\"976\" height=\"723\" src=\"https:\/\/bastideparis.fr\/ro49090-ovh\/wp-content\/uploads\/2024\/03\/barre-are-copie.jpg\" alt=\"\" class=\"wp-image-2881\" srcset=\"https:\/\/bastideparis.fr\/ro49090-ovh\/wp-content\/uploads\/2024\/03\/barre-are-copie.jpg 976w, https:\/\/bastideparis.fr\/ro49090-ovh\/wp-content\/uploads\/2024\/03\/barre-are-copie-300x222.jpg 300w, https:\/\/bastideparis.fr\/ro49090-ovh\/wp-content\/uploads\/2024\/03\/barre-are-copie-768x569.jpg 768w\" sizes=\"auto, (max-width: 976px) 100vw, 976px\" \/><\/figure>\n<\/div><\/div>\n\n\n<style>.kadence-column3444_74cc55-ca > .kt-inside-inner-col,.kadence-column3444_74cc55-ca > .kt-inside-inner-col:before{border-top-left-radius:0px;border-top-right-radius:0px;border-bottom-right-radius:0px;border-bottom-left-radius:0px;}.kadence-column3444_74cc55-ca > .kt-inside-inner-col{column-gap:var(--global-kb-gap-sm, 1rem);}.kadence-column3444_74cc55-ca > .kt-inside-inner-col{flex-direction:column;}.kadence-column3444_74cc55-ca > .kt-inside-inner-col > .aligncenter{width:100%;}.kadence-column3444_74cc55-ca > .kt-inside-inner-col:before{opacity:0.3;}.kadence-column3444_74cc55-ca{position:relative;}@media all and (max-width: 1024px){.kadence-column3444_74cc55-ca > .kt-inside-inner-col{flex-direction:column;justify-content:center;}}@media all and (max-width: 767px){.kadence-column3444_74cc55-ca > .kt-inside-inner-col{flex-direction:column;justify-content:center;}}<\/style>\n<div class=\"wp-block-kadence-column kadence-column3444_74cc55-ca\"><div class=\"kt-inside-inner-col\">\n<p class=\"has-large-font-size\">Barre de lit ajustable ARA &#8211; 59\u20ac<\/p>\n\n\n\n<p>R\u00e9f\u00e9rence : 115733<\/p>\n\n\n\n<h2 class=\"wp-block-heading\">Description du produit<\/h2>\n\n\n\n<p>La barre de lit ARA est ajustable en largeur et en hauteur gr\u00e2ce \u00e0 ses 4 positions de r\u00e9glage de chaque c\u00f4t\u00e9.<br>Elle s\u2019adapte \u00e0 tous les types de lits quelles que soient la largeur et la hauteur du matelas, et se positionne \u00e0 droite ou \u00e0 gauche du lit, sous le<br>matelas.<br>Le cadre en aluminium est l\u00e9ger et r\u00e9sistant.<br>La poign\u00e9e en mousse offre un confort et une stabilit\u00e9 suppl\u00e9mentaire, et inclus une pochette de rangement.<br>Assemblage tr\u00e9s facile sans outil.<\/p>\n\n\n\n<h2 class=\"wp-block-heading\">Caract\u00e9ristiques<\/h2>\n\n\n\n<p>Hauteur ajustable de 45 \u00e0 55 cm<br>Longueur ajustable de 85 \u00e0 95 cm<br>Largeur totale de la poign\u00e9e : 62 cm<br>Poids maximum utilisateur : 135 kg<br>Equip\u00e9 d\u2019une sangle de 190 cm.<br>Garantie 2 ans<\/p>\n<\/div><\/div>\n\n<\/div><\/div>","protected":false},"excerpt":{"rendered":"<p>Retour Barre de lit ajustable ARA Barre de lit ajustable ARA &#8211; 59\u20ac R\u00e9f\u00e9rence : 115733 Description du produit La barre de lit ARA est ajustable en largeur et en hauteur gr\u00e2ce \u00e0 ses 4 positions de r\u00e9glage de chaque c\u00f4t\u00e9.Elle s\u2019adapte \u00e0 tous les types de lits quelles que soient la largeur et la&#8230;<\/p>\n","protected":false},"author":1,"featured_media":0,"parent":0,"menu_order":0,"comment_status":"closed","ping_status":"closed","template":"","meta":{"content-type":"","_kad_post_transparent":"","_kad_post_title":"hide","_kad_post_layout":"","_kad_post_sidebar_id":"","_kad_post_content_style":"","_kad_post_vertical_padding":"","_kad_post_feature":"","_kad_post_feature_position":"","_kad_post_header":false,"_kad_post_footer":false,"footnotes":""},"class_list":["post-3444","page","type-page","status-publish","hentry"],"_links":{"self":[{"href":"https:\/\/bastideparis.fr\/ro49090-ovh\/index.php\/wp-json\/wp\/v2\/pages\/3444","targetHints":{"allow":["GET"]}}],"collection":[{"href":"https:\/\/bastideparis.fr\/ro49090-ovh\/index.php\/wp-json\/wp\/v2\/pages"}],"about":[{"href":"https:\/\/bastideparis.fr\/ro49090-ovh\/index.php\/wp-json\/wp\/v2\/types\/page"}],"author":[{"embeddable":true,"href":"https:\/\/bastideparis.fr\/ro49090-ovh\/index.php\/wp-json\/wp\/v2\/users\/1"}],"replies":[{"embeddable":true,"href":"https:\/\/bastideparis.fr\/ro49090-ovh\/index.php\/wp-json\/wp\/v2\/comments?post=3444"}],"version-history":[{"count":3,"href":"https:\/\/bastideparis.fr\/ro49090-ovh\/index.php\/wp-json\/wp\/v2\/pages\/3444\/revisions"}],"predecessor-version":[{"id":3447,"href":"https:\/\/bastideparis.fr\/ro49090-ovh\/index.php\/wp-json\/wp\/v2\/pages\/3444\/revisions\/3447"}],"wp:attachment":[{"href":"https:\/\/bastideparis.fr\/ro49090-ovh\/index.php\/wp-json\/wp\/v2\/media?parent=3444"}],"curies":[{"name":"wp","href":"https:\/\/api.w.org\/{rel}","templated":true}]}}