{"id":3454,"date":"2024-05-15T11:49:08","date_gmt":"2024-05-15T09:49:08","guid":{"rendered":"https:\/\/bastideparis.fr\/ro49090-ovh\/?page_id=3454"},"modified":"2024-05-15T11:53:28","modified_gmt":"2024-05-15T09:53:28","slug":"tapis-damortissement","status":"publish","type":"page","link":"https:\/\/bastideparis.fr\/ro49090-ovh\/index.php\/tapis-damortissement\/","title":{"rendered":"Tapis d&rsquo;amortissement"},"content":{"rendered":"\n<p class=\"has-larger-font-size\">TAPIS D&rsquo;AMORTISSEMENT<\/p>\n\n\n\n<p><a href=\"https:\/\/bastideparis.fr\/ro49090-ovh\/index.php\/showroom-chambre\/\">Retour <\/a><\/p>\n\n\n<style>.kb-row-layout-id3454_313091-19 > .kt-row-column-wrap{align-content:center;}:where(.kb-row-layout-id3454_313091-19 > .kt-row-column-wrap) > .wp-block-kadence-column{justify-content:center;}.kb-row-layout-id3454_313091-19 > .kt-row-column-wrap{column-gap:var(--global-kb-gap-md, 2rem);row-gap:var(--global-kb-gap-md, 2rem);padding-top:var(--global-kb-spacing-sm, 1.5rem);padding-bottom:var(--global-kb-spacing-sm, 1.5rem);grid-template-columns:repeat(2, minmax(0, 1fr));}.kb-row-layout-id3454_313091-19 > .kt-row-layout-overlay{opacity:0.30;}@media all and (max-width: 1024px){.kb-row-layout-id3454_313091-19 > .kt-row-column-wrap{grid-template-columns:repeat(2, minmax(0, 1fr));}}@media all and (max-width: 767px){.kb-row-layout-id3454_313091-19 > .kt-row-column-wrap{grid-template-columns:minmax(0, 1fr);}}<\/style><div class=\"kb-row-layout-wrap kb-row-layout-id3454_313091-19 alignnone wp-block-kadence-rowlayout\"><div class=\"kt-row-column-wrap kt-has-2-columns kt-row-layout-equal kt-tab-layout-inherit kt-mobile-layout-row kt-row-valign-middle\">\n<style>.kadence-column3454_49aa2e-ca > .kt-inside-inner-col,.kadence-column3454_49aa2e-ca > .kt-inside-inner-col:before{border-top-left-radius:0px;border-top-right-radius:0px;border-bottom-right-radius:0px;border-bottom-left-radius:0px;}.kadence-column3454_49aa2e-ca > .kt-inside-inner-col{column-gap:var(--global-kb-gap-sm, 1rem);}.kadence-column3454_49aa2e-ca > .kt-inside-inner-col{flex-direction:column;}.kadence-column3454_49aa2e-ca > .kt-inside-inner-col > .aligncenter{width:100%;}.kadence-column3454_49aa2e-ca > .kt-inside-inner-col:before{opacity:0.3;}.kadence-column3454_49aa2e-ca{position:relative;}@media all and (max-width: 1024px){.kadence-column3454_49aa2e-ca > .kt-inside-inner-col{flex-direction:column;justify-content:center;}}@media all and (max-width: 767px){.kadence-column3454_49aa2e-ca > .kt-inside-inner-col{flex-direction:column;justify-content:center;}}<\/style>\n<div class=\"wp-block-kadence-column kadence-column3454_49aa2e-ca\"><div class=\"kt-inside-inner-col\">\n<figure class=\"wp-block-image size-full\"><img loading=\"lazy\" decoding=\"async\" width=\"329\" height=\"360\" src=\"https:\/\/bastideparis.fr\/ro49090-ovh\/wp-content\/uploads\/2023\/10\/tapis-damortissement.webp\" alt=\"\" class=\"wp-image-636\" srcset=\"https:\/\/bastideparis.fr\/ro49090-ovh\/wp-content\/uploads\/2023\/10\/tapis-damortissement.webp 329w, https:\/\/bastideparis.fr\/ro49090-ovh\/wp-content\/uploads\/2023\/10\/tapis-damortissement-274x300.webp 274w\" sizes=\"auto, (max-width: 329px) 100vw, 329px\" \/><\/figure>\n<\/div><\/div>\n\n\n<style>.kadence-column3454_aff042-57 > .kt-inside-inner-col,.kadence-column3454_aff042-57 > .kt-inside-inner-col:before{border-top-left-radius:0px;border-top-right-radius:0px;border-bottom-right-radius:0px;border-bottom-left-radius:0px;}.kadence-column3454_aff042-57 > .kt-inside-inner-col{column-gap:var(--global-kb-gap-sm, 1rem);}.kadence-column3454_aff042-57 > .kt-inside-inner-col{flex-direction:column;}.kadence-column3454_aff042-57 > .kt-inside-inner-col > .aligncenter{width:100%;}.kadence-column3454_aff042-57 > .kt-inside-inner-col:before{opacity:0.3;}.kadence-column3454_aff042-57{position:relative;}@media all and (max-width: 1024px){.kadence-column3454_aff042-57 > .kt-inside-inner-col{flex-direction:column;justify-content:center;}}@media all and (max-width: 767px){.kadence-column3454_aff042-57 > .kt-inside-inner-col{flex-direction:column;justify-content:center;}}<\/style>\n<div class=\"wp-block-kadence-column kadence-column3454_aff042-57\"><div class=\"kt-inside-inner-col\">\n<p class=\"has-medium-font-size\"><strong>TAPIS D&rsquo;AMORTISSEMENT &#8211; 144,33\u20ac<\/strong><br>R\u00e9f\u00e9rence : 108616<\/p>\n\n\n\n<h2 class=\"wp-block-heading\">Description du produit<\/h2>\n\n\n\n<p>Le tapis d&rsquo;amortissement Secuform est un tapis en mousse visco\u00e9lastique con\u00e7u pour pr\u00e9venir les blessures li\u00e9es aux chutes du lit m\u00e9dical.<\/p>\n\n\n\n<h2 class=\"wp-block-heading\">Avantages du tapis anti-chute<\/h2>\n\n\n\n<ul class=\"wp-block-list\">\n<li>60% de l\u2019impact amorti<\/li>\n\n\n\n<li>Lani\u00e8res de liaison avec le lit pour garantir le bon positionnement<\/li>\n\n\n\n<li>Dessous anti-glisse<\/li>\n\n\n\n<li>Seulement 3 cm de hauteur afin de limiter les risques de croche-pieds<\/li>\n\n\n\n<li>D\u00e9houssable et lavable en machine<\/li>\n\n\n\n<li>Rapide \u00e0 installer, facile \u00e0 ranger et \u00e0 transporter gr\u00e2ce \u00e0 sa compacit\u00e9 et son clip de fermeture<\/li>\n<\/ul>\n<\/div><\/div>\n\n<\/div><\/div>\n\n<style>.kb-row-layout-id3454_6c1585-33 > .kt-row-column-wrap{align-content:start;}:where(.kb-row-layout-id3454_6c1585-33 > .kt-row-column-wrap) > .wp-block-kadence-column{justify-content:start;}.kb-row-layout-id3454_6c1585-33 > .kt-row-column-wrap{column-gap:var(--global-kb-gap-md, 2rem);row-gap:var(--global-kb-gap-md, 2rem);padding-top:var(--global-kb-spacing-sm, 1.5rem);padding-bottom:var(--global-kb-spacing-sm, 1.5rem);grid-template-columns:minmax(0, 1fr);}.kb-row-layout-id3454_6c1585-33 > .kt-row-layout-overlay{opacity:0.30;}@media all and (max-width: 1024px){.kb-row-layout-id3454_6c1585-33 > .kt-row-column-wrap{grid-template-columns:minmax(0, 1fr);}}@media all and (max-width: 767px){.kb-row-layout-id3454_6c1585-33 > .kt-row-column-wrap{grid-template-columns:minmax(0, 1fr);}}<\/style><div class=\"kb-row-layout-wrap kb-row-layout-id3454_6c1585-33 alignnone wp-block-kadence-rowlayout\"><div class=\"kt-row-column-wrap kt-has-1-columns kt-row-layout-equal kt-tab-layout-inherit kt-mobile-layout-row kt-row-valign-top\">\n<style>.kadence-column3454_f8c04c-9d > .kt-inside-inner-col,.kadence-column3454_f8c04c-9d > .kt-inside-inner-col:before{border-top-left-radius:0px;border-top-right-radius:0px;border-bottom-right-radius:0px;border-bottom-left-radius:0px;}.kadence-column3454_f8c04c-9d > .kt-inside-inner-col{column-gap:var(--global-kb-gap-sm, 1rem);}.kadence-column3454_f8c04c-9d > .kt-inside-inner-col{flex-direction:column;}.kadence-column3454_f8c04c-9d > .kt-inside-inner-col > .aligncenter{width:100%;}.kadence-column3454_f8c04c-9d > .kt-inside-inner-col:before{opacity:0.3;}.kadence-column3454_f8c04c-9d{position:relative;}@media all and (max-width: 1024px){.kadence-column3454_f8c04c-9d > .kt-inside-inner-col{flex-direction:column;justify-content:center;}}@media all and (max-width: 767px){.kadence-column3454_f8c04c-9d > .kt-inside-inner-col{flex-direction:column;justify-content:center;}}<\/style>\n<div class=\"wp-block-kadence-column kadence-column3454_f8c04c-9d\"><div class=\"kt-inside-inner-col\">\n<h2 class=\"wp-block-heading\">Comment installer un tapis d&rsquo;amortissement ?<\/h2>\n\n\n\n<ol class=\"wp-block-list\">\n<li>Bien veiller \u00e0 positionner les sangles sur une partie fixe du lit<\/li>\n\n\n\n<li>Ne pas marcher sur le tapis avec des chaussures \u00e0 talons<\/li>\n\n\n\n<li>Ne pas laisser durablement la personne sur le tapis<\/li>\n<\/ol>\n\n\n\n<h2 class=\"wp-block-heading\">Caract\u00e9ristiques techniques du tapis de s\u00e9curit\u00e9<\/h2>\n\n\n\n<ul class=\"wp-block-list\">\n<li>Mousse : Polyur\u00e9thane Visco\u00e9lastique 80g\/m3 \u2013 Classement au feu M4<\/li>\n\n\n\n<li>Housse : Pharmatex 65% Polyur\u00e9thane, 35% Polyester \u2013 Classement au feu CRIB 5<\/li>\n\n\n\n<li>Tissu anti-glisse : 55% Polyur\u00e9thane, 45% Polyester<\/li>\n\n\n\n<li>Boucles : 100% Ac\u00e9tal<\/li>\n\n\n\n<li>Sangles : 100% Polypropyl\u00e8ne<\/li>\n<\/ul>\n<\/div><\/div>\n\n<\/div><\/div>","protected":false},"excerpt":{"rendered":"<p>TAPIS D&rsquo;AMORTISSEMENT Retour TAPIS D&rsquo;AMORTISSEMENT &#8211; 144,33\u20acR\u00e9f\u00e9rence : 108616 Description du produit Le tapis d&rsquo;amortissement Secuform est un tapis en mousse visco\u00e9lastique con\u00e7u pour pr\u00e9venir les blessures li\u00e9es aux chutes du lit m\u00e9dical. Avantages du tapis anti-chute Comment installer un tapis d&rsquo;amortissement ? Caract\u00e9ristiques techniques du tapis de s\u00e9curit\u00e9<\/p>\n","protected":false},"author":1,"featured_media":0,"parent":0,"menu_order":0,"comment_status":"closed","ping_status":"closed","template":"","meta":{"content-type":"","_kad_post_transparent":"default","_kad_post_title":"hide","_kad_post_layout":"","_kad_post_sidebar_id":"","_kad_post_content_style":"","_kad_post_vertical_padding":"","_kad_post_feature":"","_kad_post_feature_position":"","_kad_post_header":false,"_kad_post_footer":false,"footnotes":""},"class_list":["post-3454","page","type-page","status-publish","hentry"],"_links":{"self":[{"href":"https:\/\/bastideparis.fr\/ro49090-ovh\/index.php\/wp-json\/wp\/v2\/pages\/3454","targetHints":{"allow":["GET"]}}],"collection":[{"href":"https:\/\/bastideparis.fr\/ro49090-ovh\/index.php\/wp-json\/wp\/v2\/pages"}],"about":[{"href":"https:\/\/bastideparis.fr\/ro49090-ovh\/index.php\/wp-json\/wp\/v2\/types\/page"}],"author":[{"embeddable":true,"href":"https:\/\/bastideparis.fr\/ro49090-ovh\/index.php\/wp-json\/wp\/v2\/users\/1"}],"replies":[{"embeddable":true,"href":"https:\/\/bastideparis.fr\/ro49090-ovh\/index.php\/wp-json\/wp\/v2\/comments?post=3454"}],"version-history":[{"count":4,"href":"https:\/\/bastideparis.fr\/ro49090-ovh\/index.php\/wp-json\/wp\/v2\/pages\/3454\/revisions"}],"predecessor-version":[{"id":3464,"href":"https:\/\/bastideparis.fr\/ro49090-ovh\/index.php\/wp-json\/wp\/v2\/pages\/3454\/revisions\/3464"}],"wp:attachment":[{"href":"https:\/\/bastideparis.fr\/ro49090-ovh\/index.php\/wp-json\/wp\/v2\/media?parent=3454"}],"curies":[{"name":"wp","href":"https:\/\/api.w.org\/{rel}","templated":true}]}}