{"id":3459,"date":"2024-05-15T11:52:14","date_gmt":"2024-05-15T09:52:14","guid":{"rendered":"https:\/\/bastideparis.fr\/ro49090-ovh\/?page_id=3459"},"modified":"2024-05-15T11:52:15","modified_gmt":"2024-05-15T09:52:15","slug":"arceau-de-lit","status":"publish","type":"page","link":"https:\/\/bastideparis.fr\/ro49090-ovh\/index.php\/arceau-de-lit\/","title":{"rendered":"Arceau de lit"},"content":{"rendered":"\n<p><a href=\"https:\/\/bastideparis.fr\/ro49090-ovh\/index.php\/showroom-chambre\/\">Retour<\/a><\/p>\n\n\n\n<p class=\"has-larger-font-size\">ARCEAU DE LIT &#8211; 12,90\u20ac<\/p>\n\n\n\n<p>R\u00e9f\u00e9rence 113487<\/p>\n\n\n<style>.kb-row-layout-id3459_301809-8c > .kt-row-column-wrap{align-content:start;}:where(.kb-row-layout-id3459_301809-8c > .kt-row-column-wrap) > .wp-block-kadence-column{justify-content:start;}.kb-row-layout-id3459_301809-8c > .kt-row-column-wrap{column-gap:var(--global-kb-gap-md, 2rem);row-gap:var(--global-kb-gap-md, 2rem);padding-top:var(--global-kb-spacing-sm, 1.5rem);padding-bottom:var(--global-kb-spacing-sm, 1.5rem);grid-template-columns:repeat(2, minmax(0, 1fr));}.kb-row-layout-id3459_301809-8c > .kt-row-layout-overlay{opacity:0.30;}@media all and (max-width: 1024px){.kb-row-layout-id3459_301809-8c > .kt-row-column-wrap{grid-template-columns:repeat(2, minmax(0, 1fr));}}@media all and (max-width: 767px){.kb-row-layout-id3459_301809-8c > .kt-row-column-wrap{grid-template-columns:minmax(0, 1fr);}}<\/style><div class=\"kb-row-layout-wrap kb-row-layout-id3459_301809-8c alignnone wp-block-kadence-rowlayout\"><div class=\"kt-row-column-wrap kt-has-2-columns kt-row-layout-equal kt-tab-layout-inherit kt-mobile-layout-row kt-row-valign-top\">\n<style>.kadence-column3459_95860e-56 > .kt-inside-inner-col,.kadence-column3459_95860e-56 > .kt-inside-inner-col:before{border-top-left-radius:0px;border-top-right-radius:0px;border-bottom-right-radius:0px;border-bottom-left-radius:0px;}.kadence-column3459_95860e-56 > .kt-inside-inner-col{column-gap:var(--global-kb-gap-sm, 1rem);}.kadence-column3459_95860e-56 > .kt-inside-inner-col{flex-direction:column;}.kadence-column3459_95860e-56 > .kt-inside-inner-col > .aligncenter{width:100%;}.kadence-column3459_95860e-56 > .kt-inside-inner-col:before{opacity:0.3;}.kadence-column3459_95860e-56{position:relative;}@media all and (max-width: 1024px){.kadence-column3459_95860e-56 > .kt-inside-inner-col{flex-direction:column;justify-content:center;}}@media all and (max-width: 767px){.kadence-column3459_95860e-56 > .kt-inside-inner-col{flex-direction:column;justify-content:center;}}<\/style>\n<div class=\"wp-block-kadence-column kadence-column3459_95860e-56\"><div class=\"kt-inside-inner-col\"><div class=\"wp-block-image\">\n<figure class=\"aligncenter size-full\"><img loading=\"lazy\" decoding=\"async\" width=\"360\" height=\"360\" src=\"https:\/\/bastideparis.fr\/ro49090-ovh\/wp-content\/uploads\/2023\/10\/arceau-de-lit.webp\" alt=\"\" class=\"wp-image-637\" srcset=\"https:\/\/bastideparis.fr\/ro49090-ovh\/wp-content\/uploads\/2023\/10\/arceau-de-lit.webp 360w, https:\/\/bastideparis.fr\/ro49090-ovh\/wp-content\/uploads\/2023\/10\/arceau-de-lit-300x300.webp 300w, https:\/\/bastideparis.fr\/ro49090-ovh\/wp-content\/uploads\/2023\/10\/arceau-de-lit-150x150.webp 150w\" sizes=\"auto, (max-width: 360px) 100vw, 360px\" \/><\/figure>\n<\/div><\/div><\/div>\n\n\n<style>.kadence-column3459_2f4bf4-64 > .kt-inside-inner-col,.kadence-column3459_2f4bf4-64 > .kt-inside-inner-col:before{border-top-left-radius:0px;border-top-right-radius:0px;border-bottom-right-radius:0px;border-bottom-left-radius:0px;}.kadence-column3459_2f4bf4-64 > .kt-inside-inner-col{column-gap:var(--global-kb-gap-sm, 1rem);}.kadence-column3459_2f4bf4-64 > .kt-inside-inner-col{flex-direction:column;}.kadence-column3459_2f4bf4-64 > .kt-inside-inner-col > .aligncenter{width:100%;}.kadence-column3459_2f4bf4-64 > .kt-inside-inner-col:before{opacity:0.3;}.kadence-column3459_2f4bf4-64{position:relative;}@media all and (max-width: 1024px){.kadence-column3459_2f4bf4-64 > .kt-inside-inner-col{flex-direction:column;justify-content:center;}}@media all and (max-width: 767px){.kadence-column3459_2f4bf4-64 > .kt-inside-inner-col{flex-direction:column;justify-content:center;}}<\/style>\n<div class=\"wp-block-kadence-column kadence-column3459_2f4bf4-64\"><div class=\"kt-inside-inner-col\">\n<h2 class=\"wp-block-heading\">Description du produit<\/h2>\n\n\n\n<p>Cet&nbsp;<strong>arceau de lit<\/strong>&nbsp;est id\u00e9al pour \u00e9viter de supporter le poids des draps et des couvertures sur les jambes. Il est de fabrication fran\u00e7aise.<\/p>\n\n\n\n<h2 class=\"wp-block-heading\">Un arceau de lit pratique<\/h2>\n\n\n\n<p>L&rsquo;<strong>arceau de lit<\/strong>&nbsp;permet de garder&nbsp;<strong>en hauteur les couvertures et les draps<\/strong>&nbsp;pour \u00e9viter un contact prolong\u00e9 entre les zones sensibles et le linge de lit. Ainsi les frottements sont limit\u00e9s et le confort optimis\u00e9.<\/p>\n\n\n\n<h2 class=\"wp-block-heading\">Caract\u00e9ristiques de l&rsquo;arceau de lit<\/h2>\n\n\n\n<ul class=\"wp-block-list\">\n<li>Dimensions\u00a0: Hauteur : 33 cm, Largeur : de 54 cm, Profondeur : 32 cm<\/li>\n\n\n\n<li>En acier \u00e9poxy couleur gris perle<\/li>\n\n\n\n<li>Poids de l&rsquo;arceau: 0.56 kg<\/li>\n\n\n\n<li>Garantie 2 ans<\/li>\n\n\n\n<li>Poids support\u00e9\u00a0: 5 kg<\/li>\n<\/ul>\n<\/div><\/div>\n\n<\/div><\/div>","protected":false},"excerpt":{"rendered":"<p>Retour ARCEAU DE LIT &#8211; 12,90\u20ac R\u00e9f\u00e9rence 113487 Description du produit Cet&nbsp;arceau de lit&nbsp;est id\u00e9al pour \u00e9viter de supporter le poids des draps et des couvertures sur les jambes. Il est de fabrication fran\u00e7aise. Un arceau de lit pratique L&rsquo;arceau de lit&nbsp;permet de garder&nbsp;en hauteur les couvertures et les draps&nbsp;pour \u00e9viter un contact prolong\u00e9 entre&#8230;<\/p>\n","protected":false},"author":1,"featured_media":0,"parent":0,"menu_order":0,"comment_status":"closed","ping_status":"closed","template":"","meta":{"content-type":"","_kad_post_transparent":"","_kad_post_title":"hide","_kad_post_layout":"","_kad_post_sidebar_id":"","_kad_post_content_style":"","_kad_post_vertical_padding":"","_kad_post_feature":"","_kad_post_feature_position":"","_kad_post_header":false,"_kad_post_footer":false,"footnotes":""},"class_list":["post-3459","page","type-page","status-publish","hentry"],"_links":{"self":[{"href":"https:\/\/bastideparis.fr\/ro49090-ovh\/index.php\/wp-json\/wp\/v2\/pages\/3459","targetHints":{"allow":["GET"]}}],"collection":[{"href":"https:\/\/bastideparis.fr\/ro49090-ovh\/index.php\/wp-json\/wp\/v2\/pages"}],"about":[{"href":"https:\/\/bastideparis.fr\/ro49090-ovh\/index.php\/wp-json\/wp\/v2\/types\/page"}],"author":[{"embeddable":true,"href":"https:\/\/bastideparis.fr\/ro49090-ovh\/index.php\/wp-json\/wp\/v2\/users\/1"}],"replies":[{"embeddable":true,"href":"https:\/\/bastideparis.fr\/ro49090-ovh\/index.php\/wp-json\/wp\/v2\/comments?post=3459"}],"version-history":[{"count":2,"href":"https:\/\/bastideparis.fr\/ro49090-ovh\/index.php\/wp-json\/wp\/v2\/pages\/3459\/revisions"}],"predecessor-version":[{"id":3461,"href":"https:\/\/bastideparis.fr\/ro49090-ovh\/index.php\/wp-json\/wp\/v2\/pages\/3459\/revisions\/3461"}],"wp:attachment":[{"href":"https:\/\/bastideparis.fr\/ro49090-ovh\/index.php\/wp-json\/wp\/v2\/media?parent=3459"}],"curies":[{"name":"wp","href":"https:\/\/api.w.org\/{rel}","templated":true}]}}