{"id":3465,"date":"2024-05-15T12:00:52","date_gmt":"2024-05-15T10:00:52","guid":{"rendered":"https:\/\/bastideparis.fr\/ro49090-ovh\/?page_id=3465"},"modified":"2024-05-15T12:00:53","modified_gmt":"2024-05-15T10:00:53","slug":"protection-de-barriere-pharmaouest","status":"publish","type":"page","link":"https:\/\/bastideparis.fr\/ro49090-ovh\/index.php\/protection-de-barriere-pharmaouest\/","title":{"rendered":"Protection de barri\u00e8re Pharmaouest"},"content":{"rendered":"\n<p><a href=\"https:\/\/bastideparis.fr\/ro49090-ovh\/index.php\/showroom-chambre\/\">Retour<\/a><\/p>\n\n\n\n<p class=\"has-large-font-size\"><strong>PROTECTION DE BARRI\u00c8RE PHARMAOUEST<\/strong><\/p>\n\n\n<style>.kb-row-layout-id3465_76bada-d5 > .kt-row-column-wrap{align-content:start;}:where(.kb-row-layout-id3465_76bada-d5 > .kt-row-column-wrap) > .wp-block-kadence-column{justify-content:start;}.kb-row-layout-id3465_76bada-d5 > .kt-row-column-wrap{column-gap:var(--global-kb-gap-md, 2rem);row-gap:var(--global-kb-gap-md, 2rem);padding-top:var(--global-kb-spacing-sm, 1.5rem);padding-bottom:var(--global-kb-spacing-sm, 1.5rem);grid-template-columns:repeat(2, minmax(0, 1fr));}.kb-row-layout-id3465_76bada-d5 > .kt-row-layout-overlay{opacity:0.30;}@media all and (max-width: 1024px){.kb-row-layout-id3465_76bada-d5 > .kt-row-column-wrap{grid-template-columns:repeat(2, minmax(0, 1fr));}}@media all and (max-width: 767px){.kb-row-layout-id3465_76bada-d5 > .kt-row-column-wrap{grid-template-columns:minmax(0, 1fr);}}<\/style><div class=\"kb-row-layout-wrap kb-row-layout-id3465_76bada-d5 alignnone wp-block-kadence-rowlayout\"><div class=\"kt-row-column-wrap kt-has-2-columns kt-row-layout-equal kt-tab-layout-inherit kt-mobile-layout-row kt-row-valign-top\">\n<style>.kadence-column3465_e54e21-28 > .kt-inside-inner-col,.kadence-column3465_e54e21-28 > .kt-inside-inner-col:before{border-top-left-radius:0px;border-top-right-radius:0px;border-bottom-right-radius:0px;border-bottom-left-radius:0px;}.kadence-column3465_e54e21-28 > .kt-inside-inner-col{column-gap:var(--global-kb-gap-sm, 1rem);}.kadence-column3465_e54e21-28 > .kt-inside-inner-col{flex-direction:column;}.kadence-column3465_e54e21-28 > .kt-inside-inner-col > .aligncenter{width:100%;}.kadence-column3465_e54e21-28 > .kt-inside-inner-col:before{opacity:0.3;}.kadence-column3465_e54e21-28{position:relative;}@media all and (max-width: 1024px){.kadence-column3465_e54e21-28 > .kt-inside-inner-col{flex-direction:column;justify-content:center;}}@media all and (max-width: 767px){.kadence-column3465_e54e21-28 > .kt-inside-inner-col{flex-direction:column;justify-content:center;}}<\/style>\n<div class=\"wp-block-kadence-column kadence-column3465_e54e21-28\"><div class=\"kt-inside-inner-col\"><style>.kb-row-layout-id3465_940a33-5f > .kt-row-column-wrap{align-content:start;}:where(.kb-row-layout-id3465_940a33-5f > .kt-row-column-wrap) > .wp-block-kadence-column{justify-content:start;}.kb-row-layout-id3465_940a33-5f > .kt-row-column-wrap{column-gap:var(--global-kb-gap-md, 2rem);row-gap:var(--global-kb-gap-md, 2rem);padding-top:var(--global-kb-spacing-sm, 1.5rem);padding-bottom:var(--global-kb-spacing-sm, 1.5rem);grid-template-columns:minmax(0, 1fr);}.kb-row-layout-id3465_940a33-5f > .kt-row-layout-overlay{opacity:0.30;}@media all and (max-width: 1024px){.kb-row-layout-id3465_940a33-5f > .kt-row-column-wrap{grid-template-columns:minmax(0, 1fr);}}@media all and (max-width: 767px){.kb-row-layout-id3465_940a33-5f > .kt-row-column-wrap{grid-template-columns:minmax(0, 1fr);}}<\/style><div class=\"kb-row-layout-wrap kb-row-layout-id3465_940a33-5f alignnone wp-block-kadence-rowlayout\"><div class=\"kt-row-column-wrap kt-has-2-columns kt-row-layout-row kt-tab-layout-inherit kt-mobile-layout-row kt-row-valign-top\">\n<style>.kadence-column3465_d71d0a-3d > .kt-inside-inner-col,.kadence-column3465_d71d0a-3d > .kt-inside-inner-col:before{border-top-left-radius:0px;border-top-right-radius:0px;border-bottom-right-radius:0px;border-bottom-left-radius:0px;}.kadence-column3465_d71d0a-3d > .kt-inside-inner-col{column-gap:var(--global-kb-gap-sm, 1rem);}.kadence-column3465_d71d0a-3d > .kt-inside-inner-col{flex-direction:column;}.kadence-column3465_d71d0a-3d > .kt-inside-inner-col > .aligncenter{width:100%;}.kadence-column3465_d71d0a-3d > .kt-inside-inner-col:before{opacity:0.3;}.kadence-column3465_d71d0a-3d{position:relative;}@media all and (max-width: 1024px){.kadence-column3465_d71d0a-3d > .kt-inside-inner-col{flex-direction:column;justify-content:center;}}@media all and (max-width: 767px){.kadence-column3465_d71d0a-3d > .kt-inside-inner-col{flex-direction:column;justify-content:center;}}<\/style>\n<div class=\"wp-block-kadence-column kadence-column3465_d71d0a-3d\"><div class=\"kt-inside-inner-col\">\n<figure class=\"wp-block-image size-full\"><img loading=\"lazy\" decoding=\"async\" width=\"360\" height=\"360\" src=\"https:\/\/bastideparis.fr\/ro49090-ovh\/wp-content\/uploads\/2024\/01\/protection-de-barriere.webp\" alt=\"\" class=\"wp-image-1954\" srcset=\"https:\/\/bastideparis.fr\/ro49090-ovh\/wp-content\/uploads\/2024\/01\/protection-de-barriere.webp 360w, https:\/\/bastideparis.fr\/ro49090-ovh\/wp-content\/uploads\/2024\/01\/protection-de-barriere-300x300.webp 300w, https:\/\/bastideparis.fr\/ro49090-ovh\/wp-content\/uploads\/2024\/01\/protection-de-barriere-150x150.webp 150w\" sizes=\"auto, (max-width: 360px) 100vw, 360px\" \/><\/figure>\n<\/div><\/div>\n\n\n<style>.kadence-column3465_96fcdb-15 > .kt-inside-inner-col,.kadence-column3465_96fcdb-15 > .kt-inside-inner-col:before{border-top-left-radius:0px;border-top-right-radius:0px;border-bottom-right-radius:0px;border-bottom-left-radius:0px;}.kadence-column3465_96fcdb-15 > .kt-inside-inner-col{column-gap:var(--global-kb-gap-sm, 1rem);}.kadence-column3465_96fcdb-15 > .kt-inside-inner-col{flex-direction:column;}.kadence-column3465_96fcdb-15 > .kt-inside-inner-col > .aligncenter{width:100%;}.kadence-column3465_96fcdb-15 > .kt-inside-inner-col:before{opacity:0.3;}.kadence-column3465_96fcdb-15{position:relative;}@media all and (max-width: 1024px){.kadence-column3465_96fcdb-15 > .kt-inside-inner-col{flex-direction:column;justify-content:center;}}@media all and (max-width: 767px){.kadence-column3465_96fcdb-15 > .kt-inside-inner-col{flex-direction:column;justify-content:center;}}<\/style>\n<div class=\"wp-block-kadence-column kadence-column3465_96fcdb-15\"><div class=\"kt-inside-inner-col\">\n<figure class=\"wp-block-image size-full\"><img loading=\"lazy\" decoding=\"async\" width=\"800\" height=\"800\" src=\"https:\/\/bastideparis.fr\/ro49090-ovh\/wp-content\/uploads\/2024\/05\/protection-de-barriere-2.webp\" alt=\"\" class=\"wp-image-3466\" srcset=\"https:\/\/bastideparis.fr\/ro49090-ovh\/wp-content\/uploads\/2024\/05\/protection-de-barriere-2.webp 800w, https:\/\/bastideparis.fr\/ro49090-ovh\/wp-content\/uploads\/2024\/05\/protection-de-barriere-2-300x300.webp 300w, https:\/\/bastideparis.fr\/ro49090-ovh\/wp-content\/uploads\/2024\/05\/protection-de-barriere-2-150x150.webp 150w, https:\/\/bastideparis.fr\/ro49090-ovh\/wp-content\/uploads\/2024\/05\/protection-de-barriere-2-768x768.webp 768w\" sizes=\"auto, (max-width: 800px) 100vw, 800px\" \/><\/figure>\n<\/div><\/div>\n\n<\/div><\/div><\/div><\/div>\n\n\n<style>.kadence-column3465_68635c-f0 > .kt-inside-inner-col,.kadence-column3465_68635c-f0 > .kt-inside-inner-col:before{border-top-left-radius:0px;border-top-right-radius:0px;border-bottom-right-radius:0px;border-bottom-left-radius:0px;}.kadence-column3465_68635c-f0 > .kt-inside-inner-col{column-gap:var(--global-kb-gap-sm, 1rem);}.kadence-column3465_68635c-f0 > .kt-inside-inner-col{flex-direction:column;}.kadence-column3465_68635c-f0 > .kt-inside-inner-col > .aligncenter{width:100%;}.kadence-column3465_68635c-f0 > .kt-inside-inner-col:before{opacity:0.3;}.kadence-column3465_68635c-f0{position:relative;}@media all and (max-width: 1024px){.kadence-column3465_68635c-f0 > .kt-inside-inner-col{flex-direction:column;justify-content:center;}}@media all and (max-width: 767px){.kadence-column3465_68635c-f0 > .kt-inside-inner-col{flex-direction:column;justify-content:center;}}<\/style>\n<div class=\"wp-block-kadence-column kadence-column3465_68635c-f0\"><div class=\"kt-inside-inner-col\">\n<p class=\"has-theme-palette-1-color has-text-color has-link-color has-medium-font-size wp-elements-40828218de4923fcadde156f6d489307\">Dimensions<br>140x32x3cm &#8211; 83,89\u20ac (R\u00e9f\u00e9rence : 108455)<br>190x32x3 cm &#8211; 94,47\u20ac (R\u00e9f\u00e9rence : 108456)<\/p>\n\n\n\n<h2 class=\"wp-block-heading\">Description du produit<\/h2>\n\n\n\n<p>Les&nbsp;<strong>protections de barri\u00e8re prot\u00e8gent<\/strong>&nbsp;les personnes agit\u00e9es, des chocs, coincements et isolent du froid.<\/p>\n\n\n\n<h2 class=\"wp-block-heading\">Des protections de barri\u00e8res de lit Meditec simples \u00e0 installer<\/h2>\n\n\n\n<p>Ces housses de barri\u00e8res sont particuli\u00e8re faciles \u00e0 installer et rapides \u00e0 retirer gr\u00e2ce aux boucles clip.<\/p>\n\n\n\n<h2 class=\"wp-block-heading\">Dimensions disponibles de la protection de barri\u00e8re de lit MEDITEC<\/h2>\n\n\n\n<p>140 x 32 x 3 cm<br>190 x 32 x 3 cm<\/p>\n\n\n\n<p><strong>Ces prot\u00e8ge-barri\u00e8res de lit sont vendus par paire<\/strong><\/p>\n<\/div><\/div>\n\n<\/div><\/div>\n\n\n<p><\/p>\n","protected":false},"excerpt":{"rendered":"<p>Retour PROTECTION DE BARRI\u00c8RE PHARMAOUEST Dimensions140x32x3cm &#8211; 83,89\u20ac (R\u00e9f\u00e9rence : 108455)190x32x3 cm &#8211; 94,47\u20ac (R\u00e9f\u00e9rence : 108456) Description du produit Les&nbsp;protections de barri\u00e8re prot\u00e8gent&nbsp;les personnes agit\u00e9es, des chocs, coincements et isolent du froid. Des protections de barri\u00e8res de lit Meditec simples \u00e0 installer Ces housses de barri\u00e8res sont particuli\u00e8re faciles \u00e0 installer et rapides \u00e0&#8230;<\/p>\n","protected":false},"author":1,"featured_media":0,"parent":0,"menu_order":0,"comment_status":"closed","ping_status":"closed","template":"","meta":{"content-type":"","_kad_post_transparent":"","_kad_post_title":"hide","_kad_post_layout":"","_kad_post_sidebar_id":"","_kad_post_content_style":"","_kad_post_vertical_padding":"","_kad_post_feature":"","_kad_post_feature_position":"","_kad_post_header":false,"_kad_post_footer":false,"footnotes":""},"class_list":["post-3465","page","type-page","status-publish","hentry"],"_links":{"self":[{"href":"https:\/\/bastideparis.fr\/ro49090-ovh\/index.php\/wp-json\/wp\/v2\/pages\/3465","targetHints":{"allow":["GET"]}}],"collection":[{"href":"https:\/\/bastideparis.fr\/ro49090-ovh\/index.php\/wp-json\/wp\/v2\/pages"}],"about":[{"href":"https:\/\/bastideparis.fr\/ro49090-ovh\/index.php\/wp-json\/wp\/v2\/types\/page"}],"author":[{"embeddable":true,"href":"https:\/\/bastideparis.fr\/ro49090-ovh\/index.php\/wp-json\/wp\/v2\/users\/1"}],"replies":[{"embeddable":true,"href":"https:\/\/bastideparis.fr\/ro49090-ovh\/index.php\/wp-json\/wp\/v2\/comments?post=3465"}],"version-history":[{"count":1,"href":"https:\/\/bastideparis.fr\/ro49090-ovh\/index.php\/wp-json\/wp\/v2\/pages\/3465\/revisions"}],"predecessor-version":[{"id":3467,"href":"https:\/\/bastideparis.fr\/ro49090-ovh\/index.php\/wp-json\/wp\/v2\/pages\/3465\/revisions\/3467"}],"wp:attachment":[{"href":"https:\/\/bastideparis.fr\/ro49090-ovh\/index.php\/wp-json\/wp\/v2\/media?parent=3465"}],"curies":[{"name":"wp","href":"https:\/\/api.w.org\/{rel}","templated":true}]}}