{"id":3476,"date":"2024-05-15T15:41:23","date_gmt":"2024-05-15T13:41:23","guid":{"rendered":"https:\/\/bastideparis.fr\/ro49090-ovh\/?page_id=3476"},"modified":"2025-04-10T10:20:23","modified_gmt":"2025-04-10T08:20:23","slug":"oreiller-anatomique-confortmed","status":"publish","type":"page","link":"https:\/\/bastideparis.fr\/ro49090-ovh\/index.php\/oreiller-anatomique-confortmed\/","title":{"rendered":"Oreiller anatomique CONFORTMED"},"content":{"rendered":"\n<p><a href=\"https:\/\/bastideparis.fr\/ro49090-ovh\/index.php\/showroom-chambre\/\">Retour<\/a><\/p>\n\n\n\n<p class=\"has-larger-font-size\"><strong>OREILLER ANATOMIQUE CONFORTMED<\/strong><\/p>\n\n\n<style>.kb-row-layout-id3476_02005e-27 > .kt-row-column-wrap{align-content:center;}:where(.kb-row-layout-id3476_02005e-27 > .kt-row-column-wrap) > .wp-block-kadence-column{justify-content:center;}.kb-row-layout-id3476_02005e-27 > .kt-row-column-wrap{column-gap:var(--global-kb-gap-md, 2rem);row-gap:var(--global-kb-gap-md, 2rem);padding-top:var(--global-kb-spacing-sm, 1.5rem);padding-bottom:var(--global-kb-spacing-sm, 1.5rem);grid-template-columns:repeat(2, minmax(0, 1fr));}.kb-row-layout-id3476_02005e-27 > .kt-row-layout-overlay{opacity:0.30;}@media all and (max-width: 1024px){.kb-row-layout-id3476_02005e-27 > .kt-row-column-wrap{grid-template-columns:repeat(2, minmax(0, 1fr));}}@media all and (max-width: 767px){.kb-row-layout-id3476_02005e-27 > .kt-row-column-wrap{grid-template-columns:minmax(0, 1fr);}}<\/style><div class=\"kb-row-layout-wrap kb-row-layout-id3476_02005e-27 alignnone wp-block-kadence-rowlayout\"><div class=\"kt-row-column-wrap kt-has-2-columns kt-row-layout-equal kt-tab-layout-inherit kt-mobile-layout-row kt-row-valign-middle\">\n<style>.kadence-column3476_dc8cd4-07 > .kt-inside-inner-col,.kadence-column3476_dc8cd4-07 > .kt-inside-inner-col:before{border-top-left-radius:0px;border-top-right-radius:0px;border-bottom-right-radius:0px;border-bottom-left-radius:0px;}.kadence-column3476_dc8cd4-07 > .kt-inside-inner-col{column-gap:var(--global-kb-gap-sm, 1rem);}.kadence-column3476_dc8cd4-07 > .kt-inside-inner-col{flex-direction:column;}.kadence-column3476_dc8cd4-07 > .kt-inside-inner-col > .aligncenter{width:100%;}.kadence-column3476_dc8cd4-07 > .kt-inside-inner-col:before{opacity:0.3;}.kadence-column3476_dc8cd4-07{position:relative;}@media all and (max-width: 1024px){.kadence-column3476_dc8cd4-07 > .kt-inside-inner-col{flex-direction:column;justify-content:center;}}@media all and (max-width: 767px){.kadence-column3476_dc8cd4-07 > .kt-inside-inner-col{flex-direction:column;justify-content:center;}}<\/style>\n<div class=\"wp-block-kadence-column kadence-column3476_dc8cd4-07\"><div class=\"kt-inside-inner-col\">\n<figure class=\"wp-block-image size-full\"><img loading=\"lazy\" decoding=\"async\" width=\"360\" height=\"360\" src=\"https:\/\/bastideparis.fr\/ro49090-ovh\/wp-content\/uploads\/2024\/01\/oreiller-anatomique.webp\" alt=\"\" class=\"wp-image-1950\" srcset=\"https:\/\/bastideparis.fr\/ro49090-ovh\/wp-content\/uploads\/2024\/01\/oreiller-anatomique.webp 360w, https:\/\/bastideparis.fr\/ro49090-ovh\/wp-content\/uploads\/2024\/01\/oreiller-anatomique-300x300.webp 300w, https:\/\/bastideparis.fr\/ro49090-ovh\/wp-content\/uploads\/2024\/01\/oreiller-anatomique-150x150.webp 150w\" sizes=\"auto, (max-width: 360px) 100vw, 360px\" \/><\/figure>\n<\/div><\/div>\n\n\n<style>.kadence-column3476_a04f8f-fb > .kt-inside-inner-col,.kadence-column3476_a04f8f-fb > .kt-inside-inner-col:before{border-top-left-radius:0px;border-top-right-radius:0px;border-bottom-right-radius:0px;border-bottom-left-radius:0px;}.kadence-column3476_a04f8f-fb > .kt-inside-inner-col{column-gap:var(--global-kb-gap-sm, 1rem);}.kadence-column3476_a04f8f-fb > .kt-inside-inner-col{flex-direction:column;}.kadence-column3476_a04f8f-fb > .kt-inside-inner-col > .aligncenter{width:100%;}.kadence-column3476_a04f8f-fb > .kt-inside-inner-col:before{opacity:0.3;}.kadence-column3476_a04f8f-fb{position:relative;}@media all and (max-width: 1024px){.kadence-column3476_a04f8f-fb > .kt-inside-inner-col{flex-direction:column;justify-content:center;}}@media all and (max-width: 767px){.kadence-column3476_a04f8f-fb > .kt-inside-inner-col{flex-direction:column;justify-content:center;}}<\/style>\n<div class=\"wp-block-kadence-column kadence-column3476_a04f8f-fb\"><div class=\"kt-inside-inner-col\">\n<p class=\"has-medium-font-size\"><strong>Oreiller anatomique CONFORTMED &#8211; 34,90\u20ac<br>R\u00e9f\u00e9rence 104661<\/strong><\/p>\n\n\n\n<h2 class=\"wp-block-heading\">Description du produit<\/h2>\n\n\n\n<p>En moulant progressivement les&nbsp;<strong>contours de t\u00eate et de la nuque<\/strong>, l&rsquo;<strong>oreiller ergonomique&nbsp;<\/strong>en&nbsp;<strong>mousse visco\u00e9lastique<\/strong>&nbsp;\u00e0&nbsp;<strong>m\u00e9moire de forme&nbsp;soulage<\/strong>&nbsp;avec douceur les&nbsp;<strong>tensions cervicales<\/strong>&nbsp;pendant votre sommeil.<\/p>\n\n\n\n<h2 class=\"wp-block-heading\">Un oreiller ergonomique \u00e0 m\u00e9moire de forme pour un sommeil r\u00e9parateur<\/h2>\n\n\n\n<p>Cet oreiller ergonomique \u00e0 m\u00e9moire de forme vous apportera un grand confort lors du sommeil. En soulageant les tensions cervicales il permet un sommeil r\u00e9parateur et b\u00e9n\u00e9fique pour la sant\u00e9.&nbsp;<\/p>\n<\/div><\/div>\n\n<\/div><\/div>\n\n<style>.kb-row-layout-id3476_184960-65 > .kt-row-column-wrap{align-content:start;}:where(.kb-row-layout-id3476_184960-65 > .kt-row-column-wrap) > .wp-block-kadence-column{justify-content:start;}.kb-row-layout-id3476_184960-65 > .kt-row-column-wrap{column-gap:var(--global-kb-gap-md, 2rem);row-gap:var(--global-kb-gap-md, 2rem);padding-top:var(--global-kb-spacing-sm, 1.5rem);padding-bottom:var(--global-kb-spacing-sm, 1.5rem);grid-template-columns:repeat(2, minmax(0, 1fr));}.kb-row-layout-id3476_184960-65 > .kt-row-layout-overlay{opacity:0.30;}@media all and (max-width: 1024px){.kb-row-layout-id3476_184960-65 > .kt-row-column-wrap{grid-template-columns:repeat(2, minmax(0, 1fr));}}@media all and (max-width: 767px){.kb-row-layout-id3476_184960-65 > .kt-row-column-wrap{grid-template-columns:minmax(0, 1fr);}}<\/style><div class=\"kb-row-layout-wrap kb-row-layout-id3476_184960-65 alignnone wp-block-kadence-rowlayout\"><div class=\"kt-row-column-wrap kt-has-2-columns kt-row-layout-equal kt-tab-layout-inherit kt-mobile-layout-row kt-row-valign-top\">\n<style>.kadence-column3476_f20671-82 > .kt-inside-inner-col,.kadence-column3476_f20671-82 > .kt-inside-inner-col:before{border-top-left-radius:0px;border-top-right-radius:0px;border-bottom-right-radius:0px;border-bottom-left-radius:0px;}.kadence-column3476_f20671-82 > .kt-inside-inner-col{column-gap:var(--global-kb-gap-sm, 1rem);}.kadence-column3476_f20671-82 > .kt-inside-inner-col{flex-direction:column;}.kadence-column3476_f20671-82 > .kt-inside-inner-col > .aligncenter{width:100%;}.kadence-column3476_f20671-82 > .kt-inside-inner-col:before{opacity:0.3;}.kadence-column3476_f20671-82{position:relative;}@media all and (max-width: 1024px){.kadence-column3476_f20671-82 > .kt-inside-inner-col{flex-direction:column;justify-content:center;}}@media all and (max-width: 767px){.kadence-column3476_f20671-82 > .kt-inside-inner-col{flex-direction:column;justify-content:center;}}<\/style>\n<div class=\"wp-block-kadence-column kadence-column3476_f20671-82\"><div class=\"kt-inside-inner-col\">\n<h2 class=\"wp-block-heading\">CARACTERISTIQUES de l\u2019oreiller m\u00e9moire de forme ConfortMed<\/h2>\n\n\n\n<ul class=\"wp-block-list\">\n<li>Dimensions : 50 x 32 cm<\/li>\n\n\n\n<li>Hauteur comprise entre 8 et 10 cm<\/li>\n\n\n\n<li>Densit\u00e9 de la mousse: 80 kg\/m3<\/li>\n\n\n\n<li>Mousse \u00e0 m\u00e9moire de forme<\/li>\n\n\n\n<li>Housse en jersey 100% coton<\/li>\n\n\n\n<li>Fabriqu\u00e9 en France<\/li>\n\n\n\n<li><a href=\"https:\/\/www.bastideleconfortmedical.com\/taie-pour-oreiller-ergonomique-confortmed.html\" target=\"_blank\" rel=\"noreferrer noopener\">taie de rechange<\/a>&nbsp;est disponible.&nbsp;<\/li>\n\n\n\n<li>Recouvert d&rsquo;une housse en coton 75% et polyester 25%\n<ul class=\"wp-block-list\">\n<li>Lavage 40\u00b0C<\/li>\n\n\n\n<li>Pas de chlorage<\/li>\n\n\n\n<li>S\u00e9chage en tambour \u00e0 temp\u00e9rature mod\u00e9r\u00e9e<\/li>\n\n\n\n<li>Repassage&nbsp;<\/li>\n\n\n\n<li>Nettoyage \u00e0 sec<\/li>\n<\/ul>\n<\/li>\n<\/ul>\n<\/div><\/div>\n\n\n<style>.kadence-column3476_adcfe2-9c > .kt-inside-inner-col,.kadence-column3476_adcfe2-9c > .kt-inside-inner-col:before{border-top-left-radius:0px;border-top-right-radius:0px;border-bottom-right-radius:0px;border-bottom-left-radius:0px;}.kadence-column3476_adcfe2-9c > .kt-inside-inner-col{column-gap:var(--global-kb-gap-sm, 1rem);}.kadence-column3476_adcfe2-9c > .kt-inside-inner-col{flex-direction:column;}.kadence-column3476_adcfe2-9c > .kt-inside-inner-col > .aligncenter{width:100%;}.kadence-column3476_adcfe2-9c > .kt-inside-inner-col:before{opacity:0.3;}.kadence-column3476_adcfe2-9c{position:relative;}@media all and (max-width: 1024px){.kadence-column3476_adcfe2-9c > .kt-inside-inner-col{flex-direction:column;justify-content:center;}}@media all and (max-width: 767px){.kadence-column3476_adcfe2-9c > .kt-inside-inner-col{flex-direction:column;justify-content:center;}}<\/style>\n<div class=\"wp-block-kadence-column kadence-column3476_adcfe2-9c\"><div class=\"kt-inside-inner-col\"><\/div><\/div>\n\n<\/div><\/div>","protected":false},"excerpt":{"rendered":"<p>Retour OREILLER ANATOMIQUE CONFORTMED Oreiller anatomique CONFORTMED &#8211; 34,90\u20acR\u00e9f\u00e9rence 104661 Description du produit En moulant progressivement les&nbsp;contours de t\u00eate et de la nuque, l&rsquo;oreiller ergonomique&nbsp;en&nbsp;mousse visco\u00e9lastique&nbsp;\u00e0&nbsp;m\u00e9moire de forme&nbsp;soulage&nbsp;avec douceur les&nbsp;tensions cervicales&nbsp;pendant votre sommeil. Un oreiller ergonomique \u00e0 m\u00e9moire de forme pour un sommeil r\u00e9parateur Cet oreiller ergonomique \u00e0 m\u00e9moire de forme vous apportera un grand&#8230;<\/p>\n","protected":false},"author":1,"featured_media":0,"parent":0,"menu_order":0,"comment_status":"closed","ping_status":"closed","template":"","meta":{"content-type":"","_kad_post_transparent":"default","_kad_post_title":"hide","_kad_post_layout":"","_kad_post_sidebar_id":"","_kad_post_content_style":"","_kad_post_vertical_padding":"","_kad_post_feature":"","_kad_post_feature_position":"","_kad_post_header":false,"_kad_post_footer":false,"footnotes":""},"class_list":["post-3476","page","type-page","status-publish","hentry"],"_links":{"self":[{"href":"https:\/\/bastideparis.fr\/ro49090-ovh\/index.php\/wp-json\/wp\/v2\/pages\/3476","targetHints":{"allow":["GET"]}}],"collection":[{"href":"https:\/\/bastideparis.fr\/ro49090-ovh\/index.php\/wp-json\/wp\/v2\/pages"}],"about":[{"href":"https:\/\/bastideparis.fr\/ro49090-ovh\/index.php\/wp-json\/wp\/v2\/types\/page"}],"author":[{"embeddable":true,"href":"https:\/\/bastideparis.fr\/ro49090-ovh\/index.php\/wp-json\/wp\/v2\/users\/1"}],"replies":[{"embeddable":true,"href":"https:\/\/bastideparis.fr\/ro49090-ovh\/index.php\/wp-json\/wp\/v2\/comments?post=3476"}],"version-history":[{"count":2,"href":"https:\/\/bastideparis.fr\/ro49090-ovh\/index.php\/wp-json\/wp\/v2\/pages\/3476\/revisions"}],"predecessor-version":[{"id":4822,"href":"https:\/\/bastideparis.fr\/ro49090-ovh\/index.php\/wp-json\/wp\/v2\/pages\/3476\/revisions\/4822"}],"wp:attachment":[{"href":"https:\/\/bastideparis.fr\/ro49090-ovh\/index.php\/wp-json\/wp\/v2\/media?parent=3476"}],"curies":[{"name":"wp","href":"https:\/\/api.w.org\/{rel}","templated":true}]}}