{"id":3479,"date":"2024-05-15T15:44:55","date_gmt":"2024-05-15T13:44:55","guid":{"rendered":"https:\/\/bastideparis.fr\/ro49090-ovh\/?page_id=3479"},"modified":"2024-05-15T15:44:56","modified_gmt":"2024-05-15T13:44:56","slug":"oreiller-viscoelastique","status":"publish","type":"page","link":"https:\/\/bastideparis.fr\/ro49090-ovh\/index.php\/oreiller-viscoelastique\/","title":{"rendered":"OREILLER VISCOELASTIQUE"},"content":{"rendered":"\n<p><a href=\"https:\/\/bastideparis.fr\/ro49090-ovh\/index.php\/showroom-chambre\/\">Retour<\/a><\/p>\n\n\n\n<p class=\"has-larger-font-size\"><strong>OREILLER VISCOELASTIQUE<\/strong><\/p>\n\n\n<style>.kb-row-layout-id3479_e30218-92 > .kt-row-column-wrap{align-content:center;}:where(.kb-row-layout-id3479_e30218-92 > .kt-row-column-wrap) > .wp-block-kadence-column{justify-content:center;}.kb-row-layout-id3479_e30218-92 > .kt-row-column-wrap{column-gap:var(--global-kb-gap-md, 2rem);row-gap:var(--global-kb-gap-md, 2rem);padding-top:var(--global-kb-spacing-sm, 1.5rem);padding-bottom:var(--global-kb-spacing-sm, 1.5rem);grid-template-columns:repeat(2, minmax(0, 1fr));}.kb-row-layout-id3479_e30218-92 > .kt-row-layout-overlay{opacity:0.30;}@media all and (max-width: 1024px){.kb-row-layout-id3479_e30218-92 > .kt-row-column-wrap{grid-template-columns:repeat(2, minmax(0, 1fr));}}@media all and (max-width: 767px){.kb-row-layout-id3479_e30218-92 > .kt-row-column-wrap{grid-template-columns:minmax(0, 1fr);}}<\/style><div class=\"kb-row-layout-wrap kb-row-layout-id3479_e30218-92 alignnone wp-block-kadence-rowlayout\"><div class=\"kt-row-column-wrap kt-has-2-columns kt-row-layout-equal kt-tab-layout-inherit kt-mobile-layout-row kt-row-valign-middle\">\n<style>.kadence-column3479_8f1b49-80 > .kt-inside-inner-col,.kadence-column3479_8f1b49-80 > .kt-inside-inner-col:before{border-top-left-radius:0px;border-top-right-radius:0px;border-bottom-right-radius:0px;border-bottom-left-radius:0px;}.kadence-column3479_8f1b49-80 > .kt-inside-inner-col{column-gap:var(--global-kb-gap-sm, 1rem);}.kadence-column3479_8f1b49-80 > .kt-inside-inner-col{flex-direction:column;}.kadence-column3479_8f1b49-80 > .kt-inside-inner-col > .aligncenter{width:100%;}.kadence-column3479_8f1b49-80 > .kt-inside-inner-col:before{opacity:0.3;}.kadence-column3479_8f1b49-80{position:relative;}@media all and (max-width: 1024px){.kadence-column3479_8f1b49-80 > .kt-inside-inner-col{flex-direction:column;justify-content:center;}}@media all and (max-width: 767px){.kadence-column3479_8f1b49-80 > .kt-inside-inner-col{flex-direction:column;justify-content:center;}}<\/style>\n<div class=\"wp-block-kadence-column kadence-column3479_8f1b49-80\"><div class=\"kt-inside-inner-col\">\n<figure class=\"wp-block-image size-full\"><img loading=\"lazy\" decoding=\"async\" width=\"800\" height=\"800\" src=\"https:\/\/bastideparis.fr\/ro49090-ovh\/wp-content\/uploads\/2024\/01\/oreiller-viscoelastique.webp\" alt=\"\" class=\"wp-image-1951\" srcset=\"https:\/\/bastideparis.fr\/ro49090-ovh\/wp-content\/uploads\/2024\/01\/oreiller-viscoelastique.webp 800w, https:\/\/bastideparis.fr\/ro49090-ovh\/wp-content\/uploads\/2024\/01\/oreiller-viscoelastique-300x300.webp 300w, https:\/\/bastideparis.fr\/ro49090-ovh\/wp-content\/uploads\/2024\/01\/oreiller-viscoelastique-150x150.webp 150w, https:\/\/bastideparis.fr\/ro49090-ovh\/wp-content\/uploads\/2024\/01\/oreiller-viscoelastique-768x768.webp 768w\" sizes=\"auto, (max-width: 800px) 100vw, 800px\" \/><\/figure>\n<\/div><\/div>\n\n\n<style>.kadence-column3479_da9821-f6 > .kt-inside-inner-col,.kadence-column3479_da9821-f6 > .kt-inside-inner-col:before{border-top-left-radius:0px;border-top-right-radius:0px;border-bottom-right-radius:0px;border-bottom-left-radius:0px;}.kadence-column3479_da9821-f6 > .kt-inside-inner-col{column-gap:var(--global-kb-gap-sm, 1rem);}.kadence-column3479_da9821-f6 > .kt-inside-inner-col{flex-direction:column;}.kadence-column3479_da9821-f6 > .kt-inside-inner-col > .aligncenter{width:100%;}.kadence-column3479_da9821-f6 > .kt-inside-inner-col:before{opacity:0.3;}.kadence-column3479_da9821-f6{position:relative;}@media all and (max-width: 1024px){.kadence-column3479_da9821-f6 > .kt-inside-inner-col{flex-direction:column;justify-content:center;}}@media all and (max-width: 767px){.kadence-column3479_da9821-f6 > .kt-inside-inner-col{flex-direction:column;justify-content:center;}}<\/style>\n<div class=\"wp-block-kadence-column kadence-column3479_da9821-f6\"><div class=\"kt-inside-inner-col\">\n<h1 class=\"wp-block-heading has-theme-palette-4-color has-text-color has-link-color wp-elements-42d447f6b044189f5c0602645127684d\">Oreiller visco\u00e9lastique &#8211; 49,95\u20ac<\/h1>\n\n\n\n<p>R\u00e9f\u00e9rence: 113757<\/p>\n\n\n\n<h2 class=\"wp-block-heading\">Description du produit<\/h2>\n\n\n\n<h2 class=\"wp-block-heading\">Un sommeil optimis\u00e9<\/h2>\n\n\n\n<p>L\u2019<strong>oreiller visco\u00e9lastique perfor\u00e9&nbsp;<\/strong>est un oreiller \u00e0 mousse \u00e0 m\u00e9moire de forme qui soulage les tensions de la nuque et les points de pression. Sa mousse perfor\u00e9e permet une meilleure a\u00e9ration et \u00e9vite les \u00e9chauffements tout en r\u00e9duisant le ph\u00e9nom\u00e8ne de transpiration pendant le sommeil.<\/p>\n<\/div><\/div>\n\n<\/div><\/div>\n\n<style>.kb-row-layout-id3479_b16097-9b > .kt-row-column-wrap{align-content:start;}:where(.kb-row-layout-id3479_b16097-9b > .kt-row-column-wrap) > .wp-block-kadence-column{justify-content:start;}.kb-row-layout-id3479_b16097-9b > .kt-row-column-wrap{column-gap:var(--global-kb-gap-md, 2rem);row-gap:var(--global-kb-gap-md, 2rem);padding-top:var(--global-kb-spacing-sm, 1.5rem);padding-bottom:var(--global-kb-spacing-sm, 1.5rem);grid-template-columns:repeat(2, minmax(0, 1fr));}.kb-row-layout-id3479_b16097-9b > .kt-row-layout-overlay{opacity:0.30;}@media all and (max-width: 1024px){.kb-row-layout-id3479_b16097-9b > .kt-row-column-wrap{grid-template-columns:repeat(2, minmax(0, 1fr));}}@media all and (max-width: 767px){.kb-row-layout-id3479_b16097-9b > .kt-row-column-wrap{grid-template-columns:minmax(0, 1fr);}}<\/style><div class=\"kb-row-layout-wrap kb-row-layout-id3479_b16097-9b alignnone wp-block-kadence-rowlayout\"><div class=\"kt-row-column-wrap kt-has-2-columns kt-row-layout-equal kt-tab-layout-inherit kt-mobile-layout-row kt-row-valign-top\">\n<style>.kadence-column3479_c06aa1-2f > .kt-inside-inner-col,.kadence-column3479_c06aa1-2f > .kt-inside-inner-col:before{border-top-left-radius:0px;border-top-right-radius:0px;border-bottom-right-radius:0px;border-bottom-left-radius:0px;}.kadence-column3479_c06aa1-2f > .kt-inside-inner-col{column-gap:var(--global-kb-gap-sm, 1rem);}.kadence-column3479_c06aa1-2f > .kt-inside-inner-col{flex-direction:column;}.kadence-column3479_c06aa1-2f > .kt-inside-inner-col > .aligncenter{width:100%;}.kadence-column3479_c06aa1-2f > .kt-inside-inner-col:before{opacity:0.3;}.kadence-column3479_c06aa1-2f{position:relative;}@media all and (max-width: 1024px){.kadence-column3479_c06aa1-2f > .kt-inside-inner-col{flex-direction:column;justify-content:center;}}@media all and (max-width: 767px){.kadence-column3479_c06aa1-2f > .kt-inside-inner-col{flex-direction:column;justify-content:center;}}<\/style>\n<div class=\"wp-block-kadence-column kadence-column3479_c06aa1-2f\"><div class=\"kt-inside-inner-col\">\n<h2 class=\"wp-block-heading\">Entretien de l\u2019oreiller visco perfor\u00e9<\/h2>\n\n\n\n<p>Il est recommand\u00e9 de ne pas immerger l\u2019oreiller dans l\u2019eau pour le nettoyer. Il ne faut pas non plus le laver en machine ou le passer au s\u00e8che-linge. Nous vous conseillons de le laver en surface avec une \u00e9ponge et de l\u2019eau savonneuse puis de le laisser s\u00e9cher naturellement. Ne pas l\u2019exposer au soleil.<\/p>\n\n\n\n<h2 class=\"wp-block-heading\">Caract\u00e9ristiques techniques de l&rsquo;oreiller ost\u00e9opathique<\/h2>\n\n\n\n<ul class=\"wp-block-list\">\n<li>100% mousse visco\u00e9lastique \u00e0 m\u00e9moire de forme<\/li>\n\n\n\n<li>Normes feu : conforme aux exigences du d\u00e9cret 2000-164 du 23 f\u00e9vrier 2000<\/li>\n\n\n\n<li>Dimensions : 60 x 40 x13 cm<\/li>\n\n\n\n<li>Densit\u00e9 de la mousse: 45 kg\/m3<\/li>\n\n\n\n<li>Poids du coussin&nbsp;: 1.222 kg<\/li>\n\n\n\n<li>Vendu sans taie d\u2019oreiller<\/li>\n\n\n\n<li>Garantie 2 ans<\/li>\n<\/ul>\n<\/div><\/div>\n\n\n<style>.kadence-column3479_ef1eaf-38 > .kt-inside-inner-col,.kadence-column3479_ef1eaf-38 > .kt-inside-inner-col:before{border-top-left-radius:0px;border-top-right-radius:0px;border-bottom-right-radius:0px;border-bottom-left-radius:0px;}.kadence-column3479_ef1eaf-38 > .kt-inside-inner-col{column-gap:var(--global-kb-gap-sm, 1rem);}.kadence-column3479_ef1eaf-38 > .kt-inside-inner-col{flex-direction:column;}.kadence-column3479_ef1eaf-38 > .kt-inside-inner-col > .aligncenter{width:100%;}.kadence-column3479_ef1eaf-38 > .kt-inside-inner-col:before{opacity:0.3;}.kadence-column3479_ef1eaf-38{position:relative;}@media all and (max-width: 1024px){.kadence-column3479_ef1eaf-38 > .kt-inside-inner-col{flex-direction:column;justify-content:center;}}@media all and (max-width: 767px){.kadence-column3479_ef1eaf-38 > .kt-inside-inner-col{flex-direction:column;justify-content:center;}}<\/style>\n<div class=\"wp-block-kadence-column kadence-column3479_ef1eaf-38\"><div class=\"kt-inside-inner-col\"><\/div><\/div>\n\n<\/div><\/div>","protected":false},"excerpt":{"rendered":"<p>Retour OREILLER VISCOELASTIQUE Oreiller visco\u00e9lastique &#8211; 49,95\u20ac R\u00e9f\u00e9rence: 113757 Description du produit Un sommeil optimis\u00e9 L\u2019oreiller visco\u00e9lastique perfor\u00e9&nbsp;est un oreiller \u00e0 mousse \u00e0 m\u00e9moire de forme qui soulage les tensions de la nuque et les points de pression. Sa mousse perfor\u00e9e permet une meilleure a\u00e9ration et \u00e9vite les \u00e9chauffements tout en r\u00e9duisant le ph\u00e9nom\u00e8ne de&#8230;<\/p>\n","protected":false},"author":1,"featured_media":0,"parent":0,"menu_order":0,"comment_status":"closed","ping_status":"closed","template":"","meta":{"content-type":"","_kad_post_transparent":"","_kad_post_title":"hide","_kad_post_layout":"","_kad_post_sidebar_id":"","_kad_post_content_style":"","_kad_post_vertical_padding":"","_kad_post_feature":"","_kad_post_feature_position":"","_kad_post_header":false,"_kad_post_footer":false,"footnotes":""},"class_list":["post-3479","page","type-page","status-publish","hentry"],"_links":{"self":[{"href":"https:\/\/bastideparis.fr\/ro49090-ovh\/index.php\/wp-json\/wp\/v2\/pages\/3479","targetHints":{"allow":["GET"]}}],"collection":[{"href":"https:\/\/bastideparis.fr\/ro49090-ovh\/index.php\/wp-json\/wp\/v2\/pages"}],"about":[{"href":"https:\/\/bastideparis.fr\/ro49090-ovh\/index.php\/wp-json\/wp\/v2\/types\/page"}],"author":[{"embeddable":true,"href":"https:\/\/bastideparis.fr\/ro49090-ovh\/index.php\/wp-json\/wp\/v2\/users\/1"}],"replies":[{"embeddable":true,"href":"https:\/\/bastideparis.fr\/ro49090-ovh\/index.php\/wp-json\/wp\/v2\/comments?post=3479"}],"version-history":[{"count":1,"href":"https:\/\/bastideparis.fr\/ro49090-ovh\/index.php\/wp-json\/wp\/v2\/pages\/3479\/revisions"}],"predecessor-version":[{"id":3480,"href":"https:\/\/bastideparis.fr\/ro49090-ovh\/index.php\/wp-json\/wp\/v2\/pages\/3479\/revisions\/3480"}],"wp:attachment":[{"href":"https:\/\/bastideparis.fr\/ro49090-ovh\/index.php\/wp-json\/wp\/v2\/media?parent=3479"}],"curies":[{"name":"wp","href":"https:\/\/api.w.org\/{rel}","templated":true}]}}