{"id":3481,"date":"2024-05-15T15:50:30","date_gmt":"2024-05-15T13:50:30","guid":{"rendered":"https:\/\/bastideparis.fr\/ro49090-ovh\/?page_id=3481"},"modified":"2024-05-15T15:50:30","modified_gmt":"2024-05-15T13:50:30","slug":"oreiller-osteopathique-confortmed","status":"publish","type":"page","link":"https:\/\/bastideparis.fr\/ro49090-ovh\/index.php\/oreiller-osteopathique-confortmed\/","title":{"rendered":"Oreiller ost\u00e9opathique CONFORTMED"},"content":{"rendered":"\n<p><a href=\"https:\/\/bastideparis.fr\/ro49090-ovh\/index.php\/showroom-chambre\/\">Retour <\/a><\/p>\n\n\n\n<p class=\"has-larger-font-size\">OREILLER OSTEOPATHIQUE CONFORTMED<\/p>\n\n\n<style>.kb-row-layout-id3481_c4fcde-ff > .kt-row-column-wrap{align-content:center;}:where(.kb-row-layout-id3481_c4fcde-ff > .kt-row-column-wrap) > .wp-block-kadence-column{justify-content:center;}.kb-row-layout-id3481_c4fcde-ff > .kt-row-column-wrap{column-gap:var(--global-kb-gap-md, 2rem);row-gap:var(--global-kb-gap-md, 2rem);padding-top:var(--global-kb-spacing-sm, 1.5rem);padding-bottom:var(--global-kb-spacing-sm, 1.5rem);grid-template-columns:minmax(0, calc(50% - ((var(--global-kb-gap-md, 2rem) * 1 )\/2)))minmax(0, calc(50% - ((var(--global-kb-gap-md, 2rem) * 1 )\/2)));}.kb-row-layout-id3481_c4fcde-ff > .kt-row-layout-overlay{opacity:0.30;}@media all and (max-width: 1024px){.kb-row-layout-id3481_c4fcde-ff > .kt-row-column-wrap{grid-template-columns:repeat(2, minmax(0, 1fr));}}@media all and (max-width: 767px){.kb-row-layout-id3481_c4fcde-ff > .kt-row-column-wrap{grid-template-columns:minmax(0, 1fr);}}<\/style><div class=\"kb-row-layout-wrap kb-row-layout-id3481_c4fcde-ff alignnone wp-block-kadence-rowlayout\"><div class=\"kt-row-column-wrap kt-has-2-columns kt-row-layout-equal kt-tab-layout-inherit kt-mobile-layout-row kt-row-valign-middle\">\n<style>.kadence-column3481_bfe428-63 > .kt-inside-inner-col,.kadence-column3481_bfe428-63 > .kt-inside-inner-col:before{border-top-left-radius:0px;border-top-right-radius:0px;border-bottom-right-radius:0px;border-bottom-left-radius:0px;}.kadence-column3481_bfe428-63 > .kt-inside-inner-col{column-gap:var(--global-kb-gap-sm, 1rem);}.kadence-column3481_bfe428-63 > .kt-inside-inner-col{flex-direction:column;}.kadence-column3481_bfe428-63 > .kt-inside-inner-col > .aligncenter{width:100%;}.kadence-column3481_bfe428-63 > .kt-inside-inner-col:before{opacity:0.3;}.kadence-column3481_bfe428-63{position:relative;}@media all and (max-width: 1024px){.kadence-column3481_bfe428-63 > .kt-inside-inner-col{flex-direction:column;justify-content:center;}}@media all and (max-width: 767px){.kadence-column3481_bfe428-63 > .kt-inside-inner-col{flex-direction:column;justify-content:center;}}<\/style>\n<div class=\"wp-block-kadence-column kadence-column3481_bfe428-63\"><div class=\"kt-inside-inner-col\"><div class=\"wp-block-image\">\n<figure class=\"aligncenter size-full\"><img loading=\"lazy\" decoding=\"async\" width=\"360\" height=\"360\" src=\"https:\/\/bastideparis.fr\/ro49090-ovh\/wp-content\/uploads\/2023\/10\/oreiller-ostheopatique.webp\" alt=\"\" class=\"wp-image-645\" srcset=\"https:\/\/bastideparis.fr\/ro49090-ovh\/wp-content\/uploads\/2023\/10\/oreiller-ostheopatique.webp 360w, https:\/\/bastideparis.fr\/ro49090-ovh\/wp-content\/uploads\/2023\/10\/oreiller-ostheopatique-300x300.webp 300w, https:\/\/bastideparis.fr\/ro49090-ovh\/wp-content\/uploads\/2023\/10\/oreiller-ostheopatique-150x150.webp 150w\" sizes=\"auto, (max-width: 360px) 100vw, 360px\" \/><\/figure>\n<\/div><\/div><\/div>\n\n\n<style>.kadence-column3481_32e2a5-73 > .kt-inside-inner-col,.kadence-column3481_32e2a5-73 > .kt-inside-inner-col:before{border-top-left-radius:0px;border-top-right-radius:0px;border-bottom-right-radius:0px;border-bottom-left-radius:0px;}.kadence-column3481_32e2a5-73 > .kt-inside-inner-col{column-gap:var(--global-kb-gap-sm, 1rem);}.kadence-column3481_32e2a5-73 > .kt-inside-inner-col{flex-direction:column;}.kadence-column3481_32e2a5-73 > .kt-inside-inner-col > .aligncenter{width:100%;}.kadence-column3481_32e2a5-73 > .kt-inside-inner-col:before{opacity:0.3;}.kadence-column3481_32e2a5-73{position:relative;}@media all and (max-width: 1024px){.kadence-column3481_32e2a5-73 > .kt-inside-inner-col{flex-direction:column;justify-content:center;}}@media all and (max-width: 767px){.kadence-column3481_32e2a5-73 > .kt-inside-inner-col{flex-direction:column;justify-content:center;}}<\/style>\n<div class=\"wp-block-kadence-column kadence-column3481_32e2a5-73\"><div class=\"kt-inside-inner-col\">\n<p class=\"has-medium-font-size\"><strong>Oreiller ost\u00e9opathique CONFORTMED &#8211; 149\u20ac<br>R\u00e9f\u00e9rence : 106457<\/strong><\/p>\n\n\n\n<h2 class=\"wp-block-heading\">Description du produit<\/h2>\n\n\n\n<p>L\u2019<strong>oreiller ost\u00e9opathique<\/strong>\u00a0soulage avec douceur les\u00a0<strong>tensions cervicales<\/strong>\u00a0pendant votre sommeil. Avec sa mousse \u00e0\u00a0<strong>m\u00e9moire de formes<\/strong>\u00a0visco\u00e9lastique respirante, l\u2019oreiller ost\u00e9opathique se d\u00e9forme avec la chaleur de votre corps pour prendre progressivement l\u2019empreinte des\u00a0<strong>contours de la t\u00eate et de la nuque<\/strong>. Cet oreiller \u00e0 m\u00e9moire de forme est id\u00e9al pour les personnes ayant l\u2019habitude de dormir sur le c\u00f4t\u00e9.<\/p>\n\n\n\n<h2 class=\"wp-block-heading\">Les avantages d\u2019un oreiller ost\u00e9opathique \u00e0 m\u00e9moire de forme<\/h2>\n\n\n\n<ul class=\"wp-block-list\">\n<li>Orifice \u00e9vitant la compression de l&rsquo;oreille<\/li>\n\n\n\n<li>Goutti\u00e8re lib\u00e9rant les cervicales de la pression<\/li>\n\n\n\n<li>Niche anti-ballotement pour la t\u00eate<\/li>\n\n\n\n<li>Encoche pour l&rsquo;\u00e9paule<\/li>\n\n\n\n<li>S\u2019utilise sur le dos ou sur le cot\u00e9<\/li>\n<\/ul>\n\n\n\n<p> <\/p>\n<\/div><\/div>\n\n<\/div><\/div>\n\n<style>.kb-row-layout-id3481_4f1b3a-54 > .kt-row-column-wrap{align-content:start;}:where(.kb-row-layout-id3481_4f1b3a-54 > .kt-row-column-wrap) > .wp-block-kadence-column{justify-content:start;}.kb-row-layout-id3481_4f1b3a-54 > .kt-row-column-wrap{column-gap:var(--global-kb-gap-md, 2rem);row-gap:var(--global-kb-gap-md, 2rem);padding-top:var(--global-kb-spacing-sm, 1.5rem);padding-bottom:var(--global-kb-spacing-sm, 1.5rem);grid-template-columns:minmax(0, calc(50% - ((var(--global-kb-gap-md, 2rem) * 1 )\/2)))minmax(0, calc(50% - ((var(--global-kb-gap-md, 2rem) * 1 )\/2)));}.kb-row-layout-id3481_4f1b3a-54 > .kt-row-layout-overlay{opacity:0.30;}@media all and (max-width: 1024px){.kb-row-layout-id3481_4f1b3a-54 > .kt-row-column-wrap{grid-template-columns:repeat(2, minmax(0, 1fr));}}@media all and (max-width: 767px){.kb-row-layout-id3481_4f1b3a-54 > .kt-row-column-wrap{grid-template-columns:minmax(0, 1fr);}}<\/style><div class=\"kb-row-layout-wrap kb-row-layout-id3481_4f1b3a-54 alignnone wp-block-kadence-rowlayout\"><div class=\"kt-row-column-wrap kt-has-2-columns kt-row-layout-equal kt-tab-layout-inherit kt-mobile-layout-row kt-row-valign-top\">\n<style>.kadence-column3481_d97578-bd > .kt-inside-inner-col,.kadence-column3481_d97578-bd > .kt-inside-inner-col:before{border-top-left-radius:0px;border-top-right-radius:0px;border-bottom-right-radius:0px;border-bottom-left-radius:0px;}.kadence-column3481_d97578-bd > .kt-inside-inner-col{column-gap:var(--global-kb-gap-sm, 1rem);}.kadence-column3481_d97578-bd > .kt-inside-inner-col{flex-direction:column;}.kadence-column3481_d97578-bd > .kt-inside-inner-col > .aligncenter{width:100%;}.kadence-column3481_d97578-bd > .kt-inside-inner-col:before{opacity:0.3;}.kadence-column3481_d97578-bd{position:relative;}@media all and (max-width: 1024px){.kadence-column3481_d97578-bd > .kt-inside-inner-col{flex-direction:column;justify-content:center;}}@media all and (max-width: 767px){.kadence-column3481_d97578-bd > .kt-inside-inner-col{flex-direction:column;justify-content:center;}}<\/style>\n<div class=\"wp-block-kadence-column kadence-column3481_d97578-bd\"><div class=\"kt-inside-inner-col\">\n<h2 class=\"wp-block-heading\">Liberez les \u00e9nergies&nbsp;avec un oreiller cervical \u00e0 m\u00e9moire de forme<\/h2>\n\n\n\n<p>Sa forme \u00ab<em>&nbsp;papillon<\/em>&nbsp;\u00bb permet d\u2019\u00e9tirer, durant votre sommeil, votre colonne vert\u00e9brale et de soulager les tensions du cou et des \u00e9paules accumul\u00e9es durant la journ\u00e9e. La mousse visco\u00e9lastique, de l\u2019oreiller ost\u00e9opathique, permet d\u2019<strong>att\u00e9nuer les points de compressions&nbsp;<\/strong>afin de&nbsp;<strong>favoriser la circulation sanguine<\/strong>. D\u00e9tendez-vous pendant votre sommeil et lib\u00e9rez les \u00e9nergies. Sa forme ergonomique vous permet de dormir aussi bien sur le dos que sur le c\u00f4t\u00e9.<\/p>\n<\/div><\/div>\n\n\n<style>.kadence-column3481_e37063-29 > .kt-inside-inner-col,.kadence-column3481_e37063-29 > .kt-inside-inner-col:before{border-top-left-radius:0px;border-top-right-radius:0px;border-bottom-right-radius:0px;border-bottom-left-radius:0px;}.kadence-column3481_e37063-29 > .kt-inside-inner-col{column-gap:var(--global-kb-gap-sm, 1rem);}.kadence-column3481_e37063-29 > .kt-inside-inner-col{flex-direction:column;}.kadence-column3481_e37063-29 > .kt-inside-inner-col > .aligncenter{width:100%;}.kadence-column3481_e37063-29 > .kt-inside-inner-col:before{opacity:0.3;}.kadence-column3481_e37063-29{position:relative;}@media all and (max-width: 1024px){.kadence-column3481_e37063-29 > .kt-inside-inner-col{flex-direction:column;justify-content:center;}}@media all and (max-width: 767px){.kadence-column3481_e37063-29 > .kt-inside-inner-col{flex-direction:column;justify-content:center;}}<\/style>\n<div class=\"wp-block-kadence-column kadence-column3481_e37063-29\"><div class=\"kt-inside-inner-col\">\n<h2 class=\"wp-block-heading\">Caract\u00e9ristiques techniques de l&rsquo;oreiller ost\u00e9opathique<\/h2>\n\n\n\n<ul class=\"wp-block-list\">\n<li>Dimensions en cm&nbsp;: 50 x 35 x 10 cm<\/li>\n\n\n\n<li>Mousse \u00e0 m\u00e9moire de formes<\/li>\n\n\n\n<li>Mousse visco\u00e9lastique thermosensible<\/li>\n<\/ul>\n\n\n\n<p>Coussin<strong>&nbsp;livr\u00e9 avec une housse\/taie d&rsquo;oreiller<\/strong>&nbsp;d\u00e9houssable gr\u00e2ce \u00e0 son zip.<\/p>\n<\/div><\/div>\n\n<\/div><\/div>","protected":false},"excerpt":{"rendered":"<p>Retour OREILLER OSTEOPATHIQUE CONFORTMED Oreiller ost\u00e9opathique CONFORTMED &#8211; 149\u20acR\u00e9f\u00e9rence : 106457 Description du produit L\u2019oreiller ost\u00e9opathique\u00a0soulage avec douceur les\u00a0tensions cervicales\u00a0pendant votre sommeil. Avec sa mousse \u00e0\u00a0m\u00e9moire de formes\u00a0visco\u00e9lastique respirante, l\u2019oreiller ost\u00e9opathique se d\u00e9forme avec la chaleur de votre corps pour prendre progressivement l\u2019empreinte des\u00a0contours de la t\u00eate et de la nuque. Cet oreiller \u00e0 m\u00e9moire&#8230;<\/p>\n","protected":false},"author":1,"featured_media":0,"parent":0,"menu_order":0,"comment_status":"closed","ping_status":"closed","template":"","meta":{"content-type":"","_kad_post_transparent":"","_kad_post_title":"hide","_kad_post_layout":"","_kad_post_sidebar_id":"","_kad_post_content_style":"","_kad_post_vertical_padding":"","_kad_post_feature":"","_kad_post_feature_position":"","_kad_post_header":false,"_kad_post_footer":false,"footnotes":""},"class_list":["post-3481","page","type-page","status-publish","hentry"],"_links":{"self":[{"href":"https:\/\/bastideparis.fr\/ro49090-ovh\/index.php\/wp-json\/wp\/v2\/pages\/3481","targetHints":{"allow":["GET"]}}],"collection":[{"href":"https:\/\/bastideparis.fr\/ro49090-ovh\/index.php\/wp-json\/wp\/v2\/pages"}],"about":[{"href":"https:\/\/bastideparis.fr\/ro49090-ovh\/index.php\/wp-json\/wp\/v2\/types\/page"}],"author":[{"embeddable":true,"href":"https:\/\/bastideparis.fr\/ro49090-ovh\/index.php\/wp-json\/wp\/v2\/users\/1"}],"replies":[{"embeddable":true,"href":"https:\/\/bastideparis.fr\/ro49090-ovh\/index.php\/wp-json\/wp\/v2\/comments?post=3481"}],"version-history":[{"count":2,"href":"https:\/\/bastideparis.fr\/ro49090-ovh\/index.php\/wp-json\/wp\/v2\/pages\/3481\/revisions"}],"predecessor-version":[{"id":3484,"href":"https:\/\/bastideparis.fr\/ro49090-ovh\/index.php\/wp-json\/wp\/v2\/pages\/3481\/revisions\/3484"}],"wp:attachment":[{"href":"https:\/\/bastideparis.fr\/ro49090-ovh\/index.php\/wp-json\/wp\/v2\/media?parent=3481"}],"curies":[{"name":"wp","href":"https:\/\/api.w.org\/{rel}","templated":true}]}}