{"id":3500,"date":"2024-05-22T13:26:21","date_gmt":"2024-05-22T11:26:21","guid":{"rendered":"https:\/\/bastideparis.fr\/ro49090-ovh\/?page_id=3500"},"modified":"2024-05-22T13:26:22","modified_gmt":"2024-05-22T11:26:22","slug":"coussin-cale-de-decubitus-confortmed","status":"publish","type":"page","link":"https:\/\/bastideparis.fr\/ro49090-ovh\/index.php\/coussin-cale-de-decubitus-confortmed\/","title":{"rendered":"COUSSIN CALE DE DECUBITUS CONFORTMED"},"content":{"rendered":"\n<p class=\"has-larger-font-size\">COUSSIN DE POSITIONNEMENT CALE DE DECUBITUS CONFORTMED<\/p>\n\n\n<style>.kb-row-layout-id3500_330ea0-27 > .kt-row-column-wrap{align-content:center;}:where(.kb-row-layout-id3500_330ea0-27 > .kt-row-column-wrap) > .wp-block-kadence-column{justify-content:center;}.kb-row-layout-id3500_330ea0-27 > .kt-row-column-wrap{column-gap:var(--global-kb-gap-md, 2rem);row-gap:var(--global-kb-gap-md, 2rem);padding-top:var(--global-kb-spacing-sm, 1.5rem);padding-bottom:var(--global-kb-spacing-sm, 1.5rem);grid-template-columns:repeat(2, minmax(0, 1fr));}.kb-row-layout-id3500_330ea0-27 > .kt-row-layout-overlay{opacity:0.30;}@media all and (max-width: 1024px){.kb-row-layout-id3500_330ea0-27 > .kt-row-column-wrap{grid-template-columns:repeat(2, minmax(0, 1fr));}}@media all and (max-width: 767px){.kb-row-layout-id3500_330ea0-27 > .kt-row-column-wrap{grid-template-columns:minmax(0, 1fr);}}<\/style><div class=\"kb-row-layout-wrap kb-row-layout-id3500_330ea0-27 alignnone wp-block-kadence-rowlayout\"><div class=\"kt-row-column-wrap kt-has-2-columns kt-row-layout-equal kt-tab-layout-inherit kt-mobile-layout-row kt-row-valign-middle\">\n<style>.kadence-column3500_119551-33 > .kt-inside-inner-col,.kadence-column3500_119551-33 > .kt-inside-inner-col:before{border-top-left-radius:0px;border-top-right-radius:0px;border-bottom-right-radius:0px;border-bottom-left-radius:0px;}.kadence-column3500_119551-33 > .kt-inside-inner-col{column-gap:var(--global-kb-gap-sm, 1rem);}.kadence-column3500_119551-33 > .kt-inside-inner-col{flex-direction:column;}.kadence-column3500_119551-33 > .kt-inside-inner-col > .aligncenter{width:100%;}.kadence-column3500_119551-33 > .kt-inside-inner-col:before{opacity:0.3;}.kadence-column3500_119551-33{position:relative;}@media all and (max-width: 1024px){.kadence-column3500_119551-33 > .kt-inside-inner-col{flex-direction:column;justify-content:center;}}@media all and (max-width: 767px){.kadence-column3500_119551-33 > .kt-inside-inner-col{flex-direction:column;justify-content:center;}}<\/style>\n<div class=\"wp-block-kadence-column kadence-column3500_119551-33\"><div class=\"kt-inside-inner-col\"><div class=\"wp-block-image\">\n<figure class=\"aligncenter size-full\"><img loading=\"lazy\" decoding=\"async\" width=\"360\" height=\"360\" src=\"https:\/\/bastideparis.fr\/ro49090-ovh\/wp-content\/uploads\/2023\/10\/coussin-decubitus.webp\" alt=\"\" class=\"wp-image-643\" srcset=\"https:\/\/bastideparis.fr\/ro49090-ovh\/wp-content\/uploads\/2023\/10\/coussin-decubitus.webp 360w, https:\/\/bastideparis.fr\/ro49090-ovh\/wp-content\/uploads\/2023\/10\/coussin-decubitus-300x300.webp 300w, https:\/\/bastideparis.fr\/ro49090-ovh\/wp-content\/uploads\/2023\/10\/coussin-decubitus-150x150.webp 150w\" sizes=\"auto, (max-width: 360px) 100vw, 360px\" \/><\/figure>\n<\/div><\/div><\/div>\n\n\n<style>.kadence-column3500_9822d8-d7 > .kt-inside-inner-col,.kadence-column3500_9822d8-d7 > .kt-inside-inner-col:before{border-top-left-radius:0px;border-top-right-radius:0px;border-bottom-right-radius:0px;border-bottom-left-radius:0px;}.kadence-column3500_9822d8-d7 > .kt-inside-inner-col{column-gap:var(--global-kb-gap-sm, 1rem);}.kadence-column3500_9822d8-d7 > .kt-inside-inner-col{flex-direction:column;}.kadence-column3500_9822d8-d7 > .kt-inside-inner-col > .aligncenter{width:100%;}.kadence-column3500_9822d8-d7 > .kt-inside-inner-col:before{opacity:0.3;}.kadence-column3500_9822d8-d7{position:relative;}@media all and (max-width: 1024px){.kadence-column3500_9822d8-d7 > .kt-inside-inner-col{flex-direction:column;justify-content:center;}}@media all and (max-width: 767px){.kadence-column3500_9822d8-d7 > .kt-inside-inner-col{flex-direction:column;justify-content:center;}}<\/style>\n<div class=\"wp-block-kadence-column kadence-column3500_9822d8-d7\"><div class=\"kt-inside-inner-col\">\n<p><strong>COUSSIN DE POSITIONNEMENT CALE DE DECUBITUS &#8211; 122,40\u20ac <\/strong><br><strong>(une prise en charge est possible avec une ordonnance)<\/strong><\/p>\n\n\n\n<h2 class=\"wp-block-heading\">Description du produit<\/h2>\n\n\n\n<p>La&nbsp;<strong>cale de d\u00e9cubitus lat\u00e9ral pr\u00e9form\u00e9e CONFORTMED<\/strong>&nbsp;est r\u00e9alis\u00e9e avec un&nbsp;<strong>granulat de polystyr\u00e8ne<\/strong>, prot\u00e9g\u00e9 par une&nbsp;<strong>housse inamovible<\/strong>.<\/p>\n\n\n\n<p>L\u2019ensemble est&nbsp;<strong>labellis\u00e9 CE, classe 1<\/strong>, enregistr\u00e9&nbsp;<strong>EUDAMED<\/strong>&nbsp;fr\/CA01\/9902194V.<\/p>\n<\/div><\/div>\n\n<\/div><\/div>\n\n<style>.kb-row-layout-id3500_7e3800-1c > .kt-row-column-wrap{align-content:start;}:where(.kb-row-layout-id3500_7e3800-1c > .kt-row-column-wrap) > .wp-block-kadence-column{justify-content:start;}.kb-row-layout-id3500_7e3800-1c > .kt-row-column-wrap{column-gap:var(--global-kb-gap-md, 2rem);row-gap:var(--global-kb-gap-md, 2rem);padding-top:var(--global-kb-spacing-sm, 1.5rem);padding-bottom:var(--global-kb-spacing-sm, 1.5rem);grid-template-columns:repeat(2, minmax(0, 1fr));}.kb-row-layout-id3500_7e3800-1c > .kt-row-layout-overlay{opacity:0.30;}@media all and (max-width: 1024px){.kb-row-layout-id3500_7e3800-1c > .kt-row-column-wrap{grid-template-columns:repeat(2, minmax(0, 1fr));}}@media all and (max-width: 767px){.kb-row-layout-id3500_7e3800-1c > .kt-row-column-wrap{grid-template-columns:minmax(0, 1fr);}}<\/style><div class=\"kb-row-layout-wrap kb-row-layout-id3500_7e3800-1c alignnone wp-block-kadence-rowlayout\"><div class=\"kt-row-column-wrap kt-has-2-columns kt-row-layout-equal kt-tab-layout-inherit kt-mobile-layout-row kt-row-valign-top\">\n<style>.kadence-column3500_fb9b46-43 > .kt-inside-inner-col,.kadence-column3500_fb9b46-43 > .kt-inside-inner-col:before{border-top-left-radius:0px;border-top-right-radius:0px;border-bottom-right-radius:0px;border-bottom-left-radius:0px;}.kadence-column3500_fb9b46-43 > .kt-inside-inner-col{column-gap:var(--global-kb-gap-sm, 1rem);}.kadence-column3500_fb9b46-43 > .kt-inside-inner-col{flex-direction:column;}.kadence-column3500_fb9b46-43 > .kt-inside-inner-col > .aligncenter{width:100%;}.kadence-column3500_fb9b46-43 > .kt-inside-inner-col:before{opacity:0.3;}.kadence-column3500_fb9b46-43{position:relative;}@media all and (max-width: 1024px){.kadence-column3500_fb9b46-43 > .kt-inside-inner-col{flex-direction:column;justify-content:center;}}@media all and (max-width: 767px){.kadence-column3500_fb9b46-43 > .kt-inside-inner-col{flex-direction:column;justify-content:center;}}<\/style>\n<div class=\"wp-block-kadence-column kadence-column3500_fb9b46-43\"><div class=\"kt-inside-inner-col\">\n<h2 class=\"wp-block-heading\">Utilisation du coussin cale de d\u00e9cubitus lat\u00e9ral ConfortMed<\/h2>\n\n\n\n<p>La cale de d\u00e9cubitus lat\u00e9ral pr\u00e9form\u00e9e CONFORTMED&nbsp;permet&nbsp;<strong>l&rsquo;appui int\u00e9gral de la t\u00eate jusqu\u2019aux pieds<\/strong>, minimise les points&nbsp;d\u2019appui et frictions au niveau des mollets, des genoux et des bras.<\/p>\n\n\n\n<h2 class=\"wp-block-heading\">Bienfaits de la cale de d\u00e9cubitus lat\u00e9ral pr\u00e9form\u00e9e<\/h2>\n\n\n\n<p>R\u00e9alis\u00e9e en&nbsp;<strong>Obaflex<\/strong>&nbsp;cousue, la housse de la cale de d\u00e9cubitus lat\u00e9ral pr\u00e9form\u00e9e CONFORTMED aide \u00e0 la&nbsp;<strong>r\u00e9gulation de la temp\u00e9rature et de l&rsquo;humidit\u00e9, perm\u00e9able<\/strong>&nbsp;\u00e0 l\u2019air,&nbsp;<strong>imperm\u00e9able<\/strong>&nbsp;aux liquides.<\/p>\n<\/div><\/div>\n\n\n<style>.kadence-column3500_16b276-de > .kt-inside-inner-col,.kadence-column3500_16b276-de > .kt-inside-inner-col:before{border-top-left-radius:0px;border-top-right-radius:0px;border-bottom-right-radius:0px;border-bottom-left-radius:0px;}.kadence-column3500_16b276-de > .kt-inside-inner-col{column-gap:var(--global-kb-gap-sm, 1rem);}.kadence-column3500_16b276-de > .kt-inside-inner-col{flex-direction:column;}.kadence-column3500_16b276-de > .kt-inside-inner-col > .aligncenter{width:100%;}.kadence-column3500_16b276-de > .kt-inside-inner-col:before{opacity:0.3;}.kadence-column3500_16b276-de{position:relative;}@media all and (max-width: 1024px){.kadence-column3500_16b276-de > .kt-inside-inner-col{flex-direction:column;justify-content:center;}}@media all and (max-width: 767px){.kadence-column3500_16b276-de > .kt-inside-inner-col{flex-direction:column;justify-content:center;}}<\/style>\n<div class=\"wp-block-kadence-column kadence-column3500_16b276-de\"><div class=\"kt-inside-inner-col\">\n<h2 class=\"wp-block-heading\">Caract\u00e9ristiques de la cale de d\u00e9cubitus lat\u00e9ral<\/h2>\n\n\n\n<ul class=\"wp-block-list\">\n<li>Dimensions : 175 x 36 cm<\/li>\n\n\n\n<li>Nettoyage : \u00e0 sec, lavage \u00e0 95\u00b0C<\/li>\n\n\n\n<li>D\u00e9sinfection&nbsp;: par produits usuels<\/li>\n<\/ul>\n<\/div><\/div>\n\n<\/div><\/div>","protected":false},"excerpt":{"rendered":"<p>COUSSIN DE POSITIONNEMENT CALE DE DECUBITUS CONFORTMED COUSSIN DE POSITIONNEMENT CALE DE DECUBITUS &#8211; 122,40\u20ac (une prise en charge est possible avec une ordonnance) Description du produit La&nbsp;cale de d\u00e9cubitus lat\u00e9ral pr\u00e9form\u00e9e CONFORTMED&nbsp;est r\u00e9alis\u00e9e avec un&nbsp;granulat de polystyr\u00e8ne, prot\u00e9g\u00e9 par une&nbsp;housse inamovible. L\u2019ensemble est&nbsp;labellis\u00e9 CE, classe 1, enregistr\u00e9&nbsp;EUDAMED&nbsp;fr\/CA01\/9902194V. Utilisation du coussin cale de d\u00e9cubitus lat\u00e9ral&#8230;<\/p>\n","protected":false},"author":1,"featured_media":0,"parent":0,"menu_order":0,"comment_status":"closed","ping_status":"closed","template":"","meta":{"content-type":"","_kad_post_transparent":"","_kad_post_title":"hide","_kad_post_layout":"","_kad_post_sidebar_id":"","_kad_post_content_style":"","_kad_post_vertical_padding":"","_kad_post_feature":"","_kad_post_feature_position":"","_kad_post_header":false,"_kad_post_footer":false,"footnotes":""},"class_list":["post-3500","page","type-page","status-publish","hentry"],"_links":{"self":[{"href":"https:\/\/bastideparis.fr\/ro49090-ovh\/index.php\/wp-json\/wp\/v2\/pages\/3500","targetHints":{"allow":["GET"]}}],"collection":[{"href":"https:\/\/bastideparis.fr\/ro49090-ovh\/index.php\/wp-json\/wp\/v2\/pages"}],"about":[{"href":"https:\/\/bastideparis.fr\/ro49090-ovh\/index.php\/wp-json\/wp\/v2\/types\/page"}],"author":[{"embeddable":true,"href":"https:\/\/bastideparis.fr\/ro49090-ovh\/index.php\/wp-json\/wp\/v2\/users\/1"}],"replies":[{"embeddable":true,"href":"https:\/\/bastideparis.fr\/ro49090-ovh\/index.php\/wp-json\/wp\/v2\/comments?post=3500"}],"version-history":[{"count":2,"href":"https:\/\/bastideparis.fr\/ro49090-ovh\/index.php\/wp-json\/wp\/v2\/pages\/3500\/revisions"}],"predecessor-version":[{"id":3502,"href":"https:\/\/bastideparis.fr\/ro49090-ovh\/index.php\/wp-json\/wp\/v2\/pages\/3500\/revisions\/3502"}],"wp:attachment":[{"href":"https:\/\/bastideparis.fr\/ro49090-ovh\/index.php\/wp-json\/wp\/v2\/media?parent=3500"}],"curies":[{"name":"wp","href":"https:\/\/api.w.org\/{rel}","templated":true}]}}