{"id":3513,"date":"2024-05-22T14:11:23","date_gmt":"2024-05-22T12:11:23","guid":{"rendered":"https:\/\/bastideparis.fr\/ro49090-ovh\/?page_id=3513"},"modified":"2024-05-22T14:11:24","modified_gmt":"2024-05-22T12:11:24","slug":"housse-bouclette","status":"publish","type":"page","link":"https:\/\/bastideparis.fr\/ro49090-ovh\/index.php\/housse-bouclette\/","title":{"rendered":"HOUSSE BOUCLETTE"},"content":{"rendered":"\n<p class=\"has-larger-font-size\">HOUSSE BOUCLETTE (2 DIMENSIONS)<\/p>\n\n\n<style>.kb-row-layout-id3513_6947a6-8c > .kt-row-column-wrap{align-content:start;}:where(.kb-row-layout-id3513_6947a6-8c > .kt-row-column-wrap) > .wp-block-kadence-column{justify-content:start;}.kb-row-layout-id3513_6947a6-8c > .kt-row-column-wrap{column-gap:var(--global-kb-gap-md, 2rem);row-gap:var(--global-kb-gap-md, 2rem);padding-top:var(--global-kb-spacing-sm, 1.5rem);padding-bottom:var(--global-kb-spacing-sm, 1.5rem);grid-template-columns:repeat(2, minmax(0, 1fr));}.kb-row-layout-id3513_6947a6-8c > .kt-row-layout-overlay{opacity:0.30;}@media all and (max-width: 1024px){.kb-row-layout-id3513_6947a6-8c > .kt-row-column-wrap{grid-template-columns:repeat(2, minmax(0, 1fr));}}@media all and (max-width: 767px){.kb-row-layout-id3513_6947a6-8c > .kt-row-column-wrap{grid-template-columns:minmax(0, 1fr);}}<\/style><div class=\"kb-row-layout-wrap kb-row-layout-id3513_6947a6-8c alignnone wp-block-kadence-rowlayout\"><div class=\"kt-row-column-wrap kt-has-2-columns kt-row-layout-equal kt-tab-layout-inherit kt-mobile-layout-row kt-row-valign-top\">\n<style>.kadence-column3513_9da201-9b > .kt-inside-inner-col,.kadence-column3513_9da201-9b > .kt-inside-inner-col:before{border-top-left-radius:0px;border-top-right-radius:0px;border-bottom-right-radius:0px;border-bottom-left-radius:0px;}.kadence-column3513_9da201-9b > .kt-inside-inner-col{column-gap:var(--global-kb-gap-sm, 1rem);}.kadence-column3513_9da201-9b > .kt-inside-inner-col{flex-direction:column;}.kadence-column3513_9da201-9b > .kt-inside-inner-col > .aligncenter{width:100%;}.kadence-column3513_9da201-9b > .kt-inside-inner-col:before{opacity:0.3;}.kadence-column3513_9da201-9b{position:relative;}@media all and (max-width: 1024px){.kadence-column3513_9da201-9b > .kt-inside-inner-col{flex-direction:column;justify-content:center;}}@media all and (max-width: 767px){.kadence-column3513_9da201-9b > .kt-inside-inner-col{flex-direction:column;justify-content:center;}}<\/style>\n<div class=\"wp-block-kadence-column kadence-column3513_9da201-9b\"><div class=\"kt-inside-inner-col\"><div class=\"wp-block-image\">\n<figure class=\"aligncenter size-full\"><img loading=\"lazy\" decoding=\"async\" width=\"360\" height=\"360\" src=\"https:\/\/bastideparis.fr\/ro49090-ovh\/wp-content\/uploads\/2024\/01\/housse-pvc.webp\" alt=\"\" class=\"wp-image-1956\" srcset=\"https:\/\/bastideparis.fr\/ro49090-ovh\/wp-content\/uploads\/2024\/01\/housse-pvc.webp 360w, https:\/\/bastideparis.fr\/ro49090-ovh\/wp-content\/uploads\/2024\/01\/housse-pvc-300x300.webp 300w, https:\/\/bastideparis.fr\/ro49090-ovh\/wp-content\/uploads\/2024\/01\/housse-pvc-150x150.webp 150w\" sizes=\"auto, (max-width: 360px) 100vw, 360px\" \/><\/figure>\n<\/div><\/div><\/div>\n\n\n<style>.kadence-column3513_8d3046-3f > .kt-inside-inner-col,.kadence-column3513_8d3046-3f > .kt-inside-inner-col:before{border-top-left-radius:0px;border-top-right-radius:0px;border-bottom-right-radius:0px;border-bottom-left-radius:0px;}.kadence-column3513_8d3046-3f > .kt-inside-inner-col{column-gap:var(--global-kb-gap-sm, 1rem);}.kadence-column3513_8d3046-3f > .kt-inside-inner-col{flex-direction:column;}.kadence-column3513_8d3046-3f > .kt-inside-inner-col > .aligncenter{width:100%;}.kadence-column3513_8d3046-3f > .kt-inside-inner-col:before{opacity:0.3;}.kadence-column3513_8d3046-3f{position:relative;}@media all and (max-width: 1024px){.kadence-column3513_8d3046-3f > .kt-inside-inner-col{flex-direction:column;justify-content:center;}}@media all and (max-width: 767px){.kadence-column3513_8d3046-3f > .kt-inside-inner-col{flex-direction:column;justify-content:center;}}<\/style>\n<div class=\"wp-block-kadence-column kadence-column3513_8d3046-3f\"><div class=\"kt-inside-inner-col\">\n<p><strong>HOUSSE BOUCLETTE<br>140X190 cm  &#8211; 41,90\u20ac (R\u00e9f\u00e9rence : 113591)<br>90X190 cm &#8211; 32,90\u20ac (R\u00e9f\u00e9rence : 113590)<\/strong><br><\/p>\n\n\n\n<h2 class=\"wp-block-heading\">Description du produit<\/h2>\n\n\n\n<p>La&nbsp;<strong>housse bouclette<\/strong>&nbsp;est compos\u00e9e de&nbsp;<strong>PV Ponge<\/strong>&nbsp;qui allie le&nbsp;<strong>confort<\/strong>&nbsp;d&rsquo;une bouclette \u00e9ponge 100% coton et&nbsp;<strong>l&rsquo;imperm\u00e9abilit\u00e9 du doublage PVC<\/strong>.<\/p>\n<\/div><\/div>\n\n<\/div><\/div>\n\n<style>.kb-row-layout-id3513_c98658-73 > .kt-row-column-wrap{align-content:start;}:where(.kb-row-layout-id3513_c98658-73 > .kt-row-column-wrap) > .wp-block-kadence-column{justify-content:start;}.kb-row-layout-id3513_c98658-73 > .kt-row-column-wrap{column-gap:var(--global-kb-gap-md, 2rem);row-gap:var(--global-kb-gap-md, 2rem);padding-top:var(--global-kb-spacing-sm, 1.5rem);padding-bottom:var(--global-kb-spacing-sm, 1.5rem);grid-template-columns:repeat(2, minmax(0, 1fr));}.kb-row-layout-id3513_c98658-73 > .kt-row-layout-overlay{opacity:0.30;}@media all and (max-width: 1024px){.kb-row-layout-id3513_c98658-73 > .kt-row-column-wrap{grid-template-columns:repeat(2, minmax(0, 1fr));}}@media all and (max-width: 767px){.kb-row-layout-id3513_c98658-73 > .kt-row-column-wrap{grid-template-columns:minmax(0, 1fr);}}<\/style><div class=\"kb-row-layout-wrap kb-row-layout-id3513_c98658-73 alignnone wp-block-kadence-rowlayout\"><div class=\"kt-row-column-wrap kt-has-2-columns kt-row-layout-equal kt-tab-layout-inherit kt-mobile-layout-row kt-row-valign-top\">\n<style>.kadence-column3513_cadcd1-7b > .kt-inside-inner-col,.kadence-column3513_cadcd1-7b > .kt-inside-inner-col:before{border-top-left-radius:0px;border-top-right-radius:0px;border-bottom-right-radius:0px;border-bottom-left-radius:0px;}.kadence-column3513_cadcd1-7b > .kt-inside-inner-col{column-gap:var(--global-kb-gap-sm, 1rem);}.kadence-column3513_cadcd1-7b > .kt-inside-inner-col{flex-direction:column;}.kadence-column3513_cadcd1-7b > .kt-inside-inner-col > .aligncenter{width:100%;}.kadence-column3513_cadcd1-7b > .kt-inside-inner-col:before{opacity:0.3;}.kadence-column3513_cadcd1-7b{position:relative;}@media all and (max-width: 1024px){.kadence-column3513_cadcd1-7b > .kt-inside-inner-col{flex-direction:column;justify-content:center;}}@media all and (max-width: 767px){.kadence-column3513_cadcd1-7b > .kt-inside-inner-col{flex-direction:column;justify-content:center;}}<\/style>\n<div class=\"wp-block-kadence-column kadence-column3513_cadcd1-7b\"><div class=\"kt-inside-inner-col\">\n<h2 class=\"wp-block-heading\">Avantage du PV ponge de la housse bouclette<\/h2>\n\n\n\n<p>Le&nbsp;PV Ponge accro\u00eet la&nbsp;<strong>dur\u00e9e de vie et l&rsquo;hygi\u00e8ne du matelas<\/strong>.&nbsp;<\/p>\n\n\n\n<h2 class=\"wp-block-heading\">Caract\u00e9ristiques de la housse bouclette<\/h2>\n\n\n\n<ul class=\"wp-block-list\">\n<li>Poids&nbsp;: 135 gr\/m2<\/li>\n\n\n\n<li>20% polyester<\/li>\n\n\n\n<li>80% coton<\/li>\n\n\n\n<li>PVC&nbsp;: poids 220&nbsp;gr\/m2<\/li>\n\n\n\n<li>Disponible en deux tailles :&nbsp;90 x 190 cm et 140 x 190 cm<\/li>\n<\/ul>\n\n\n\n<h2 class=\"wp-block-heading\">Entretien de la housse de PV Ponge<\/h2>\n\n\n\n<ul class=\"wp-block-list\">\n<li>Lavable&nbsp;en machine \u00e0 60\u00b0.<\/li>\n\n\n\n<li>Pas de chlorage.<\/li>\n<\/ul>\n<\/div><\/div>\n\n\n<style>.kadence-column3513_21a667-58 > .kt-inside-inner-col,.kadence-column3513_21a667-58 > .kt-inside-inner-col:before{border-top-left-radius:0px;border-top-right-radius:0px;border-bottom-right-radius:0px;border-bottom-left-radius:0px;}.kadence-column3513_21a667-58 > .kt-inside-inner-col{column-gap:var(--global-kb-gap-sm, 1rem);}.kadence-column3513_21a667-58 > .kt-inside-inner-col{flex-direction:column;}.kadence-column3513_21a667-58 > .kt-inside-inner-col > .aligncenter{width:100%;}.kadence-column3513_21a667-58 > .kt-inside-inner-col:before{opacity:0.3;}.kadence-column3513_21a667-58{position:relative;}@media all and (max-width: 1024px){.kadence-column3513_21a667-58 > .kt-inside-inner-col{flex-direction:column;justify-content:center;}}@media all and (max-width: 767px){.kadence-column3513_21a667-58 > .kt-inside-inner-col{flex-direction:column;justify-content:center;}}<\/style>\n<div class=\"wp-block-kadence-column kadence-column3513_21a667-58\"><div class=\"kt-inside-inner-col\">\n<h2 class=\"wp-block-heading\">Existe \u00e9galement la housse 100% PVC <\/h2>\n\n\n\n<ul class=\"wp-block-list\">\n<li>Prot\u00e8ge le matelas <\/li>\n\n\n\n<li>Dimensions identiques<\/li>\n\n\n\n<li>140 x 190 cm &#8211; 19,95\u20ac (r\u00e9f\u00e9rence 104292)<br>90 x 190 cm &#8211; 12,90\u20ac (r\u00e9f\u00e9rence 104291)<\/li>\n<\/ul>\n<\/div><\/div>\n\n<\/div><\/div>","protected":false},"excerpt":{"rendered":"<p>HOUSSE BOUCLETTE (2 DIMENSIONS) HOUSSE BOUCLETTE140X190 cm &#8211; 41,90\u20ac (R\u00e9f\u00e9rence : 113591)90X190 cm &#8211; 32,90\u20ac (R\u00e9f\u00e9rence : 113590) Description du produit La&nbsp;housse bouclette&nbsp;est compos\u00e9e de&nbsp;PV Ponge&nbsp;qui allie le&nbsp;confort&nbsp;d&rsquo;une bouclette \u00e9ponge 100% coton et&nbsp;l&rsquo;imperm\u00e9abilit\u00e9 du doublage PVC. Avantage du PV ponge de la housse bouclette Le&nbsp;PV Ponge accro\u00eet la&nbsp;dur\u00e9e de vie et l&rsquo;hygi\u00e8ne du matelas.&nbsp; Caract\u00e9ristiques&#8230;<\/p>\n","protected":false},"author":1,"featured_media":0,"parent":0,"menu_order":0,"comment_status":"closed","ping_status":"closed","template":"","meta":{"content-type":"","_kad_post_transparent":"","_kad_post_title":"hide","_kad_post_layout":"","_kad_post_sidebar_id":"","_kad_post_content_style":"","_kad_post_vertical_padding":"","_kad_post_feature":"","_kad_post_feature_position":"","_kad_post_header":false,"_kad_post_footer":false,"footnotes":""},"class_list":["post-3513","page","type-page","status-publish","hentry"],"_links":{"self":[{"href":"https:\/\/bastideparis.fr\/ro49090-ovh\/index.php\/wp-json\/wp\/v2\/pages\/3513","targetHints":{"allow":["GET"]}}],"collection":[{"href":"https:\/\/bastideparis.fr\/ro49090-ovh\/index.php\/wp-json\/wp\/v2\/pages"}],"about":[{"href":"https:\/\/bastideparis.fr\/ro49090-ovh\/index.php\/wp-json\/wp\/v2\/types\/page"}],"author":[{"embeddable":true,"href":"https:\/\/bastideparis.fr\/ro49090-ovh\/index.php\/wp-json\/wp\/v2\/users\/1"}],"replies":[{"embeddable":true,"href":"https:\/\/bastideparis.fr\/ro49090-ovh\/index.php\/wp-json\/wp\/v2\/comments?post=3513"}],"version-history":[{"count":1,"href":"https:\/\/bastideparis.fr\/ro49090-ovh\/index.php\/wp-json\/wp\/v2\/pages\/3513\/revisions"}],"predecessor-version":[{"id":3514,"href":"https:\/\/bastideparis.fr\/ro49090-ovh\/index.php\/wp-json\/wp\/v2\/pages\/3513\/revisions\/3514"}],"wp:attachment":[{"href":"https:\/\/bastideparis.fr\/ro49090-ovh\/index.php\/wp-json\/wp\/v2\/media?parent=3513"}],"curies":[{"name":"wp","href":"https:\/\/api.w.org\/{rel}","templated":true}]}}