{"id":3516,"date":"2024-05-22T14:14:31","date_gmt":"2024-05-22T12:14:31","guid":{"rendered":"https:\/\/bastideparis.fr\/ro49090-ovh\/?page_id=3516"},"modified":"2024-05-22T14:14:32","modified_gmt":"2024-05-22T12:14:32","slug":"urinal-homme-1l","status":"publish","type":"page","link":"https:\/\/bastideparis.fr\/ro49090-ovh\/index.php\/urinal-homme-1l\/","title":{"rendered":"URINAL HOMME 1L"},"content":{"rendered":"\n<p class=\"has-larger-font-size\">URINAL HOMME 1L AVEC BOUCHON<\/p>\n\n\n<style>.kb-row-layout-id3516_d81c05-2b > .kt-row-column-wrap{align-content:center;}:where(.kb-row-layout-id3516_d81c05-2b > .kt-row-column-wrap) > .wp-block-kadence-column{justify-content:center;}.kb-row-layout-id3516_d81c05-2b > .kt-row-column-wrap{column-gap:var(--global-kb-gap-md, 2rem);row-gap:var(--global-kb-gap-md, 2rem);padding-top:var(--global-kb-spacing-sm, 1.5rem);padding-bottom:var(--global-kb-spacing-sm, 1.5rem);grid-template-columns:repeat(2, minmax(0, 1fr));}.kb-row-layout-id3516_d81c05-2b > .kt-row-layout-overlay{opacity:0.30;}@media all and (max-width: 1024px){.kb-row-layout-id3516_d81c05-2b > .kt-row-column-wrap{grid-template-columns:repeat(2, minmax(0, 1fr));}}@media all and (max-width: 767px){.kb-row-layout-id3516_d81c05-2b > .kt-row-column-wrap{grid-template-columns:minmax(0, 1fr);}}<\/style><div class=\"kb-row-layout-wrap kb-row-layout-id3516_d81c05-2b alignnone wp-block-kadence-rowlayout\"><div class=\"kt-row-column-wrap kt-has-2-columns kt-row-layout-equal kt-tab-layout-inherit kt-mobile-layout-row kt-row-valign-middle\">\n<style>.kadence-column3516_5401b4-fa > .kt-inside-inner-col,.kadence-column3516_5401b4-fa > .kt-inside-inner-col:before{border-top-left-radius:0px;border-top-right-radius:0px;border-bottom-right-radius:0px;border-bottom-left-radius:0px;}.kadence-column3516_5401b4-fa > .kt-inside-inner-col{column-gap:var(--global-kb-gap-sm, 1rem);}.kadence-column3516_5401b4-fa > .kt-inside-inner-col{flex-direction:column;}.kadence-column3516_5401b4-fa > .kt-inside-inner-col > .aligncenter{width:100%;}.kadence-column3516_5401b4-fa > .kt-inside-inner-col:before{opacity:0.3;}.kadence-column3516_5401b4-fa{position:relative;}@media all and (max-width: 1024px){.kadence-column3516_5401b4-fa > .kt-inside-inner-col{flex-direction:column;justify-content:center;}}@media all and (max-width: 767px){.kadence-column3516_5401b4-fa > .kt-inside-inner-col{flex-direction:column;justify-content:center;}}<\/style>\n<div class=\"wp-block-kadence-column kadence-column3516_5401b4-fa\"><div class=\"kt-inside-inner-col\">\n<figure class=\"wp-block-image size-full\"><img loading=\"lazy\" decoding=\"async\" width=\"800\" height=\"800\" src=\"https:\/\/bastideparis.fr\/ro49090-ovh\/wp-content\/uploads\/2024\/05\/urinal-homme-version-2.webp\" alt=\"\" class=\"wp-image-3517\" srcset=\"https:\/\/bastideparis.fr\/ro49090-ovh\/wp-content\/uploads\/2024\/05\/urinal-homme-version-2.webp 800w, https:\/\/bastideparis.fr\/ro49090-ovh\/wp-content\/uploads\/2024\/05\/urinal-homme-version-2-300x300.webp 300w, https:\/\/bastideparis.fr\/ro49090-ovh\/wp-content\/uploads\/2024\/05\/urinal-homme-version-2-150x150.webp 150w, https:\/\/bastideparis.fr\/ro49090-ovh\/wp-content\/uploads\/2024\/05\/urinal-homme-version-2-768x768.webp 768w\" sizes=\"auto, (max-width: 800px) 100vw, 800px\" \/><\/figure>\n<\/div><\/div>\n\n\n<style>.kadence-column3516_1f3cbd-4a > .kt-inside-inner-col,.kadence-column3516_1f3cbd-4a > .kt-inside-inner-col:before{border-top-left-radius:0px;border-top-right-radius:0px;border-bottom-right-radius:0px;border-bottom-left-radius:0px;}.kadence-column3516_1f3cbd-4a > .kt-inside-inner-col{column-gap:var(--global-kb-gap-sm, 1rem);}.kadence-column3516_1f3cbd-4a > .kt-inside-inner-col{flex-direction:column;}.kadence-column3516_1f3cbd-4a > .kt-inside-inner-col > .aligncenter{width:100%;}.kadence-column3516_1f3cbd-4a > .kt-inside-inner-col:before{opacity:0.3;}.kadence-column3516_1f3cbd-4a{position:relative;}@media all and (max-width: 1024px){.kadence-column3516_1f3cbd-4a > .kt-inside-inner-col{flex-direction:column;justify-content:center;}}@media all and (max-width: 767px){.kadence-column3516_1f3cbd-4a > .kt-inside-inner-col{flex-direction:column;justify-content:center;}}<\/style>\n<div class=\"wp-block-kadence-column kadence-column3516_1f3cbd-4a\"><div class=\"kt-inside-inner-col\">\n<p class=\"has-medium-font-size\"><strong>URINAL HOMME 1L AVEC BOUCHON &#8211; 5,90\u20ac<\/strong><br>R\u00e9f\u00e9rence : 115179<\/p>\n\n\n\n<h2 class=\"wp-block-heading\">Description du produit<\/h2>\n\n\n\n<p>Urinal pour homme, con\u00e7u pour les hommes alit\u00e9s. Positionnez l\u2019urinal facilement \u00e0 l\u2019aide de sa forme ergonomique et nettoyez le facilement apr\u00e8s utilisation.<\/p>\n\n\n\n<h2 class=\"wp-block-heading\">Caract\u00e9ristiques techniques de l&rsquo;urinal pour femme avec bouchon<\/h2>\n\n\n\n<ul class=\"wp-block-list\">\n<li>Dimensions en cm : 10 x 21.5 x 9.5 cm<\/li>\n\n\n\n<li>Poids net : 30 grammes<\/li>\n\n\n\n<li>Couleur : Blanc<\/li>\n\n\n\n<li>Nettoyer avec de l\u2019eau et un d\u00e9tergent habituel<\/li>\n<\/ul>\n<\/div><\/div>\n\n<\/div><\/div>","protected":false},"excerpt":{"rendered":"<p>URINAL HOMME 1L AVEC BOUCHON URINAL HOMME 1L AVEC BOUCHON &#8211; 5,90\u20acR\u00e9f\u00e9rence : 115179 Description du produit Urinal pour homme, con\u00e7u pour les hommes alit\u00e9s. Positionnez l\u2019urinal facilement \u00e0 l\u2019aide de sa forme ergonomique et nettoyez le facilement apr\u00e8s utilisation. Caract\u00e9ristiques techniques de l&rsquo;urinal pour femme avec bouchon<\/p>\n","protected":false},"author":1,"featured_media":0,"parent":0,"menu_order":0,"comment_status":"closed","ping_status":"closed","template":"","meta":{"content-type":"","_kad_post_transparent":"","_kad_post_title":"hide","_kad_post_layout":"","_kad_post_sidebar_id":"","_kad_post_content_style":"","_kad_post_vertical_padding":"","_kad_post_feature":"","_kad_post_feature_position":"","_kad_post_header":false,"_kad_post_footer":false,"footnotes":""},"class_list":["post-3516","page","type-page","status-publish","hentry"],"_links":{"self":[{"href":"https:\/\/bastideparis.fr\/ro49090-ovh\/index.php\/wp-json\/wp\/v2\/pages\/3516","targetHints":{"allow":["GET"]}}],"collection":[{"href":"https:\/\/bastideparis.fr\/ro49090-ovh\/index.php\/wp-json\/wp\/v2\/pages"}],"about":[{"href":"https:\/\/bastideparis.fr\/ro49090-ovh\/index.php\/wp-json\/wp\/v2\/types\/page"}],"author":[{"embeddable":true,"href":"https:\/\/bastideparis.fr\/ro49090-ovh\/index.php\/wp-json\/wp\/v2\/users\/1"}],"replies":[{"embeddable":true,"href":"https:\/\/bastideparis.fr\/ro49090-ovh\/index.php\/wp-json\/wp\/v2\/comments?post=3516"}],"version-history":[{"count":2,"href":"https:\/\/bastideparis.fr\/ro49090-ovh\/index.php\/wp-json\/wp\/v2\/pages\/3516\/revisions"}],"predecessor-version":[{"id":3519,"href":"https:\/\/bastideparis.fr\/ro49090-ovh\/index.php\/wp-json\/wp\/v2\/pages\/3516\/revisions\/3519"}],"wp:attachment":[{"href":"https:\/\/bastideparis.fr\/ro49090-ovh\/index.php\/wp-json\/wp\/v2\/media?parent=3516"}],"curies":[{"name":"wp","href":"https:\/\/api.w.org\/{rel}","templated":true}]}}