{"id":3521,"date":"2024-05-22T14:49:48","date_gmt":"2024-05-22T12:49:48","guid":{"rendered":"https:\/\/bastideparis.fr\/ro49090-ovh\/?page_id=3521"},"modified":"2024-05-22T14:50:07","modified_gmt":"2024-05-22T12:50:07","slug":"urinal-homme-1-5-l-anti-reflux-meditec","status":"publish","type":"page","link":"https:\/\/bastideparis.fr\/ro49090-ovh\/index.php\/urinal-homme-1-5-l-anti-reflux-meditec\/","title":{"rendered":"Urinal homme 1.5 L anti-reflux M\u00e9ditec"},"content":{"rendered":"\n<p class=\"has-larger-font-size\">Urinal homme 1.5 L anti-reflux M\u00e9ditec<\/p>\n\n\n<style>.kb-row-layout-id3521_0365c0-61 > .kt-row-column-wrap{align-content:center;}:where(.kb-row-layout-id3521_0365c0-61 > .kt-row-column-wrap) > .wp-block-kadence-column{justify-content:center;}.kb-row-layout-id3521_0365c0-61 > .kt-row-column-wrap{column-gap:var(--global-kb-gap-md, 2rem);row-gap:var(--global-kb-gap-md, 2rem);padding-top:var(--global-kb-spacing-sm, 1.5rem);padding-bottom:var(--global-kb-spacing-sm, 1.5rem);grid-template-columns:repeat(2, minmax(0, 1fr));}.kb-row-layout-id3521_0365c0-61 > .kt-row-layout-overlay{opacity:0.30;}@media all and (max-width: 1024px){.kb-row-layout-id3521_0365c0-61 > .kt-row-column-wrap{grid-template-columns:repeat(2, minmax(0, 1fr));}}@media all and (max-width: 767px){.kb-row-layout-id3521_0365c0-61 > .kt-row-column-wrap{grid-template-columns:minmax(0, 1fr);}}<\/style><div class=\"kb-row-layout-wrap kb-row-layout-id3521_0365c0-61 alignnone wp-block-kadence-rowlayout\"><div class=\"kt-row-column-wrap kt-has-2-columns kt-row-layout-equal kt-tab-layout-inherit kt-mobile-layout-row kt-row-valign-middle\">\n<style>.kadence-column3521_b96ee8-70 > .kt-inside-inner-col,.kadence-column3521_b96ee8-70 > .kt-inside-inner-col:before{border-top-left-radius:0px;border-top-right-radius:0px;border-bottom-right-radius:0px;border-bottom-left-radius:0px;}.kadence-column3521_b96ee8-70 > .kt-inside-inner-col{column-gap:var(--global-kb-gap-sm, 1rem);}.kadence-column3521_b96ee8-70 > .kt-inside-inner-col{flex-direction:column;}.kadence-column3521_b96ee8-70 > .kt-inside-inner-col > .aligncenter{width:100%;}.kadence-column3521_b96ee8-70 > .kt-inside-inner-col:before{opacity:0.3;}.kadence-column3521_b96ee8-70{position:relative;}@media all and (max-width: 1024px){.kadence-column3521_b96ee8-70 > .kt-inside-inner-col{flex-direction:column;justify-content:center;}}@media all and (max-width: 767px){.kadence-column3521_b96ee8-70 > .kt-inside-inner-col{flex-direction:column;justify-content:center;}}<\/style>\n<div class=\"wp-block-kadence-column kadence-column3521_b96ee8-70\"><div class=\"kt-inside-inner-col\">\n<figure class=\"wp-block-image size-full\"><img loading=\"lazy\" decoding=\"async\" width=\"360\" height=\"216\" src=\"https:\/\/bastideparis.fr\/ro49090-ovh\/wp-content\/uploads\/2024\/02\/urolis.webp\" alt=\"\" class=\"wp-image-2443\" srcset=\"https:\/\/bastideparis.fr\/ro49090-ovh\/wp-content\/uploads\/2024\/02\/urolis.webp 360w, https:\/\/bastideparis.fr\/ro49090-ovh\/wp-content\/uploads\/2024\/02\/urolis-300x180.webp 300w\" sizes=\"auto, (max-width: 360px) 100vw, 360px\" \/><\/figure>\n<\/div><\/div>\n\n\n<style>.kadence-column3521_a9efe9-eb > .kt-inside-inner-col,.kadence-column3521_a9efe9-eb > .kt-inside-inner-col:before{border-top-left-radius:0px;border-top-right-radius:0px;border-bottom-right-radius:0px;border-bottom-left-radius:0px;}.kadence-column3521_a9efe9-eb > .kt-inside-inner-col{column-gap:var(--global-kb-gap-sm, 1rem);}.kadence-column3521_a9efe9-eb > .kt-inside-inner-col{flex-direction:column;}.kadence-column3521_a9efe9-eb > .kt-inside-inner-col > .aligncenter{width:100%;}.kadence-column3521_a9efe9-eb > .kt-inside-inner-col:before{opacity:0.3;}.kadence-column3521_a9efe9-eb{position:relative;}@media all and (max-width: 1024px){.kadence-column3521_a9efe9-eb > .kt-inside-inner-col{flex-direction:column;justify-content:center;}}@media all and (max-width: 767px){.kadence-column3521_a9efe9-eb > .kt-inside-inner-col{flex-direction:column;justify-content:center;}}<\/style>\n<div class=\"wp-block-kadence-column kadence-column3521_a9efe9-eb\"><div class=\"kt-inside-inner-col\">\n<p class=\"has-medium-font-size\">Urinal homme 1.5 L anti-reflux M\u00e9ditec &#8211; 17,90\u20ac<br>R\u00e9f\u00e9rence : 103482<\/p>\n\n\n\n<h2 class=\"wp-block-heading\">Description du produit<\/h2>\n\n\n\n<p><strong>Urinal<\/strong>&nbsp;pour homme&nbsp;<strong>anti-reflux<\/strong>&nbsp;1,5 Litres, con\u00e7u pour les personnes alit\u00e9es ou prostatiques. Le syst\u00e8me anti-reflux de l\u2019urinal permet une s\u00e9curit\u00e9 permanente dans votre lit ou lors des transports en voiture ou ambulance.<\/p>\n\n\n\n<p><strong>Transparent,<\/strong>&nbsp;surveillez facilement le remplissage de l\u2019urinal. Facile \u00e0 positionner avec sa poign\u00e9e anatomique et pratique \u00e0 vider avec son goulot verseur \u00e0 visser.<\/p>\n<\/div><\/div>\n\n<\/div><\/div>\n\n<style>.kb-row-layout-id3521_5e46cf-6c > .kt-row-column-wrap{align-content:start;}:where(.kb-row-layout-id3521_5e46cf-6c > .kt-row-column-wrap) > .wp-block-kadence-column{justify-content:start;}.kb-row-layout-id3521_5e46cf-6c > .kt-row-column-wrap{column-gap:var(--global-kb-gap-md, 2rem);row-gap:var(--global-kb-gap-md, 2rem);padding-top:var(--global-kb-spacing-sm, 1.5rem);padding-bottom:var(--global-kb-spacing-sm, 1.5rem);grid-template-columns:repeat(2, minmax(0, 1fr));}.kb-row-layout-id3521_5e46cf-6c > .kt-row-layout-overlay{opacity:0.30;}@media all and (max-width: 1024px){.kb-row-layout-id3521_5e46cf-6c > .kt-row-column-wrap{grid-template-columns:repeat(2, minmax(0, 1fr));}}@media all and (max-width: 767px){.kb-row-layout-id3521_5e46cf-6c > .kt-row-column-wrap{grid-template-columns:minmax(0, 1fr);}}<\/style><div class=\"kb-row-layout-wrap kb-row-layout-id3521_5e46cf-6c alignnone wp-block-kadence-rowlayout\"><div class=\"kt-row-column-wrap kt-has-2-columns kt-row-layout-equal kt-tab-layout-inherit kt-mobile-layout-row kt-row-valign-top\">\n<style>.kadence-column3521_7447f3-76 > .kt-inside-inner-col,.kadence-column3521_7447f3-76 > .kt-inside-inner-col:before{border-top-left-radius:0px;border-top-right-radius:0px;border-bottom-right-radius:0px;border-bottom-left-radius:0px;}.kadence-column3521_7447f3-76 > .kt-inside-inner-col{column-gap:var(--global-kb-gap-sm, 1rem);}.kadence-column3521_7447f3-76 > .kt-inside-inner-col{flex-direction:column;}.kadence-column3521_7447f3-76 > .kt-inside-inner-col > .aligncenter{width:100%;}.kadence-column3521_7447f3-76 > .kt-inside-inner-col:before{opacity:0.3;}.kadence-column3521_7447f3-76{position:relative;}@media all and (max-width: 1024px){.kadence-column3521_7447f3-76 > .kt-inside-inner-col{flex-direction:column;justify-content:center;}}@media all and (max-width: 767px){.kadence-column3521_7447f3-76 > .kt-inside-inner-col{flex-direction:column;justify-content:center;}}<\/style>\n<div class=\"wp-block-kadence-column kadence-column3521_7447f3-76\"><div class=\"kt-inside-inner-col\">\n<h2 class=\"wp-block-heading\">Caract\u00e9ristiques techniques de l\u2019urinal anti-reflux<\/h2>\n\n\n\n<ul class=\"wp-block-list\">\n<li>Anti-reflux<\/li>\n\n\n\n<li>Contenance&nbsp;: 1,5 litre<\/li>\n\n\n\n<li>Vidange rapide et s\u00e9curis\u00e9<\/li>\n\n\n\n<li>Poign\u00e9e anatomique<\/li>\n\n\n\n<li>Profondeur: 24 cm, hauteur 14 cm, Longueur 30 cm<\/li>\n\n\n\n<li>Largeur avant : 8.5 cm et largeur 14 cm<\/li>\n\n\n\n<li>Dimension embouchure: environs 4 cm<\/li>\n<\/ul>\n<\/div><\/div>\n\n\n<style>.kadence-column3521_4136aa-d2 > .kt-inside-inner-col,.kadence-column3521_4136aa-d2 > .kt-inside-inner-col:before{border-top-left-radius:0px;border-top-right-radius:0px;border-bottom-right-radius:0px;border-bottom-left-radius:0px;}.kadence-column3521_4136aa-d2 > .kt-inside-inner-col{column-gap:var(--global-kb-gap-sm, 1rem);}.kadence-column3521_4136aa-d2 > .kt-inside-inner-col{flex-direction:column;}.kadence-column3521_4136aa-d2 > .kt-inside-inner-col > .aligncenter{width:100%;}.kadence-column3521_4136aa-d2 > .kt-inside-inner-col:before{opacity:0.3;}.kadence-column3521_4136aa-d2{position:relative;}@media all and (max-width: 1024px){.kadence-column3521_4136aa-d2 > .kt-inside-inner-col{flex-direction:column;justify-content:center;}}@media all and (max-width: 767px){.kadence-column3521_4136aa-d2 > .kt-inside-inner-col{flex-direction:column;justify-content:center;}}<\/style>\n<div class=\"wp-block-kadence-column kadence-column3521_4136aa-d2\"><div class=\"kt-inside-inner-col\"><\/div><\/div>\n\n<\/div><\/div>","protected":false},"excerpt":{"rendered":"<p>Urinal homme 1.5 L anti-reflux M\u00e9ditec Urinal homme 1.5 L anti-reflux M\u00e9ditec &#8211; 17,90\u20acR\u00e9f\u00e9rence : 103482 Description du produit Urinal&nbsp;pour homme&nbsp;anti-reflux&nbsp;1,5 Litres, con\u00e7u pour les personnes alit\u00e9es ou prostatiques. Le syst\u00e8me anti-reflux de l\u2019urinal permet une s\u00e9curit\u00e9 permanente dans votre lit ou lors des transports en voiture ou ambulance. Transparent,&nbsp;surveillez facilement le remplissage de l\u2019urinal&#8230;.<\/p>\n","protected":false},"author":1,"featured_media":0,"parent":0,"menu_order":0,"comment_status":"closed","ping_status":"closed","template":"","meta":{"content-type":"","_kad_post_transparent":"","_kad_post_title":"hide","_kad_post_layout":"","_kad_post_sidebar_id":"","_kad_post_content_style":"","_kad_post_vertical_padding":"","_kad_post_feature":"","_kad_post_feature_position":"","_kad_post_header":false,"_kad_post_footer":false,"footnotes":""},"class_list":["post-3521","page","type-page","status-publish","hentry"],"_links":{"self":[{"href":"https:\/\/bastideparis.fr\/ro49090-ovh\/index.php\/wp-json\/wp\/v2\/pages\/3521","targetHints":{"allow":["GET"]}}],"collection":[{"href":"https:\/\/bastideparis.fr\/ro49090-ovh\/index.php\/wp-json\/wp\/v2\/pages"}],"about":[{"href":"https:\/\/bastideparis.fr\/ro49090-ovh\/index.php\/wp-json\/wp\/v2\/types\/page"}],"author":[{"embeddable":true,"href":"https:\/\/bastideparis.fr\/ro49090-ovh\/index.php\/wp-json\/wp\/v2\/users\/1"}],"replies":[{"embeddable":true,"href":"https:\/\/bastideparis.fr\/ro49090-ovh\/index.php\/wp-json\/wp\/v2\/comments?post=3521"}],"version-history":[{"count":2,"href":"https:\/\/bastideparis.fr\/ro49090-ovh\/index.php\/wp-json\/wp\/v2\/pages\/3521\/revisions"}],"predecessor-version":[{"id":3523,"href":"https:\/\/bastideparis.fr\/ro49090-ovh\/index.php\/wp-json\/wp\/v2\/pages\/3521\/revisions\/3523"}],"wp:attachment":[{"href":"https:\/\/bastideparis.fr\/ro49090-ovh\/index.php\/wp-json\/wp\/v2\/media?parent=3521"}],"curies":[{"name":"wp","href":"https:\/\/api.w.org\/{rel}","templated":true}]}}