{"id":3525,"date":"2024-05-22T14:52:37","date_gmt":"2024-05-22T12:52:37","guid":{"rendered":"https:\/\/bastideparis.fr\/ro49090-ovh\/?page_id=3525"},"modified":"2024-05-22T14:52:37","modified_gmt":"2024-05-22T12:52:37","slug":"table-ajustable-special-fauteuil-ou-lit-ac-207-vilgo","status":"publish","type":"page","link":"https:\/\/bastideparis.fr\/ro49090-ovh\/index.php\/table-ajustable-special-fauteuil-ou-lit-ac-207-vilgo\/","title":{"rendered":"Table ajustable sp\u00e9cial fauteuil ou lit AC 207 Vilgo"},"content":{"rendered":"\n<p class=\"has-larger-font-size\">Table ajustable sp\u00e9cial fauteuil ou lit AC 207 Vilgo<\/p>\n\n\n<style>.kb-row-layout-id3525_497b2f-18 > .kt-row-column-wrap{align-content:center;}:where(.kb-row-layout-id3525_497b2f-18 > .kt-row-column-wrap) > .wp-block-kadence-column{justify-content:center;}.kb-row-layout-id3525_497b2f-18 > .kt-row-column-wrap{column-gap:var(--global-kb-gap-md, 2rem);row-gap:var(--global-kb-gap-md, 2rem);padding-top:var(--global-kb-spacing-sm, 1.5rem);padding-bottom:var(--global-kb-spacing-sm, 1.5rem);grid-template-columns:repeat(2, minmax(0, 1fr));}.kb-row-layout-id3525_497b2f-18 > .kt-row-layout-overlay{opacity:0.30;}@media all and (max-width: 1024px){.kb-row-layout-id3525_497b2f-18 > .kt-row-column-wrap{grid-template-columns:repeat(2, minmax(0, 1fr));}}@media all and (max-width: 767px){.kb-row-layout-id3525_497b2f-18 > .kt-row-column-wrap{grid-template-columns:minmax(0, 1fr);}}<\/style><div class=\"kb-row-layout-wrap kb-row-layout-id3525_497b2f-18 alignnone wp-block-kadence-rowlayout\"><div class=\"kt-row-column-wrap kt-has-2-columns kt-row-layout-equal kt-tab-layout-inherit kt-mobile-layout-row kt-row-valign-middle\">\n<style>.kadence-column3525_209a5d-24 > .kt-inside-inner-col,.kadence-column3525_209a5d-24 > .kt-inside-inner-col:before{border-top-left-radius:0px;border-top-right-radius:0px;border-bottom-right-radius:0px;border-bottom-left-radius:0px;}.kadence-column3525_209a5d-24 > .kt-inside-inner-col{column-gap:var(--global-kb-gap-sm, 1rem);}.kadence-column3525_209a5d-24 > .kt-inside-inner-col{flex-direction:column;}.kadence-column3525_209a5d-24 > .kt-inside-inner-col > .aligncenter{width:100%;}.kadence-column3525_209a5d-24 > .kt-inside-inner-col:before{opacity:0.3;}.kadence-column3525_209a5d-24{position:relative;}@media all and (max-width: 1024px){.kadence-column3525_209a5d-24 > .kt-inside-inner-col{flex-direction:column;justify-content:center;}}@media all and (max-width: 767px){.kadence-column3525_209a5d-24 > .kt-inside-inner-col{flex-direction:column;justify-content:center;}}<\/style>\n<div class=\"wp-block-kadence-column kadence-column3525_209a5d-24\"><div class=\"kt-inside-inner-col\">\n<figure class=\"wp-block-image size-full\"><img loading=\"lazy\" decoding=\"async\" width=\"360\" height=\"360\" src=\"https:\/\/bastideparis.fr\/ro49090-ovh\/wp-content\/uploads\/2023\/10\/table-vilgo.webp\" alt=\"\" class=\"wp-image-650\" srcset=\"https:\/\/bastideparis.fr\/ro49090-ovh\/wp-content\/uploads\/2023\/10\/table-vilgo.webp 360w, https:\/\/bastideparis.fr\/ro49090-ovh\/wp-content\/uploads\/2023\/10\/table-vilgo-300x300.webp 300w, https:\/\/bastideparis.fr\/ro49090-ovh\/wp-content\/uploads\/2023\/10\/table-vilgo-150x150.webp 150w\" sizes=\"auto, (max-width: 360px) 100vw, 360px\" \/><\/figure>\n<\/div><\/div>\n\n\n<style>.kadence-column3525_e7422c-bb > .kt-inside-inner-col,.kadence-column3525_e7422c-bb > .kt-inside-inner-col:before{border-top-left-radius:0px;border-top-right-radius:0px;border-bottom-right-radius:0px;border-bottom-left-radius:0px;}.kadence-column3525_e7422c-bb > .kt-inside-inner-col{column-gap:var(--global-kb-gap-sm, 1rem);}.kadence-column3525_e7422c-bb > .kt-inside-inner-col{flex-direction:column;}.kadence-column3525_e7422c-bb > .kt-inside-inner-col > .aligncenter{width:100%;}.kadence-column3525_e7422c-bb > .kt-inside-inner-col:before{opacity:0.3;}.kadence-column3525_e7422c-bb{position:relative;}@media all and (max-width: 1024px){.kadence-column3525_e7422c-bb > .kt-inside-inner-col{flex-direction:column;justify-content:center;}}@media all and (max-width: 767px){.kadence-column3525_e7422c-bb > .kt-inside-inner-col{flex-direction:column;justify-content:center;}}<\/style>\n<div class=\"wp-block-kadence-column kadence-column3525_e7422c-bb\"><div class=\"kt-inside-inner-col\">\n<p class=\"has-medium-font-size\">Table ajustable sp\u00e9cial fauteuil ou lit AC 207 Vilgo &#8211; 109\u20ac<br>R\u00e9f\u00e9rence : 107681<\/p>\n\n\n\n<h2 class=\"wp-block-heading\">Description du produit<\/h2>\n\n\n\n<p>Equip\u00e9e d\u2019un&nbsp;<strong>simple plateau<\/strong>, la&nbsp;<strong>table ajustable AC 207 de VILGO<\/strong>&nbsp;est sp\u00e9cialement adapt\u00e9e aux&nbsp;<strong>personnes alit\u00e9es<\/strong>. Elle permet de s&rsquo;alimenter, de lire ou de travailler directement de son lit ou de son fauteuil.<\/p>\n\n\n\n<h2 class=\"wp-block-heading\">Une table de lit \/ fauteuil parfaitement r\u00e9glable et ajustable<\/h2>\n\n\n\n<p>Cette table AC 207 VILGO peut&nbsp;<strong>se r\u00e9gler<\/strong>&nbsp;en&nbsp;<strong>hauteur<\/strong>&nbsp;(allant de 72 \u00e0 100 cm) mais aussi en&nbsp;<strong>inclinaison<\/strong>. Il en est de m\u00eame pour son&nbsp;<strong>pied<\/strong>&nbsp;en forme de \u00ab&nbsp;U&nbsp;\u00bb, ce dernier est r\u00e9glable en&nbsp;<strong>largeur<\/strong>&nbsp;(de 56 \u00e0 77 cm). De couleur Epoxy Gris, son&nbsp;<strong>plateau<\/strong>&nbsp;de 40 par 70 s\u2019\u00e9quipe d\u2019une&nbsp;<strong>baguette de r\u00e9tention<\/strong>&nbsp;et peut ainsi supporter une&nbsp;<strong>charge<\/strong>&nbsp;pesant jusqu\u2019\u00e0&nbsp;<strong>10 kg<\/strong>.<\/p>\n\n\n\n<p>Dernier d\u00e9tail, l\u2019utilisation de&nbsp;<strong>4 roues<\/strong>, hautes de 9 cm, permet d\u2019offrir \u00e0 cette table une&nbsp;<strong>stabilit\u00e9<\/strong>&nbsp;accrue.<\/p>\n<\/div><\/div>\n\n<\/div><\/div>\n\n<style>.kb-row-layout-id3525_7e01f8-ec > .kt-row-column-wrap{align-content:start;}:where(.kb-row-layout-id3525_7e01f8-ec > .kt-row-column-wrap) > .wp-block-kadence-column{justify-content:start;}.kb-row-layout-id3525_7e01f8-ec > .kt-row-column-wrap{column-gap:var(--global-kb-gap-md, 2rem);row-gap:var(--global-kb-gap-md, 2rem);padding-top:var(--global-kb-spacing-sm, 1.5rem);padding-bottom:var(--global-kb-spacing-sm, 1.5rem);grid-template-columns:repeat(2, minmax(0, 1fr));}.kb-row-layout-id3525_7e01f8-ec > .kt-row-layout-overlay{opacity:0.30;}@media all and (max-width: 1024px){.kb-row-layout-id3525_7e01f8-ec > .kt-row-column-wrap{grid-template-columns:repeat(2, minmax(0, 1fr));}}@media all and (max-width: 767px){.kb-row-layout-id3525_7e01f8-ec > .kt-row-column-wrap{grid-template-columns:minmax(0, 1fr);}}<\/style><div class=\"kb-row-layout-wrap kb-row-layout-id3525_7e01f8-ec alignnone wp-block-kadence-rowlayout\"><div class=\"kt-row-column-wrap kt-has-2-columns kt-row-layout-equal kt-tab-layout-inherit kt-mobile-layout-row kt-row-valign-top\">\n<style>.kadence-column3525_27476c-58 > .kt-inside-inner-col,.kadence-column3525_27476c-58 > .kt-inside-inner-col:before{border-top-left-radius:0px;border-top-right-radius:0px;border-bottom-right-radius:0px;border-bottom-left-radius:0px;}.kadence-column3525_27476c-58 > .kt-inside-inner-col{column-gap:var(--global-kb-gap-sm, 1rem);}.kadence-column3525_27476c-58 > .kt-inside-inner-col{flex-direction:column;}.kadence-column3525_27476c-58 > .kt-inside-inner-col > .aligncenter{width:100%;}.kadence-column3525_27476c-58 > .kt-inside-inner-col:before{opacity:0.3;}.kadence-column3525_27476c-58{position:relative;}@media all and (max-width: 1024px){.kadence-column3525_27476c-58 > .kt-inside-inner-col{flex-direction:column;justify-content:center;}}@media all and (max-width: 767px){.kadence-column3525_27476c-58 > .kt-inside-inner-col{flex-direction:column;justify-content:center;}}<\/style>\n<div class=\"wp-block-kadence-column kadence-column3525_27476c-58\"><div class=\"kt-inside-inner-col\">\n<h2 class=\"wp-block-heading\">Caract\u00e9ristiques de la tablette de lit VILGO<\/h2>\n\n\n\n<ul class=\"wp-block-list\">\n<li>Grand plateau r\u00e9glable : inclinaison et hauteur<\/li>\n\n\n\n<li>Baguette de r\u00e9tention<\/li>\n\n\n\n<li>R\u00e9glage manuel de la hauteur<\/li>\n\n\n\n<li>Pi\u00e9tement en \u00ab U \u00bb r\u00e9glable en largeur<\/li>\n\n\n\n<li>Colonne positionnable \u00e0 droite ou \u00e0 gauche<\/li>\n\n\n\n<li>2 roulettes \u00e0 frein<\/li>\n\n\n\n<li>Hauteur : de 72 \u00e0 110 cm<\/li>\n\n\n\n<li>Dimensions plateau (largeur x Longueur) : 40 x 70 cm<\/li>\n\n\n\n<li>Pi\u00e8tement en U (longueur x Profondeur) : de 56 \u00e0 77 cm x 42 cm<\/li>\n\n\n\n<li>Poids support\u00e9\u00a0: 10 kg<\/li>\n<\/ul>\n<\/div><\/div>\n\n\n<style>.kadence-column3525_970bc7-92 > .kt-inside-inner-col,.kadence-column3525_970bc7-92 > .kt-inside-inner-col:before{border-top-left-radius:0px;border-top-right-radius:0px;border-bottom-right-radius:0px;border-bottom-left-radius:0px;}.kadence-column3525_970bc7-92 > .kt-inside-inner-col{column-gap:var(--global-kb-gap-sm, 1rem);}.kadence-column3525_970bc7-92 > .kt-inside-inner-col{flex-direction:column;}.kadence-column3525_970bc7-92 > .kt-inside-inner-col > .aligncenter{width:100%;}.kadence-column3525_970bc7-92 > .kt-inside-inner-col:before{opacity:0.3;}.kadence-column3525_970bc7-92{position:relative;}@media all and (max-width: 1024px){.kadence-column3525_970bc7-92 > .kt-inside-inner-col{flex-direction:column;justify-content:center;}}@media all and (max-width: 767px){.kadence-column3525_970bc7-92 > .kt-inside-inner-col{flex-direction:column;justify-content:center;}}<\/style>\n<div class=\"wp-block-kadence-column kadence-column3525_970bc7-92\"><div class=\"kt-inside-inner-col\"><\/div><\/div>\n\n<\/div><\/div>","protected":false},"excerpt":{"rendered":"<p>Table ajustable sp\u00e9cial fauteuil ou lit AC 207 Vilgo Table ajustable sp\u00e9cial fauteuil ou lit AC 207 Vilgo &#8211; 109\u20acR\u00e9f\u00e9rence : 107681 Description du produit Equip\u00e9e d\u2019un&nbsp;simple plateau, la&nbsp;table ajustable AC 207 de VILGO&nbsp;est sp\u00e9cialement adapt\u00e9e aux&nbsp;personnes alit\u00e9es. Elle permet de s&rsquo;alimenter, de lire ou de travailler directement de son lit ou de son fauteuil&#8230;.<\/p>\n","protected":false},"author":1,"featured_media":0,"parent":0,"menu_order":0,"comment_status":"closed","ping_status":"closed","template":"","meta":{"content-type":"","_kad_post_transparent":"","_kad_post_title":"hide","_kad_post_layout":"","_kad_post_sidebar_id":"","_kad_post_content_style":"","_kad_post_vertical_padding":"","_kad_post_feature":"","_kad_post_feature_position":"","_kad_post_header":false,"_kad_post_footer":false,"footnotes":""},"class_list":["post-3525","page","type-page","status-publish","hentry"],"_links":{"self":[{"href":"https:\/\/bastideparis.fr\/ro49090-ovh\/index.php\/wp-json\/wp\/v2\/pages\/3525","targetHints":{"allow":["GET"]}}],"collection":[{"href":"https:\/\/bastideparis.fr\/ro49090-ovh\/index.php\/wp-json\/wp\/v2\/pages"}],"about":[{"href":"https:\/\/bastideparis.fr\/ro49090-ovh\/index.php\/wp-json\/wp\/v2\/types\/page"}],"author":[{"embeddable":true,"href":"https:\/\/bastideparis.fr\/ro49090-ovh\/index.php\/wp-json\/wp\/v2\/users\/1"}],"replies":[{"embeddable":true,"href":"https:\/\/bastideparis.fr\/ro49090-ovh\/index.php\/wp-json\/wp\/v2\/comments?post=3525"}],"version-history":[{"count":1,"href":"https:\/\/bastideparis.fr\/ro49090-ovh\/index.php\/wp-json\/wp\/v2\/pages\/3525\/revisions"}],"predecessor-version":[{"id":3526,"href":"https:\/\/bastideparis.fr\/ro49090-ovh\/index.php\/wp-json\/wp\/v2\/pages\/3525\/revisions\/3526"}],"wp:attachment":[{"href":"https:\/\/bastideparis.fr\/ro49090-ovh\/index.php\/wp-json\/wp\/v2\/media?parent=3525"}],"curies":[{"name":"wp","href":"https:\/\/api.w.org\/{rel}","templated":true}]}}