{"id":3528,"date":"2024-05-22T14:54:57","date_gmt":"2024-05-22T12:54:57","guid":{"rendered":"https:\/\/bastideparis.fr\/ro49090-ovh\/?page_id=3528"},"modified":"2024-05-22T14:54:57","modified_gmt":"2024-05-22T12:54:57","slug":"table-de-lit-kauma-invacare","status":"publish","type":"page","link":"https:\/\/bastideparis.fr\/ro49090-ovh\/index.php\/table-de-lit-kauma-invacare\/","title":{"rendered":"Table de lit Kauma Invacare"},"content":{"rendered":"\n<p class=\"has-larger-font-size\">Table de lit Kauma Invacare<\/p>\n\n\n<style>.kb-row-layout-id3528_4f3355-05 > .kt-row-column-wrap{align-content:center;}:where(.kb-row-layout-id3528_4f3355-05 > .kt-row-column-wrap) > .wp-block-kadence-column{justify-content:center;}.kb-row-layout-id3528_4f3355-05 > .kt-row-column-wrap{column-gap:var(--global-kb-gap-md, 2rem);row-gap:var(--global-kb-gap-md, 2rem);padding-top:var(--global-kb-spacing-sm, 1.5rem);padding-bottom:var(--global-kb-spacing-sm, 1.5rem);grid-template-columns:repeat(2, minmax(0, 1fr));}.kb-row-layout-id3528_4f3355-05 > .kt-row-layout-overlay{opacity:0.30;}@media all and (max-width: 1024px){.kb-row-layout-id3528_4f3355-05 > .kt-row-column-wrap{grid-template-columns:repeat(2, minmax(0, 1fr));}}@media all and (max-width: 767px){.kb-row-layout-id3528_4f3355-05 > .kt-row-column-wrap{grid-template-columns:minmax(0, 1fr);}}<\/style><div class=\"kb-row-layout-wrap kb-row-layout-id3528_4f3355-05 alignnone wp-block-kadence-rowlayout\"><div class=\"kt-row-column-wrap kt-has-2-columns kt-row-layout-equal kt-tab-layout-inherit kt-mobile-layout-row kt-row-valign-middle\">\n<style>.kadence-column3528_f84ab9-2c > .kt-inside-inner-col,.kadence-column3528_f84ab9-2c > .kt-inside-inner-col:before{border-top-left-radius:0px;border-top-right-radius:0px;border-bottom-right-radius:0px;border-bottom-left-radius:0px;}.kadence-column3528_f84ab9-2c > .kt-inside-inner-col{column-gap:var(--global-kb-gap-sm, 1rem);}.kadence-column3528_f84ab9-2c > .kt-inside-inner-col{flex-direction:column;}.kadence-column3528_f84ab9-2c > .kt-inside-inner-col > .aligncenter{width:100%;}.kadence-column3528_f84ab9-2c > .kt-inside-inner-col:before{opacity:0.3;}.kadence-column3528_f84ab9-2c{position:relative;}@media all and (max-width: 1024px){.kadence-column3528_f84ab9-2c > .kt-inside-inner-col{flex-direction:column;justify-content:center;}}@media all and (max-width: 767px){.kadence-column3528_f84ab9-2c > .kt-inside-inner-col{flex-direction:column;justify-content:center;}}<\/style>\n<div class=\"wp-block-kadence-column kadence-column3528_f84ab9-2c\"><div class=\"kt-inside-inner-col\">\n<figure class=\"wp-block-image size-full\"><img loading=\"lazy\" decoding=\"async\" width=\"360\" height=\"360\" src=\"https:\/\/bastideparis.fr\/ro49090-ovh\/wp-content\/uploads\/2023\/10\/table-kauma.webp\" alt=\"\" class=\"wp-image-648\" srcset=\"https:\/\/bastideparis.fr\/ro49090-ovh\/wp-content\/uploads\/2023\/10\/table-kauma.webp 360w, https:\/\/bastideparis.fr\/ro49090-ovh\/wp-content\/uploads\/2023\/10\/table-kauma-300x300.webp 300w, https:\/\/bastideparis.fr\/ro49090-ovh\/wp-content\/uploads\/2023\/10\/table-kauma-150x150.webp 150w\" sizes=\"auto, (max-width: 360px) 100vw, 360px\" \/><\/figure>\n<\/div><\/div>\n\n\n<style>.kadence-column3528_63c851-a0 > .kt-inside-inner-col,.kadence-column3528_63c851-a0 > .kt-inside-inner-col:before{border-top-left-radius:0px;border-top-right-radius:0px;border-bottom-right-radius:0px;border-bottom-left-radius:0px;}.kadence-column3528_63c851-a0 > .kt-inside-inner-col{column-gap:var(--global-kb-gap-sm, 1rem);}.kadence-column3528_63c851-a0 > .kt-inside-inner-col{flex-direction:column;}.kadence-column3528_63c851-a0 > .kt-inside-inner-col > .aligncenter{width:100%;}.kadence-column3528_63c851-a0 > .kt-inside-inner-col:before{opacity:0.3;}.kadence-column3528_63c851-a0{position:relative;}@media all and (max-width: 1024px){.kadence-column3528_63c851-a0 > .kt-inside-inner-col{flex-direction:column;justify-content:center;}}@media all and (max-width: 767px){.kadence-column3528_63c851-a0 > .kt-inside-inner-col{flex-direction:column;justify-content:center;}}<\/style>\n<div class=\"wp-block-kadence-column kadence-column3528_63c851-a0\"><div class=\"kt-inside-inner-col\">\n<p><strong>Table de lit Kauma Invacare &#8211; 104,70\u20ac<br>R\u00e9f\u00e9rence : 106272<\/strong><\/p>\n\n\n\n<h2 class=\"wp-block-heading\">Une table de lit pratique et simple d\u2019utilisation<\/h2>\n\n\n\n<p>La&nbsp;<strong>table de lit KAUMA<\/strong>&nbsp;est simple d&rsquo;utilisation avec son plateau r\u00e9glable en hauteur, qui s&rsquo;adapte en fonction du besoin de la personne.<\/p>\n\n\n\n<p>Le r\u00e9glage de cette table d&rsquo;alit\u00e9 se fait en douceur et de fa\u00e7on continue. Gr\u00e2ce \u00e0 la&nbsp;<strong>hauteur variable assist\u00e9e<\/strong>, la table de lit vous permet de changer la hauteur sans renverser ce qu&rsquo;il y a sur le plateau : le r\u00e9glage en hauteur se fait de 71 \u00e0 113,5 cm par syst\u00e8me de contrepoids. Le&nbsp;<strong>pi\u00e9tement en H<\/strong>&nbsp;vous facilite \u00e9galement l&rsquo;approche au fauteuil ou au lit. La table de lit KAUMA poss\u00e8de&nbsp;<strong>deux roulettes frein\u00e9es<\/strong>&nbsp;et peut supporter un poids maximum de 10 kg.<\/p>\n<\/div><\/div>\n\n<\/div><\/div>\n\n<style>.kb-row-layout-id3528_5a1223-4c > .kt-row-column-wrap{align-content:start;}:where(.kb-row-layout-id3528_5a1223-4c > .kt-row-column-wrap) > .wp-block-kadence-column{justify-content:start;}.kb-row-layout-id3528_5a1223-4c > .kt-row-column-wrap{column-gap:var(--global-kb-gap-md, 2rem);row-gap:var(--global-kb-gap-md, 2rem);padding-top:var(--global-kb-spacing-sm, 1.5rem);padding-bottom:var(--global-kb-spacing-sm, 1.5rem);grid-template-columns:repeat(2, minmax(0, 1fr));}.kb-row-layout-id3528_5a1223-4c > .kt-row-layout-overlay{opacity:0.30;}@media all and (max-width: 1024px){.kb-row-layout-id3528_5a1223-4c > .kt-row-column-wrap{grid-template-columns:repeat(2, minmax(0, 1fr));}}@media all and (max-width: 767px){.kb-row-layout-id3528_5a1223-4c > .kt-row-column-wrap{grid-template-columns:minmax(0, 1fr);}}<\/style><div class=\"kb-row-layout-wrap kb-row-layout-id3528_5a1223-4c alignnone wp-block-kadence-rowlayout\"><div class=\"kt-row-column-wrap kt-has-2-columns kt-row-layout-equal kt-tab-layout-inherit kt-mobile-layout-row kt-row-valign-top\">\n<style>.kadence-column3528_c738e8-10 > .kt-inside-inner-col,.kadence-column3528_c738e8-10 > .kt-inside-inner-col:before{border-top-left-radius:0px;border-top-right-radius:0px;border-bottom-right-radius:0px;border-bottom-left-radius:0px;}.kadence-column3528_c738e8-10 > .kt-inside-inner-col{column-gap:var(--global-kb-gap-sm, 1rem);}.kadence-column3528_c738e8-10 > .kt-inside-inner-col{flex-direction:column;}.kadence-column3528_c738e8-10 > .kt-inside-inner-col > .aligncenter{width:100%;}.kadence-column3528_c738e8-10 > .kt-inside-inner-col:before{opacity:0.3;}.kadence-column3528_c738e8-10{position:relative;}@media all and (max-width: 1024px){.kadence-column3528_c738e8-10 > .kt-inside-inner-col{flex-direction:column;justify-content:center;}}@media all and (max-width: 767px){.kadence-column3528_c738e8-10 > .kt-inside-inner-col{flex-direction:column;justify-content:center;}}<\/style>\n<div class=\"wp-block-kadence-column kadence-column3528_c738e8-10\"><div class=\"kt-inside-inner-col\">\n<h2 class=\"wp-block-heading\">Caract\u00e9ristiques de la tablette de lit KAUMA<\/h2>\n\n\n\n<ul class=\"wp-block-list\">\n<li>Poids max admissible de 10Kg<\/li>\n\n\n\n<li>Poids total de 10,9Kg<\/li>\n\n\n\n<li>Longueur du plateau de 76,5 cm<\/li>\n\n\n\n<li>Profondeur du plateur de 38,5 cm<\/li>\n\n\n\n<li>Hauteur variable de 71 \u00e0 113,5 cm<\/li>\n\n\n\n<li>Pi\u00e8tement en H<\/li>\n<\/ul>\n<\/div><\/div>\n\n\n<style>.kadence-column3528_fa2ae4-d4 > .kt-inside-inner-col,.kadence-column3528_fa2ae4-d4 > .kt-inside-inner-col:before{border-top-left-radius:0px;border-top-right-radius:0px;border-bottom-right-radius:0px;border-bottom-left-radius:0px;}.kadence-column3528_fa2ae4-d4 > .kt-inside-inner-col{column-gap:var(--global-kb-gap-sm, 1rem);}.kadence-column3528_fa2ae4-d4 > .kt-inside-inner-col{flex-direction:column;}.kadence-column3528_fa2ae4-d4 > .kt-inside-inner-col > .aligncenter{width:100%;}.kadence-column3528_fa2ae4-d4 > .kt-inside-inner-col:before{opacity:0.3;}.kadence-column3528_fa2ae4-d4{position:relative;}@media all and (max-width: 1024px){.kadence-column3528_fa2ae4-d4 > .kt-inside-inner-col{flex-direction:column;justify-content:center;}}@media all and (max-width: 767px){.kadence-column3528_fa2ae4-d4 > .kt-inside-inner-col{flex-direction:column;justify-content:center;}}<\/style>\n<div class=\"wp-block-kadence-column kadence-column3528_fa2ae4-d4\"><div class=\"kt-inside-inner-col\"><\/div><\/div>\n\n<\/div><\/div>","protected":false},"excerpt":{"rendered":"<p>Table de lit Kauma Invacare Table de lit Kauma Invacare &#8211; 104,70\u20acR\u00e9f\u00e9rence : 106272 Une table de lit pratique et simple d\u2019utilisation La&nbsp;table de lit KAUMA&nbsp;est simple d&rsquo;utilisation avec son plateau r\u00e9glable en hauteur, qui s&rsquo;adapte en fonction du besoin de la personne. Le r\u00e9glage de cette table d&rsquo;alit\u00e9 se fait en douceur et de&#8230;<\/p>\n","protected":false},"author":1,"featured_media":0,"parent":0,"menu_order":0,"comment_status":"closed","ping_status":"closed","template":"","meta":{"content-type":"","_kad_post_transparent":"","_kad_post_title":"hide","_kad_post_layout":"","_kad_post_sidebar_id":"","_kad_post_content_style":"","_kad_post_vertical_padding":"","_kad_post_feature":"","_kad_post_feature_position":"","_kad_post_header":false,"_kad_post_footer":false,"footnotes":""},"class_list":["post-3528","page","type-page","status-publish","hentry"],"_links":{"self":[{"href":"https:\/\/bastideparis.fr\/ro49090-ovh\/index.php\/wp-json\/wp\/v2\/pages\/3528","targetHints":{"allow":["GET"]}}],"collection":[{"href":"https:\/\/bastideparis.fr\/ro49090-ovh\/index.php\/wp-json\/wp\/v2\/pages"}],"about":[{"href":"https:\/\/bastideparis.fr\/ro49090-ovh\/index.php\/wp-json\/wp\/v2\/types\/page"}],"author":[{"embeddable":true,"href":"https:\/\/bastideparis.fr\/ro49090-ovh\/index.php\/wp-json\/wp\/v2\/users\/1"}],"replies":[{"embeddable":true,"href":"https:\/\/bastideparis.fr\/ro49090-ovh\/index.php\/wp-json\/wp\/v2\/comments?post=3528"}],"version-history":[{"count":1,"href":"https:\/\/bastideparis.fr\/ro49090-ovh\/index.php\/wp-json\/wp\/v2\/pages\/3528\/revisions"}],"predecessor-version":[{"id":3529,"href":"https:\/\/bastideparis.fr\/ro49090-ovh\/index.php\/wp-json\/wp\/v2\/pages\/3528\/revisions\/3529"}],"wp:attachment":[{"href":"https:\/\/bastideparis.fr\/ro49090-ovh\/index.php\/wp-json\/wp\/v2\/media?parent=3528"}],"curies":[{"name":"wp","href":"https:\/\/api.w.org\/{rel}","templated":true}]}}