{"id":3531,"date":"2024-05-22T15:11:40","date_gmt":"2024-05-22T13:11:40","guid":{"rendered":"https:\/\/bastideparis.fr\/ro49090-ovh\/?page_id=3531"},"modified":"2024-05-22T15:11:41","modified_gmt":"2024-05-22T13:11:41","slug":"table-de-lit-easy","status":"publish","type":"page","link":"https:\/\/bastideparis.fr\/ro49090-ovh\/index.php\/table-de-lit-easy\/","title":{"rendered":"Table de lit Easy"},"content":{"rendered":"\n<p class=\"has-larger-font-size\">Table de lit Easy<\/p>\n\n\n<style>.kb-row-layout-id3531_3a8c97-48 > .kt-row-column-wrap{align-content:center;}:where(.kb-row-layout-id3531_3a8c97-48 > .kt-row-column-wrap) > .wp-block-kadence-column{justify-content:center;}.kb-row-layout-id3531_3a8c97-48 > .kt-row-column-wrap{column-gap:var(--global-kb-gap-md, 2rem);row-gap:var(--global-kb-gap-md, 2rem);padding-top:var(--global-kb-spacing-sm, 1.5rem);padding-bottom:var(--global-kb-spacing-sm, 1.5rem);grid-template-columns:repeat(2, minmax(0, 1fr));}.kb-row-layout-id3531_3a8c97-48 > .kt-row-layout-overlay{opacity:0.30;}@media all and (max-width: 1024px){.kb-row-layout-id3531_3a8c97-48 > .kt-row-column-wrap{grid-template-columns:repeat(2, minmax(0, 1fr));}}@media all and (max-width: 767px){.kb-row-layout-id3531_3a8c97-48 > .kt-row-column-wrap{grid-template-columns:minmax(0, 1fr);}}<\/style><div class=\"kb-row-layout-wrap kb-row-layout-id3531_3a8c97-48 alignnone wp-block-kadence-rowlayout\"><div class=\"kt-row-column-wrap kt-has-2-columns kt-row-layout-equal kt-tab-layout-inherit kt-mobile-layout-row kt-row-valign-middle\">\n<style>.kadence-column3531_f75cc9-e7 > .kt-inside-inner-col,.kadence-column3531_f75cc9-e7 > .kt-inside-inner-col:before{border-top-left-radius:0px;border-top-right-radius:0px;border-bottom-right-radius:0px;border-bottom-left-radius:0px;}.kadence-column3531_f75cc9-e7 > .kt-inside-inner-col{column-gap:var(--global-kb-gap-sm, 1rem);}.kadence-column3531_f75cc9-e7 > .kt-inside-inner-col{flex-direction:column;}.kadence-column3531_f75cc9-e7 > .kt-inside-inner-col > .aligncenter{width:100%;}.kadence-column3531_f75cc9-e7 > .kt-inside-inner-col:before{opacity:0.3;}.kadence-column3531_f75cc9-e7{position:relative;}@media all and (max-width: 1024px){.kadence-column3531_f75cc9-e7 > .kt-inside-inner-col{flex-direction:column;justify-content:center;}}@media all and (max-width: 767px){.kadence-column3531_f75cc9-e7 > .kt-inside-inner-col{flex-direction:column;justify-content:center;}}<\/style>\n<div class=\"wp-block-kadence-column kadence-column3531_f75cc9-e7\"><div class=\"kt-inside-inner-col\">\n<figure class=\"wp-block-image size-full\"><img loading=\"lazy\" decoding=\"async\" width=\"360\" height=\"360\" src=\"https:\/\/bastideparis.fr\/ro49090-ovh\/wp-content\/uploads\/2024\/03\/table-easy.webp\" alt=\"\" class=\"wp-image-2882\" srcset=\"https:\/\/bastideparis.fr\/ro49090-ovh\/wp-content\/uploads\/2024\/03\/table-easy.webp 360w, https:\/\/bastideparis.fr\/ro49090-ovh\/wp-content\/uploads\/2024\/03\/table-easy-300x300.webp 300w, https:\/\/bastideparis.fr\/ro49090-ovh\/wp-content\/uploads\/2024\/03\/table-easy-150x150.webp 150w\" sizes=\"auto, (max-width: 360px) 100vw, 360px\" \/><\/figure>\n<\/div><\/div>\n\n\n<style>.kadence-column3531_be137a-c8 > .kt-inside-inner-col,.kadence-column3531_be137a-c8 > .kt-inside-inner-col:before{border-top-left-radius:0px;border-top-right-radius:0px;border-bottom-right-radius:0px;border-bottom-left-radius:0px;}.kadence-column3531_be137a-c8 > .kt-inside-inner-col{column-gap:var(--global-kb-gap-sm, 1rem);}.kadence-column3531_be137a-c8 > .kt-inside-inner-col{flex-direction:column;}.kadence-column3531_be137a-c8 > .kt-inside-inner-col > .aligncenter{width:100%;}.kadence-column3531_be137a-c8 > .kt-inside-inner-col:before{opacity:0.3;}.kadence-column3531_be137a-c8{position:relative;}@media all and (max-width: 1024px){.kadence-column3531_be137a-c8 > .kt-inside-inner-col{flex-direction:column;justify-content:center;}}@media all and (max-width: 767px){.kadence-column3531_be137a-c8 > .kt-inside-inner-col{flex-direction:column;justify-content:center;}}<\/style>\n<div class=\"wp-block-kadence-column kadence-column3531_be137a-c8\"><div class=\"kt-inside-inner-col\">\n<p><strong>Table de lit Easy &#8211; 59\u20ac<br>R\u00e9f\u00e9rence : 114745<\/strong><\/p>\n\n\n\n<h2 class=\"wp-block-heading\">Description du produit<\/h2>\n\n\n\n<p>La table Easy permet de prendre les repas au lit ou sur un fauteuil. Elle poss\u00e8de un&nbsp;<strong>plateau r\u00e9glable<\/strong>&nbsp;lat\u00e9ralement et en rotation. Elle est dot\u00e9e d\u2019un ch\u00e2ssis en acier trait\u00e9 \u00e9poxy et chrome et de 4 roulettes dont 2 frein\u00e9es. Easy en kit, elle&nbsp;<strong>s\u2019installe facilement<\/strong>&nbsp;sans outils. Elle supporte un poids maximum de 10 kg.<\/p>\n<\/div><\/div>\n\n<\/div><\/div>\n\n<style>.kb-row-layout-id3531_5a78f1-85 > .kt-row-column-wrap{align-content:start;}:where(.kb-row-layout-id3531_5a78f1-85 > .kt-row-column-wrap) > .wp-block-kadence-column{justify-content:start;}.kb-row-layout-id3531_5a78f1-85 > .kt-row-column-wrap{column-gap:var(--global-kb-gap-md, 2rem);row-gap:var(--global-kb-gap-md, 2rem);padding-top:var(--global-kb-spacing-sm, 1.5rem);padding-bottom:var(--global-kb-spacing-sm, 1.5rem);grid-template-columns:repeat(2, minmax(0, 1fr));}.kb-row-layout-id3531_5a78f1-85 > .kt-row-layout-overlay{opacity:0.30;}@media all and (max-width: 1024px){.kb-row-layout-id3531_5a78f1-85 > .kt-row-column-wrap{grid-template-columns:repeat(2, minmax(0, 1fr));}}@media all and (max-width: 767px){.kb-row-layout-id3531_5a78f1-85 > .kt-row-column-wrap{grid-template-columns:minmax(0, 1fr);}}<\/style><div class=\"kb-row-layout-wrap kb-row-layout-id3531_5a78f1-85 alignnone wp-block-kadence-rowlayout\"><div class=\"kt-row-column-wrap kt-has-2-columns kt-row-layout-equal kt-tab-layout-inherit kt-mobile-layout-row kt-row-valign-top\">\n<style>.kadence-column3531_9b6373-07 > .kt-inside-inner-col,.kadence-column3531_9b6373-07 > .kt-inside-inner-col:before{border-top-left-radius:0px;border-top-right-radius:0px;border-bottom-right-radius:0px;border-bottom-left-radius:0px;}.kadence-column3531_9b6373-07 > .kt-inside-inner-col{column-gap:var(--global-kb-gap-sm, 1rem);}.kadence-column3531_9b6373-07 > .kt-inside-inner-col{flex-direction:column;}.kadence-column3531_9b6373-07 > .kt-inside-inner-col > .aligncenter{width:100%;}.kadence-column3531_9b6373-07 > .kt-inside-inner-col:before{opacity:0.3;}.kadence-column3531_9b6373-07{position:relative;}@media all and (max-width: 1024px){.kadence-column3531_9b6373-07 > .kt-inside-inner-col{flex-direction:column;justify-content:center;}}@media all and (max-width: 767px){.kadence-column3531_9b6373-07 > .kt-inside-inner-col{flex-direction:column;justify-content:center;}}<\/style>\n<div class=\"wp-block-kadence-column kadence-column3531_9b6373-07\"><div class=\"kt-inside-inner-col\">\n<h2 class=\"wp-block-heading\">Caract\u00e9ristiques techniques de la table Easy<\/h2>\n\n\n\n<ul class=\"wp-block-list\">\n<li>Dimensions\u00a0: empi\u00e9tement au sol\u00a0: 40 x 60 cm<\/li>\n\n\n\n<li>Dimensions du plateau\u00a0: 40 x 60 cm<\/li>\n\n\n\n<li>Inclinaison\u00a0: jusqu\u2019\u00e0 90\u00b0<\/li>\n\n\n\n<li>Hauteur r\u00e9glable de 70 \u00e0 105 cm<\/li>\n\n\n\n<li>Poids de la table 7 kg<\/li>\n\n\n\n<li>Coloris\u00a0: gris perle<\/li>\n<\/ul>\n<\/div><\/div>\n\n\n<style>.kadence-column3531_951b96-40 > .kt-inside-inner-col,.kadence-column3531_951b96-40 > .kt-inside-inner-col:before{border-top-left-radius:0px;border-top-right-radius:0px;border-bottom-right-radius:0px;border-bottom-left-radius:0px;}.kadence-column3531_951b96-40 > .kt-inside-inner-col{column-gap:var(--global-kb-gap-sm, 1rem);}.kadence-column3531_951b96-40 > .kt-inside-inner-col{flex-direction:column;}.kadence-column3531_951b96-40 > .kt-inside-inner-col > .aligncenter{width:100%;}.kadence-column3531_951b96-40 > .kt-inside-inner-col:before{opacity:0.3;}.kadence-column3531_951b96-40{position:relative;}@media all and (max-width: 1024px){.kadence-column3531_951b96-40 > .kt-inside-inner-col{flex-direction:column;justify-content:center;}}@media all and (max-width: 767px){.kadence-column3531_951b96-40 > .kt-inside-inner-col{flex-direction:column;justify-content:center;}}<\/style>\n<div class=\"wp-block-kadence-column kadence-column3531_951b96-40\"><div class=\"kt-inside-inner-col\"><\/div><\/div>\n\n<\/div><\/div>","protected":false},"excerpt":{"rendered":"<p>Table de lit Easy Table de lit Easy &#8211; 59\u20acR\u00e9f\u00e9rence : 114745 Description du produit La table Easy permet de prendre les repas au lit ou sur un fauteuil. Elle poss\u00e8de un&nbsp;plateau r\u00e9glable&nbsp;lat\u00e9ralement et en rotation. Elle est dot\u00e9e d\u2019un ch\u00e2ssis en acier trait\u00e9 \u00e9poxy et chrome et de 4 roulettes dont 2 frein\u00e9es. Easy&#8230;<\/p>\n","protected":false},"author":1,"featured_media":0,"parent":0,"menu_order":0,"comment_status":"closed","ping_status":"closed","template":"","meta":{"content-type":"","_kad_post_transparent":"","_kad_post_title":"hide","_kad_post_layout":"","_kad_post_sidebar_id":"","_kad_post_content_style":"","_kad_post_vertical_padding":"","_kad_post_feature":"","_kad_post_feature_position":"","_kad_post_header":false,"_kad_post_footer":false,"footnotes":""},"class_list":["post-3531","page","type-page","status-publish","hentry"],"_links":{"self":[{"href":"https:\/\/bastideparis.fr\/ro49090-ovh\/index.php\/wp-json\/wp\/v2\/pages\/3531","targetHints":{"allow":["GET"]}}],"collection":[{"href":"https:\/\/bastideparis.fr\/ro49090-ovh\/index.php\/wp-json\/wp\/v2\/pages"}],"about":[{"href":"https:\/\/bastideparis.fr\/ro49090-ovh\/index.php\/wp-json\/wp\/v2\/types\/page"}],"author":[{"embeddable":true,"href":"https:\/\/bastideparis.fr\/ro49090-ovh\/index.php\/wp-json\/wp\/v2\/users\/1"}],"replies":[{"embeddable":true,"href":"https:\/\/bastideparis.fr\/ro49090-ovh\/index.php\/wp-json\/wp\/v2\/comments?post=3531"}],"version-history":[{"count":2,"href":"https:\/\/bastideparis.fr\/ro49090-ovh\/index.php\/wp-json\/wp\/v2\/pages\/3531\/revisions"}],"predecessor-version":[{"id":3533,"href":"https:\/\/bastideparis.fr\/ro49090-ovh\/index.php\/wp-json\/wp\/v2\/pages\/3531\/revisions\/3533"}],"wp:attachment":[{"href":"https:\/\/bastideparis.fr\/ro49090-ovh\/index.php\/wp-json\/wp\/v2\/media?parent=3531"}],"curies":[{"name":"wp","href":"https:\/\/api.w.org\/{rel}","templated":true}]}}