{"id":3535,"date":"2024-05-22T15:14:14","date_gmt":"2024-05-22T13:14:14","guid":{"rendered":"https:\/\/bastideparis.fr\/ro49090-ovh\/?page_id=3535"},"modified":"2024-05-22T15:14:15","modified_gmt":"2024-05-22T13:14:15","slug":"table-de-lit-diffusion-en-ronce-de-noyer","status":"publish","type":"page","link":"https:\/\/bastideparis.fr\/ro49090-ovh\/index.php\/table-de-lit-diffusion-en-ronce-de-noyer\/","title":{"rendered":"Table de lit diffusion en ronce de noyer"},"content":{"rendered":"\n<p class=\"has-larger-font-size\">Table de lit diffusion en ronce de noyer<\/p>\n\n\n<style>.kb-row-layout-id3535_8c0d8f-4b > .kt-row-column-wrap{align-content:center;}:where(.kb-row-layout-id3535_8c0d8f-4b > .kt-row-column-wrap) > .wp-block-kadence-column{justify-content:center;}.kb-row-layout-id3535_8c0d8f-4b > .kt-row-column-wrap{column-gap:var(--global-kb-gap-md, 2rem);row-gap:var(--global-kb-gap-md, 2rem);padding-top:var(--global-kb-spacing-sm, 1.5rem);padding-bottom:var(--global-kb-spacing-sm, 1.5rem);grid-template-columns:repeat(2, minmax(0, 1fr));}.kb-row-layout-id3535_8c0d8f-4b > .kt-row-layout-overlay{opacity:0.30;}@media all and (max-width: 1024px){.kb-row-layout-id3535_8c0d8f-4b > .kt-row-column-wrap{grid-template-columns:repeat(2, minmax(0, 1fr));}}@media all and (max-width: 767px){.kb-row-layout-id3535_8c0d8f-4b > .kt-row-column-wrap{grid-template-columns:minmax(0, 1fr);}}<\/style><div class=\"kb-row-layout-wrap kb-row-layout-id3535_8c0d8f-4b alignnone wp-block-kadence-rowlayout\"><div class=\"kt-row-column-wrap kt-has-2-columns kt-row-layout-equal kt-tab-layout-inherit kt-mobile-layout-row kt-row-valign-middle\">\n<style>.kadence-column3535_fb9e39-d1 > .kt-inside-inner-col,.kadence-column3535_fb9e39-d1 > .kt-inside-inner-col:before{border-top-left-radius:0px;border-top-right-radius:0px;border-bottom-right-radius:0px;border-bottom-left-radius:0px;}.kadence-column3535_fb9e39-d1 > .kt-inside-inner-col{column-gap:var(--global-kb-gap-sm, 1rem);}.kadence-column3535_fb9e39-d1 > .kt-inside-inner-col{flex-direction:column;}.kadence-column3535_fb9e39-d1 > .kt-inside-inner-col > .aligncenter{width:100%;}.kadence-column3535_fb9e39-d1 > .kt-inside-inner-col:before{opacity:0.3;}.kadence-column3535_fb9e39-d1{position:relative;}@media all and (max-width: 1024px){.kadence-column3535_fb9e39-d1 > .kt-inside-inner-col{flex-direction:column;justify-content:center;}}@media all and (max-width: 767px){.kadence-column3535_fb9e39-d1 > .kt-inside-inner-col{flex-direction:column;justify-content:center;}}<\/style>\n<div class=\"wp-block-kadence-column kadence-column3535_fb9e39-d1\"><div class=\"kt-inside-inner-col\">\n<figure class=\"wp-block-image size-full\"><img loading=\"lazy\" decoding=\"async\" width=\"360\" height=\"360\" src=\"https:\/\/bastideparis.fr\/ro49090-ovh\/wp-content\/uploads\/2024\/03\/table-ronce-de-noyer.webp\" alt=\"\" class=\"wp-image-2883\" srcset=\"https:\/\/bastideparis.fr\/ro49090-ovh\/wp-content\/uploads\/2024\/03\/table-ronce-de-noyer.webp 360w, https:\/\/bastideparis.fr\/ro49090-ovh\/wp-content\/uploads\/2024\/03\/table-ronce-de-noyer-300x300.webp 300w, https:\/\/bastideparis.fr\/ro49090-ovh\/wp-content\/uploads\/2024\/03\/table-ronce-de-noyer-150x150.webp 150w\" sizes=\"auto, (max-width: 360px) 100vw, 360px\" \/><\/figure>\n<\/div><\/div>\n\n\n<style>.kadence-column3535_9c4315-60 > .kt-inside-inner-col,.kadence-column3535_9c4315-60 > .kt-inside-inner-col:before{border-top-left-radius:0px;border-top-right-radius:0px;border-bottom-right-radius:0px;border-bottom-left-radius:0px;}.kadence-column3535_9c4315-60 > .kt-inside-inner-col{column-gap:var(--global-kb-gap-sm, 1rem);}.kadence-column3535_9c4315-60 > .kt-inside-inner-col{flex-direction:column;}.kadence-column3535_9c4315-60 > .kt-inside-inner-col > .aligncenter{width:100%;}.kadence-column3535_9c4315-60 > .kt-inside-inner-col:before{opacity:0.3;}.kadence-column3535_9c4315-60{position:relative;}@media all and (max-width: 1024px){.kadence-column3535_9c4315-60 > .kt-inside-inner-col{flex-direction:column;justify-content:center;}}@media all and (max-width: 767px){.kadence-column3535_9c4315-60 > .kt-inside-inner-col{flex-direction:column;justify-content:center;}}<\/style>\n<div class=\"wp-block-kadence-column kadence-column3535_9c4315-60\"><div class=\"kt-inside-inner-col\">\n<p><strong>Table de lit diffusion en ronce de noyer &#8211; 92,90\u20ac<br>R\u00e9f\u00e9rence : 108301<\/strong><\/p>\n\n\n\n<h2 class=\"wp-block-heading\">Description du produit<\/h2>\n\n\n\n<p>La&nbsp;<strong>table de lit diffusion en ronce de noyer<\/strong>&nbsp;permet de garder \u00e0 proximit\u00e9 ses objets. Dot\u00e9e de&nbsp;<strong>roulettes<\/strong>&nbsp;elle est facile \u00e0 d\u00e9placer o\u00f9 l\u2019on souhaite.<\/p>\n\n\n\n<h2 class=\"wp-block-heading\">Une table de lit pratique et r\u00e9glable<\/h2>\n\n\n\n<p>Sur cette&nbsp;<strong>tablette de lit<\/strong>, livr\u00e9e mont\u00e9e, vous pouvez effectuer&nbsp;<strong>deux r\u00e9glages<\/strong>. Le plateau est&nbsp;<strong>orientable en multi positions<\/strong>&nbsp;et le pi\u00e9tement a&nbsp;<strong>1 position de pliage<\/strong>&nbsp;(pour le rangement), une&nbsp;<strong>position m\u00e2t droit<\/strong>&nbsp;et une&nbsp;<strong>position inclin\u00e9e \u00e0 15\u00b0<\/strong>&nbsp;pour une utilisation dans un fauteuil par exemple.<\/p>\n\n\n\n<h2 class=\"wp-block-heading\">Une table de fauteuil anti-poussi\u00e8re<\/h2>\n\n\n\n<p>La&nbsp;<strong>table de lit Herdegen<\/strong>&nbsp;poss\u00e8de&nbsp;<strong>un jonc anti-poussi\u00e8re&nbsp;<\/strong>qui prot\u00e8ge parfaitement le plateau, et sert \u00e9galement de repose livre.<\/p>\n<\/div><\/div>\n\n<\/div><\/div>\n\n<style>.kb-row-layout-id3535_13ecac-b1 > .kt-row-column-wrap{align-content:start;}:where(.kb-row-layout-id3535_13ecac-b1 > .kt-row-column-wrap) > .wp-block-kadence-column{justify-content:start;}.kb-row-layout-id3535_13ecac-b1 > .kt-row-column-wrap{column-gap:var(--global-kb-gap-md, 2rem);row-gap:var(--global-kb-gap-md, 2rem);padding-top:var(--global-kb-spacing-sm, 1.5rem);padding-bottom:var(--global-kb-spacing-sm, 1.5rem);grid-template-columns:repeat(2, minmax(0, 1fr));}.kb-row-layout-id3535_13ecac-b1 > .kt-row-layout-overlay{opacity:0.30;}@media all and (max-width: 1024px){.kb-row-layout-id3535_13ecac-b1 > .kt-row-column-wrap{grid-template-columns:repeat(2, minmax(0, 1fr));}}@media all and (max-width: 767px){.kb-row-layout-id3535_13ecac-b1 > .kt-row-column-wrap{grid-template-columns:minmax(0, 1fr);}}<\/style><div class=\"kb-row-layout-wrap kb-row-layout-id3535_13ecac-b1 alignnone wp-block-kadence-rowlayout\"><div class=\"kt-row-column-wrap kt-has-2-columns kt-row-layout-equal kt-tab-layout-inherit kt-mobile-layout-row kt-row-valign-top\">\n<style>.kadence-column3535_9ea7d9-6c > .kt-inside-inner-col,.kadence-column3535_9ea7d9-6c > .kt-inside-inner-col:before{border-top-left-radius:0px;border-top-right-radius:0px;border-bottom-right-radius:0px;border-bottom-left-radius:0px;}.kadence-column3535_9ea7d9-6c > .kt-inside-inner-col{column-gap:var(--global-kb-gap-sm, 1rem);}.kadence-column3535_9ea7d9-6c > .kt-inside-inner-col{flex-direction:column;}.kadence-column3535_9ea7d9-6c > .kt-inside-inner-col > .aligncenter{width:100%;}.kadence-column3535_9ea7d9-6c > .kt-inside-inner-col:before{opacity:0.3;}.kadence-column3535_9ea7d9-6c{position:relative;}@media all and (max-width: 1024px){.kadence-column3535_9ea7d9-6c > .kt-inside-inner-col{flex-direction:column;justify-content:center;}}@media all and (max-width: 767px){.kadence-column3535_9ea7d9-6c > .kt-inside-inner-col{flex-direction:column;justify-content:center;}}<\/style>\n<div class=\"wp-block-kadence-column kadence-column3535_9ea7d9-6c\"><div class=\"kt-inside-inner-col\">\n<h2 class=\"wp-block-heading\">Caract\u00e9ristique de la table de lit<\/h2>\n\n\n\n<ul class=\"wp-block-list\">\n<li>4 roulettes dont 2 avec frein.<\/li>\n\n\n\n<li>M\u00e2t et plateau orientables.<\/li>\n\n\n\n<li>Hauteur\u00a0: de 61 \u00e0 94 cm<\/li>\n\n\n\n<li>Longueur du plateau\u00a0: 60 cm<\/li>\n\n\n\n<li>Largeur du plateau\u00a0: 40 cm<\/li>\n\n\n\n<li>Empattement au sol : 44 x 57 cm<\/li>\n\n\n\n<li>Conformit\u00e9 aux normes en vigueur\u00a0: pas de norme<\/li>\n\n\n\n<li>Poids du produit emball\u00e9\u00a0: 10 kg<\/li>\n\n\n\n<li>Dimensions du produit emball\u00e9\u00a0: 85*75*11 cm sous carton<\/li>\n\n\n\n<li>Garantie\u00a0: 2 ans<\/li>\n\n\n\n<li>Poids support\u00e9 : 10 kg<\/li>\n<\/ul>\n<\/div><\/div>\n\n\n<style>.kadence-column3535_6fec26-f1 > .kt-inside-inner-col,.kadence-column3535_6fec26-f1 > .kt-inside-inner-col:before{border-top-left-radius:0px;border-top-right-radius:0px;border-bottom-right-radius:0px;border-bottom-left-radius:0px;}.kadence-column3535_6fec26-f1 > .kt-inside-inner-col{column-gap:var(--global-kb-gap-sm, 1rem);}.kadence-column3535_6fec26-f1 > .kt-inside-inner-col{flex-direction:column;}.kadence-column3535_6fec26-f1 > .kt-inside-inner-col > .aligncenter{width:100%;}.kadence-column3535_6fec26-f1 > .kt-inside-inner-col:before{opacity:0.3;}.kadence-column3535_6fec26-f1{position:relative;}@media all and (max-width: 1024px){.kadence-column3535_6fec26-f1 > .kt-inside-inner-col{flex-direction:column;justify-content:center;}}@media all and (max-width: 767px){.kadence-column3535_6fec26-f1 > .kt-inside-inner-col{flex-direction:column;justify-content:center;}}<\/style>\n<div class=\"wp-block-kadence-column kadence-column3535_6fec26-f1\"><div class=\"kt-inside-inner-col\"><\/div><\/div>\n\n<\/div><\/div>","protected":false},"excerpt":{"rendered":"<p>Table de lit diffusion en ronce de noyer Table de lit diffusion en ronce de noyer &#8211; 92,90\u20acR\u00e9f\u00e9rence : 108301 Description du produit La&nbsp;table de lit diffusion en ronce de noyer&nbsp;permet de garder \u00e0 proximit\u00e9 ses objets. Dot\u00e9e de&nbsp;roulettes&nbsp;elle est facile \u00e0 d\u00e9placer o\u00f9 l\u2019on souhaite. Une table de lit pratique et r\u00e9glable Sur cette&nbsp;tablette&#8230;<\/p>\n","protected":false},"author":1,"featured_media":0,"parent":0,"menu_order":0,"comment_status":"closed","ping_status":"closed","template":"","meta":{"content-type":"","_kad_post_transparent":"","_kad_post_title":"hide","_kad_post_layout":"","_kad_post_sidebar_id":"","_kad_post_content_style":"","_kad_post_vertical_padding":"","_kad_post_feature":"","_kad_post_feature_position":"","_kad_post_header":false,"_kad_post_footer":false,"footnotes":""},"class_list":["post-3535","page","type-page","status-publish","hentry"],"_links":{"self":[{"href":"https:\/\/bastideparis.fr\/ro49090-ovh\/index.php\/wp-json\/wp\/v2\/pages\/3535","targetHints":{"allow":["GET"]}}],"collection":[{"href":"https:\/\/bastideparis.fr\/ro49090-ovh\/index.php\/wp-json\/wp\/v2\/pages"}],"about":[{"href":"https:\/\/bastideparis.fr\/ro49090-ovh\/index.php\/wp-json\/wp\/v2\/types\/page"}],"author":[{"embeddable":true,"href":"https:\/\/bastideparis.fr\/ro49090-ovh\/index.php\/wp-json\/wp\/v2\/users\/1"}],"replies":[{"embeddable":true,"href":"https:\/\/bastideparis.fr\/ro49090-ovh\/index.php\/wp-json\/wp\/v2\/comments?post=3535"}],"version-history":[{"count":1,"href":"https:\/\/bastideparis.fr\/ro49090-ovh\/index.php\/wp-json\/wp\/v2\/pages\/3535\/revisions"}],"predecessor-version":[{"id":3536,"href":"https:\/\/bastideparis.fr\/ro49090-ovh\/index.php\/wp-json\/wp\/v2\/pages\/3535\/revisions\/3536"}],"wp:attachment":[{"href":"https:\/\/bastideparis.fr\/ro49090-ovh\/index.php\/wp-json\/wp\/v2\/media?parent=3535"}],"curies":[{"name":"wp","href":"https:\/\/api.w.org\/{rel}","templated":true}]}}