{"id":3541,"date":"2024-05-22T16:03:27","date_gmt":"2024-05-22T14:03:27","guid":{"rendered":"https:\/\/bastideparis.fr\/ro49090-ovh\/?page_id=3541"},"modified":"2024-05-22T16:04:04","modified_gmt":"2024-05-22T14:04:04","slug":"chaise-de-toilette-pliante-islande","status":"publish","type":"page","link":"https:\/\/bastideparis.fr\/ro49090-ovh\/index.php\/chaise-de-toilette-pliante-islande\/","title":{"rendered":"Chaise de toilette pliante Islande"},"content":{"rendered":"\n<p><a href=\"https:\/\/bastideparis.fr\/ro49090-ovh\/index.php\/showroom-chambre\/\">Retour<\/a><\/p>\n\n\n\n<p class=\"has-larger-font-size\">Chaise de toilette pliante Islande<\/p>\n\n\n<style>.kb-row-layout-id3541_fd9096-e3 > .kt-row-column-wrap{align-content:center;}:where(.kb-row-layout-id3541_fd9096-e3 > .kt-row-column-wrap) > .wp-block-kadence-column{justify-content:center;}.kb-row-layout-id3541_fd9096-e3 > .kt-row-column-wrap{column-gap:var(--global-kb-gap-md, 2rem);row-gap:var(--global-kb-gap-md, 2rem);padding-top:var(--global-kb-spacing-sm, 1.5rem);padding-bottom:var(--global-kb-spacing-sm, 1.5rem);grid-template-columns:repeat(2, minmax(0, 1fr));}.kb-row-layout-id3541_fd9096-e3 > .kt-row-layout-overlay{opacity:0.30;}@media all and (max-width: 1024px){.kb-row-layout-id3541_fd9096-e3 > .kt-row-column-wrap{grid-template-columns:repeat(2, minmax(0, 1fr));}}@media all and (max-width: 767px){.kb-row-layout-id3541_fd9096-e3 > .kt-row-column-wrap{grid-template-columns:minmax(0, 1fr);}}<\/style><div class=\"kb-row-layout-wrap kb-row-layout-id3541_fd9096-e3 alignnone wp-block-kadence-rowlayout\"><div class=\"kt-row-column-wrap kt-has-2-columns kt-row-layout-equal kt-tab-layout-inherit kt-mobile-layout-row kt-row-valign-middle\">\n<style>.kadence-column3541_832621-ce > .kt-inside-inner-col,.kadence-column3541_832621-ce > .kt-inside-inner-col:before{border-top-left-radius:0px;border-top-right-radius:0px;border-bottom-right-radius:0px;border-bottom-left-radius:0px;}.kadence-column3541_832621-ce > .kt-inside-inner-col{column-gap:var(--global-kb-gap-sm, 1rem);}.kadence-column3541_832621-ce > .kt-inside-inner-col{flex-direction:column;}.kadence-column3541_832621-ce > .kt-inside-inner-col > .aligncenter{width:100%;}.kadence-column3541_832621-ce > .kt-inside-inner-col:before{opacity:0.3;}.kadence-column3541_832621-ce{position:relative;}@media all and (max-width: 1024px){.kadence-column3541_832621-ce > .kt-inside-inner-col{flex-direction:column;justify-content:center;}}@media all and (max-width: 767px){.kadence-column3541_832621-ce > .kt-inside-inner-col{flex-direction:column;justify-content:center;}}<\/style>\n<div class=\"wp-block-kadence-column kadence-column3541_832621-ce\"><div class=\"kt-inside-inner-col\">\n<figure class=\"wp-block-image size-full\"><img loading=\"lazy\" decoding=\"async\" width=\"800\" height=\"800\" src=\"https:\/\/bastideparis.fr\/ro49090-ovh\/wp-content\/uploads\/2024\/02\/ISLANDE.webp\" alt=\"\" class=\"wp-image-2425\" srcset=\"https:\/\/bastideparis.fr\/ro49090-ovh\/wp-content\/uploads\/2024\/02\/ISLANDE.webp 800w, https:\/\/bastideparis.fr\/ro49090-ovh\/wp-content\/uploads\/2024\/02\/ISLANDE-300x300.webp 300w, https:\/\/bastideparis.fr\/ro49090-ovh\/wp-content\/uploads\/2024\/02\/ISLANDE-150x150.webp 150w, https:\/\/bastideparis.fr\/ro49090-ovh\/wp-content\/uploads\/2024\/02\/ISLANDE-768x768.webp 768w\" sizes=\"auto, (max-width: 800px) 100vw, 800px\" \/><\/figure>\n<\/div><\/div>\n\n\n<style>.kadence-column3541_87aba0-6c > .kt-inside-inner-col,.kadence-column3541_87aba0-6c > .kt-inside-inner-col:before{border-top-left-radius:0px;border-top-right-radius:0px;border-bottom-right-radius:0px;border-bottom-left-radius:0px;}.kadence-column3541_87aba0-6c > .kt-inside-inner-col{column-gap:var(--global-kb-gap-sm, 1rem);}.kadence-column3541_87aba0-6c > .kt-inside-inner-col{flex-direction:column;}.kadence-column3541_87aba0-6c > .kt-inside-inner-col > .aligncenter{width:100%;}.kadence-column3541_87aba0-6c > .kt-inside-inner-col:before{opacity:0.3;}.kadence-column3541_87aba0-6c{position:relative;}@media all and (max-width: 1024px){.kadence-column3541_87aba0-6c > .kt-inside-inner-col{flex-direction:column;justify-content:center;}}@media all and (max-width: 767px){.kadence-column3541_87aba0-6c > .kt-inside-inner-col{flex-direction:column;justify-content:center;}}<\/style>\n<div class=\"wp-block-kadence-column kadence-column3541_87aba0-6c\"><div class=\"kt-inside-inner-col\">\n<p><strong>Chaise de toilette pliante Islande &#8211; 127,62\u20ac<\/strong> (prise en charge possible de 102,62\u20ac avec une ordonnance)<br><strong>R\u00e9f\u00e9rence : 115749<\/strong><\/p>\n\n\n\n<h2 class=\"wp-block-heading\">Description du produit<\/h2>\n\n\n\n<p>Notre chaise de toilettes Islande vous permet d\u2019\u00eatre confortablement install\u00e9. Son syst\u00e8me de pliage sera tr\u00e8s pratique pour le rangement de la chaise.&nbsp;<\/p>\n\n\n\n<h2 class=\"wp-block-heading\">Caract\u00e9ristiques de la chaise de toilettes pliante Islande<\/h2>\n\n\n\n<ul class=\"wp-block-list\">\n<li>Munie d&rsquo;un pot amovible par le haut et vers l&rsquo;avant<\/li>\n\n\n\n<li>Livr\u00e9e avec galette souple recouvrant l&rsquo;assise perc\u00e9e (ouverture anatomique 22 x 30 cm)<\/li>\n\n\n\n<li>Dimensions hors-tout : larg. 61.5 x prof. 56.5 x haut. 90.5 \u00e0 98 cm.<\/li>\n\n\n\n<li>Dimensions assise : larg. 43 x prof. 43 x haut . 46 \u00e0 54 cm<\/li>\n\n\n\n<li>Largeur entre accoudoirs : 50 cm<\/li>\n\n\n\n<li>Poids : 5 kg<\/li>\n\n\n\n<li>Poids maximum autoris\u00e9 : 150 kg<\/li>\n<\/ul>\n<\/div><\/div>\n\n<\/div><\/div>","protected":false},"excerpt":{"rendered":"<p>Retour Chaise de toilette pliante Islande Chaise de toilette pliante Islande &#8211; 127,62\u20ac (prise en charge possible de 102,62\u20ac avec une ordonnance)R\u00e9f\u00e9rence : 115749 Description du produit Notre chaise de toilettes Islande vous permet d\u2019\u00eatre confortablement install\u00e9. Son syst\u00e8me de pliage sera tr\u00e8s pratique pour le rangement de la chaise.&nbsp; Caract\u00e9ristiques de la chaise de&#8230;<\/p>\n","protected":false},"author":1,"featured_media":0,"parent":0,"menu_order":0,"comment_status":"closed","ping_status":"closed","template":"","meta":{"content-type":"","_kad_post_transparent":"","_kad_post_title":"hide","_kad_post_layout":"","_kad_post_sidebar_id":"","_kad_post_content_style":"","_kad_post_vertical_padding":"","_kad_post_feature":"","_kad_post_feature_position":"","_kad_post_header":false,"_kad_post_footer":false,"footnotes":""},"class_list":["post-3541","page","type-page","status-publish","hentry"],"_links":{"self":[{"href":"https:\/\/bastideparis.fr\/ro49090-ovh\/index.php\/wp-json\/wp\/v2\/pages\/3541","targetHints":{"allow":["GET"]}}],"collection":[{"href":"https:\/\/bastideparis.fr\/ro49090-ovh\/index.php\/wp-json\/wp\/v2\/pages"}],"about":[{"href":"https:\/\/bastideparis.fr\/ro49090-ovh\/index.php\/wp-json\/wp\/v2\/types\/page"}],"author":[{"embeddable":true,"href":"https:\/\/bastideparis.fr\/ro49090-ovh\/index.php\/wp-json\/wp\/v2\/users\/1"}],"replies":[{"embeddable":true,"href":"https:\/\/bastideparis.fr\/ro49090-ovh\/index.php\/wp-json\/wp\/v2\/comments?post=3541"}],"version-history":[{"count":2,"href":"https:\/\/bastideparis.fr\/ro49090-ovh\/index.php\/wp-json\/wp\/v2\/pages\/3541\/revisions"}],"predecessor-version":[{"id":3544,"href":"https:\/\/bastideparis.fr\/ro49090-ovh\/index.php\/wp-json\/wp\/v2\/pages\/3541\/revisions\/3544"}],"wp:attachment":[{"href":"https:\/\/bastideparis.fr\/ro49090-ovh\/index.php\/wp-json\/wp\/v2\/media?parent=3541"}],"curies":[{"name":"wp","href":"https:\/\/api.w.org\/{rel}","templated":true}]}}