{"id":3559,"date":"2024-05-29T14:57:03","date_gmt":"2024-05-29T12:57:03","guid":{"rendered":"https:\/\/bastideparis.fr\/ro49090-ovh\/?page_id=3559"},"modified":"2025-04-10T10:25:32","modified_gmt":"2025-04-10T08:25:32","slug":"eco-confort-1-moteur","status":"publish","type":"page","link":"https:\/\/bastideparis.fr\/ro49090-ovh\/index.php\/eco-confort-1-moteur\/","title":{"rendered":"ECO CONFORT 1 MOTEUR"},"content":{"rendered":"\n<p><a href=\"https:\/\/bastideparis.fr\/ro49090-ovh\/index.php\/showroom-salon\/\">Retour<\/a><\/p>\n\n\n\n<p class=\"has-larger-font-size\">FAUTEUIL RELEVEUR ECO CONFORT 1 MOTEUR <\/p>\n\n\n<style>.kb-row-layout-id3559_dcaa71-f7 > .kt-row-column-wrap{align-content:center;}:where(.kb-row-layout-id3559_dcaa71-f7 > .kt-row-column-wrap) > .wp-block-kadence-column{justify-content:center;}.kb-row-layout-id3559_dcaa71-f7 > .kt-row-column-wrap{column-gap:var(--global-kb-gap-md, 2rem);row-gap:var(--global-kb-gap-md, 2rem);padding-top:var(--global-kb-spacing-sm, 1.5rem);padding-bottom:var(--global-kb-spacing-sm, 1.5rem);grid-template-columns:repeat(2, minmax(0, 1fr));}.kb-row-layout-id3559_dcaa71-f7 > .kt-row-layout-overlay{opacity:0.30;}@media all and (max-width: 1024px){.kb-row-layout-id3559_dcaa71-f7 > .kt-row-column-wrap{grid-template-columns:repeat(2, minmax(0, 1fr));}}@media all and (max-width: 767px){.kb-row-layout-id3559_dcaa71-f7 > .kt-row-column-wrap{grid-template-columns:minmax(0, 1fr);}}<\/style><div class=\"kb-row-layout-wrap kb-row-layout-id3559_dcaa71-f7 alignnone wp-block-kadence-rowlayout\"><div class=\"kt-row-column-wrap kt-has-2-columns kt-row-layout-equal kt-tab-layout-inherit kt-mobile-layout-row kt-row-valign-middle\">\n<style>.kadence-column3559_8ce733-0b > .kt-inside-inner-col,.kadence-column3559_8ce733-0b > .kt-inside-inner-col:before{border-top-left-radius:0px;border-top-right-radius:0px;border-bottom-right-radius:0px;border-bottom-left-radius:0px;}.kadence-column3559_8ce733-0b > .kt-inside-inner-col{column-gap:var(--global-kb-gap-sm, 1rem);}.kadence-column3559_8ce733-0b > .kt-inside-inner-col{flex-direction:column;}.kadence-column3559_8ce733-0b > .kt-inside-inner-col > .aligncenter{width:100%;}.kadence-column3559_8ce733-0b > .kt-inside-inner-col:before{opacity:0.3;}.kadence-column3559_8ce733-0b{position:relative;}@media all and (max-width: 1024px){.kadence-column3559_8ce733-0b > .kt-inside-inner-col{flex-direction:column;justify-content:center;}}@media all and (max-width: 767px){.kadence-column3559_8ce733-0b > .kt-inside-inner-col{flex-direction:column;justify-content:center;}}<\/style>\n<div class=\"wp-block-kadence-column kadence-column3559_8ce733-0b\"><div class=\"kt-inside-inner-col\">\n<figure class=\"wp-block-image size-full\"><img loading=\"lazy\" decoding=\"async\" width=\"360\" height=\"360\" src=\"https:\/\/bastideparis.fr\/ro49090-ovh\/wp-content\/uploads\/2024\/02\/eco-confort-1-moteur.webp\" alt=\"\" class=\"wp-image-2531\" srcset=\"https:\/\/bastideparis.fr\/ro49090-ovh\/wp-content\/uploads\/2024\/02\/eco-confort-1-moteur.webp 360w, https:\/\/bastideparis.fr\/ro49090-ovh\/wp-content\/uploads\/2024\/02\/eco-confort-1-moteur-300x300.webp 300w, https:\/\/bastideparis.fr\/ro49090-ovh\/wp-content\/uploads\/2024\/02\/eco-confort-1-moteur-150x150.webp 150w\" sizes=\"auto, (max-width: 360px) 100vw, 360px\" \/><\/figure>\n<\/div><\/div>\n\n\n<style>.kadence-column3559_a0ead1-b9 > .kt-inside-inner-col,.kadence-column3559_a0ead1-b9 > .kt-inside-inner-col:before{border-top-left-radius:0px;border-top-right-radius:0px;border-bottom-right-radius:0px;border-bottom-left-radius:0px;}.kadence-column3559_a0ead1-b9 > .kt-inside-inner-col{column-gap:var(--global-kb-gap-sm, 1rem);}.kadence-column3559_a0ead1-b9 > .kt-inside-inner-col{flex-direction:column;}.kadence-column3559_a0ead1-b9 > .kt-inside-inner-col > .aligncenter{width:100%;}.kadence-column3559_a0ead1-b9 > .kt-inside-inner-col:before{opacity:0.3;}.kadence-column3559_a0ead1-b9{position:relative;}@media all and (max-width: 1024px){.kadence-column3559_a0ead1-b9 > .kt-inside-inner-col{flex-direction:column;justify-content:center;}}@media all and (max-width: 767px){.kadence-column3559_a0ead1-b9 > .kt-inside-inner-col{flex-direction:column;justify-content:center;}}<\/style>\n<div class=\"wp-block-kadence-column kadence-column3559_a0ead1-b9\"><div class=\"kt-inside-inner-col\">\n<p><strong>FAUTEUIL RELEVEUR ECO CONFORT 1 MOTEUR &#8211; 449\u20ac<br>R\u00e9f\u00e9rence : 115269<\/strong><br><\/p>\n\n\n\n<h2 class=\"wp-block-heading\">Description du produit<\/h2>\n\n\n\n<p>Le&nbsp;<strong>fauteuil releveur Eco<\/strong>&nbsp;confort vous aide \u00e0 vous&nbsp;<strong>asseoir<\/strong>&nbsp;et \u00e0 vous&nbsp;<strong>relever<\/strong>&nbsp;sans le moindre effort gr\u00e2ce \u00e0 sa motorisation puissante. R\u00e9glez \u00e0 l&rsquo;aide d&rsquo;une simple t\u00e9l\u00e9commande l&rsquo;inclinaison du fauteuil et choisissez la position id\u00e9ale adapt\u00e9e \u00e0 chaque moment de la journ\u00e9e.&nbsp;Le fauteuil releveur Eco confort est un&nbsp;<strong>fauteuil de relaxation<\/strong>&nbsp;\u00e9lectrique&nbsp;<strong>1 moteur<\/strong>. Sur ce fauteuil relax le&nbsp;<strong>releve jambe<\/strong>&nbsp;et le&nbsp;<strong>dossier<\/strong>&nbsp;s&rsquo;inclinent simultan\u00e9ment. &nbsp;Rev\u00eatement en microfibre disponible en couleur&nbsp;<em>taupe<\/em>.&nbsp;Le fauteuil m\u00e9dical s&rsquo;incline jusqu&rsquo;\u00e0&nbsp;<strong>135\u00b0<\/strong>&nbsp;et supporte au maximum&nbsp;<strong>136 kg<\/strong>. Fauteuil \u00e9lectrique non-d\u00e9houssable, confort d&rsquo;assise longue dur\u00e9e. <br><strong>Garantie de 2 ans<\/strong><\/p>\n\n\n\n<h2 class=\"wp-block-heading\">Un fauteuil relax pratique&nbsp;<\/h2>\n\n\n\n<p>Gr\u00e2ce \u00e0 son rev\u00eatement microfibre dit \u00ab&nbsp;effet peau d\u2019\u00e9l\u00e9phant \u00bb, le fauteuil releveur \u00e9co confort se&nbsp;<strong>nettoie facilement<\/strong>&nbsp;\u00e0 l\u2019aide d\u2019un chiffon humide et d\u2019un peu de lait d\u00e9maquillant. La largeur d\u2019assise du fauteuil relax \u00e9co confort le place dans la cat\u00e9gorie des fauteuils de&nbsp;<strong>taille standard&nbsp;<\/strong>qui s&rsquo;ins\u00e8re ais\u00e9ment dans tous types de salon.<\/p>\n<\/div><\/div>\n\n<\/div><\/div>\n\n<style>.kb-row-layout-id3559_97308b-3c > .kt-row-column-wrap{align-content:start;}:where(.kb-row-layout-id3559_97308b-3c > .kt-row-column-wrap) > .wp-block-kadence-column{justify-content:start;}.kb-row-layout-id3559_97308b-3c > .kt-row-column-wrap{column-gap:var(--global-kb-gap-md, 2rem);row-gap:var(--global-kb-gap-md, 2rem);padding-top:var(--global-kb-spacing-sm, 1.5rem);padding-bottom:var(--global-kb-spacing-sm, 1.5rem);grid-template-columns:repeat(2, minmax(0, 1fr));}.kb-row-layout-id3559_97308b-3c > .kt-row-layout-overlay{opacity:0.30;}@media all and (max-width: 1024px){.kb-row-layout-id3559_97308b-3c > .kt-row-column-wrap{grid-template-columns:repeat(2, minmax(0, 1fr));}}@media all and (max-width: 767px){.kb-row-layout-id3559_97308b-3c > .kt-row-column-wrap{grid-template-columns:minmax(0, 1fr);}}<\/style><div class=\"kb-row-layout-wrap kb-row-layout-id3559_97308b-3c alignnone wp-block-kadence-rowlayout\"><div class=\"kt-row-column-wrap kt-has-2-columns kt-row-layout-equal kt-tab-layout-inherit kt-mobile-layout-row kt-row-valign-top\">\n<style>.kadence-column3559_aacbd5-51 > .kt-inside-inner-col,.kadence-column3559_aacbd5-51 > .kt-inside-inner-col:before{border-top-left-radius:0px;border-top-right-radius:0px;border-bottom-right-radius:0px;border-bottom-left-radius:0px;}.kadence-column3559_aacbd5-51 > .kt-inside-inner-col{column-gap:var(--global-kb-gap-sm, 1rem);}.kadence-column3559_aacbd5-51 > .kt-inside-inner-col{flex-direction:column;}.kadence-column3559_aacbd5-51 > .kt-inside-inner-col > .aligncenter{width:100%;}.kadence-column3559_aacbd5-51 > .kt-inside-inner-col:before{opacity:0.3;}.kadence-column3559_aacbd5-51{position:relative;}@media all and (max-width: 1024px){.kadence-column3559_aacbd5-51 > .kt-inside-inner-col{flex-direction:column;justify-content:center;}}@media all and (max-width: 767px){.kadence-column3559_aacbd5-51 > .kt-inside-inner-col{flex-direction:column;justify-content:center;}}<\/style>\n<div class=\"wp-block-kadence-column kadence-column3559_aacbd5-51\"><div class=\"kt-inside-inner-col\">\n<h2 class=\"wp-block-heading\">Caract\u00e9ristiques techniques du fauteuil releveur confort 1 moteur<\/h2>\n\n\n\n<ul class=\"wp-block-list\">\n<li>Coloris : taupe<\/li>\n\n\n\n<li>Alimentation : Secteur 220V +\/- 10V&nbsp;<\/li>\n\n\n\n<li>Motorisation&nbsp;: 1 moteur<\/li>\n\n\n\n<li>Rev\u00eatement : Tissu velout\u00e9 polyester \/ viscose<\/li>\n\n\n\n<li>Poids maximum utilisateur&nbsp;: 130 kg<\/li>\n\n\n\n<li>Densit\u00e9 mousse assise&nbsp;: 25 kg\/m3<\/li>\n\n\n\n<li>Densit\u00e9 mousse dossier&nbsp;: 28 kg\/m3<\/li>\n\n\n\n<li>Densit\u00e9 mousse manchettes&nbsp;: 28kg\/m3<\/li>\n\n\n\n<li>Densit\u00e9 mousse repose-pieds : 20kg\/m3<\/li>\n\n\n\n<li>Largeur assise: 48 cm<\/li>\n\n\n\n<li>Hauteur assise: 48 cm<\/li>\n\n\n\n<li>Profondeur assise: 51 cm<\/li>\n\n\n\n<li>Profondeur totale: 88 cm<\/li>\n\n\n\n<li>Largeur totale: 73 cm<\/li>\n\n\n\n<li>Hauteur totale: 106 cm<\/li>\n\n\n\n<li><strong>Garantie: 2 ans<\/strong><\/li>\n\n\n\n<li><strong>Poids net fauteuil : 40KG<\/strong><\/li>\n<\/ul>\n<\/div><\/div>\n\n\n<style>.kadence-column3559_304384-a0 > .kt-inside-inner-col,.kadence-column3559_304384-a0 > .kt-inside-inner-col:before{border-top-left-radius:0px;border-top-right-radius:0px;border-bottom-right-radius:0px;border-bottom-left-radius:0px;}.kadence-column3559_304384-a0 > .kt-inside-inner-col{column-gap:var(--global-kb-gap-sm, 1rem);}.kadence-column3559_304384-a0 > .kt-inside-inner-col{flex-direction:column;}.kadence-column3559_304384-a0 > .kt-inside-inner-col > .aligncenter{width:100%;}.kadence-column3559_304384-a0 > .kt-inside-inner-col:before{opacity:0.3;}.kadence-column3559_304384-a0{position:relative;}@media all and (max-width: 1024px){.kadence-column3559_304384-a0 > .kt-inside-inner-col{flex-direction:column;justify-content:center;}}@media all and (max-width: 767px){.kadence-column3559_304384-a0 > .kt-inside-inner-col{flex-direction:column;justify-content:center;}}<\/style>\n<div class=\"wp-block-kadence-column kadence-column3559_304384-a0\"><div class=\"kt-inside-inner-col\"><\/div><\/div>\n\n<\/div><\/div>","protected":false},"excerpt":{"rendered":"<p>Retour FAUTEUIL RELEVEUR ECO CONFORT 1 MOTEUR FAUTEUIL RELEVEUR ECO CONFORT 1 MOTEUR &#8211; 449\u20acR\u00e9f\u00e9rence : 115269 Description du produit Le&nbsp;fauteuil releveur Eco&nbsp;confort vous aide \u00e0 vous&nbsp;asseoir&nbsp;et \u00e0 vous&nbsp;relever&nbsp;sans le moindre effort gr\u00e2ce \u00e0 sa motorisation puissante. R\u00e9glez \u00e0 l&rsquo;aide d&rsquo;une simple t\u00e9l\u00e9commande l&rsquo;inclinaison du fauteuil et choisissez la position id\u00e9ale adapt\u00e9e \u00e0 chaque moment&#8230;<\/p>\n","protected":false},"author":1,"featured_media":0,"parent":0,"menu_order":0,"comment_status":"closed","ping_status":"closed","template":"","meta":{"content-type":"","_kad_post_transparent":"","_kad_post_title":"hide","_kad_post_layout":"","_kad_post_sidebar_id":"","_kad_post_content_style":"","_kad_post_vertical_padding":"","_kad_post_feature":"","_kad_post_feature_position":"","_kad_post_header":false,"_kad_post_footer":false,"footnotes":""},"class_list":["post-3559","page","type-page","status-publish","hentry"],"_links":{"self":[{"href":"https:\/\/bastideparis.fr\/ro49090-ovh\/index.php\/wp-json\/wp\/v2\/pages\/3559","targetHints":{"allow":["GET"]}}],"collection":[{"href":"https:\/\/bastideparis.fr\/ro49090-ovh\/index.php\/wp-json\/wp\/v2\/pages"}],"about":[{"href":"https:\/\/bastideparis.fr\/ro49090-ovh\/index.php\/wp-json\/wp\/v2\/types\/page"}],"author":[{"embeddable":true,"href":"https:\/\/bastideparis.fr\/ro49090-ovh\/index.php\/wp-json\/wp\/v2\/users\/1"}],"replies":[{"embeddable":true,"href":"https:\/\/bastideparis.fr\/ro49090-ovh\/index.php\/wp-json\/wp\/v2\/comments?post=3559"}],"version-history":[{"count":2,"href":"https:\/\/bastideparis.fr\/ro49090-ovh\/index.php\/wp-json\/wp\/v2\/pages\/3559\/revisions"}],"predecessor-version":[{"id":4828,"href":"https:\/\/bastideparis.fr\/ro49090-ovh\/index.php\/wp-json\/wp\/v2\/pages\/3559\/revisions\/4828"}],"wp:attachment":[{"href":"https:\/\/bastideparis.fr\/ro49090-ovh\/index.php\/wp-json\/wp\/v2\/media?parent=3559"}],"curies":[{"name":"wp","href":"https:\/\/api.w.org\/{rel}","templated":true}]}}