{"id":3570,"date":"2024-05-29T15:33:28","date_gmt":"2024-05-29T13:33:28","guid":{"rendered":"https:\/\/bastideparis.fr\/ro49090-ovh\/?page_id=3570"},"modified":"2024-05-29T15:33:29","modified_gmt":"2024-05-29T13:33:29","slug":"fauteuil-releveur-le-bearnais-1-moteur","status":"publish","type":"page","link":"https:\/\/bastideparis.fr\/ro49090-ovh\/index.php\/fauteuil-releveur-le-bearnais-1-moteur\/","title":{"rendered":"Fauteuil releveur Le B\u00e9arnais 1 moteur"},"content":{"rendered":"\n<p><a href=\"https:\/\/bastideparis.fr\/ro49090-ovh\/index.php\/showroom-salon\/\">Retour<\/a><\/p>\n\n\n\n<p class=\"has-larger-font-size\">Fauteuil releveur Le B\u00e9arnais 1 moteur<\/p>\n\n\n<style>.kb-row-layout-id3570_d57f0d-c1 > .kt-row-column-wrap{align-content:start;}:where(.kb-row-layout-id3570_d57f0d-c1 > .kt-row-column-wrap) > .wp-block-kadence-column{justify-content:start;}.kb-row-layout-id3570_d57f0d-c1 > .kt-row-column-wrap{column-gap:var(--global-kb-gap-md, 2rem);row-gap:var(--global-kb-gap-md, 2rem);padding-top:var(--global-kb-spacing-sm, 1.5rem);padding-bottom:var(--global-kb-spacing-sm, 1.5rem);grid-template-columns:repeat(2, minmax(0, 1fr));}.kb-row-layout-id3570_d57f0d-c1 > .kt-row-layout-overlay{opacity:0.30;}@media all and (max-width: 1024px){.kb-row-layout-id3570_d57f0d-c1 > .kt-row-column-wrap{grid-template-columns:repeat(2, minmax(0, 1fr));}}@media all and (max-width: 767px){.kb-row-layout-id3570_d57f0d-c1 > .kt-row-column-wrap{grid-template-columns:minmax(0, 1fr);}}<\/style><div class=\"kb-row-layout-wrap kb-row-layout-id3570_d57f0d-c1 alignnone wp-block-kadence-rowlayout\"><div class=\"kt-row-column-wrap kt-has-2-columns kt-row-layout-equal kt-tab-layout-inherit kt-mobile-layout-row kt-row-valign-top\">\n<style>.kadence-column3570_fcb18a-a0 > .kt-inside-inner-col,.kadence-column3570_fcb18a-a0 > .kt-inside-inner-col:before{border-top-left-radius:0px;border-top-right-radius:0px;border-bottom-right-radius:0px;border-bottom-left-radius:0px;}.kadence-column3570_fcb18a-a0 > .kt-inside-inner-col{column-gap:var(--global-kb-gap-sm, 1rem);}.kadence-column3570_fcb18a-a0 > .kt-inside-inner-col{flex-direction:column;}.kadence-column3570_fcb18a-a0 > .kt-inside-inner-col > .aligncenter{width:100%;}.kadence-column3570_fcb18a-a0 > .kt-inside-inner-col:before{opacity:0.3;}.kadence-column3570_fcb18a-a0{position:relative;}@media all and (max-width: 1024px){.kadence-column3570_fcb18a-a0 > .kt-inside-inner-col{flex-direction:column;justify-content:center;}}@media all and (max-width: 767px){.kadence-column3570_fcb18a-a0 > .kt-inside-inner-col{flex-direction:column;justify-content:center;}}<\/style>\n<div class=\"wp-block-kadence-column kadence-column3570_fcb18a-a0\"><div class=\"kt-inside-inner-col\">\n<figure class=\"wp-block-image size-full\"><img loading=\"lazy\" decoding=\"async\" width=\"360\" height=\"360\" src=\"https:\/\/bastideparis.fr\/ro49090-ovh\/wp-content\/uploads\/2024\/02\/le-bearnais-1-motuer.webp\" alt=\"\" class=\"wp-image-2536\" srcset=\"https:\/\/bastideparis.fr\/ro49090-ovh\/wp-content\/uploads\/2024\/02\/le-bearnais-1-motuer.webp 360w, https:\/\/bastideparis.fr\/ro49090-ovh\/wp-content\/uploads\/2024\/02\/le-bearnais-1-motuer-300x300.webp 300w, https:\/\/bastideparis.fr\/ro49090-ovh\/wp-content\/uploads\/2024\/02\/le-bearnais-1-motuer-150x150.webp 150w\" sizes=\"auto, (max-width: 360px) 100vw, 360px\" \/><\/figure>\n<\/div><\/div>\n\n\n<style>.kadence-column3570_5526b8-15 > .kt-inside-inner-col,.kadence-column3570_5526b8-15 > .kt-inside-inner-col:before{border-top-left-radius:0px;border-top-right-radius:0px;border-bottom-right-radius:0px;border-bottom-left-radius:0px;}.kadence-column3570_5526b8-15 > .kt-inside-inner-col{column-gap:var(--global-kb-gap-sm, 1rem);}.kadence-column3570_5526b8-15 > .kt-inside-inner-col{flex-direction:column;}.kadence-column3570_5526b8-15 > .kt-inside-inner-col > .aligncenter{width:100%;}.kadence-column3570_5526b8-15 > .kt-inside-inner-col:before{opacity:0.3;}.kadence-column3570_5526b8-15{position:relative;}@media all and (max-width: 1024px){.kadence-column3570_5526b8-15 > .kt-inside-inner-col{flex-direction:column;justify-content:center;}}@media all and (max-width: 767px){.kadence-column3570_5526b8-15 > .kt-inside-inner-col{flex-direction:column;justify-content:center;}}<\/style>\n<div class=\"wp-block-kadence-column kadence-column3570_5526b8-15\"><div class=\"kt-inside-inner-col\">\n<p><strong>Fauteuil releveur \u00ab\u00a0LE B\u00c9ARNAIS 1 MOTEUR\u00a0\u00bb &#8211; 799\u20ac<br>R\u00e9f\u00e9rence 112809<\/strong><\/p>\n\n\n\n<h2 class=\"wp-block-heading\">Description du produit<\/h2>\n\n\n\n<p>Le fauteuil releveur Le B\u00e9arnais poss\u00e8de un rev\u00eatement en tissu polyester ainsi qu&rsquo;une assise basse.\u00a0Le releve jambe et le dossier s&rsquo;inclinent simultan\u00e9ment. S&rsquo;incline jusqu&rsquo;\u00e0\u00a0<strong>135\u00b0<\/strong>\u00a0et supporte au maximum\u00a0<strong>110 kg<\/strong>. Fauteuil \u00e9lectrique non-d\u00e9houssable, rev\u00eatement bi-ton et fabriqu\u00e9 en france. Matelas d&rsquo;assise en continu mousse assise Comfort Bultex.<br>Garantie de 2 ans. <\/p>\n<\/div><\/div>\n\n<\/div><\/div>\n\n<style>.kb-row-layout-id3570_b2c3a8-fe > .kt-row-column-wrap{align-content:start;}:where(.kb-row-layout-id3570_b2c3a8-fe > .kt-row-column-wrap) > .wp-block-kadence-column{justify-content:start;}.kb-row-layout-id3570_b2c3a8-fe > .kt-row-column-wrap{column-gap:var(--global-kb-gap-md, 2rem);row-gap:var(--global-kb-gap-md, 2rem);padding-top:var(--global-kb-spacing-sm, 1.5rem);padding-bottom:var(--global-kb-spacing-sm, 1.5rem);grid-template-columns:repeat(2, minmax(0, 1fr));}.kb-row-layout-id3570_b2c3a8-fe > .kt-row-layout-overlay{opacity:0.30;}@media all and (max-width: 1024px){.kb-row-layout-id3570_b2c3a8-fe > .kt-row-column-wrap{grid-template-columns:repeat(2, minmax(0, 1fr));}}@media all and (max-width: 767px){.kb-row-layout-id3570_b2c3a8-fe > .kt-row-column-wrap{grid-template-columns:minmax(0, 1fr);}}<\/style><div class=\"kb-row-layout-wrap kb-row-layout-id3570_b2c3a8-fe alignnone wp-block-kadence-rowlayout\"><div class=\"kt-row-column-wrap kt-has-2-columns kt-row-layout-equal kt-tab-layout-inherit kt-mobile-layout-row kt-row-valign-top\">\n<style>.kadence-column3570_f894e8-5f > .kt-inside-inner-col,.kadence-column3570_f894e8-5f > .kt-inside-inner-col:before{border-top-left-radius:0px;border-top-right-radius:0px;border-bottom-right-radius:0px;border-bottom-left-radius:0px;}.kadence-column3570_f894e8-5f > .kt-inside-inner-col{column-gap:var(--global-kb-gap-sm, 1rem);}.kadence-column3570_f894e8-5f > .kt-inside-inner-col{flex-direction:column;}.kadence-column3570_f894e8-5f > .kt-inside-inner-col > .aligncenter{width:100%;}.kadence-column3570_f894e8-5f > .kt-inside-inner-col:before{opacity:0.3;}.kadence-column3570_f894e8-5f{position:relative;}@media all and (max-width: 1024px){.kadence-column3570_f894e8-5f > .kt-inside-inner-col{flex-direction:column;justify-content:center;}}@media all and (max-width: 767px){.kadence-column3570_f894e8-5f > .kt-inside-inner-col{flex-direction:column;justify-content:center;}}<\/style>\n<div class=\"wp-block-kadence-column kadence-column3570_f894e8-5f\"><div class=\"kt-inside-inner-col\">\n<h2 class=\"wp-block-heading\">Un fauteuil relaxation de qualit\u00e9 fran\u00e7aise<\/h2>\n\n\n\n<p>Le fauteuil releveur Le B\u00e9arnais est issu d\u2019une&nbsp;<strong>fabrication fran\u00e7aise<\/strong>&nbsp;qui lui garantit une&nbsp;<strong>qualit\u00e9<\/strong>&nbsp;indiscutable. Sa structure int\u00e9rieure est compos\u00e9e d\u2019h\u00eatre massif et de panneaux de particules. La suspension de son assise et de son dossier sont en latex.<\/p>\n\n\n\n<h2 class=\"wp-block-heading\">Assise basse, Compact, et design<\/h2>\n\n\n\n<p>Ce fauteuil est parfait pour les\u00a0<strong>petits espaces<\/strong>\u00a0car son assise n\u2019exc\u00e8de pas les 46 cm. Son aspect bi-colore lui conf\u00e8re un look design et un charme particulier pour prendre place dans votre salon.<\/p>\n\n\n\n<p>Il n\u2019y a pas d\u2019espace entre le repose-jambe et l\u2019assise et les coussins ne se retirent pas de la structure, \u00e9vitant ainsi tout risque de glissement.<\/p>\n<\/div><\/div>\n\n\n<style>.kadence-column3570_30f6ec-a3 > .kt-inside-inner-col,.kadence-column3570_30f6ec-a3 > .kt-inside-inner-col:before{border-top-left-radius:0px;border-top-right-radius:0px;border-bottom-right-radius:0px;border-bottom-left-radius:0px;}.kadence-column3570_30f6ec-a3 > .kt-inside-inner-col{column-gap:var(--global-kb-gap-sm, 1rem);}.kadence-column3570_30f6ec-a3 > .kt-inside-inner-col{flex-direction:column;}.kadence-column3570_30f6ec-a3 > .kt-inside-inner-col > .aligncenter{width:100%;}.kadence-column3570_30f6ec-a3 > .kt-inside-inner-col:before{opacity:0.3;}.kadence-column3570_30f6ec-a3{position:relative;}@media all and (max-width: 1024px){.kadence-column3570_30f6ec-a3 > .kt-inside-inner-col{flex-direction:column;justify-content:center;}}@media all and (max-width: 767px){.kadence-column3570_30f6ec-a3 > .kt-inside-inner-col{flex-direction:column;justify-content:center;}}<\/style>\n<div class=\"wp-block-kadence-column kadence-column3570_30f6ec-a3\"><div class=\"kt-inside-inner-col\">\n<h2 class=\"wp-block-heading\">Caract\u00e9ristiques du fauteuil releveur Compact Tissu Le B\u00e9arnais<\/h2>\n\n\n\n<ul class=\"wp-block-list\">\n<li>Profondeur hors tout : 87 cm<\/li>\n\n\n\n<li>Largeur hors tout: 69 cm<\/li>\n\n\n\n<li>Hauteur hors tout: 106 cm<\/li>\n\n\n\n<li>Profondeur d\u2019assise: 52 cm<\/li>\n\n\n\n<li>Largeur d\u2019assise: 46 cm<\/li>\n\n\n\n<li>Hauteur d\u2019assise: 45 cm<\/li>\n\n\n\n<li>D\u00e9calage du mur :45 cm<\/li>\n\n\n\n<li>Densit\u00e9 de la mousse du dossier: 18 kg\/m3<\/li>\n\n\n\n<li>Densit\u00e9 de la mousse de l\u2019assise: 37 kg\/m3<\/li>\n\n\n\n<li>Poids maximum de l\u2019utilisateur: 110kg<\/li>\n\n\n\n<li>Couleur\u00a0: M\u00e9tal\/Ardoise<\/li>\n\n\n\n<li>Rev\u00eatement\u00a0: bi-ton polyester<\/li>\n\n\n\n<li>Poids du fauteuil\u00a0: 42 kg<\/li>\n\n\n\n<li><strong>Garantie 2 ans<\/strong><\/li>\n<\/ul>\n\n\n<div class=\"wp-block-image\">\n<figure class=\"aligncenter\"><img decoding=\"async\" src=\"https:\/\/media.bastideleconfortmedical.com\/project\/resources\/img\/type8\/fauteuilfontainebleau_1.jpg\" alt=\"\"\/><\/figure>\n<\/div><\/div><\/div>\n\n<\/div><\/div>","protected":false},"excerpt":{"rendered":"<p>Retour Fauteuil releveur Le B\u00e9arnais 1 moteur Fauteuil releveur \u00ab\u00a0LE B\u00c9ARNAIS 1 MOTEUR\u00a0\u00bb &#8211; 799\u20acR\u00e9f\u00e9rence 112809 Description du produit Le fauteuil releveur Le B\u00e9arnais poss\u00e8de un rev\u00eatement en tissu polyester ainsi qu&rsquo;une assise basse.\u00a0Le releve jambe et le dossier s&rsquo;inclinent simultan\u00e9ment. S&rsquo;incline jusqu&rsquo;\u00e0\u00a0135\u00b0\u00a0et supporte au maximum\u00a0110 kg. Fauteuil \u00e9lectrique non-d\u00e9houssable, rev\u00eatement bi-ton et fabriqu\u00e9 en&#8230;<\/p>\n","protected":false},"author":1,"featured_media":0,"parent":0,"menu_order":0,"comment_status":"closed","ping_status":"closed","template":"","meta":{"content-type":"","_kad_post_transparent":"","_kad_post_title":"hide","_kad_post_layout":"","_kad_post_sidebar_id":"","_kad_post_content_style":"","_kad_post_vertical_padding":"","_kad_post_feature":"","_kad_post_feature_position":"","_kad_post_header":false,"_kad_post_footer":false,"footnotes":""},"class_list":["post-3570","page","type-page","status-publish","hentry"],"_links":{"self":[{"href":"https:\/\/bastideparis.fr\/ro49090-ovh\/index.php\/wp-json\/wp\/v2\/pages\/3570","targetHints":{"allow":["GET"]}}],"collection":[{"href":"https:\/\/bastideparis.fr\/ro49090-ovh\/index.php\/wp-json\/wp\/v2\/pages"}],"about":[{"href":"https:\/\/bastideparis.fr\/ro49090-ovh\/index.php\/wp-json\/wp\/v2\/types\/page"}],"author":[{"embeddable":true,"href":"https:\/\/bastideparis.fr\/ro49090-ovh\/index.php\/wp-json\/wp\/v2\/users\/1"}],"replies":[{"embeddable":true,"href":"https:\/\/bastideparis.fr\/ro49090-ovh\/index.php\/wp-json\/wp\/v2\/comments?post=3570"}],"version-history":[{"count":1,"href":"https:\/\/bastideparis.fr\/ro49090-ovh\/index.php\/wp-json\/wp\/v2\/pages\/3570\/revisions"}],"predecessor-version":[{"id":3571,"href":"https:\/\/bastideparis.fr\/ro49090-ovh\/index.php\/wp-json\/wp\/v2\/pages\/3570\/revisions\/3571"}],"wp:attachment":[{"href":"https:\/\/bastideparis.fr\/ro49090-ovh\/index.php\/wp-json\/wp\/v2\/media?parent=3570"}],"curies":[{"name":"wp","href":"https:\/\/api.w.org\/{rel}","templated":true}]}}