{"id":3573,"date":"2024-05-29T15:37:52","date_gmt":"2024-05-29T13:37:52","guid":{"rendered":"https:\/\/bastideparis.fr\/ro49090-ovh\/?page_id=3573"},"modified":"2024-05-29T15:37:52","modified_gmt":"2024-05-29T13:37:52","slug":"fauteuil-releveur-mini-nepal-niagara-1-moteur","status":"publish","type":"page","link":"https:\/\/bastideparis.fr\/ro49090-ovh\/index.php\/fauteuil-releveur-mini-nepal-niagara-1-moteur\/","title":{"rendered":"Fauteuil releveur Mini Nepal Niagara 1 moteur"},"content":{"rendered":"\n<p><a href=\"https:\/\/bastideparis.fr\/ro49090-ovh\/index.php\/showroom-salon\/\">Retour<\/a><\/p>\n\n\n\n<p class=\"has-larger-font-size\">Fauteuil releveur Mini Nepal Niagara 1 moteur<\/p>\n\n\n<style>.kb-row-layout-id3573_75fd6d-02 > .kt-row-column-wrap{align-content:center;}:where(.kb-row-layout-id3573_75fd6d-02 > .kt-row-column-wrap) > .wp-block-kadence-column{justify-content:center;}.kb-row-layout-id3573_75fd6d-02 > .kt-row-column-wrap{column-gap:var(--global-kb-gap-md, 2rem);row-gap:var(--global-kb-gap-md, 2rem);padding-top:var(--global-kb-spacing-sm, 1.5rem);padding-bottom:var(--global-kb-spacing-sm, 1.5rem);grid-template-columns:repeat(2, minmax(0, 1fr));}.kb-row-layout-id3573_75fd6d-02 > .kt-row-layout-overlay{opacity:0.30;}@media all and (max-width: 1024px){.kb-row-layout-id3573_75fd6d-02 > .kt-row-column-wrap{grid-template-columns:repeat(2, minmax(0, 1fr));}}@media all and (max-width: 767px){.kb-row-layout-id3573_75fd6d-02 > .kt-row-column-wrap{grid-template-columns:minmax(0, 1fr);}}<\/style><div class=\"kb-row-layout-wrap kb-row-layout-id3573_75fd6d-02 alignnone wp-block-kadence-rowlayout\"><div class=\"kt-row-column-wrap kt-has-2-columns kt-row-layout-equal kt-tab-layout-inherit kt-mobile-layout-row kt-row-valign-middle\">\n<style>.kadence-column3573_d159a8-8e > .kt-inside-inner-col,.kadence-column3573_d159a8-8e > .kt-inside-inner-col:before{border-top-left-radius:0px;border-top-right-radius:0px;border-bottom-right-radius:0px;border-bottom-left-radius:0px;}.kadence-column3573_d159a8-8e > .kt-inside-inner-col{column-gap:var(--global-kb-gap-sm, 1rem);}.kadence-column3573_d159a8-8e > .kt-inside-inner-col{flex-direction:column;}.kadence-column3573_d159a8-8e > .kt-inside-inner-col > .aligncenter{width:100%;}.kadence-column3573_d159a8-8e > .kt-inside-inner-col:before{opacity:0.3;}.kadence-column3573_d159a8-8e{position:relative;}@media all and (max-width: 1024px){.kadence-column3573_d159a8-8e > .kt-inside-inner-col{flex-direction:column;justify-content:center;}}@media all and (max-width: 767px){.kadence-column3573_d159a8-8e > .kt-inside-inner-col{flex-direction:column;justify-content:center;}}<\/style>\n<div class=\"wp-block-kadence-column kadence-column3573_d159a8-8e\"><div class=\"kt-inside-inner-col\">\n<figure class=\"wp-block-image size-full\"><img loading=\"lazy\" decoding=\"async\" width=\"360\" height=\"360\" src=\"https:\/\/bastideparis.fr\/ro49090-ovh\/wp-content\/uploads\/2024\/02\/Mini-nepal.webp\" alt=\"\" class=\"wp-image-2537\" srcset=\"https:\/\/bastideparis.fr\/ro49090-ovh\/wp-content\/uploads\/2024\/02\/Mini-nepal.webp 360w, https:\/\/bastideparis.fr\/ro49090-ovh\/wp-content\/uploads\/2024\/02\/Mini-nepal-300x300.webp 300w, https:\/\/bastideparis.fr\/ro49090-ovh\/wp-content\/uploads\/2024\/02\/Mini-nepal-150x150.webp 150w\" sizes=\"auto, (max-width: 360px) 100vw, 360px\" \/><\/figure>\n<\/div><\/div>\n\n\n<style>.kadence-column3573_5ad9bc-b0 > .kt-inside-inner-col,.kadence-column3573_5ad9bc-b0 > .kt-inside-inner-col:before{border-top-left-radius:0px;border-top-right-radius:0px;border-bottom-right-radius:0px;border-bottom-left-radius:0px;}.kadence-column3573_5ad9bc-b0 > .kt-inside-inner-col{column-gap:var(--global-kb-gap-sm, 1rem);}.kadence-column3573_5ad9bc-b0 > .kt-inside-inner-col{flex-direction:column;}.kadence-column3573_5ad9bc-b0 > .kt-inside-inner-col > .aligncenter{width:100%;}.kadence-column3573_5ad9bc-b0 > .kt-inside-inner-col:before{opacity:0.3;}.kadence-column3573_5ad9bc-b0{position:relative;}@media all and (max-width: 1024px){.kadence-column3573_5ad9bc-b0 > .kt-inside-inner-col{flex-direction:column;justify-content:center;}}@media all and (max-width: 767px){.kadence-column3573_5ad9bc-b0 > .kt-inside-inner-col{flex-direction:column;justify-content:center;}}<\/style>\n<div class=\"wp-block-kadence-column kadence-column3573_5ad9bc-b0\"><div class=\"kt-inside-inner-col\">\n<p><strong>Fauteuil releveur Mini Nepal Niagara 1 moteur &#8211; 999\u20ac<br>R\u00e9f\u00e9rence 115755<\/strong><\/p>\n\n\n\n<h2 class=\"wp-block-heading\">Description du produit<\/h2>\n\n\n\n<p>Le fauteuil releveur Mini poss\u00e8de un moteur et un rev\u00eatement polyester, ainsi qu&rsquo;une structure int\u00e9rieure en h\u00eatre massif qui lui conf\u00e8re\u00a0<strong>solidit\u00e9 et durabilit\u00e9<\/strong>.\u00a0 Sur ce\u00a0<strong>fauteuil relax<\/strong>\u00a0<strong>m\u00e9moire de forme<\/strong>\u00a0le rel\u00e8ve jambe et le dossier s&rsquo;inclinent simultan\u00e9ment.\u00a0 Son <strong>assise basse<\/strong>\u00a0supporte au maximum\u00a0<strong>100 kg<\/strong>. Fauteuil \u00e9lectrique non-d\u00e9houssable. <br>Garantie de 2 ans. <\/p>\n<\/div><\/div>\n\n<\/div><\/div>\n\n<style>.kb-row-layout-id3573_3e443f-68 > .kt-row-column-wrap{align-content:start;}:where(.kb-row-layout-id3573_3e443f-68 > .kt-row-column-wrap) > .wp-block-kadence-column{justify-content:start;}.kb-row-layout-id3573_3e443f-68 > .kt-row-column-wrap{column-gap:var(--global-kb-gap-md, 2rem);row-gap:var(--global-kb-gap-md, 2rem);padding-top:var(--global-kb-spacing-sm, 1.5rem);padding-bottom:var(--global-kb-spacing-sm, 1.5rem);grid-template-columns:repeat(2, minmax(0, 1fr));}.kb-row-layout-id3573_3e443f-68 > .kt-row-layout-overlay{opacity:0.30;}@media all and (max-width: 1024px){.kb-row-layout-id3573_3e443f-68 > .kt-row-column-wrap{grid-template-columns:repeat(2, minmax(0, 1fr));}}@media all and (max-width: 767px){.kb-row-layout-id3573_3e443f-68 > .kt-row-column-wrap{grid-template-columns:minmax(0, 1fr);}}<\/style><div class=\"kb-row-layout-wrap kb-row-layout-id3573_3e443f-68 alignnone wp-block-kadence-rowlayout\"><div class=\"kt-row-column-wrap kt-has-2-columns kt-row-layout-equal kt-tab-layout-inherit kt-mobile-layout-row kt-row-valign-top\">\n<style>.kadence-column3573_2d6fc9-e7 > .kt-inside-inner-col,.kadence-column3573_2d6fc9-e7 > .kt-inside-inner-col:before{border-top-left-radius:0px;border-top-right-radius:0px;border-bottom-right-radius:0px;border-bottom-left-radius:0px;}.kadence-column3573_2d6fc9-e7 > .kt-inside-inner-col{column-gap:var(--global-kb-gap-sm, 1rem);}.kadence-column3573_2d6fc9-e7 > .kt-inside-inner-col{flex-direction:column;}.kadence-column3573_2d6fc9-e7 > .kt-inside-inner-col > .aligncenter{width:100%;}.kadence-column3573_2d6fc9-e7 > .kt-inside-inner-col:before{opacity:0.3;}.kadence-column3573_2d6fc9-e7{position:relative;}@media all and (max-width: 1024px){.kadence-column3573_2d6fc9-e7 > .kt-inside-inner-col{flex-direction:column;justify-content:center;}}@media all and (max-width: 767px){.kadence-column3573_2d6fc9-e7 > .kt-inside-inner-col{flex-direction:column;justify-content:center;}}<\/style>\n<div class=\"wp-block-kadence-column kadence-column3573_2d6fc9-e7\"><div class=\"kt-inside-inner-col\">\n<h2 class=\"wp-block-heading\">Dimensions du fauteuil 1 moteur Mini<\/h2>\n\n\n\n<ul class=\"wp-block-list\">\n<li>Profondeur hors tout: 90 cm<\/li>\n\n\n\n<li>Largeur hors tout: 70 cm<\/li>\n\n\n\n<li>Hauteur hors tout: 98 cm<\/li>\n\n\n\n<li>Profondeur d\u2019assise: 46 cm<\/li>\n\n\n\n<li>Largeur d\u2019assise: 45 cm<\/li>\n\n\n\n<li>Hauteur d\u2019assise: 43 cm<\/li>\n\n\n\n<li>D\u00e9calage du mur : 38 cm<\/li>\n\n\n\n<li>Densit\u00e9 de la mousse: 37 kg\/m3<\/li>\n\n\n\n<li>Densit\u00e9 du dossier : fibres creuses<\/li>\n\n\n\n<li>Poids du fauteuil : 41 kg<\/li>\n\n\n\n<li>Poids max de l\u2019utilisateur: 100 kg<\/li>\n\n\n\n<li>Couleur\u00a0: Nepal Niagara<\/li>\n\n\n\n<li>Rev\u00eatement\u00a0: Polyester<\/li>\n\n\n\n<li><strong>Garantie 2 ans<\/strong><\/li>\n<\/ul>\n<\/div><\/div>\n\n\n<style>.kadence-column3573_a4eaa9-f7 > .kt-inside-inner-col,.kadence-column3573_a4eaa9-f7 > .kt-inside-inner-col:before{border-top-left-radius:0px;border-top-right-radius:0px;border-bottom-right-radius:0px;border-bottom-left-radius:0px;}.kadence-column3573_a4eaa9-f7 > .kt-inside-inner-col{column-gap:var(--global-kb-gap-sm, 1rem);}.kadence-column3573_a4eaa9-f7 > .kt-inside-inner-col{flex-direction:column;}.kadence-column3573_a4eaa9-f7 > .kt-inside-inner-col > .aligncenter{width:100%;}.kadence-column3573_a4eaa9-f7 > .kt-inside-inner-col:before{opacity:0.3;}.kadence-column3573_a4eaa9-f7{position:relative;}@media all and (max-width: 1024px){.kadence-column3573_a4eaa9-f7 > .kt-inside-inner-col{flex-direction:column;justify-content:center;}}@media all and (max-width: 767px){.kadence-column3573_a4eaa9-f7 > .kt-inside-inner-col{flex-direction:column;justify-content:center;}}<\/style>\n<div class=\"wp-block-kadence-column kadence-column3573_a4eaa9-f7\"><div class=\"kt-inside-inner-col\"><\/div><\/div>\n\n<\/div><\/div>","protected":false},"excerpt":{"rendered":"<p>Retour Fauteuil releveur Mini Nepal Niagara 1 moteur Fauteuil releveur Mini Nepal Niagara 1 moteur &#8211; 999\u20acR\u00e9f\u00e9rence 115755 Description du produit Le fauteuil releveur Mini poss\u00e8de un moteur et un rev\u00eatement polyester, ainsi qu&rsquo;une structure int\u00e9rieure en h\u00eatre massif qui lui conf\u00e8re\u00a0solidit\u00e9 et durabilit\u00e9.\u00a0 Sur ce\u00a0fauteuil relax\u00a0m\u00e9moire de forme\u00a0le rel\u00e8ve jambe et le dossier s&rsquo;inclinent&#8230;<\/p>\n","protected":false},"author":1,"featured_media":0,"parent":0,"menu_order":0,"comment_status":"closed","ping_status":"closed","template":"","meta":{"content-type":"","_kad_post_transparent":"","_kad_post_title":"hide","_kad_post_layout":"","_kad_post_sidebar_id":"","_kad_post_content_style":"","_kad_post_vertical_padding":"","_kad_post_feature":"","_kad_post_feature_position":"","_kad_post_header":false,"_kad_post_footer":false,"footnotes":""},"class_list":["post-3573","page","type-page","status-publish","hentry"],"_links":{"self":[{"href":"https:\/\/bastideparis.fr\/ro49090-ovh\/index.php\/wp-json\/wp\/v2\/pages\/3573","targetHints":{"allow":["GET"]}}],"collection":[{"href":"https:\/\/bastideparis.fr\/ro49090-ovh\/index.php\/wp-json\/wp\/v2\/pages"}],"about":[{"href":"https:\/\/bastideparis.fr\/ro49090-ovh\/index.php\/wp-json\/wp\/v2\/types\/page"}],"author":[{"embeddable":true,"href":"https:\/\/bastideparis.fr\/ro49090-ovh\/index.php\/wp-json\/wp\/v2\/users\/1"}],"replies":[{"embeddable":true,"href":"https:\/\/bastideparis.fr\/ro49090-ovh\/index.php\/wp-json\/wp\/v2\/comments?post=3573"}],"version-history":[{"count":1,"href":"https:\/\/bastideparis.fr\/ro49090-ovh\/index.php\/wp-json\/wp\/v2\/pages\/3573\/revisions"}],"predecessor-version":[{"id":3574,"href":"https:\/\/bastideparis.fr\/ro49090-ovh\/index.php\/wp-json\/wp\/v2\/pages\/3573\/revisions\/3574"}],"wp:attachment":[{"href":"https:\/\/bastideparis.fr\/ro49090-ovh\/index.php\/wp-json\/wp\/v2\/media?parent=3573"}],"curies":[{"name":"wp","href":"https:\/\/api.w.org\/{rel}","templated":true}]}}