{"id":3576,"date":"2024-05-30T18:24:09","date_gmt":"2024-05-30T16:24:09","guid":{"rendered":"https:\/\/bastideparis.fr\/ro49090-ovh\/?page_id=3576"},"modified":"2024-05-30T18:24:17","modified_gmt":"2024-05-30T16:24:17","slug":"fauteuil-le-gascon","status":"publish","type":"page","link":"https:\/\/bastideparis.fr\/ro49090-ovh\/index.php\/fauteuil-le-gascon\/","title":{"rendered":"FAUTEUIL LE GASCON"},"content":{"rendered":"\n<p><a href=\"https:\/\/bastideparis.fr\/ro49090-ovh\/index.php\/showroom-salon\/\">Retour<\/a><\/p>\n\n\n\n<p class=\"has-larger-font-size\">FAUTEUIL RELAX ELECTRIQUE \u00ab\u00a0LE GASCON\u00a0\u00bb<\/p>\n\n\n<style>.kb-row-layout-id3576_481929-e6 > .kt-row-column-wrap{align-content:center;}:where(.kb-row-layout-id3576_481929-e6 > .kt-row-column-wrap) > .wp-block-kadence-column{justify-content:center;}.kb-row-layout-id3576_481929-e6 > .kt-row-column-wrap{column-gap:var(--global-kb-gap-md, 2rem);row-gap:var(--global-kb-gap-md, 2rem);padding-top:var(--global-kb-spacing-sm, 1.5rem);padding-bottom:var(--global-kb-spacing-sm, 1.5rem);grid-template-columns:repeat(2, minmax(0, 1fr));}.kb-row-layout-id3576_481929-e6 > .kt-row-layout-overlay{opacity:0.30;}@media all and (max-width: 1024px){.kb-row-layout-id3576_481929-e6 > .kt-row-column-wrap{grid-template-columns:repeat(2, minmax(0, 1fr));}}@media all and (max-width: 767px){.kb-row-layout-id3576_481929-e6 > .kt-row-column-wrap{grid-template-columns:minmax(0, 1fr);}}<\/style><div class=\"kb-row-layout-wrap kb-row-layout-id3576_481929-e6 alignnone wp-block-kadence-rowlayout\"><div class=\"kt-row-column-wrap kt-has-2-columns kt-row-layout-equal kt-tab-layout-inherit kt-mobile-layout-row kt-row-valign-middle\">\n<style>.kadence-column3576_1a1c53-e9 > .kt-inside-inner-col,.kadence-column3576_1a1c53-e9 > .kt-inside-inner-col:before{border-top-left-radius:0px;border-top-right-radius:0px;border-bottom-right-radius:0px;border-bottom-left-radius:0px;}.kadence-column3576_1a1c53-e9 > .kt-inside-inner-col{column-gap:var(--global-kb-gap-sm, 1rem);}.kadence-column3576_1a1c53-e9 > .kt-inside-inner-col{flex-direction:column;}.kadence-column3576_1a1c53-e9 > .kt-inside-inner-col > .aligncenter{width:100%;}.kadence-column3576_1a1c53-e9 > .kt-inside-inner-col:before{opacity:0.3;}.kadence-column3576_1a1c53-e9{position:relative;}@media all and (max-width: 1024px){.kadence-column3576_1a1c53-e9 > .kt-inside-inner-col{flex-direction:column;justify-content:center;}}@media all and (max-width: 767px){.kadence-column3576_1a1c53-e9 > .kt-inside-inner-col{flex-direction:column;justify-content:center;}}<\/style>\n<div class=\"wp-block-kadence-column kadence-column3576_1a1c53-e9\"><div class=\"kt-inside-inner-col\">\n<figure class=\"wp-block-image size-full\"><img loading=\"lazy\" decoding=\"async\" width=\"360\" height=\"360\" src=\"https:\/\/bastideparis.fr\/ro49090-ovh\/wp-content\/uploads\/2024\/02\/le-gascon.webp\" alt=\"\" class=\"wp-image-2544\" srcset=\"https:\/\/bastideparis.fr\/ro49090-ovh\/wp-content\/uploads\/2024\/02\/le-gascon.webp 360w, https:\/\/bastideparis.fr\/ro49090-ovh\/wp-content\/uploads\/2024\/02\/le-gascon-300x300.webp 300w, https:\/\/bastideparis.fr\/ro49090-ovh\/wp-content\/uploads\/2024\/02\/le-gascon-150x150.webp 150w\" sizes=\"auto, (max-width: 360px) 100vw, 360px\" \/><\/figure>\n<\/div><\/div>\n\n\n<style>.kadence-column3576_52758f-cb > .kt-inside-inner-col,.kadence-column3576_52758f-cb > .kt-inside-inner-col:before{border-top-left-radius:0px;border-top-right-radius:0px;border-bottom-right-radius:0px;border-bottom-left-radius:0px;}.kadence-column3576_52758f-cb > .kt-inside-inner-col{column-gap:var(--global-kb-gap-sm, 1rem);}.kadence-column3576_52758f-cb > .kt-inside-inner-col{flex-direction:column;}.kadence-column3576_52758f-cb > .kt-inside-inner-col > .aligncenter{width:100%;}.kadence-column3576_52758f-cb > .kt-inside-inner-col:before{opacity:0.3;}.kadence-column3576_52758f-cb{position:relative;}@media all and (max-width: 1024px){.kadence-column3576_52758f-cb > .kt-inside-inner-col{flex-direction:column;justify-content:center;}}@media all and (max-width: 767px){.kadence-column3576_52758f-cb > .kt-inside-inner-col{flex-direction:column;justify-content:center;}}<\/style>\n<div class=\"wp-block-kadence-column kadence-column3576_52758f-cb\"><div class=\"kt-inside-inner-col\">\n<p><strong>FAUTEUIL RELAX ELECTRIQUE \u00ab\u00a0LE GASCON\u00a0\u00bb &#8211; 1249\u20ac<br>R\u00e9f\u00e9rence : 112140<\/strong><\/p>\n\n\n\n<h2 class=\"wp-block-heading\">Description du produit<\/h2>\n\n\n\n<p>Le\u00a0<strong>fauteuil releveur 1 moteur \u00ab\u00a0Le Gascon\u00a0\u00bb<\/strong>\u00a0est un fauteuil \u00e9lectrique de relaxation fabriqu\u00e9 en France. \u00a0Il dispose d\u2019une\u00a0<strong>grande largeur d\u2019assise<\/strong>\u00a0et d\u2019un<strong>\u00a0dossier inclinable \u00e0 130\u00b0<\/strong>. \u00a0R\u00e9sistant, ce fauteuil relax\u00a0<strong>grande taille<\/strong>\u00a0supporte un poids maximal de 160 kg.\u00a0Sur ce fauteuil relax le\u00a0<strong>releve jambe<\/strong>\u00a0et le\u00a0<strong>dossier s&rsquo;inclinent simultan\u00e9ment<\/strong>\u00a0. Fauteuil bariatrique<strong>\u00a0taille XXL<\/strong>, rev\u00eatement en tissu et microfibre disponible en couleur\u00a0<em>beige<\/em>\u00a0et\u00a0<em>vison<\/em>.\u00a0 Fauteuil \u00e9lectrique non-d\u00e9houssable, rev\u00eatement bi-ton, mousse assise Comfort Bultex.<br>Garantie de 2 ans. <\/p>\n<\/div><\/div>\n\n<\/div><\/div>\n\n<style>.kb-row-layout-id3576_3c57e8-80 > .kt-row-column-wrap{align-content:start;}:where(.kb-row-layout-id3576_3c57e8-80 > .kt-row-column-wrap) > .wp-block-kadence-column{justify-content:start;}.kb-row-layout-id3576_3c57e8-80 > .kt-row-column-wrap{column-gap:var(--global-kb-gap-md, 2rem);row-gap:var(--global-kb-gap-md, 2rem);padding-top:var(--global-kb-spacing-sm, 1.5rem);padding-bottom:var(--global-kb-spacing-sm, 1.5rem);grid-template-columns:repeat(2, minmax(0, 1fr));}.kb-row-layout-id3576_3c57e8-80 > .kt-row-layout-overlay{opacity:0.30;}@media all and (max-width: 1024px){.kb-row-layout-id3576_3c57e8-80 > .kt-row-column-wrap{grid-template-columns:repeat(2, minmax(0, 1fr));}}@media all and (max-width: 767px){.kb-row-layout-id3576_3c57e8-80 > .kt-row-column-wrap{grid-template-columns:minmax(0, 1fr);}}<\/style><div class=\"kb-row-layout-wrap kb-row-layout-id3576_3c57e8-80 alignnone wp-block-kadence-rowlayout\"><div class=\"kt-row-column-wrap kt-has-2-columns kt-row-layout-equal kt-tab-layout-inherit kt-mobile-layout-row kt-row-valign-top\">\n<style>.kadence-column3576_c29608-7c > .kt-inside-inner-col,.kadence-column3576_c29608-7c > .kt-inside-inner-col:before{border-top-left-radius:0px;border-top-right-radius:0px;border-bottom-right-radius:0px;border-bottom-left-radius:0px;}.kadence-column3576_c29608-7c > .kt-inside-inner-col{column-gap:var(--global-kb-gap-sm, 1rem);}.kadence-column3576_c29608-7c > .kt-inside-inner-col{flex-direction:column;}.kadence-column3576_c29608-7c > .kt-inside-inner-col > .aligncenter{width:100%;}.kadence-column3576_c29608-7c > .kt-inside-inner-col:before{opacity:0.3;}.kadence-column3576_c29608-7c{position:relative;}@media all and (max-width: 1024px){.kadence-column3576_c29608-7c > .kt-inside-inner-col{flex-direction:column;justify-content:center;}}@media all and (max-width: 767px){.kadence-column3576_c29608-7c > .kt-inside-inner-col{flex-direction:column;justify-content:center;}}<\/style>\n<div class=\"wp-block-kadence-column kadence-column3576_c29608-7c\"><div class=\"kt-inside-inner-col\">\n<h2 class=\"wp-block-heading\">Fonctionnement du fauteuil releveur 1 moteur<\/h2>\n\n\n\n<p>Le&nbsp;<strong>fauteuil releveur 1 moteur Le Gascon<\/strong>&nbsp;permet de<strong>&nbsp;s\u2019assoir et de se relever sans effort<\/strong>&nbsp;et en toute s\u00e9curit\u00e9. Le&nbsp;<strong>fauteuil \u00e9lectrique de relaxation<\/strong>&nbsp;permet \u00e9galement de se d\u00e9tendre en position allong\u00e9e. Avec le fonctionnement 1 moteur, l\u2019assise et le rel\u00e8ve-jambe agissent en&nbsp;<strong>m\u00eame temps.<\/strong><\/p>\n\n\n\n<h2 class=\"wp-block-heading\">Un fauteuil&nbsp;de relaxation \u00e9lectrique&nbsp;Made in France<\/h2>\n\n\n\n<p>Le&nbsp;<strong>fauteuil de relaxation le Gascon<\/strong>&nbsp;dispose d\u2019un rev\u00eatement bi-ton sobre, particuli\u00e8rement \u00e9l\u00e9gant. Avec son&nbsp;<strong>assise couette matelass\u00e9e Bultex<\/strong>&nbsp;\u00e0 m\u00e9moire de forme, il vous apportera tout le confort que vous souhaitez.<\/p>\n<\/div><\/div>\n\n\n<style>.kadence-column3576_87cfb8-a2 > .kt-inside-inner-col,.kadence-column3576_87cfb8-a2 > .kt-inside-inner-col:before{border-top-left-radius:0px;border-top-right-radius:0px;border-bottom-right-radius:0px;border-bottom-left-radius:0px;}.kadence-column3576_87cfb8-a2 > .kt-inside-inner-col{column-gap:var(--global-kb-gap-sm, 1rem);}.kadence-column3576_87cfb8-a2 > .kt-inside-inner-col{flex-direction:column;}.kadence-column3576_87cfb8-a2 > .kt-inside-inner-col > .aligncenter{width:100%;}.kadence-column3576_87cfb8-a2 > .kt-inside-inner-col:before{opacity:0.3;}.kadence-column3576_87cfb8-a2{position:relative;}@media all and (max-width: 1024px){.kadence-column3576_87cfb8-a2 > .kt-inside-inner-col{flex-direction:column;justify-content:center;}}@media all and (max-width: 767px){.kadence-column3576_87cfb8-a2 > .kt-inside-inner-col{flex-direction:column;justify-content:center;}}<\/style>\n<div class=\"wp-block-kadence-column kadence-column3576_87cfb8-a2\"><div class=\"kt-inside-inner-col\">\n<h2 class=\"wp-block-heading\">Caract\u00e9ristiques du fauteuil&nbsp;relax de salon le Gascon<\/h2>\n\n\n\n<ul class=\"wp-block-list\">\n<li>Largeur d\u2019assise\u00a0: 55 cm<\/li>\n\n\n\n<li>Profondeur d\u2019assise\u00a0: 52 cm<\/li>\n\n\n\n<li>Hauteur d\u2019assise\u00a0: 47 cm<\/li>\n\n\n\n<li>Largeur totale\u00a0: 77 cm<\/li>\n\n\n\n<li>Profondeur totale\u00a0: 89 cm<\/li>\n\n\n\n<li>Hauteur totale\u00a0: 108 cm<\/li>\n\n\n\n<li>Poids maxi utilisateur\u00a0: 160 kg<\/li>\n\n\n\n<li>Mouvements multipositions avec dossier inclinable et repose-jambes int\u00e9gr\u00e9<\/li>\n\n\n\n<li>1 moteur<\/li>\n\n\n\n<li>Suspension assise\u00a0: lattes<\/li>\n\n\n\n<li>Mousse assise bi-mati\u00e8re\u00a0: Bultex 41kg\/m3 et mousse \u00e0 m\u00e9moire de forme<\/li>\n\n\n\n<li>Assise couette matelass\u00e9e<\/li>\n\n\n\n<li>Fabriqu\u00e9 en France<\/li>\n\n\n\n<li><strong>Garantie de 2 ans<\/strong><\/li>\n<\/ul>\n\n\n\n<figure class=\"wp-block-image\"><img decoding=\"async\" src=\"https:\/\/media.bastideleconfortmedical.com\/project\/resources\/img\/type8\/fauteuillegascon.jpg\" alt=\"\"\/><\/figure>\n<\/div><\/div>\n\n<\/div><\/div>","protected":false},"excerpt":{"rendered":"<p>Retour FAUTEUIL RELAX ELECTRIQUE \u00ab\u00a0LE GASCON\u00a0\u00bb FAUTEUIL RELAX ELECTRIQUE \u00ab\u00a0LE GASCON\u00a0\u00bb &#8211; 1249\u20acR\u00e9f\u00e9rence : 112140 Description du produit Le\u00a0fauteuil releveur 1 moteur \u00ab\u00a0Le Gascon\u00a0\u00bb\u00a0est un fauteuil \u00e9lectrique de relaxation fabriqu\u00e9 en France. \u00a0Il dispose d\u2019une\u00a0grande largeur d\u2019assise\u00a0et d\u2019un\u00a0dossier inclinable \u00e0 130\u00b0. \u00a0R\u00e9sistant, ce fauteuil relax\u00a0grande taille\u00a0supporte un poids maximal de 160 kg.\u00a0Sur ce fauteuil relax&#8230;<\/p>\n","protected":false},"author":1,"featured_media":0,"parent":0,"menu_order":0,"comment_status":"closed","ping_status":"closed","template":"","meta":{"content-type":"","_kad_post_transparent":"","_kad_post_title":"hide","_kad_post_layout":"","_kad_post_sidebar_id":"","_kad_post_content_style":"","_kad_post_vertical_padding":"","_kad_post_feature":"","_kad_post_feature_position":"","_kad_post_header":false,"_kad_post_footer":false,"footnotes":""},"class_list":["post-3576","page","type-page","status-publish","hentry"],"_links":{"self":[{"href":"https:\/\/bastideparis.fr\/ro49090-ovh\/index.php\/wp-json\/wp\/v2\/pages\/3576","targetHints":{"allow":["GET"]}}],"collection":[{"href":"https:\/\/bastideparis.fr\/ro49090-ovh\/index.php\/wp-json\/wp\/v2\/pages"}],"about":[{"href":"https:\/\/bastideparis.fr\/ro49090-ovh\/index.php\/wp-json\/wp\/v2\/types\/page"}],"author":[{"embeddable":true,"href":"https:\/\/bastideparis.fr\/ro49090-ovh\/index.php\/wp-json\/wp\/v2\/users\/1"}],"replies":[{"embeddable":true,"href":"https:\/\/bastideparis.fr\/ro49090-ovh\/index.php\/wp-json\/wp\/v2\/comments?post=3576"}],"version-history":[{"count":2,"href":"https:\/\/bastideparis.fr\/ro49090-ovh\/index.php\/wp-json\/wp\/v2\/pages\/3576\/revisions"}],"predecessor-version":[{"id":3578,"href":"https:\/\/bastideparis.fr\/ro49090-ovh\/index.php\/wp-json\/wp\/v2\/pages\/3576\/revisions\/3578"}],"wp:attachment":[{"href":"https:\/\/bastideparis.fr\/ro49090-ovh\/index.php\/wp-json\/wp\/v2\/media?parent=3576"}],"curies":[{"name":"wp","href":"https:\/\/api.w.org\/{rel}","templated":true}]}}