{"id":3585,"date":"2024-05-30T18:49:10","date_gmt":"2024-05-30T16:49:10","guid":{"rendered":"https:\/\/bastideparis.fr\/ro49090-ovh\/?page_id=3585"},"modified":"2024-05-30T18:49:11","modified_gmt":"2024-05-30T16:49:11","slug":"fauteuil-releveur-eco-confort-2-moteurs-gris","status":"publish","type":"page","link":"https:\/\/bastideparis.fr\/ro49090-ovh\/index.php\/fauteuil-releveur-eco-confort-2-moteurs-gris\/","title":{"rendered":"Fauteuil releveur Eco Confort 2 moteurs Gris"},"content":{"rendered":"\n<p><a href=\"https:\/\/bastideparis.fr\/ro49090-ovh\/index.php\/showroom-salon\/\">Retour<\/a><\/p>\n\n\n\n<p class=\"has-larger-font-size\">Fauteuil releveur Eco Confort 2 moteurs Gris<\/p>\n\n\n<style>.kb-row-layout-id3585_e97b0b-7c > .kt-row-column-wrap{align-content:start;}:where(.kb-row-layout-id3585_e97b0b-7c > .kt-row-column-wrap) > .wp-block-kadence-column{justify-content:start;}.kb-row-layout-id3585_e97b0b-7c > .kt-row-column-wrap{column-gap:var(--global-kb-gap-md, 2rem);row-gap:var(--global-kb-gap-md, 2rem);padding-top:var(--global-kb-spacing-sm, 1.5rem);padding-bottom:var(--global-kb-spacing-sm, 1.5rem);grid-template-columns:repeat(2, minmax(0, 1fr));}.kb-row-layout-id3585_e97b0b-7c > .kt-row-layout-overlay{opacity:0.30;}@media all and (max-width: 1024px){.kb-row-layout-id3585_e97b0b-7c > .kt-row-column-wrap{grid-template-columns:repeat(2, minmax(0, 1fr));}}@media all and (max-width: 767px){.kb-row-layout-id3585_e97b0b-7c > .kt-row-column-wrap{grid-template-columns:minmax(0, 1fr);}}<\/style><div class=\"kb-row-layout-wrap kb-row-layout-id3585_e97b0b-7c alignnone wp-block-kadence-rowlayout\"><div class=\"kt-row-column-wrap kt-has-2-columns kt-row-layout-equal kt-tab-layout-inherit kt-mobile-layout-row kt-row-valign-top\">\n<style>.kadence-column3585_7d326e-09 > .kt-inside-inner-col,.kadence-column3585_7d326e-09 > .kt-inside-inner-col:before{border-top-left-radius:0px;border-top-right-radius:0px;border-bottom-right-radius:0px;border-bottom-left-radius:0px;}.kadence-column3585_7d326e-09 > .kt-inside-inner-col{column-gap:var(--global-kb-gap-sm, 1rem);}.kadence-column3585_7d326e-09 > .kt-inside-inner-col{flex-direction:column;}.kadence-column3585_7d326e-09 > .kt-inside-inner-col > .aligncenter{width:100%;}.kadence-column3585_7d326e-09 > .kt-inside-inner-col:before{opacity:0.3;}.kadence-column3585_7d326e-09{position:relative;}@media all and (max-width: 1024px){.kadence-column3585_7d326e-09 > .kt-inside-inner-col{flex-direction:column;justify-content:center;}}@media all and (max-width: 767px){.kadence-column3585_7d326e-09 > .kt-inside-inner-col{flex-direction:column;justify-content:center;}}<\/style>\n<div class=\"wp-block-kadence-column kadence-column3585_7d326e-09\"><div class=\"kt-inside-inner-col\"><div class=\"wp-block-image\">\n<figure class=\"aligncenter size-full\"><img loading=\"lazy\" decoding=\"async\" width=\"360\" height=\"360\" src=\"https:\/\/bastideparis.fr\/ro49090-ovh\/wp-content\/uploads\/2024\/02\/eco-confort-2-moteurs-gris.webp\" alt=\"\" class=\"wp-image-2540\" srcset=\"https:\/\/bastideparis.fr\/ro49090-ovh\/wp-content\/uploads\/2024\/02\/eco-confort-2-moteurs-gris.webp 360w, https:\/\/bastideparis.fr\/ro49090-ovh\/wp-content\/uploads\/2024\/02\/eco-confort-2-moteurs-gris-300x300.webp 300w, https:\/\/bastideparis.fr\/ro49090-ovh\/wp-content\/uploads\/2024\/02\/eco-confort-2-moteurs-gris-150x150.webp 150w\" sizes=\"auto, (max-width: 360px) 100vw, 360px\" \/><\/figure>\n<\/div><\/div><\/div>\n\n\n<style>.kadence-column3585_92c1ec-f6 > .kt-inside-inner-col,.kadence-column3585_92c1ec-f6 > .kt-inside-inner-col:before{border-top-left-radius:0px;border-top-right-radius:0px;border-bottom-right-radius:0px;border-bottom-left-radius:0px;}.kadence-column3585_92c1ec-f6 > .kt-inside-inner-col{column-gap:var(--global-kb-gap-sm, 1rem);}.kadence-column3585_92c1ec-f6 > .kt-inside-inner-col{flex-direction:column;}.kadence-column3585_92c1ec-f6 > .kt-inside-inner-col > .aligncenter{width:100%;}.kadence-column3585_92c1ec-f6 > .kt-inside-inner-col:before{opacity:0.3;}.kadence-column3585_92c1ec-f6{position:relative;}@media all and (max-width: 1024px){.kadence-column3585_92c1ec-f6 > .kt-inside-inner-col{flex-direction:column;justify-content:center;}}@media all and (max-width: 767px){.kadence-column3585_92c1ec-f6 > .kt-inside-inner-col{flex-direction:column;justify-content:center;}}<\/style>\n<div class=\"wp-block-kadence-column kadence-column3585_92c1ec-f6\"><div class=\"kt-inside-inner-col\">\n<p><strong>Fauteuil releveur Eco Confort 2 moteurs Gris &#8211; 599\u20ac<br>R\u00e9f\u00e9rence : 115271<\/strong><\/p>\n\n\n\n<h2 class=\"wp-block-heading\">Description du produit<\/h2>\n\n\n\n<p>Le\u00a0<strong>fauteuil relax Eco confort 2 moteurs<\/strong>\u00a0permet de vous asseoir et de vous relever\u00a0<strong>sans effort<\/strong>. La t\u00e9l\u00e9commande permet de r\u00e9gler l&rsquo;inclinaison du fauteuil pour trouver la meilleure position. Le fauteuil relax Eco confort est un fauteuil de confort \u00e9lectrique 2 moteurs, le\u00a0<strong>rel\u00e8ve jambe<\/strong>\u00a0et le\u00a0<strong>dossier<\/strong>\u00a0s&rsquo;inclinent\u00a0<strong>s\u00e9par\u00e9ment<\/strong>. Ce fauteuil releveur poss\u00e8de une assise\u00a0<strong>tr\u00e8s confortable<\/strong>\u00a0et un rev\u00eatement en\u00a0polyester non d\u00e9houssable de couleur grise. Le fauteuil <strong>s&rsquo;incline \u00e0 135\u00b0<\/strong>\u00a0pour une position de\u00a0<strong>relaxation confortable<\/strong>\u00a0et peut supporter un poids maximum de 140 kg.<\/p>\n<\/div><\/div>\n\n<\/div><\/div>\n\n<style>.kb-row-layout-id3585_9d4ae9-9a > .kt-row-column-wrap{align-content:start;}:where(.kb-row-layout-id3585_9d4ae9-9a > .kt-row-column-wrap) > .wp-block-kadence-column{justify-content:start;}.kb-row-layout-id3585_9d4ae9-9a > .kt-row-column-wrap{column-gap:var(--global-kb-gap-md, 2rem);row-gap:var(--global-kb-gap-md, 2rem);padding-top:var(--global-kb-spacing-sm, 1.5rem);padding-bottom:var(--global-kb-spacing-sm, 1.5rem);grid-template-columns:repeat(2, minmax(0, 1fr));}.kb-row-layout-id3585_9d4ae9-9a > .kt-row-layout-overlay{opacity:0.30;}@media all and (max-width: 1024px){.kb-row-layout-id3585_9d4ae9-9a > .kt-row-column-wrap{grid-template-columns:repeat(2, minmax(0, 1fr));}}@media all and (max-width: 767px){.kb-row-layout-id3585_9d4ae9-9a > .kt-row-column-wrap{grid-template-columns:minmax(0, 1fr);}}<\/style><div class=\"kb-row-layout-wrap kb-row-layout-id3585_9d4ae9-9a alignnone wp-block-kadence-rowlayout\"><div class=\"kt-row-column-wrap kt-has-2-columns kt-row-layout-equal kt-tab-layout-inherit kt-mobile-layout-row kt-row-valign-top\">\n<style>.kadence-column3585_8b0913-56 > .kt-inside-inner-col,.kadence-column3585_8b0913-56 > .kt-inside-inner-col:before{border-top-left-radius:0px;border-top-right-radius:0px;border-bottom-right-radius:0px;border-bottom-left-radius:0px;}.kadence-column3585_8b0913-56 > .kt-inside-inner-col{column-gap:var(--global-kb-gap-sm, 1rem);}.kadence-column3585_8b0913-56 > .kt-inside-inner-col{flex-direction:column;}.kadence-column3585_8b0913-56 > .kt-inside-inner-col > .aligncenter{width:100%;}.kadence-column3585_8b0913-56 > .kt-inside-inner-col:before{opacity:0.3;}.kadence-column3585_8b0913-56{position:relative;}@media all and (max-width: 1024px){.kadence-column3585_8b0913-56 > .kt-inside-inner-col{flex-direction:column;justify-content:center;}}@media all and (max-width: 767px){.kadence-column3585_8b0913-56 > .kt-inside-inner-col{flex-direction:column;justify-content:center;}}<\/style>\n<div class=\"wp-block-kadence-column kadence-column3585_8b0913-56\"><div class=\"kt-inside-inner-col\">\n<h2 class=\"wp-block-heading\">Caract\u00e9ristiques techniques du fauteuil releveur 2 moteurs Eco Confort<\/h2>\n\n\n\n<ul class=\"wp-block-list\">\n<li>Profondeur hors tout\u00a0:\u00a0 \u00a089\u00a0 cm<\/li>\n\n\n\n<li>Largeur hors tout\u00a0:\u00a0 \u00a0 \u00a0 \u00a0 73 cm<\/li>\n\n\n\n<li>Hauteur hors tout\u00a0:\u00a0\u00a0\u00a0\u00a0\u00a0\u00a0 107 cm<\/li>\n\n\n\n<li>Profondeur d\u2019assise\u00a0:\u00a0 \u00a0 48 cm<\/li>\n\n\n\n<li>Largeur d\u2019assise\u00a0:\u00a0 \u00a0 \u00a0 \u00a0 \u00a050 cm<\/li>\n\n\n\n<li>Hauteur d\u2019assise\u00a0:\u00a0 \u00a0 \u00a0 \u00a0 \u00a047 cm<\/li>\n\n\n\n<li>Longueur totale incline : 170 cm<\/li>\n\n\n\n<li>Poids maximum\u00a0:\u00a0\u00a0\u00a0\u00a0\u00a0\u00a0\u00a0\u00a0 140kg<\/li>\n\n\n\n<li>Couleur\u00a0: Grise<\/li>\n\n\n\n<li>Rev\u00eatement\u00a0:\u00a0Polyester<\/li>\n\n\n\n<li>Poids du fauteuil\u00a0: 45 kg<\/li>\n\n\n\n<li><strong>Garantie\u00a0<\/strong>: 2 ans<\/li>\n<\/ul>\n<\/div><\/div>\n\n\n<style>.kadence-column3585_77ce9b-5a > .kt-inside-inner-col,.kadence-column3585_77ce9b-5a > .kt-inside-inner-col:before{border-top-left-radius:0px;border-top-right-radius:0px;border-bottom-right-radius:0px;border-bottom-left-radius:0px;}.kadence-column3585_77ce9b-5a > .kt-inside-inner-col{column-gap:var(--global-kb-gap-sm, 1rem);}.kadence-column3585_77ce9b-5a > .kt-inside-inner-col{flex-direction:column;}.kadence-column3585_77ce9b-5a > .kt-inside-inner-col > .aligncenter{width:100%;}.kadence-column3585_77ce9b-5a > .kt-inside-inner-col:before{opacity:0.3;}.kadence-column3585_77ce9b-5a{position:relative;}@media all and (max-width: 1024px){.kadence-column3585_77ce9b-5a > .kt-inside-inner-col{flex-direction:column;justify-content:center;}}@media all and (max-width: 767px){.kadence-column3585_77ce9b-5a > .kt-inside-inner-col{flex-direction:column;justify-content:center;}}<\/style>\n<div class=\"wp-block-kadence-column kadence-column3585_77ce9b-5a\"><div class=\"kt-inside-inner-col\"><\/div><\/div>\n\n<\/div><\/div>","protected":false},"excerpt":{"rendered":"<p>Retour Fauteuil releveur Eco Confort 2 moteurs Gris Fauteuil releveur Eco Confort 2 moteurs Gris &#8211; 599\u20acR\u00e9f\u00e9rence : 115271 Description du produit Le\u00a0fauteuil relax Eco confort 2 moteurs\u00a0permet de vous asseoir et de vous relever\u00a0sans effort. La t\u00e9l\u00e9commande permet de r\u00e9gler l&rsquo;inclinaison du fauteuil pour trouver la meilleure position. Le fauteuil relax Eco confort est&#8230;<\/p>\n","protected":false},"author":1,"featured_media":0,"parent":0,"menu_order":0,"comment_status":"closed","ping_status":"closed","template":"","meta":{"content-type":"","_kad_post_transparent":"","_kad_post_title":"hide","_kad_post_layout":"","_kad_post_sidebar_id":"","_kad_post_content_style":"","_kad_post_vertical_padding":"","_kad_post_feature":"","_kad_post_feature_position":"","_kad_post_header":false,"_kad_post_footer":false,"footnotes":""},"class_list":["post-3585","page","type-page","status-publish","hentry"],"_links":{"self":[{"href":"https:\/\/bastideparis.fr\/ro49090-ovh\/index.php\/wp-json\/wp\/v2\/pages\/3585","targetHints":{"allow":["GET"]}}],"collection":[{"href":"https:\/\/bastideparis.fr\/ro49090-ovh\/index.php\/wp-json\/wp\/v2\/pages"}],"about":[{"href":"https:\/\/bastideparis.fr\/ro49090-ovh\/index.php\/wp-json\/wp\/v2\/types\/page"}],"author":[{"embeddable":true,"href":"https:\/\/bastideparis.fr\/ro49090-ovh\/index.php\/wp-json\/wp\/v2\/users\/1"}],"replies":[{"embeddable":true,"href":"https:\/\/bastideparis.fr\/ro49090-ovh\/index.php\/wp-json\/wp\/v2\/comments?post=3585"}],"version-history":[{"count":1,"href":"https:\/\/bastideparis.fr\/ro49090-ovh\/index.php\/wp-json\/wp\/v2\/pages\/3585\/revisions"}],"predecessor-version":[{"id":3586,"href":"https:\/\/bastideparis.fr\/ro49090-ovh\/index.php\/wp-json\/wp\/v2\/pages\/3585\/revisions\/3586"}],"wp:attachment":[{"href":"https:\/\/bastideparis.fr\/ro49090-ovh\/index.php\/wp-json\/wp\/v2\/media?parent=3585"}],"curies":[{"name":"wp","href":"https:\/\/api.w.org\/{rel}","templated":true}]}}