{"id":3591,"date":"2024-05-30T19:04:58","date_gmt":"2024-05-30T17:04:58","guid":{"rendered":"https:\/\/bastideparis.fr\/ro49090-ovh\/?page_id=3591"},"modified":"2024-05-30T19:04:59","modified_gmt":"2024-05-30T17:04:59","slug":"fauteuil-relax-electrique-2-moteurs-le-francais","status":"publish","type":"page","link":"https:\/\/bastideparis.fr\/ro49090-ovh\/index.php\/fauteuil-relax-electrique-2-moteurs-le-francais\/","title":{"rendered":"Fauteuil relax \u00e9lectrique 2 moteurs Le Fran\u00e7ais"},"content":{"rendered":"\n<p><a href=\"https:\/\/bastideparis.fr\/ro49090-ovh\/index.php\/showroom-salon\/\">Retour<\/a><\/p>\n\n\n\n<p class=\"has-larger-font-size\">Fauteuil relax \u00e9lectrique 2 moteurs Le Fran\u00e7ais<\/p>\n\n\n<style>.kb-row-layout-id3591_61b349-6c > .kt-row-column-wrap{align-content:start;}:where(.kb-row-layout-id3591_61b349-6c > .kt-row-column-wrap) > .wp-block-kadence-column{justify-content:start;}.kb-row-layout-id3591_61b349-6c > .kt-row-column-wrap{column-gap:var(--global-kb-gap-md, 2rem);row-gap:var(--global-kb-gap-md, 2rem);padding-top:var(--global-kb-spacing-sm, 1.5rem);padding-bottom:var(--global-kb-spacing-sm, 1.5rem);grid-template-columns:repeat(2, minmax(0, 1fr));}.kb-row-layout-id3591_61b349-6c > .kt-row-layout-overlay{opacity:0.30;}@media all and (max-width: 1024px){.kb-row-layout-id3591_61b349-6c > .kt-row-column-wrap{grid-template-columns:repeat(2, minmax(0, 1fr));}}@media all and (max-width: 767px){.kb-row-layout-id3591_61b349-6c > .kt-row-column-wrap{grid-template-columns:minmax(0, 1fr);}}<\/style><div class=\"kb-row-layout-wrap kb-row-layout-id3591_61b349-6c alignnone wp-block-kadence-rowlayout\"><div class=\"kt-row-column-wrap kt-has-2-columns kt-row-layout-equal kt-tab-layout-inherit kt-mobile-layout-row kt-row-valign-top\">\n<style>.kadence-column3591_4ec19f-45 > .kt-inside-inner-col,.kadence-column3591_4ec19f-45 > .kt-inside-inner-col:before{border-top-left-radius:0px;border-top-right-radius:0px;border-bottom-right-radius:0px;border-bottom-left-radius:0px;}.kadence-column3591_4ec19f-45 > .kt-inside-inner-col{column-gap:var(--global-kb-gap-sm, 1rem);}.kadence-column3591_4ec19f-45 > .kt-inside-inner-col{flex-direction:column;}.kadence-column3591_4ec19f-45 > .kt-inside-inner-col > .aligncenter{width:100%;}.kadence-column3591_4ec19f-45 > .kt-inside-inner-col:before{opacity:0.3;}.kadence-column3591_4ec19f-45{position:relative;}@media all and (max-width: 1024px){.kadence-column3591_4ec19f-45 > .kt-inside-inner-col{flex-direction:column;justify-content:center;}}@media all and (max-width: 767px){.kadence-column3591_4ec19f-45 > .kt-inside-inner-col{flex-direction:column;justify-content:center;}}<\/style>\n<div class=\"wp-block-kadence-column kadence-column3591_4ec19f-45\"><div class=\"kt-inside-inner-col\"><div class=\"wp-block-image\">\n<figure class=\"aligncenter size-full\"><img loading=\"lazy\" decoding=\"async\" width=\"360\" height=\"360\" src=\"https:\/\/bastideparis.fr\/ro49090-ovh\/wp-content\/uploads\/2024\/02\/le-francais.webp\" alt=\"\" class=\"wp-image-2543\" srcset=\"https:\/\/bastideparis.fr\/ro49090-ovh\/wp-content\/uploads\/2024\/02\/le-francais.webp 360w, https:\/\/bastideparis.fr\/ro49090-ovh\/wp-content\/uploads\/2024\/02\/le-francais-300x300.webp 300w, https:\/\/bastideparis.fr\/ro49090-ovh\/wp-content\/uploads\/2024\/02\/le-francais-150x150.webp 150w\" sizes=\"auto, (max-width: 360px) 100vw, 360px\" \/><\/figure>\n<\/div><\/div><\/div>\n\n\n<style>.kadence-column3591_bc66e5-a2 > .kt-inside-inner-col,.kadence-column3591_bc66e5-a2 > .kt-inside-inner-col:before{border-top-left-radius:0px;border-top-right-radius:0px;border-bottom-right-radius:0px;border-bottom-left-radius:0px;}.kadence-column3591_bc66e5-a2 > .kt-inside-inner-col{column-gap:var(--global-kb-gap-sm, 1rem);}.kadence-column3591_bc66e5-a2 > .kt-inside-inner-col{flex-direction:column;}.kadence-column3591_bc66e5-a2 > .kt-inside-inner-col > .aligncenter{width:100%;}.kadence-column3591_bc66e5-a2 > .kt-inside-inner-col:before{opacity:0.3;}.kadence-column3591_bc66e5-a2{position:relative;}@media all and (max-width: 1024px){.kadence-column3591_bc66e5-a2 > .kt-inside-inner-col{flex-direction:column;justify-content:center;}}@media all and (max-width: 767px){.kadence-column3591_bc66e5-a2 > .kt-inside-inner-col{flex-direction:column;justify-content:center;}}<\/style>\n<div class=\"wp-block-kadence-column kadence-column3591_bc66e5-a2\"><div class=\"kt-inside-inner-col\">\n<p><strong>Fauteuil relax \u00e9lectrique 2 moteurs Le Fran\u00e7ais &#8211; 1490\u20ac<br>R\u00e9f\u00e9rence : 111802<\/strong><\/p>\n\n\n\n<h2 class=\"wp-block-heading\">Description du produit<\/h2>\n\n\n\n<p>Le<strong>\u00a0fauteuil releveur 2 moteurs\u00a0<\/strong><em>Le Fran\u00e7ais<\/em><strong>,\u00a0<\/strong>est un<strong>\u00a0fauteuil \u00e9lectrique de relaxation\u00a0<\/strong>fabriqu\u00e9 en France<strong>.<\/strong>\u00a0Son assise Bultex \u00e0 m\u00e9moire de forme est tr\u00e8s confortable. Actionnez le rel\u00e8ve jambe et le dossier du fauteuil releveur 2 moteurs \u00e0 l\u2019aide d\u2019une simple t\u00e9l\u00e9commande ergonomique. Sa\u00a0<strong>structure ultra-r\u00e9sistante<\/strong>\u00a0supporte un poids maximal de 140 kg.\u00a0Sur ce fauteuil relax le rel\u00e8ve jambe et le dossier s&rsquo;inclinent s\u00e9par\u00e9ment. T\u00eati\u00e8re r\u00e9glable, rev\u00eatement en tissu et pvc disponible en couleur\u00a0<em>taupe<\/em>\u00a0et\u00a0<em>marron<\/em>. Fauteuil \u00e9lectrique non-d\u00e9houssable, t\u00eati\u00e8re r\u00e9glable et\u00a0<strong>fabriqu\u00e9 en france<\/strong>. <\/p>\n<\/div><\/div>\n\n<\/div><\/div>\n\n<style>.kb-row-layout-id3591_81f453-28 > .kt-row-column-wrap{align-content:center;}:where(.kb-row-layout-id3591_81f453-28 > .kt-row-column-wrap) > .wp-block-kadence-column{justify-content:center;}.kb-row-layout-id3591_81f453-28 > .kt-row-column-wrap{column-gap:var(--global-kb-gap-md, 2rem);row-gap:var(--global-kb-gap-md, 2rem);padding-top:var(--global-kb-spacing-sm, 1.5rem);padding-bottom:var(--global-kb-spacing-sm, 1.5rem);grid-template-columns:repeat(2, minmax(0, 1fr));}.kb-row-layout-id3591_81f453-28 > .kt-row-layout-overlay{opacity:0.30;}@media all and (max-width: 1024px){.kb-row-layout-id3591_81f453-28 > .kt-row-column-wrap{grid-template-columns:repeat(2, minmax(0, 1fr));}}@media all and (max-width: 767px){.kb-row-layout-id3591_81f453-28 > .kt-row-column-wrap{grid-template-columns:minmax(0, 1fr);}}<\/style><div class=\"kb-row-layout-wrap kb-row-layout-id3591_81f453-28 alignnone wp-block-kadence-rowlayout\"><div class=\"kt-row-column-wrap kt-has-2-columns kt-row-layout-equal kt-tab-layout-inherit kt-mobile-layout-row kt-row-valign-middle\">\n<style>.kadence-column3591_5d1d0a-64 > .kt-inside-inner-col,.kadence-column3591_5d1d0a-64 > .kt-inside-inner-col:before{border-top-left-radius:0px;border-top-right-radius:0px;border-bottom-right-radius:0px;border-bottom-left-radius:0px;}.kadence-column3591_5d1d0a-64 > .kt-inside-inner-col{column-gap:var(--global-kb-gap-sm, 1rem);}.kadence-column3591_5d1d0a-64 > .kt-inside-inner-col{flex-direction:column;}.kadence-column3591_5d1d0a-64 > .kt-inside-inner-col > .aligncenter{width:100%;}.kadence-column3591_5d1d0a-64 > .kt-inside-inner-col:before{opacity:0.3;}.kadence-column3591_5d1d0a-64{position:relative;}@media all and (max-width: 1024px){.kadence-column3591_5d1d0a-64 > .kt-inside-inner-col{flex-direction:column;justify-content:center;}}@media all and (max-width: 767px){.kadence-column3591_5d1d0a-64 > .kt-inside-inner-col{flex-direction:column;justify-content:center;}}<\/style>\n<div class=\"wp-block-kadence-column kadence-column3591_5d1d0a-64\"><div class=\"kt-inside-inner-col\">\n<h2 class=\"wp-block-heading\">CARACT\u00c9RISTIQUES DU FAUTEUIL \u00ab\u00a0Le Fran\u00e7ais\u00a0\u00bb<\/h2>\n\n\n\n<ul class=\"wp-block-list\">\n<li>Largeur d\u2019assise\u00a0: 51 cm<\/li>\n\n\n\n<li>Profondeur d\u2019assise\u00a0: 52 cm<\/li>\n\n\n\n<li>Hauteur d\u2019assise\u00a0: 47 cm<\/li>\n\n\n\n<li>Largeur totale\u00a0: 79 cm<\/li>\n\n\n\n<li>Hauteur\u00a0totale : 110 cm<\/li>\n\n\n\n<li>Profondeur totale\u00a0: 91 cm<\/li>\n\n\n\n<li>Poids max utilisateur\u00a0: 140 kg<\/li>\n\n\n\n<li>Motorisation : 2 moteurs<\/li>\n\n\n\n<li>T\u00eati\u00e8re r\u00e9glable<\/li>\n\n\n\n<li>Manchette PVC<\/li>\n\n\n\n<li>Assise mousse Bultex<\/li>\n\n\n\n<li>Dossier inclinable \u00e0\u00a0<strong>180\u00b0<\/strong><\/li>\n\n\n\n<li><strong>Garantie 2 ans<\/strong><\/li>\n<\/ul>\n<\/div><\/div>\n\n\n<style>.kadence-column3591_980d46-f1 > .kt-inside-inner-col,.kadence-column3591_980d46-f1 > .kt-inside-inner-col:before{border-top-left-radius:0px;border-top-right-radius:0px;border-bottom-right-radius:0px;border-bottom-left-radius:0px;}.kadence-column3591_980d46-f1 > .kt-inside-inner-col{column-gap:var(--global-kb-gap-sm, 1rem);}.kadence-column3591_980d46-f1 > .kt-inside-inner-col{flex-direction:column;}.kadence-column3591_980d46-f1 > .kt-inside-inner-col > .aligncenter{width:100%;}.kadence-column3591_980d46-f1 > .kt-inside-inner-col:before{opacity:0.3;}.kadence-column3591_980d46-f1{position:relative;}@media all and (max-width: 1024px){.kadence-column3591_980d46-f1 > .kt-inside-inner-col{flex-direction:column;justify-content:center;}}@media all and (max-width: 767px){.kadence-column3591_980d46-f1 > .kt-inside-inner-col{flex-direction:column;justify-content:center;}}<\/style>\n<div class=\"wp-block-kadence-column kadence-column3591_980d46-f1\"><div class=\"kt-inside-inner-col\"><div class=\"wp-block-image\">\n<figure class=\"aligncenter\"><img decoding=\"async\" src=\"https:\/\/media.bastideleconfortmedical.com\/project\/resources\/img\/type8\/fauteuillefrancais_1.jpg\" alt=\"\"\/><\/figure>\n<\/div><\/div><\/div>\n\n<\/div><\/div>","protected":false},"excerpt":{"rendered":"<p>Retour Fauteuil relax \u00e9lectrique 2 moteurs Le Fran\u00e7ais Fauteuil relax \u00e9lectrique 2 moteurs Le Fran\u00e7ais &#8211; 1490\u20acR\u00e9f\u00e9rence : 111802 Description du produit Le\u00a0fauteuil releveur 2 moteurs\u00a0Le Fran\u00e7ais,\u00a0est un\u00a0fauteuil \u00e9lectrique de relaxation\u00a0fabriqu\u00e9 en France.\u00a0Son assise Bultex \u00e0 m\u00e9moire de forme est tr\u00e8s confortable. Actionnez le rel\u00e8ve jambe et le dossier du fauteuil releveur 2 moteurs \u00e0&#8230;<\/p>\n","protected":false},"author":1,"featured_media":0,"parent":0,"menu_order":0,"comment_status":"closed","ping_status":"closed","template":"","meta":{"content-type":"","_kad_post_transparent":"","_kad_post_title":"hide","_kad_post_layout":"","_kad_post_sidebar_id":"","_kad_post_content_style":"","_kad_post_vertical_padding":"","_kad_post_feature":"","_kad_post_feature_position":"","_kad_post_header":false,"_kad_post_footer":false,"footnotes":""},"class_list":["post-3591","page","type-page","status-publish","hentry"],"_links":{"self":[{"href":"https:\/\/bastideparis.fr\/ro49090-ovh\/index.php\/wp-json\/wp\/v2\/pages\/3591","targetHints":{"allow":["GET"]}}],"collection":[{"href":"https:\/\/bastideparis.fr\/ro49090-ovh\/index.php\/wp-json\/wp\/v2\/pages"}],"about":[{"href":"https:\/\/bastideparis.fr\/ro49090-ovh\/index.php\/wp-json\/wp\/v2\/types\/page"}],"author":[{"embeddable":true,"href":"https:\/\/bastideparis.fr\/ro49090-ovh\/index.php\/wp-json\/wp\/v2\/users\/1"}],"replies":[{"embeddable":true,"href":"https:\/\/bastideparis.fr\/ro49090-ovh\/index.php\/wp-json\/wp\/v2\/comments?post=3591"}],"version-history":[{"count":1,"href":"https:\/\/bastideparis.fr\/ro49090-ovh\/index.php\/wp-json\/wp\/v2\/pages\/3591\/revisions"}],"predecessor-version":[{"id":3592,"href":"https:\/\/bastideparis.fr\/ro49090-ovh\/index.php\/wp-json\/wp\/v2\/pages\/3591\/revisions\/3592"}],"wp:attachment":[{"href":"https:\/\/bastideparis.fr\/ro49090-ovh\/index.php\/wp-json\/wp\/v2\/media?parent=3591"}],"curies":[{"name":"wp","href":"https:\/\/api.w.org\/{rel}","templated":true}]}}