{"id":3597,"date":"2024-05-30T19:31:11","date_gmt":"2024-05-30T17:31:11","guid":{"rendered":"https:\/\/bastideparis.fr\/ro49090-ovh\/?page_id=3597"},"modified":"2024-05-30T19:31:12","modified_gmt":"2024-05-30T17:31:12","slug":"fauteuil-releveur-compact-2-moteurs-le-catalan","status":"publish","type":"page","link":"https:\/\/bastideparis.fr\/ro49090-ovh\/index.php\/fauteuil-releveur-compact-2-moteurs-le-catalan\/","title":{"rendered":"Fauteuil releveur compact 2 moteurs Le Catalan"},"content":{"rendered":"\n<p><a href=\"https:\/\/bastideparis.fr\/ro49090-ovh\/index.php\/showroom-salon\/\">Retour<\/a><\/p>\n\n\n\n<p class=\"has-larger-font-size\">Fauteuil releveur compact 2 moteurs Le Catalan<\/p>\n\n\n<style>.kb-row-layout-id3597_8c1dc9-4d > .kt-row-column-wrap{align-content:start;}:where(.kb-row-layout-id3597_8c1dc9-4d > .kt-row-column-wrap) > .wp-block-kadence-column{justify-content:start;}.kb-row-layout-id3597_8c1dc9-4d > .kt-row-column-wrap{column-gap:var(--global-kb-gap-md, 2rem);row-gap:var(--global-kb-gap-md, 2rem);padding-top:var(--global-kb-spacing-sm, 1.5rem);padding-bottom:var(--global-kb-spacing-sm, 1.5rem);grid-template-columns:repeat(2, minmax(0, 1fr));}.kb-row-layout-id3597_8c1dc9-4d > .kt-row-layout-overlay{opacity:0.30;}@media all and (max-width: 1024px){.kb-row-layout-id3597_8c1dc9-4d > .kt-row-column-wrap{grid-template-columns:repeat(2, minmax(0, 1fr));}}@media all and (max-width: 767px){.kb-row-layout-id3597_8c1dc9-4d > .kt-row-column-wrap{grid-template-columns:minmax(0, 1fr);}}<\/style><div class=\"kb-row-layout-wrap kb-row-layout-id3597_8c1dc9-4d alignnone wp-block-kadence-rowlayout\"><div class=\"kt-row-column-wrap kt-has-2-columns kt-row-layout-equal kt-tab-layout-inherit kt-mobile-layout-row kt-row-valign-top\">\n<style>.kadence-column3597_07d817-26 > .kt-inside-inner-col,.kadence-column3597_07d817-26 > .kt-inside-inner-col:before{border-top-left-radius:0px;border-top-right-radius:0px;border-bottom-right-radius:0px;border-bottom-left-radius:0px;}.kadence-column3597_07d817-26 > .kt-inside-inner-col{column-gap:var(--global-kb-gap-sm, 1rem);}.kadence-column3597_07d817-26 > .kt-inside-inner-col{flex-direction:column;}.kadence-column3597_07d817-26 > .kt-inside-inner-col > .aligncenter{width:100%;}.kadence-column3597_07d817-26 > .kt-inside-inner-col:before{opacity:0.3;}.kadence-column3597_07d817-26{position:relative;}@media all and (max-width: 1024px){.kadence-column3597_07d817-26 > .kt-inside-inner-col{flex-direction:column;justify-content:center;}}@media all and (max-width: 767px){.kadence-column3597_07d817-26 > .kt-inside-inner-col{flex-direction:column;justify-content:center;}}<\/style>\n<div class=\"wp-block-kadence-column kadence-column3597_07d817-26\"><div class=\"kt-inside-inner-col\"><div class=\"wp-block-image\">\n<figure class=\"aligncenter size-full\"><img loading=\"lazy\" decoding=\"async\" width=\"360\" height=\"360\" src=\"https:\/\/bastideparis.fr\/ro49090-ovh\/wp-content\/uploads\/2024\/02\/le-catalan.webp\" alt=\"\" class=\"wp-image-2545\" srcset=\"https:\/\/bastideparis.fr\/ro49090-ovh\/wp-content\/uploads\/2024\/02\/le-catalan.webp 360w, https:\/\/bastideparis.fr\/ro49090-ovh\/wp-content\/uploads\/2024\/02\/le-catalan-300x300.webp 300w, https:\/\/bastideparis.fr\/ro49090-ovh\/wp-content\/uploads\/2024\/02\/le-catalan-150x150.webp 150w\" sizes=\"auto, (max-width: 360px) 100vw, 360px\" \/><\/figure>\n<\/div><\/div><\/div>\n\n\n<style>.kadence-column3597_f3d59a-dd > .kt-inside-inner-col,.kadence-column3597_f3d59a-dd > .kt-inside-inner-col:before{border-top-left-radius:0px;border-top-right-radius:0px;border-bottom-right-radius:0px;border-bottom-left-radius:0px;}.kadence-column3597_f3d59a-dd > .kt-inside-inner-col{column-gap:var(--global-kb-gap-sm, 1rem);}.kadence-column3597_f3d59a-dd > .kt-inside-inner-col{flex-direction:column;}.kadence-column3597_f3d59a-dd > .kt-inside-inner-col > .aligncenter{width:100%;}.kadence-column3597_f3d59a-dd > .kt-inside-inner-col:before{opacity:0.3;}.kadence-column3597_f3d59a-dd{position:relative;}@media all and (max-width: 1024px){.kadence-column3597_f3d59a-dd > .kt-inside-inner-col{flex-direction:column;justify-content:center;}}@media all and (max-width: 767px){.kadence-column3597_f3d59a-dd > .kt-inside-inner-col{flex-direction:column;justify-content:center;}}<\/style>\n<div class=\"wp-block-kadence-column kadence-column3597_f3d59a-dd\"><div class=\"kt-inside-inner-col\">\n<p><strong>Fauteuil releveur compact 2 moteurs Le Catalan &#8211; 1199\u20ac<br>R\u00e9f\u00e9rence : 117089<\/strong><\/p>\n\n\n\n<h2 class=\"wp-block-heading\">Description du produit<\/h2>\n\n\n\n<p>Le\u00a0<strong>fauteuil releveur \u00e9lectrique 2 moteurs Le Catalan<\/strong>\u00a0vous aide \u00e0 vous\u00a0<strong>asseoir<\/strong>\u00a0et \u00e0 vous\u00a0<strong>relever<\/strong>\u00a0sans le moindre effort.\u00a0 Sur ce fauteuil relax le\u00a0<strong>releve jambe<\/strong>\u00a0et le\u00a0<strong>dossier<\/strong>\u00a0s&rsquo;inclinent s\u00e9par\u00e9ment .\u00a0Rev\u00eatement en polyester disponible en couleur\u00a0<em>Nepal Indigo<\/em>. S&rsquo;incline jusqu&rsquo;\u00e0\u00a0<strong>135\u00b0<\/strong>\u00a0et supporte au maximum\u00a0<strong>110 kg<\/strong>. Fauteuil \u00e9lectrique non-d\u00e9houssable,\u00a0<strong>assise confort<\/strong>\u00a0et<strong>\u00a0excellent maintien<\/strong>. <br>Garanti 2 ans. <\/p>\n<\/div><\/div>\n\n<\/div><\/div>\n\n<style>.kb-row-layout-id3597_de74fb-e6 > .kt-row-column-wrap{align-content:start;}:where(.kb-row-layout-id3597_de74fb-e6 > .kt-row-column-wrap) > .wp-block-kadence-column{justify-content:start;}.kb-row-layout-id3597_de74fb-e6 > .kt-row-column-wrap{column-gap:var(--global-kb-gap-md, 2rem);row-gap:var(--global-kb-gap-md, 2rem);padding-top:var(--global-kb-spacing-sm, 1.5rem);padding-bottom:var(--global-kb-spacing-sm, 1.5rem);grid-template-columns:repeat(2, minmax(0, 1fr));}.kb-row-layout-id3597_de74fb-e6 > .kt-row-layout-overlay{opacity:0.30;}@media all and (max-width: 1024px){.kb-row-layout-id3597_de74fb-e6 > .kt-row-column-wrap{grid-template-columns:repeat(2, minmax(0, 1fr));}}@media all and (max-width: 767px){.kb-row-layout-id3597_de74fb-e6 > .kt-row-column-wrap{grid-template-columns:minmax(0, 1fr);}}<\/style><div class=\"kb-row-layout-wrap kb-row-layout-id3597_de74fb-e6 alignnone wp-block-kadence-rowlayout\"><div class=\"kt-row-column-wrap kt-has-2-columns kt-row-layout-equal kt-tab-layout-inherit kt-mobile-layout-row kt-row-valign-top\">\n<style>.kadence-column3597_5f6435-f9 > .kt-inside-inner-col,.kadence-column3597_5f6435-f9 > .kt-inside-inner-col:before{border-top-left-radius:0px;border-top-right-radius:0px;border-bottom-right-radius:0px;border-bottom-left-radius:0px;}.kadence-column3597_5f6435-f9 > .kt-inside-inner-col{column-gap:var(--global-kb-gap-sm, 1rem);}.kadence-column3597_5f6435-f9 > .kt-inside-inner-col{flex-direction:column;}.kadence-column3597_5f6435-f9 > .kt-inside-inner-col > .aligncenter{width:100%;}.kadence-column3597_5f6435-f9 > .kt-inside-inner-col:before{opacity:0.3;}.kadence-column3597_5f6435-f9{position:relative;}@media all and (max-width: 1024px){.kadence-column3597_5f6435-f9 > .kt-inside-inner-col{flex-direction:column;justify-content:center;}}@media all and (max-width: 767px){.kadence-column3597_5f6435-f9 > .kt-inside-inner-col{flex-direction:column;justify-content:center;}}<\/style>\n<div class=\"wp-block-kadence-column kadence-column3597_5f6435-f9\"><div class=\"kt-inside-inner-col\">\n<h2 class=\"wp-block-heading\">Un fauteuil relaxation de qualit\u00e9 fran\u00e7aise<\/h2>\n\n\n\n<p>Le<strong>&nbsp;fauteuil releveur Le Catalan<\/strong>&nbsp;est issu d\u2019une fabrication fran\u00e7aise qui lui garantit une qualit\u00e9 indiscutable. D\u00e9couvrez l&rsquo;\u00e9l\u00e9gance du confort avec notre fauteuil releveur, fi\u00e8rement fabriqu\u00e9 en France. Alliant artisanat d&rsquo;exception et innovation, ce fauteuil incarne le raffinement et la qualit\u00e9. Optez pour le luxe du \u00ab\u00a0Made in France\u00a0\u00bb et red\u00e9finissez votre espace de d\u00e9tente avec ce fauteuil qui marie parfaitement&nbsp;<strong>style, durabilit\u00e9 et savoir-faire fran\u00e7ais<\/strong>. Offrez-vous le meilleur du confort, con\u00e7u avec passion et fabriqu\u00e9 avec excellence.<\/p>\n<\/div><\/div>\n\n\n<style>.kadence-column3597_06a533-38 > .kt-inside-inner-col,.kadence-column3597_06a533-38 > .kt-inside-inner-col:before{border-top-left-radius:0px;border-top-right-radius:0px;border-bottom-right-radius:0px;border-bottom-left-radius:0px;}.kadence-column3597_06a533-38 > .kt-inside-inner-col{column-gap:var(--global-kb-gap-sm, 1rem);}.kadence-column3597_06a533-38 > .kt-inside-inner-col{flex-direction:column;}.kadence-column3597_06a533-38 > .kt-inside-inner-col > .aligncenter{width:100%;}.kadence-column3597_06a533-38 > .kt-inside-inner-col:before{opacity:0.3;}.kadence-column3597_06a533-38{position:relative;}@media all and (max-width: 1024px){.kadence-column3597_06a533-38 > .kt-inside-inner-col{flex-direction:column;justify-content:center;}}@media all and (max-width: 767px){.kadence-column3597_06a533-38 > .kt-inside-inner-col{flex-direction:column;justify-content:center;}}<\/style>\n<div class=\"wp-block-kadence-column kadence-column3597_06a533-38\"><div class=\"kt-inside-inner-col\">\n<h2 class=\"wp-block-heading\">Caract\u00e9ristiques techniques du fauteuil releveur \u00e9lectrique 2 moteurs<\/h2>\n\n\n\n<ul class=\"wp-block-list\">\n<li>Couleur\u00a0: Nepal Indigo Bleu<\/li>\n\n\n\n<li>Alimentation : Secteur 220V +\/- 10V\u00a0<\/li>\n\n\n\n<li>Motorisation\u00a0: 2 moteurs<\/li>\n\n\n\n<li>Rev\u00eatement : Microfibre gaufr\u00e9e 100% polyester<\/li>\n\n\n\n<li>Suspension : Sangle Latex<\/li>\n\n\n\n<li>Poids maximum utilisateur\u00a0: 110 kg<\/li>\n\n\n\n<li>Densit\u00e9 mousse assise\u00a0: 37 kg\/m3<\/li>\n\n\n\n<li>Densit\u00e9 mousse dossier\u00a0: 18 kg\/m3<\/li>\n\n\n\n<li>Largeur assise: 48 cm<\/li>\n\n\n\n<li>Hauteur assise: 46 cm<\/li>\n\n\n\n<li>Profondeur assise: 52 cm<\/li>\n\n\n\n<li>Profondeur totale: 88 cm<\/li>\n\n\n\n<li>Largeur totale: 71 cm<\/li>\n\n\n\n<li>Hauteur totale: 105 cm<\/li>\n\n\n\n<li><strong>Garantie: 2 ans<\/strong><\/li>\n\n\n\n<li><strong>Poids net 45KG<\/strong><\/li>\n<\/ul>\n<\/div><\/div>\n\n<\/div><\/div>","protected":false},"excerpt":{"rendered":"<p>Retour Fauteuil releveur compact 2 moteurs Le Catalan Fauteuil releveur compact 2 moteurs Le Catalan &#8211; 1199\u20acR\u00e9f\u00e9rence : 117089 Description du produit Le\u00a0fauteuil releveur \u00e9lectrique 2 moteurs Le Catalan\u00a0vous aide \u00e0 vous\u00a0asseoir\u00a0et \u00e0 vous\u00a0relever\u00a0sans le moindre effort.\u00a0 Sur ce fauteuil relax le\u00a0releve jambe\u00a0et le\u00a0dossier\u00a0s&rsquo;inclinent s\u00e9par\u00e9ment .\u00a0Rev\u00eatement en polyester disponible en couleur\u00a0Nepal Indigo. S&rsquo;incline jusqu&rsquo;\u00e0\u00a0135\u00b0\u00a0et supporte&#8230;<\/p>\n","protected":false},"author":1,"featured_media":0,"parent":0,"menu_order":0,"comment_status":"closed","ping_status":"closed","template":"","meta":{"content-type":"","_kad_post_transparent":"","_kad_post_title":"hide","_kad_post_layout":"","_kad_post_sidebar_id":"","_kad_post_content_style":"","_kad_post_vertical_padding":"","_kad_post_feature":"","_kad_post_feature_position":"","_kad_post_header":false,"_kad_post_footer":false,"footnotes":""},"class_list":["post-3597","page","type-page","status-publish","hentry"],"_links":{"self":[{"href":"https:\/\/bastideparis.fr\/ro49090-ovh\/index.php\/wp-json\/wp\/v2\/pages\/3597","targetHints":{"allow":["GET"]}}],"collection":[{"href":"https:\/\/bastideparis.fr\/ro49090-ovh\/index.php\/wp-json\/wp\/v2\/pages"}],"about":[{"href":"https:\/\/bastideparis.fr\/ro49090-ovh\/index.php\/wp-json\/wp\/v2\/types\/page"}],"author":[{"embeddable":true,"href":"https:\/\/bastideparis.fr\/ro49090-ovh\/index.php\/wp-json\/wp\/v2\/users\/1"}],"replies":[{"embeddable":true,"href":"https:\/\/bastideparis.fr\/ro49090-ovh\/index.php\/wp-json\/wp\/v2\/comments?post=3597"}],"version-history":[{"count":1,"href":"https:\/\/bastideparis.fr\/ro49090-ovh\/index.php\/wp-json\/wp\/v2\/pages\/3597\/revisions"}],"predecessor-version":[{"id":3598,"href":"https:\/\/bastideparis.fr\/ro49090-ovh\/index.php\/wp-json\/wp\/v2\/pages\/3597\/revisions\/3598"}],"wp:attachment":[{"href":"https:\/\/bastideparis.fr\/ro49090-ovh\/index.php\/wp-json\/wp\/v2\/media?parent=3597"}],"curies":[{"name":"wp","href":"https:\/\/api.w.org\/{rel}","templated":true}]}}