{"id":3600,"date":"2024-05-30T20:03:30","date_gmt":"2024-05-30T18:03:30","guid":{"rendered":"https:\/\/bastideparis.fr\/ro49090-ovh\/?page_id=3600"},"modified":"2024-05-30T20:33:52","modified_gmt":"2024-05-30T18:33:52","slug":"fauteuil-releveur-compact-4-moteurs","status":"publish","type":"page","link":"https:\/\/bastideparis.fr\/ro49090-ovh\/index.php\/fauteuil-releveur-compact-4-moteurs\/","title":{"rendered":"Fauteuil releveur Compact 4 moteurs"},"content":{"rendered":"\n<p><a href=\"https:\/\/bastideparis.fr\/ro49090-ovh\/index.php\/showroom-salon\/\">Retour<\/a><\/p>\n\n\n\n<p class=\"has-larger-font-size\">Fauteuil releveur Compact 4 moteurs<\/p>\n\n\n<style>.kb-row-layout-id3600_89d108-5a > .kt-row-column-wrap{align-content:start;}:where(.kb-row-layout-id3600_89d108-5a > .kt-row-column-wrap) > .wp-block-kadence-column{justify-content:start;}.kb-row-layout-id3600_89d108-5a > .kt-row-column-wrap{column-gap:var(--global-kb-gap-md, 2rem);row-gap:var(--global-kb-gap-md, 2rem);padding-top:var(--global-kb-spacing-sm, 1.5rem);padding-bottom:var(--global-kb-spacing-sm, 1.5rem);grid-template-columns:repeat(2, minmax(0, 1fr));}.kb-row-layout-id3600_89d108-5a > .kt-row-layout-overlay{opacity:0.30;}@media all and (max-width: 1024px){.kb-row-layout-id3600_89d108-5a > .kt-row-column-wrap{grid-template-columns:repeat(2, minmax(0, 1fr));}}@media all and (max-width: 767px){.kb-row-layout-id3600_89d108-5a > .kt-row-column-wrap{grid-template-columns:minmax(0, 1fr);}}<\/style><div class=\"kb-row-layout-wrap kb-row-layout-id3600_89d108-5a alignnone wp-block-kadence-rowlayout\"><div class=\"kt-row-column-wrap kt-has-2-columns kt-row-layout-equal kt-tab-layout-inherit kt-mobile-layout-row kt-row-valign-top\">\n<style>.kadence-column3600_18ff77-ce > .kt-inside-inner-col,.kadence-column3600_18ff77-ce > .kt-inside-inner-col:before{border-top-left-radius:0px;border-top-right-radius:0px;border-bottom-right-radius:0px;border-bottom-left-radius:0px;}.kadence-column3600_18ff77-ce > .kt-inside-inner-col{column-gap:var(--global-kb-gap-sm, 1rem);}.kadence-column3600_18ff77-ce > .kt-inside-inner-col{flex-direction:column;}.kadence-column3600_18ff77-ce > .kt-inside-inner-col > .aligncenter{width:100%;}.kadence-column3600_18ff77-ce > .kt-inside-inner-col:before{opacity:0.3;}.kadence-column3600_18ff77-ce{position:relative;}@media all and (max-width: 1024px){.kadence-column3600_18ff77-ce > .kt-inside-inner-col{flex-direction:column;justify-content:center;}}@media all and (max-width: 767px){.kadence-column3600_18ff77-ce > .kt-inside-inner-col{flex-direction:column;justify-content:center;}}<\/style>\n<div class=\"wp-block-kadence-column kadence-column3600_18ff77-ce\"><div class=\"kt-inside-inner-col\"><div class=\"wp-block-image\">\n<figure class=\"aligncenter size-full\"><img loading=\"lazy\" decoding=\"async\" width=\"317\" height=\"360\" src=\"https:\/\/bastideparis.fr\/ro49090-ovh\/wp-content\/uploads\/2024\/02\/compact-4-moteurs.webp\" alt=\"\" class=\"wp-image-2548\" srcset=\"https:\/\/bastideparis.fr\/ro49090-ovh\/wp-content\/uploads\/2024\/02\/compact-4-moteurs.webp 317w, https:\/\/bastideparis.fr\/ro49090-ovh\/wp-content\/uploads\/2024\/02\/compact-4-moteurs-264x300.webp 264w\" sizes=\"auto, (max-width: 317px) 100vw, 317px\" \/><\/figure>\n<\/div><\/div><\/div>\n\n\n<style>.kadence-column3600_6c451f-13 > .kt-inside-inner-col,.kadence-column3600_6c451f-13 > .kt-inside-inner-col:before{border-top-left-radius:0px;border-top-right-radius:0px;border-bottom-right-radius:0px;border-bottom-left-radius:0px;}.kadence-column3600_6c451f-13 > .kt-inside-inner-col{column-gap:var(--global-kb-gap-sm, 1rem);}.kadence-column3600_6c451f-13 > .kt-inside-inner-col{flex-direction:column;}.kadence-column3600_6c451f-13 > .kt-inside-inner-col > .aligncenter{width:100%;}.kadence-column3600_6c451f-13 > .kt-inside-inner-col:before{opacity:0.3;}.kadence-column3600_6c451f-13{position:relative;}@media all and (max-width: 1024px){.kadence-column3600_6c451f-13 > .kt-inside-inner-col{flex-direction:column;justify-content:center;}}@media all and (max-width: 767px){.kadence-column3600_6c451f-13 > .kt-inside-inner-col{flex-direction:column;justify-content:center;}}<\/style>\n<div class=\"wp-block-kadence-column kadence-column3600_6c451f-13\"><div class=\"kt-inside-inner-col\">\n<p><strong>Fauteuil releveur Compact 4 moteurs &#8211; 979\u20ac<br>R\u00e9f\u00e9rence : 114557<\/strong><\/p>\n\n\n\n<h2 class=\"wp-block-heading\">Un fauteuil compact et complet<\/h2>\n\n\n\n<p>Le fauteuil relax Compact 4 moteurs un fauteuil releveur\u00a0qui aide l\u2019utilisateur \u00e0 s\u2019assoir et \u00e0 se relever sans effort. Ces nombreux moteurs permettent de trouver la position la plus confortable et la plus adapt\u00e9e \u00e0 chacun en ajustant la hauteur des repose pieds, du dossier, de l&rsquo;appui lombaire ainsi que de la t\u00eati\u00e8re. \u00a0Sa petite taille, fait du fauteuil releveur 4 moteurs, un fauteuil compact, qui ne prend pas beaucoup de place dans votre int\u00e9rieur.<\/p>\n<\/div><\/div>\n\n<\/div><\/div>\n\n<style>.kb-row-layout-id3600_685cc1-2a > .kt-row-column-wrap{align-content:start;}:where(.kb-row-layout-id3600_685cc1-2a > .kt-row-column-wrap) > .wp-block-kadence-column{justify-content:start;}.kb-row-layout-id3600_685cc1-2a > .kt-row-column-wrap{column-gap:var(--global-kb-gap-md, 2rem);row-gap:var(--global-kb-gap-md, 2rem);padding-top:var(--global-kb-spacing-sm, 1.5rem);padding-bottom:var(--global-kb-spacing-sm, 1.5rem);grid-template-columns:repeat(2, minmax(0, 1fr));}.kb-row-layout-id3600_685cc1-2a > .kt-row-layout-overlay{opacity:0.30;}@media all and (max-width: 1024px){.kb-row-layout-id3600_685cc1-2a > .kt-row-column-wrap{grid-template-columns:repeat(2, minmax(0, 1fr));}}@media all and (max-width: 767px){.kb-row-layout-id3600_685cc1-2a > .kt-row-column-wrap{grid-template-columns:minmax(0, 1fr);}}<\/style><div class=\"kb-row-layout-wrap kb-row-layout-id3600_685cc1-2a alignnone wp-block-kadence-rowlayout\"><div class=\"kt-row-column-wrap kt-has-2-columns kt-row-layout-equal kt-tab-layout-inherit kt-mobile-layout-row kt-row-valign-top\">\n<style>.kadence-column3600_333251-e7 > .kt-inside-inner-col,.kadence-column3600_333251-e7 > .kt-inside-inner-col:before{border-top-left-radius:0px;border-top-right-radius:0px;border-bottom-right-radius:0px;border-bottom-left-radius:0px;}.kadence-column3600_333251-e7 > .kt-inside-inner-col{column-gap:var(--global-kb-gap-sm, 1rem);}.kadence-column3600_333251-e7 > .kt-inside-inner-col{flex-direction:column;}.kadence-column3600_333251-e7 > .kt-inside-inner-col > .aligncenter{width:100%;}.kadence-column3600_333251-e7 > .kt-inside-inner-col:before{opacity:0.3;}.kadence-column3600_333251-e7{position:relative;}@media all and (max-width: 1024px){.kadence-column3600_333251-e7 > .kt-inside-inner-col{flex-direction:column;justify-content:center;}}@media all and (max-width: 767px){.kadence-column3600_333251-e7 > .kt-inside-inner-col{flex-direction:column;justify-content:center;}}<\/style>\n<div class=\"wp-block-kadence-column kadence-column3600_333251-e7\"><div class=\"kt-inside-inner-col\">\n<h2 class=\"wp-block-heading\">Caract\u00e9ristiques techniques du fauteuil relax Compact 4 moteurs<\/h2>\n\n\n\n<ul class=\"wp-block-list\">\n<li>Largeur hors tout&nbsp;: 68.5 cm<\/li>\n\n\n\n<li>Profondeur hors tout&nbsp;: 94 cm<\/li>\n\n\n\n<li>Hauteur hors tout&nbsp;: 101 cm<\/li>\n\n\n\n<li>Largeur d\u2019assise&nbsp;: 45 cm<\/li>\n\n\n\n<li>Profondeur&nbsp;: 45 cm<\/li>\n\n\n\n<li>Hauteur&nbsp;: 45 cm<\/li>\n\n\n\n<li>Longueur totale inclin\u00e9&nbsp;: 175 cm<\/li>\n\n\n\n<li>Densit\u00e9 de la mousse&nbsp;: 30kg\/m3<\/li>\n\n\n\n<li>Rev\u00eatement microfibre<\/li>\n\n\n\n<li>Motorisation&nbsp;: 4 moteurs<\/li>\n\n\n\n<li>T\u00e9l\u00e9commande intuitive<\/li>\n\n\n\n<li>Poids max utilisateur&nbsp;: 136 kg<\/li>\n\n\n\n<li>Garantie&nbsp;: 2 ans<\/li>\n\n\n\n<li>Couleur&nbsp;: gris gunmetal<\/li>\n\n\n\n<li>Inclinaison&nbsp;: 135\u00b0<\/li>\n\n\n\n<li>Alimentation&nbsp;: sur secteur<\/li>\n<\/ul>\n<\/div><\/div>\n\n\n<style>.kadence-column3600_ab770d-c0 > .kt-inside-inner-col,.kadence-column3600_ab770d-c0 > .kt-inside-inner-col:before{border-top-left-radius:0px;border-top-right-radius:0px;border-bottom-right-radius:0px;border-bottom-left-radius:0px;}.kadence-column3600_ab770d-c0 > .kt-inside-inner-col{column-gap:var(--global-kb-gap-sm, 1rem);}.kadence-column3600_ab770d-c0 > .kt-inside-inner-col{flex-direction:column;}.kadence-column3600_ab770d-c0 > .kt-inside-inner-col > .aligncenter{width:100%;}.kadence-column3600_ab770d-c0 > .kt-inside-inner-col:before{opacity:0.3;}.kadence-column3600_ab770d-c0{position:relative;}@media all and (max-width: 1024px){.kadence-column3600_ab770d-c0 > .kt-inside-inner-col{flex-direction:column;justify-content:center;}}@media all and (max-width: 767px){.kadence-column3600_ab770d-c0 > .kt-inside-inner-col{flex-direction:column;justify-content:center;}}<\/style>\n<div class=\"wp-block-kadence-column kadence-column3600_ab770d-c0\"><div class=\"kt-inside-inner-col\"><\/div><\/div>\n\n<\/div><\/div>","protected":false},"excerpt":{"rendered":"<p>Retour Fauteuil releveur Compact 4 moteurs Fauteuil releveur Compact 4 moteurs &#8211; 979\u20acR\u00e9f\u00e9rence : 114557 Un fauteuil compact et complet Le fauteuil relax Compact 4 moteurs un fauteuil releveur\u00a0qui aide l\u2019utilisateur \u00e0 s\u2019assoir et \u00e0 se relever sans effort. Ces nombreux moteurs permettent de trouver la position la plus confortable et la plus adapt\u00e9e \u00e0&#8230;<\/p>\n","protected":false},"author":1,"featured_media":0,"parent":0,"menu_order":0,"comment_status":"closed","ping_status":"closed","template":"","meta":{"content-type":"","_kad_post_transparent":"","_kad_post_title":"hide","_kad_post_layout":"","_kad_post_sidebar_id":"","_kad_post_content_style":"","_kad_post_vertical_padding":"","_kad_post_feature":"","_kad_post_feature_position":"","_kad_post_header":false,"_kad_post_footer":false,"footnotes":""},"class_list":["post-3600","page","type-page","status-publish","hentry"],"_links":{"self":[{"href":"https:\/\/bastideparis.fr\/ro49090-ovh\/index.php\/wp-json\/wp\/v2\/pages\/3600","targetHints":{"allow":["GET"]}}],"collection":[{"href":"https:\/\/bastideparis.fr\/ro49090-ovh\/index.php\/wp-json\/wp\/v2\/pages"}],"about":[{"href":"https:\/\/bastideparis.fr\/ro49090-ovh\/index.php\/wp-json\/wp\/v2\/types\/page"}],"author":[{"embeddable":true,"href":"https:\/\/bastideparis.fr\/ro49090-ovh\/index.php\/wp-json\/wp\/v2\/users\/1"}],"replies":[{"embeddable":true,"href":"https:\/\/bastideparis.fr\/ro49090-ovh\/index.php\/wp-json\/wp\/v2\/comments?post=3600"}],"version-history":[{"count":2,"href":"https:\/\/bastideparis.fr\/ro49090-ovh\/index.php\/wp-json\/wp\/v2\/pages\/3600\/revisions"}],"predecessor-version":[{"id":3616,"href":"https:\/\/bastideparis.fr\/ro49090-ovh\/index.php\/wp-json\/wp\/v2\/pages\/3600\/revisions\/3616"}],"wp:attachment":[{"href":"https:\/\/bastideparis.fr\/ro49090-ovh\/index.php\/wp-json\/wp\/v2\/media?parent=3600"}],"curies":[{"name":"wp","href":"https:\/\/api.w.org\/{rel}","templated":true}]}}