{"id":3603,"date":"2024-05-30T20:08:12","date_gmt":"2024-05-30T18:08:12","guid":{"rendered":"https:\/\/bastideparis.fr\/ro49090-ovh\/?page_id=3603"},"modified":"2024-05-30T20:08:12","modified_gmt":"2024-05-30T18:08:12","slug":"fauteuil-releveur-confort-plus-4-moteurs","status":"publish","type":"page","link":"https:\/\/bastideparis.fr\/ro49090-ovh\/index.php\/fauteuil-releveur-confort-plus-4-moteurs\/","title":{"rendered":"Fauteuil releveur Confort Plus 4 moteurs"},"content":{"rendered":"\n<p><a href=\"https:\/\/bastideparis.fr\/ro49090-ovh\/index.php\/showroom-salon\/\">Retour<\/a><\/p>\n\n\n\n<p class=\"has-larger-font-size\">Fauteuil releveur Confort Plus 4 moteurs<\/p>\n\n\n<style>.kb-row-layout-id3603_9b56f9-b1 > .kt-row-column-wrap{align-content:start;}:where(.kb-row-layout-id3603_9b56f9-b1 > .kt-row-column-wrap) > .wp-block-kadence-column{justify-content:start;}.kb-row-layout-id3603_9b56f9-b1 > .kt-row-column-wrap{column-gap:var(--global-kb-gap-md, 2rem);row-gap:var(--global-kb-gap-md, 2rem);padding-top:var(--global-kb-spacing-sm, 1.5rem);padding-bottom:var(--global-kb-spacing-sm, 1.5rem);grid-template-columns:repeat(2, minmax(0, 1fr));}.kb-row-layout-id3603_9b56f9-b1 > .kt-row-layout-overlay{opacity:0.30;}@media all and (max-width: 1024px){.kb-row-layout-id3603_9b56f9-b1 > .kt-row-column-wrap{grid-template-columns:repeat(2, minmax(0, 1fr));}}@media all and (max-width: 767px){.kb-row-layout-id3603_9b56f9-b1 > .kt-row-column-wrap{grid-template-columns:minmax(0, 1fr);}}<\/style><div class=\"kb-row-layout-wrap kb-row-layout-id3603_9b56f9-b1 alignnone wp-block-kadence-rowlayout\"><div class=\"kt-row-column-wrap kt-has-2-columns kt-row-layout-equal kt-tab-layout-inherit kt-mobile-layout-row kt-row-valign-top\">\n<style>.kadence-column3603_7cf890-81 > .kt-inside-inner-col,.kadence-column3603_7cf890-81 > .kt-inside-inner-col:before{border-top-left-radius:0px;border-top-right-radius:0px;border-bottom-right-radius:0px;border-bottom-left-radius:0px;}.kadence-column3603_7cf890-81 > .kt-inside-inner-col{column-gap:var(--global-kb-gap-sm, 1rem);}.kadence-column3603_7cf890-81 > .kt-inside-inner-col{flex-direction:column;}.kadence-column3603_7cf890-81 > .kt-inside-inner-col > .aligncenter{width:100%;}.kadence-column3603_7cf890-81 > .kt-inside-inner-col:before{opacity:0.3;}.kadence-column3603_7cf890-81{position:relative;}@media all and (max-width: 1024px){.kadence-column3603_7cf890-81 > .kt-inside-inner-col{flex-direction:column;justify-content:center;}}@media all and (max-width: 767px){.kadence-column3603_7cf890-81 > .kt-inside-inner-col{flex-direction:column;justify-content:center;}}<\/style>\n<div class=\"wp-block-kadence-column kadence-column3603_7cf890-81\"><div class=\"kt-inside-inner-col\">\n<figure class=\"wp-block-image size-full\"><img loading=\"lazy\" decoding=\"async\" width=\"800\" height=\"800\" src=\"https:\/\/bastideparis.fr\/ro49090-ovh\/wp-content\/uploads\/2024\/01\/confort-4-moteurs.webp\" alt=\"\" class=\"wp-image-1914\" srcset=\"https:\/\/bastideparis.fr\/ro49090-ovh\/wp-content\/uploads\/2024\/01\/confort-4-moteurs.webp 800w, https:\/\/bastideparis.fr\/ro49090-ovh\/wp-content\/uploads\/2024\/01\/confort-4-moteurs-300x300.webp 300w, https:\/\/bastideparis.fr\/ro49090-ovh\/wp-content\/uploads\/2024\/01\/confort-4-moteurs-150x150.webp 150w, https:\/\/bastideparis.fr\/ro49090-ovh\/wp-content\/uploads\/2024\/01\/confort-4-moteurs-768x768.webp 768w\" sizes=\"auto, (max-width: 800px) 100vw, 800px\" \/><\/figure>\n<\/div><\/div>\n\n\n<style>.kadence-column3603_ed9184-f7 > .kt-inside-inner-col,.kadence-column3603_ed9184-f7 > .kt-inside-inner-col:before{border-top-left-radius:0px;border-top-right-radius:0px;border-bottom-right-radius:0px;border-bottom-left-radius:0px;}.kadence-column3603_ed9184-f7 > .kt-inside-inner-col{column-gap:var(--global-kb-gap-sm, 1rem);}.kadence-column3603_ed9184-f7 > .kt-inside-inner-col{flex-direction:column;}.kadence-column3603_ed9184-f7 > .kt-inside-inner-col > .aligncenter{width:100%;}.kadence-column3603_ed9184-f7 > .kt-inside-inner-col:before{opacity:0.3;}.kadence-column3603_ed9184-f7{position:relative;}@media all and (max-width: 1024px){.kadence-column3603_ed9184-f7 > .kt-inside-inner-col{flex-direction:column;justify-content:center;}}@media all and (max-width: 767px){.kadence-column3603_ed9184-f7 > .kt-inside-inner-col{flex-direction:column;justify-content:center;}}<\/style>\n<div class=\"wp-block-kadence-column kadence-column3603_ed9184-f7\"><div class=\"kt-inside-inner-col\">\n<p><strong>Fauteuil releveur Confort Plus 4 moteurs &#8211; 1199\u20ac<br>R\u00e9f\u00e9rence 112538<\/strong><\/p>\n\n\n\n<h2 class=\"wp-block-heading\">Description du produit<\/h2>\n\n\n\n<p>Le\u00a0<strong>fauteuil releveur<\/strong>\u00a0Confort plus 4 moteurs, vous aide \u00e0 vous asseoir et \u00e0 vous relever gr\u00e2ce \u00e0 sa motorisation puissante. Sur ce fauteuil relax\u00a0<strong>grande largeur<\/strong>\u00a0le\u00a0<strong>rel\u00e8ve jambe<\/strong>,le\u00a0<strong>dossier , la t\u00eati\u00e8re et la partie lombaire s&rsquo;inclinent s\u00e9par\u00e9ment<\/strong>. Int\u00e9gralement r\u00e9glable, rev\u00eatement en microfibre disponible en couleur gris.\u00a0S&rsquo;incline jusqu&rsquo;\u00e0\u00a0<strong>135\u00b0<\/strong>\u00a0et supporte au maximum\u00a0<strong>160 kg<\/strong>. Fauteuil \u00e9lectrique grande taille non-d\u00e9houssable,\u00a0<strong>taille XXL<\/strong>\u00a0et bariatrique. R\u00e9glage\u00a0<strong>t\u00eati\u00e8re \u00e9lectrique<\/strong>\u00a0et r\u00e9glage\u00a0<strong>lombaire \u00e9lectrique,<\/strong>\u00a0t\u00e9l\u00e9commande avec chargeur USB.<\/p>\n<\/div><\/div>\n\n<\/div><\/div>\n\n<style>.kb-row-layout-id3603_b7ad3c-22 > .kt-row-column-wrap{align-content:start;}:where(.kb-row-layout-id3603_b7ad3c-22 > .kt-row-column-wrap) > .wp-block-kadence-column{justify-content:start;}.kb-row-layout-id3603_b7ad3c-22 > .kt-row-column-wrap{column-gap:var(--global-kb-gap-md, 2rem);row-gap:var(--global-kb-gap-md, 2rem);padding-top:var(--global-kb-spacing-sm, 1.5rem);padding-bottom:var(--global-kb-spacing-sm, 1.5rem);grid-template-columns:repeat(2, minmax(0, 1fr));}.kb-row-layout-id3603_b7ad3c-22 > .kt-row-layout-overlay{opacity:0.30;}@media all and (max-width: 1024px){.kb-row-layout-id3603_b7ad3c-22 > .kt-row-column-wrap{grid-template-columns:repeat(2, minmax(0, 1fr));}}@media all and (max-width: 767px){.kb-row-layout-id3603_b7ad3c-22 > .kt-row-column-wrap{grid-template-columns:minmax(0, 1fr);}}<\/style><div class=\"kb-row-layout-wrap kb-row-layout-id3603_b7ad3c-22 alignnone wp-block-kadence-rowlayout\"><div class=\"kt-row-column-wrap kt-has-2-columns kt-row-layout-equal kt-tab-layout-inherit kt-mobile-layout-row kt-row-valign-top\">\n<style>.kadence-column3603_7e129a-48 > .kt-inside-inner-col,.kadence-column3603_7e129a-48 > .kt-inside-inner-col:before{border-top-left-radius:0px;border-top-right-radius:0px;border-bottom-right-radius:0px;border-bottom-left-radius:0px;}.kadence-column3603_7e129a-48 > .kt-inside-inner-col{column-gap:var(--global-kb-gap-sm, 1rem);}.kadence-column3603_7e129a-48 > .kt-inside-inner-col{flex-direction:column;}.kadence-column3603_7e129a-48 > .kt-inside-inner-col > .aligncenter{width:100%;}.kadence-column3603_7e129a-48 > .kt-inside-inner-col:before{opacity:0.3;}.kadence-column3603_7e129a-48{position:relative;}@media all and (max-width: 1024px){.kadence-column3603_7e129a-48 > .kt-inside-inner-col{flex-direction:column;justify-content:center;}}@media all and (max-width: 767px){.kadence-column3603_7e129a-48 > .kt-inside-inner-col{flex-direction:column;justify-content:center;}}<\/style>\n<div class=\"wp-block-kadence-column kadence-column3603_7e129a-48\"><div class=\"kt-inside-inner-col\">\n<h2 class=\"wp-block-heading\">Caract\u00e9ristiques techniques du fauteuil releveur 4 moteurs<\/h2>\n\n\n\n<ul class=\"wp-block-list\">\n<li>Largeur assise: 56 cm<\/li>\n\n\n\n<li>Hauteur assise: 49.5 cm<\/li>\n\n\n\n<li>Profondeur assise: 52 cm<\/li>\n\n\n\n<li>Profondeur totale: 100.5 cm<\/li>\n\n\n\n<li>Largeur totale: 79 cm<\/li>\n\n\n\n<li>Hauteur totale: 104 cm<\/li>\n\n\n\n<li>Longueur totale incline :180cm<\/li>\n\n\n\n<li>Distance au mur : 41cm<\/li>\n\n\n\n<li>Densit\u00e9 de la mousse : 30 kg\/m3<\/li>\n\n\n\n<li>Poids maximum : 160kg<\/li>\n\n\n\n<li>Couleur\u00a0: Gris<\/li>\n\n\n\n<li>Rev\u00eatement\u00a0: Microfibre<\/li>\n\n\n\n<li><strong>Garantie 2 ans<\/strong><\/li>\n<\/ul>\n<\/div><\/div>\n\n\n<style>.kadence-column3603_58ff1a-cd > .kt-inside-inner-col,.kadence-column3603_58ff1a-cd > .kt-inside-inner-col:before{border-top-left-radius:0px;border-top-right-radius:0px;border-bottom-right-radius:0px;border-bottom-left-radius:0px;}.kadence-column3603_58ff1a-cd > .kt-inside-inner-col{column-gap:var(--global-kb-gap-sm, 1rem);}.kadence-column3603_58ff1a-cd > .kt-inside-inner-col{flex-direction:column;}.kadence-column3603_58ff1a-cd > .kt-inside-inner-col > .aligncenter{width:100%;}.kadence-column3603_58ff1a-cd > .kt-inside-inner-col:before{opacity:0.3;}.kadence-column3603_58ff1a-cd{position:relative;}@media all and (max-width: 1024px){.kadence-column3603_58ff1a-cd > .kt-inside-inner-col{flex-direction:column;justify-content:center;}}@media all and (max-width: 767px){.kadence-column3603_58ff1a-cd > .kt-inside-inner-col{flex-direction:column;justify-content:center;}}<\/style>\n<div class=\"wp-block-kadence-column kadence-column3603_58ff1a-cd\"><div class=\"kt-inside-inner-col\"><div class=\"wp-block-image\">\n<figure class=\"aligncenter\"><img decoding=\"async\" src=\"https:\/\/media.bastideleconfortmedical.com\/project\/resources\/img\/type8\/fauteuilconfort4moteurs.jpg\" alt=\"\"\/><\/figure>\n<\/div><\/div><\/div>\n\n<\/div><\/div>","protected":false},"excerpt":{"rendered":"<p>Retour Fauteuil releveur Confort Plus 4 moteurs Fauteuil releveur Confort Plus 4 moteurs &#8211; 1199\u20acR\u00e9f\u00e9rence 112538 Description du produit Le\u00a0fauteuil releveur\u00a0Confort plus 4 moteurs, vous aide \u00e0 vous asseoir et \u00e0 vous relever gr\u00e2ce \u00e0 sa motorisation puissante. Sur ce fauteuil relax\u00a0grande largeur\u00a0le\u00a0rel\u00e8ve jambe,le\u00a0dossier , la t\u00eati\u00e8re et la partie lombaire s&rsquo;inclinent s\u00e9par\u00e9ment. Int\u00e9gralement r\u00e9glable,&#8230;<\/p>\n","protected":false},"author":1,"featured_media":0,"parent":0,"menu_order":0,"comment_status":"closed","ping_status":"closed","template":"","meta":{"content-type":"","_kad_post_transparent":"","_kad_post_title":"hide","_kad_post_layout":"","_kad_post_sidebar_id":"","_kad_post_content_style":"","_kad_post_vertical_padding":"","_kad_post_feature":"","_kad_post_feature_position":"","_kad_post_header":false,"_kad_post_footer":false,"footnotes":""},"class_list":["post-3603","page","type-page","status-publish","hentry"],"_links":{"self":[{"href":"https:\/\/bastideparis.fr\/ro49090-ovh\/index.php\/wp-json\/wp\/v2\/pages\/3603","targetHints":{"allow":["GET"]}}],"collection":[{"href":"https:\/\/bastideparis.fr\/ro49090-ovh\/index.php\/wp-json\/wp\/v2\/pages"}],"about":[{"href":"https:\/\/bastideparis.fr\/ro49090-ovh\/index.php\/wp-json\/wp\/v2\/types\/page"}],"author":[{"embeddable":true,"href":"https:\/\/bastideparis.fr\/ro49090-ovh\/index.php\/wp-json\/wp\/v2\/users\/1"}],"replies":[{"embeddable":true,"href":"https:\/\/bastideparis.fr\/ro49090-ovh\/index.php\/wp-json\/wp\/v2\/comments?post=3603"}],"version-history":[{"count":1,"href":"https:\/\/bastideparis.fr\/ro49090-ovh\/index.php\/wp-json\/wp\/v2\/pages\/3603\/revisions"}],"predecessor-version":[{"id":3604,"href":"https:\/\/bastideparis.fr\/ro49090-ovh\/index.php\/wp-json\/wp\/v2\/pages\/3603\/revisions\/3604"}],"wp:attachment":[{"href":"https:\/\/bastideparis.fr\/ro49090-ovh\/index.php\/wp-json\/wp\/v2\/media?parent=3603"}],"curies":[{"name":"wp","href":"https:\/\/api.w.org\/{rel}","templated":true}]}}