{"id":3606,"date":"2024-05-30T20:11:02","date_gmt":"2024-05-30T18:11:02","guid":{"rendered":"https:\/\/bastideparis.fr\/ro49090-ovh\/?page_id=3606"},"modified":"2024-05-30T20:11:02","modified_gmt":"2024-05-30T18:11:02","slug":"tetiere-pour-fauteuil-releveur-le-bearnais-et-lauvergnat","status":"publish","type":"page","link":"https:\/\/bastideparis.fr\/ro49090-ovh\/index.php\/tetiere-pour-fauteuil-releveur-le-bearnais-et-lauvergnat\/","title":{"rendered":"T\u00eati\u00e8re pour fauteuil releveur Le B\u00e9arnais et L&rsquo;Auvergnat"},"content":{"rendered":"\n<p><a href=\"https:\/\/bastideparis.fr\/ro49090-ovh\/index.php\/showroom-salon\/\">Retour<\/a><\/p>\n\n\n\n<p class=\"has-larger-font-size\">T\u00eati\u00e8re pour fauteuil releveur Le B\u00e9arnais et L&rsquo;Auvergnat<\/p>\n\n\n<style>.kb-row-layout-id3606_5bd551-60 > .kt-row-column-wrap{align-content:center;}:where(.kb-row-layout-id3606_5bd551-60 > .kt-row-column-wrap) > .wp-block-kadence-column{justify-content:center;}.kb-row-layout-id3606_5bd551-60 > .kt-row-column-wrap{column-gap:var(--global-kb-gap-md, 2rem);row-gap:var(--global-kb-gap-md, 2rem);padding-top:var(--global-kb-spacing-sm, 1.5rem);padding-bottom:var(--global-kb-spacing-sm, 1.5rem);grid-template-columns:repeat(2, minmax(0, 1fr));}.kb-row-layout-id3606_5bd551-60 > .kt-row-layout-overlay{opacity:0.30;}@media all and (max-width: 1024px){.kb-row-layout-id3606_5bd551-60 > .kt-row-column-wrap{grid-template-columns:repeat(2, minmax(0, 1fr));}}@media all and (max-width: 767px){.kb-row-layout-id3606_5bd551-60 > .kt-row-column-wrap{grid-template-columns:minmax(0, 1fr);}}<\/style><div class=\"kb-row-layout-wrap kb-row-layout-id3606_5bd551-60 alignnone wp-block-kadence-rowlayout\"><div class=\"kt-row-column-wrap kt-has-2-columns kt-row-layout-equal kt-tab-layout-inherit kt-mobile-layout-row kt-row-valign-middle\">\n<style>.kadence-column3606_b5b780-e4 > .kt-inside-inner-col,.kadence-column3606_b5b780-e4 > .kt-inside-inner-col:before{border-top-left-radius:0px;border-top-right-radius:0px;border-bottom-right-radius:0px;border-bottom-left-radius:0px;}.kadence-column3606_b5b780-e4 > .kt-inside-inner-col{column-gap:var(--global-kb-gap-sm, 1rem);}.kadence-column3606_b5b780-e4 > .kt-inside-inner-col{flex-direction:column;}.kadence-column3606_b5b780-e4 > .kt-inside-inner-col > .aligncenter{width:100%;}.kadence-column3606_b5b780-e4 > .kt-inside-inner-col:before{opacity:0.3;}.kadence-column3606_b5b780-e4{position:relative;}@media all and (max-width: 1024px){.kadence-column3606_b5b780-e4 > .kt-inside-inner-col{flex-direction:column;justify-content:center;}}@media all and (max-width: 767px){.kadence-column3606_b5b780-e4 > .kt-inside-inner-col{flex-direction:column;justify-content:center;}}<\/style>\n<div class=\"wp-block-kadence-column kadence-column3606_b5b780-e4\"><div class=\"kt-inside-inner-col\"><div class=\"wp-block-image\">\n<figure class=\"aligncenter size-full\"><img loading=\"lazy\" decoding=\"async\" width=\"360\" height=\"360\" src=\"https:\/\/bastideparis.fr\/ro49090-ovh\/wp-content\/uploads\/2024\/02\/tetiere-pour-fauteuil.webp\" alt=\"\" class=\"wp-image-2565\" srcset=\"https:\/\/bastideparis.fr\/ro49090-ovh\/wp-content\/uploads\/2024\/02\/tetiere-pour-fauteuil.webp 360w, https:\/\/bastideparis.fr\/ro49090-ovh\/wp-content\/uploads\/2024\/02\/tetiere-pour-fauteuil-300x300.webp 300w, https:\/\/bastideparis.fr\/ro49090-ovh\/wp-content\/uploads\/2024\/02\/tetiere-pour-fauteuil-150x150.webp 150w\" sizes=\"auto, (max-width: 360px) 100vw, 360px\" \/><\/figure>\n<\/div><\/div><\/div>\n\n\n<style>.kadence-column3606_99c777-30 > .kt-inside-inner-col,.kadence-column3606_99c777-30 > .kt-inside-inner-col:before{border-top-left-radius:0px;border-top-right-radius:0px;border-bottom-right-radius:0px;border-bottom-left-radius:0px;}.kadence-column3606_99c777-30 > .kt-inside-inner-col{column-gap:var(--global-kb-gap-sm, 1rem);}.kadence-column3606_99c777-30 > .kt-inside-inner-col{flex-direction:column;}.kadence-column3606_99c777-30 > .kt-inside-inner-col > .aligncenter{width:100%;}.kadence-column3606_99c777-30 > .kt-inside-inner-col:before{opacity:0.3;}.kadence-column3606_99c777-30{position:relative;}@media all and (max-width: 1024px){.kadence-column3606_99c777-30 > .kt-inside-inner-col{flex-direction:column;justify-content:center;}}@media all and (max-width: 767px){.kadence-column3606_99c777-30 > .kt-inside-inner-col{flex-direction:column;justify-content:center;}}<\/style>\n<div class=\"wp-block-kadence-column kadence-column3606_99c777-30\"><div class=\"kt-inside-inner-col\">\n<p>T\u00eati\u00e8re pour fauteuil releveur Le B\u00e9arnais et L&rsquo;Auvergnat<br>Ref.: 113352<\/p>\n\n\n\n<ul class=\"wp-block-list\">\n<li>Prot\u00e8ge le fauteuil<\/li>\n\n\n\n<li>Confort et maintien<\/li>\n\n\n\n<li>Amovible<\/li>\n\n\n\n<li>Mousse<\/li>\n\n\n\n<li>Dimensions (41 cm x 18 cm x 6.5 cm)<\/li>\n<\/ul>\n\n\n\n<h2 class=\"wp-block-heading\">Description du produit<\/h2>\n\n\n\n<p>La t\u00eati\u00e8re pour fauteuil releveur L&rsquo;Auvergnat et Le B\u00e9arnais permet d&rsquo;augmenter le&nbsp;<strong>confort et le maintien<\/strong>&nbsp;de vos cervicales en position assise ou relaxe.<\/p>\n<\/div><\/div>\n\n<\/div><\/div>","protected":false},"excerpt":{"rendered":"<p>Retour T\u00eati\u00e8re pour fauteuil releveur Le B\u00e9arnais et L&rsquo;Auvergnat T\u00eati\u00e8re pour fauteuil releveur Le B\u00e9arnais et L&rsquo;AuvergnatRef.: 113352 Description du produit La t\u00eati\u00e8re pour fauteuil releveur L&rsquo;Auvergnat et Le B\u00e9arnais permet d&rsquo;augmenter le&nbsp;confort et le maintien&nbsp;de vos cervicales en position assise ou relaxe.<\/p>\n","protected":false},"author":1,"featured_media":0,"parent":0,"menu_order":0,"comment_status":"closed","ping_status":"closed","template":"","meta":{"content-type":"","_kad_post_transparent":"","_kad_post_title":"hide","_kad_post_layout":"","_kad_post_sidebar_id":"","_kad_post_content_style":"","_kad_post_vertical_padding":"","_kad_post_feature":"","_kad_post_feature_position":"","_kad_post_header":false,"_kad_post_footer":false,"footnotes":""},"class_list":["post-3606","page","type-page","status-publish","hentry"],"_links":{"self":[{"href":"https:\/\/bastideparis.fr\/ro49090-ovh\/index.php\/wp-json\/wp\/v2\/pages\/3606","targetHints":{"allow":["GET"]}}],"collection":[{"href":"https:\/\/bastideparis.fr\/ro49090-ovh\/index.php\/wp-json\/wp\/v2\/pages"}],"about":[{"href":"https:\/\/bastideparis.fr\/ro49090-ovh\/index.php\/wp-json\/wp\/v2\/types\/page"}],"author":[{"embeddable":true,"href":"https:\/\/bastideparis.fr\/ro49090-ovh\/index.php\/wp-json\/wp\/v2\/users\/1"}],"replies":[{"embeddable":true,"href":"https:\/\/bastideparis.fr\/ro49090-ovh\/index.php\/wp-json\/wp\/v2\/comments?post=3606"}],"version-history":[{"count":1,"href":"https:\/\/bastideparis.fr\/ro49090-ovh\/index.php\/wp-json\/wp\/v2\/pages\/3606\/revisions"}],"predecessor-version":[{"id":3607,"href":"https:\/\/bastideparis.fr\/ro49090-ovh\/index.php\/wp-json\/wp\/v2\/pages\/3606\/revisions\/3607"}],"wp:attachment":[{"href":"https:\/\/bastideparis.fr\/ro49090-ovh\/index.php\/wp-json\/wp\/v2\/media?parent=3606"}],"curies":[{"name":"wp","href":"https:\/\/api.w.org\/{rel}","templated":true}]}}