{"id":3609,"date":"2024-05-30T20:27:44","date_gmt":"2024-05-30T18:27:44","guid":{"rendered":"https:\/\/bastideparis.fr\/ro49090-ovh\/?page_id=3609"},"modified":"2024-05-30T20:27:45","modified_gmt":"2024-05-30T18:27:45","slug":"assise-absorbante-de-protection-pour-fauteuil","status":"publish","type":"page","link":"https:\/\/bastideparis.fr\/ro49090-ovh\/index.php\/assise-absorbante-de-protection-pour-fauteuil\/","title":{"rendered":"Assise absorbante de protection pour fauteuil"},"content":{"rendered":"\n<p><a href=\"https:\/\/bastideparis.fr\/ro49090-ovh\/index.php\/showroom-salon\/\">Retour<\/a><\/p>\n\n\n\n<p class=\"has-larger-font-size\">Assise absorbante de protection pour fauteuil<\/p>\n\n\n<style>.kb-row-layout-id3609_3805c7-85 > .kt-row-column-wrap{align-content:start;}:where(.kb-row-layout-id3609_3805c7-85 > .kt-row-column-wrap) > .wp-block-kadence-column{justify-content:start;}.kb-row-layout-id3609_3805c7-85 > .kt-row-column-wrap{column-gap:var(--global-kb-gap-md, 2rem);row-gap:var(--global-kb-gap-md, 2rem);padding-top:var(--global-kb-spacing-sm, 1.5rem);padding-bottom:var(--global-kb-spacing-sm, 1.5rem);grid-template-columns:repeat(2, minmax(0, 1fr));}.kb-row-layout-id3609_3805c7-85 > .kt-row-layout-overlay{opacity:0.30;}@media all and (max-width: 1024px){.kb-row-layout-id3609_3805c7-85 > .kt-row-column-wrap{grid-template-columns:repeat(2, minmax(0, 1fr));}}@media all and (max-width: 767px){.kb-row-layout-id3609_3805c7-85 > .kt-row-column-wrap{grid-template-columns:minmax(0, 1fr);}}<\/style><div class=\"kb-row-layout-wrap kb-row-layout-id3609_3805c7-85 alignnone wp-block-kadence-rowlayout\"><div class=\"kt-row-column-wrap kt-has-2-columns kt-row-layout-equal kt-tab-layout-inherit kt-mobile-layout-row kt-row-valign-top\">\n<style>.kadence-column3609_56d866-0a > .kt-inside-inner-col,.kadence-column3609_56d866-0a > .kt-inside-inner-col:before{border-top-left-radius:0px;border-top-right-radius:0px;border-bottom-right-radius:0px;border-bottom-left-radius:0px;}.kadence-column3609_56d866-0a > .kt-inside-inner-col{column-gap:var(--global-kb-gap-sm, 1rem);}.kadence-column3609_56d866-0a > .kt-inside-inner-col{flex-direction:column;}.kadence-column3609_56d866-0a > .kt-inside-inner-col > .aligncenter{width:100%;}.kadence-column3609_56d866-0a > .kt-inside-inner-col:before{opacity:0.3;}.kadence-column3609_56d866-0a{position:relative;}@media all and (max-width: 1024px){.kadence-column3609_56d866-0a > .kt-inside-inner-col{flex-direction:column;justify-content:center;}}@media all and (max-width: 767px){.kadence-column3609_56d866-0a > .kt-inside-inner-col{flex-direction:column;justify-content:center;}}<\/style>\n<div class=\"wp-block-kadence-column kadence-column3609_56d866-0a\"><div class=\"kt-inside-inner-col\"><div class=\"wp-block-image\">\n<figure class=\"aligncenter size-full\"><img loading=\"lazy\" decoding=\"async\" width=\"360\" height=\"360\" src=\"https:\/\/bastideparis.fr\/ro49090-ovh\/wp-content\/uploads\/2024\/02\/assise-absorbante.webp\" alt=\"\" class=\"wp-image-2566\" srcset=\"https:\/\/bastideparis.fr\/ro49090-ovh\/wp-content\/uploads\/2024\/02\/assise-absorbante.webp 360w, https:\/\/bastideparis.fr\/ro49090-ovh\/wp-content\/uploads\/2024\/02\/assise-absorbante-300x300.webp 300w, https:\/\/bastideparis.fr\/ro49090-ovh\/wp-content\/uploads\/2024\/02\/assise-absorbante-150x150.webp 150w\" sizes=\"auto, (max-width: 360px) 100vw, 360px\" \/><\/figure>\n<\/div><\/div><\/div>\n\n\n<style>.kadence-column3609_5c5f09-8a > .kt-inside-inner-col,.kadence-column3609_5c5f09-8a > .kt-inside-inner-col:before{border-top-left-radius:0px;border-top-right-radius:0px;border-bottom-right-radius:0px;border-bottom-left-radius:0px;}.kadence-column3609_5c5f09-8a > .kt-inside-inner-col{column-gap:var(--global-kb-gap-sm, 1rem);}.kadence-column3609_5c5f09-8a > .kt-inside-inner-col{flex-direction:column;}.kadence-column3609_5c5f09-8a > .kt-inside-inner-col > .aligncenter{width:100%;}.kadence-column3609_5c5f09-8a > .kt-inside-inner-col:before{opacity:0.3;}.kadence-column3609_5c5f09-8a{position:relative;}@media all and (max-width: 1024px){.kadence-column3609_5c5f09-8a > .kt-inside-inner-col{flex-direction:column;justify-content:center;}}@media all and (max-width: 767px){.kadence-column3609_5c5f09-8a > .kt-inside-inner-col{flex-direction:column;justify-content:center;}}<\/style>\n<div class=\"wp-block-kadence-column kadence-column3609_5c5f09-8a\"><div class=\"kt-inside-inner-col\">\n<p><strong>Assise absorbante de protection pour fauteuil &#8211; 39,90\u20ac<br>R\u00e9f\u00e9rence : 112103<\/strong><\/p>\n\n\n\n<h2 class=\"wp-block-heading\">Description du produit<\/h2>\n\n\n\n<p>L\u2019assise absorbante sp\u00e9cial fauteuil est imperm\u00e9able. Elle&nbsp;<strong>maintient au sec<\/strong>&nbsp;en dissipant les liquides.<\/p>\n\n\n\n<h2 class=\"wp-block-heading\">Une assise absorbante et imperm\u00e9able<\/h2>\n\n\n\n<p>Pratique,&nbsp;<strong>l\u2019assise absorbante imperm\u00e9able<\/strong>&nbsp;est facile \u00e0 entretenir. Pour plus de s\u00e9curit\u00e9, l\u2019assise absorbante dispose d\u2019un&nbsp;<strong>dessous antid\u00e9rapant.<\/strong><\/p>\n\n\n\n<h2 class=\"wp-block-heading\">Caract\u00e9ristiques de l\u2019assise absorbante<\/h2>\n\n\n\n<ul class=\"wp-block-list\">\n<li>Lavable en machine \u00e0 40\u00b0C<\/li>\n\n\n\n<li>Dimensions\u00a0: 45 x 45 cm<\/li>\n\n\n\n<li>Couleur\u00a0: gris<\/li>\n<\/ul>\n<\/div><\/div>\n\n<\/div><\/div>","protected":false},"excerpt":{"rendered":"<p>Retour Assise absorbante de protection pour fauteuil Assise absorbante de protection pour fauteuil &#8211; 39,90\u20acR\u00e9f\u00e9rence : 112103 Description du produit L\u2019assise absorbante sp\u00e9cial fauteuil est imperm\u00e9able. Elle&nbsp;maintient au sec&nbsp;en dissipant les liquides. Une assise absorbante et imperm\u00e9able Pratique,&nbsp;l\u2019assise absorbante imperm\u00e9able&nbsp;est facile \u00e0 entretenir. Pour plus de s\u00e9curit\u00e9, l\u2019assise absorbante dispose d\u2019un&nbsp;dessous antid\u00e9rapant. Caract\u00e9ristiques de l\u2019assise&#8230;<\/p>\n","protected":false},"author":1,"featured_media":0,"parent":0,"menu_order":0,"comment_status":"closed","ping_status":"closed","template":"","meta":{"content-type":"","_kad_post_transparent":"","_kad_post_title":"hide","_kad_post_layout":"","_kad_post_sidebar_id":"","_kad_post_content_style":"","_kad_post_vertical_padding":"","_kad_post_feature":"","_kad_post_feature_position":"","_kad_post_header":false,"_kad_post_footer":false,"footnotes":""},"class_list":["post-3609","page","type-page","status-publish","hentry"],"_links":{"self":[{"href":"https:\/\/bastideparis.fr\/ro49090-ovh\/index.php\/wp-json\/wp\/v2\/pages\/3609","targetHints":{"allow":["GET"]}}],"collection":[{"href":"https:\/\/bastideparis.fr\/ro49090-ovh\/index.php\/wp-json\/wp\/v2\/pages"}],"about":[{"href":"https:\/\/bastideparis.fr\/ro49090-ovh\/index.php\/wp-json\/wp\/v2\/types\/page"}],"author":[{"embeddable":true,"href":"https:\/\/bastideparis.fr\/ro49090-ovh\/index.php\/wp-json\/wp\/v2\/users\/1"}],"replies":[{"embeddable":true,"href":"https:\/\/bastideparis.fr\/ro49090-ovh\/index.php\/wp-json\/wp\/v2\/comments?post=3609"}],"version-history":[{"count":1,"href":"https:\/\/bastideparis.fr\/ro49090-ovh\/index.php\/wp-json\/wp\/v2\/pages\/3609\/revisions"}],"predecessor-version":[{"id":3610,"href":"https:\/\/bastideparis.fr\/ro49090-ovh\/index.php\/wp-json\/wp\/v2\/pages\/3609\/revisions\/3610"}],"wp:attachment":[{"href":"https:\/\/bastideparis.fr\/ro49090-ovh\/index.php\/wp-json\/wp\/v2\/media?parent=3609"}],"curies":[{"name":"wp","href":"https:\/\/api.w.org\/{rel}","templated":true}]}}