{"id":3618,"date":"2024-06-05T11:47:21","date_gmt":"2024-06-05T09:47:21","guid":{"rendered":"https:\/\/bastideparis.fr\/ro49090-ovh\/?page_id=3618"},"modified":"2024-06-05T11:47:33","modified_gmt":"2024-06-05T09:47:33","slug":"cadre-de-marche-pliant-cactus","status":"publish","type":"page","link":"https:\/\/bastideparis.fr\/ro49090-ovh\/index.php\/cadre-de-marche-pliant-cactus\/","title":{"rendered":"CADRE DE MARCHE PLIANT CACTUS"},"content":{"rendered":"\n<p><a href=\"https:\/\/bastideparis.fr\/ro49090-ovh\/index.php\/showroom-salon\/\">Retour<\/a><\/p>\n\n\n\n<p class=\"has-larger-font-size\">CADRE DE MARCHE PLIANT CACTUS<\/p>\n\n\n<style>.kb-row-layout-id3618_1a323c-70 > .kt-row-column-wrap{align-content:start;}:where(.kb-row-layout-id3618_1a323c-70 > .kt-row-column-wrap) > .wp-block-kadence-column{justify-content:start;}.kb-row-layout-id3618_1a323c-70 > .kt-row-column-wrap{column-gap:var(--global-kb-gap-md, 2rem);row-gap:var(--global-kb-gap-md, 2rem);padding-top:var(--global-kb-spacing-sm, 1.5rem);padding-bottom:var(--global-kb-spacing-sm, 1.5rem);grid-template-columns:repeat(2, minmax(0, 1fr));}.kb-row-layout-id3618_1a323c-70 > .kt-row-layout-overlay{opacity:0.30;}@media all and (max-width: 1024px){.kb-row-layout-id3618_1a323c-70 > .kt-row-column-wrap{grid-template-columns:repeat(2, minmax(0, 1fr));}}@media all and (max-width: 767px){.kb-row-layout-id3618_1a323c-70 > .kt-row-column-wrap{grid-template-columns:minmax(0, 1fr);}}<\/style><div class=\"kb-row-layout-wrap kb-row-layout-id3618_1a323c-70 alignnone wp-block-kadence-rowlayout\"><div class=\"kt-row-column-wrap kt-has-2-columns kt-row-layout-equal kt-tab-layout-inherit kt-mobile-layout-row kt-row-valign-top\">\n<style>.kadence-column3618_c9ca4f-49 > .kt-inside-inner-col,.kadence-column3618_c9ca4f-49 > .kt-inside-inner-col:before{border-top-left-radius:0px;border-top-right-radius:0px;border-bottom-right-radius:0px;border-bottom-left-radius:0px;}.kadence-column3618_c9ca4f-49 > .kt-inside-inner-col{column-gap:var(--global-kb-gap-sm, 1rem);}.kadence-column3618_c9ca4f-49 > .kt-inside-inner-col{flex-direction:column;}.kadence-column3618_c9ca4f-49 > .kt-inside-inner-col > .aligncenter{width:100%;}.kadence-column3618_c9ca4f-49 > .kt-inside-inner-col:before{opacity:0.3;}.kadence-column3618_c9ca4f-49{position:relative;}@media all and (max-width: 1024px){.kadence-column3618_c9ca4f-49 > .kt-inside-inner-col{flex-direction:column;justify-content:center;}}@media all and (max-width: 767px){.kadence-column3618_c9ca4f-49 > .kt-inside-inner-col{flex-direction:column;justify-content:center;}}<\/style>\n<div class=\"wp-block-kadence-column kadence-column3618_c9ca4f-49\"><div class=\"kt-inside-inner-col\">\n<figure class=\"wp-block-image size-full\"><img loading=\"lazy\" decoding=\"async\" width=\"800\" height=\"800\" src=\"https:\/\/bastideparis.fr\/ro49090-ovh\/wp-content\/uploads\/2024\/02\/cactus.webp\" alt=\"\" class=\"wp-image-2550\" srcset=\"https:\/\/bastideparis.fr\/ro49090-ovh\/wp-content\/uploads\/2024\/02\/cactus.webp 800w, https:\/\/bastideparis.fr\/ro49090-ovh\/wp-content\/uploads\/2024\/02\/cactus-300x300.webp 300w, https:\/\/bastideparis.fr\/ro49090-ovh\/wp-content\/uploads\/2024\/02\/cactus-150x150.webp 150w, https:\/\/bastideparis.fr\/ro49090-ovh\/wp-content\/uploads\/2024\/02\/cactus-768x768.webp 768w\" sizes=\"auto, (max-width: 800px) 100vw, 800px\" \/><\/figure>\n<\/div><\/div>\n\n\n<style>.kadence-column3618_26671b-0d > .kt-inside-inner-col,.kadence-column3618_26671b-0d > .kt-inside-inner-col:before{border-top-left-radius:0px;border-top-right-radius:0px;border-bottom-right-radius:0px;border-bottom-left-radius:0px;}.kadence-column3618_26671b-0d > .kt-inside-inner-col{column-gap:var(--global-kb-gap-sm, 1rem);}.kadence-column3618_26671b-0d > .kt-inside-inner-col{flex-direction:column;}.kadence-column3618_26671b-0d > .kt-inside-inner-col > .aligncenter{width:100%;}.kadence-column3618_26671b-0d > .kt-inside-inner-col:before{opacity:0.3;}.kadence-column3618_26671b-0d{position:relative;}@media all and (max-width: 1024px){.kadence-column3618_26671b-0d > .kt-inside-inner-col{flex-direction:column;justify-content:center;}}@media all and (max-width: 767px){.kadence-column3618_26671b-0d > .kt-inside-inner-col{flex-direction:column;justify-content:center;}}<\/style>\n<div class=\"wp-block-kadence-column kadence-column3618_26671b-0d\"><div class=\"kt-inside-inner-col\">\n<p><strong>Cadre de marche pliant CACTUS &#8211; 53,81\u20ac (une prise en charge de 53,81\u20ac est possible avec une ordonnance)<br>R\u00e9f\u00e9rence: 115708<\/strong><\/p>\n\n\n\n<h2 class=\"wp-block-heading\">Caract\u00e9ristiques techniques du cadre de marche Cactus<\/h2>\n\n\n\n<ul class=\"wp-block-list\">\n<li>Dimensions ouvert (L x P) : 57.3 x 43 cm<\/li>\n\n\n\n<li>Dimensions pli\u00e9 (L x P) : 57.3 x 9 cm<\/li>\n\n\n\n<li>R\u00e9glable en hauteur : 8 positions de 74.5 \u00e0 93.5 cm<\/li>\n\n\n\n<li>Pliage facile par une pression sur le m\u00e9canisme situ\u00e9 au centre de la barre faciale du cadre de marche<\/li>\n\n\n\n<li>Poids : 1.5 kg<\/li>\n\n\n\n<li>Mati\u00e8re : aluminium<\/li>\n\n\n\n<li>Couleur : m\u00e9tal mat<\/li>\n\n\n\n<li>Poids maxi support\u00e9 : 100 kg<\/li>\n\n\n\n<li>Garantie 2 ans<\/li>\n<\/ul>\n<\/div><\/div>\n\n<\/div><\/div>","protected":false},"excerpt":{"rendered":"<p>Retour CADRE DE MARCHE PLIANT CACTUS Cadre de marche pliant CACTUS &#8211; 53,81\u20ac (une prise en charge de 53,81\u20ac est possible avec une ordonnance)R\u00e9f\u00e9rence: 115708 Caract\u00e9ristiques techniques du cadre de marche Cactus<\/p>\n","protected":false},"author":1,"featured_media":0,"parent":0,"menu_order":0,"comment_status":"closed","ping_status":"closed","template":"","meta":{"content-type":"","_kad_post_transparent":"","_kad_post_title":"hide","_kad_post_layout":"","_kad_post_sidebar_id":"","_kad_post_content_style":"","_kad_post_vertical_padding":"","_kad_post_feature":"","_kad_post_feature_position":"","_kad_post_header":false,"_kad_post_footer":false,"footnotes":""},"class_list":["post-3618","page","type-page","status-publish","hentry"],"_links":{"self":[{"href":"https:\/\/bastideparis.fr\/ro49090-ovh\/index.php\/wp-json\/wp\/v2\/pages\/3618","targetHints":{"allow":["GET"]}}],"collection":[{"href":"https:\/\/bastideparis.fr\/ro49090-ovh\/index.php\/wp-json\/wp\/v2\/pages"}],"about":[{"href":"https:\/\/bastideparis.fr\/ro49090-ovh\/index.php\/wp-json\/wp\/v2\/types\/page"}],"author":[{"embeddable":true,"href":"https:\/\/bastideparis.fr\/ro49090-ovh\/index.php\/wp-json\/wp\/v2\/users\/1"}],"replies":[{"embeddable":true,"href":"https:\/\/bastideparis.fr\/ro49090-ovh\/index.php\/wp-json\/wp\/v2\/comments?post=3618"}],"version-history":[{"count":1,"href":"https:\/\/bastideparis.fr\/ro49090-ovh\/index.php\/wp-json\/wp\/v2\/pages\/3618\/revisions"}],"predecessor-version":[{"id":3619,"href":"https:\/\/bastideparis.fr\/ro49090-ovh\/index.php\/wp-json\/wp\/v2\/pages\/3618\/revisions\/3619"}],"wp:attachment":[{"href":"https:\/\/bastideparis.fr\/ro49090-ovh\/index.php\/wp-json\/wp\/v2\/media?parent=3618"}],"curies":[{"name":"wp","href":"https:\/\/api.w.org\/{rel}","templated":true}]}}