{"id":3621,"date":"2024-06-05T11:51:00","date_gmt":"2024-06-05T09:51:00","guid":{"rendered":"https:\/\/bastideparis.fr\/ro49090-ovh\/?page_id=3621"},"modified":"2024-06-05T11:51:01","modified_gmt":"2024-06-05T09:51:01","slug":"rollator-avec-siege-simply-ii","status":"publish","type":"page","link":"https:\/\/bastideparis.fr\/ro49090-ovh\/index.php\/rollator-avec-siege-simply-ii\/","title":{"rendered":"Rollator avec si\u00e8ge Simply II"},"content":{"rendered":"\n<p><a href=\"https:\/\/bastideparis.fr\/ro49090-ovh\/index.php\/showroom-salon\/\">Retour<\/a><\/p>\n\n\n\n<p class=\"has-larger-font-size\">Rollator avec si\u00e8ge Simply II<\/p>\n\n\n<style>.kb-row-layout-id3621_396d16-0a > .kt-row-column-wrap{align-content:start;}:where(.kb-row-layout-id3621_396d16-0a > .kt-row-column-wrap) > .wp-block-kadence-column{justify-content:start;}.kb-row-layout-id3621_396d16-0a > .kt-row-column-wrap{column-gap:var(--global-kb-gap-md, 2rem);row-gap:var(--global-kb-gap-md, 2rem);padding-top:var(--global-kb-spacing-sm, 1.5rem);padding-bottom:var(--global-kb-spacing-sm, 1.5rem);grid-template-columns:repeat(2, minmax(0, 1fr));}.kb-row-layout-id3621_396d16-0a > .kt-row-layout-overlay{opacity:0.30;}@media all and (max-width: 1024px){.kb-row-layout-id3621_396d16-0a > .kt-row-column-wrap{grid-template-columns:repeat(2, minmax(0, 1fr));}}@media all and (max-width: 767px){.kb-row-layout-id3621_396d16-0a > .kt-row-column-wrap{grid-template-columns:minmax(0, 1fr);}}<\/style><div class=\"kb-row-layout-wrap kb-row-layout-id3621_396d16-0a alignnone wp-block-kadence-rowlayout\"><div class=\"kt-row-column-wrap kt-has-2-columns kt-row-layout-equal kt-tab-layout-inherit kt-mobile-layout-row kt-row-valign-top\">\n<style>.kadence-column3621_1eb975-09 > .kt-inside-inner-col,.kadence-column3621_1eb975-09 > .kt-inside-inner-col:before{border-top-left-radius:0px;border-top-right-radius:0px;border-bottom-right-radius:0px;border-bottom-left-radius:0px;}.kadence-column3621_1eb975-09 > .kt-inside-inner-col{column-gap:var(--global-kb-gap-sm, 1rem);}.kadence-column3621_1eb975-09 > .kt-inside-inner-col{flex-direction:column;}.kadence-column3621_1eb975-09 > .kt-inside-inner-col > .aligncenter{width:100%;}.kadence-column3621_1eb975-09 > .kt-inside-inner-col:before{opacity:0.3;}.kadence-column3621_1eb975-09{position:relative;}@media all and (max-width: 1024px){.kadence-column3621_1eb975-09 > .kt-inside-inner-col{flex-direction:column;justify-content:center;}}@media all and (max-width: 767px){.kadence-column3621_1eb975-09 > .kt-inside-inner-col{flex-direction:column;justify-content:center;}}<\/style>\n<div class=\"wp-block-kadence-column kadence-column3621_1eb975-09\"><div class=\"kt-inside-inner-col\">\n<figure class=\"wp-block-image size-full\"><img loading=\"lazy\" decoding=\"async\" width=\"800\" height=\"800\" src=\"https:\/\/bastideparis.fr\/ro49090-ovh\/wp-content\/uploads\/2024\/02\/simply-II.webp\" alt=\"\" class=\"wp-image-2551\" srcset=\"https:\/\/bastideparis.fr\/ro49090-ovh\/wp-content\/uploads\/2024\/02\/simply-II.webp 800w, https:\/\/bastideparis.fr\/ro49090-ovh\/wp-content\/uploads\/2024\/02\/simply-II-300x300.webp 300w, https:\/\/bastideparis.fr\/ro49090-ovh\/wp-content\/uploads\/2024\/02\/simply-II-150x150.webp 150w, https:\/\/bastideparis.fr\/ro49090-ovh\/wp-content\/uploads\/2024\/02\/simply-II-768x768.webp 768w\" sizes=\"auto, (max-width: 800px) 100vw, 800px\" \/><\/figure>\n<\/div><\/div>\n\n\n<style>.kadence-column3621_aca2e1-05 > .kt-inside-inner-col,.kadence-column3621_aca2e1-05 > .kt-inside-inner-col:before{border-top-left-radius:0px;border-top-right-radius:0px;border-bottom-right-radius:0px;border-bottom-left-radius:0px;}.kadence-column3621_aca2e1-05 > .kt-inside-inner-col{column-gap:var(--global-kb-gap-sm, 1rem);}.kadence-column3621_aca2e1-05 > .kt-inside-inner-col{flex-direction:column;}.kadence-column3621_aca2e1-05 > .kt-inside-inner-col > .aligncenter{width:100%;}.kadence-column3621_aca2e1-05 > .kt-inside-inner-col:before{opacity:0.3;}.kadence-column3621_aca2e1-05{position:relative;}@media all and (max-width: 1024px){.kadence-column3621_aca2e1-05 > .kt-inside-inner-col{flex-direction:column;justify-content:center;}}@media all and (max-width: 767px){.kadence-column3621_aca2e1-05 > .kt-inside-inner-col{flex-direction:column;justify-content:center;}}<\/style>\n<div class=\"wp-block-kadence-column kadence-column3621_aca2e1-05\"><div class=\"kt-inside-inner-col\">\n<p><strong>Rollator avec si\u00e8ge Simply II &#8211; 53,81\u20ac (une prise en charge est possible avec une ordonnance)<br>R\u00e9f\u00e9rence: 114753<\/strong><\/p>\n\n\n\n<h2 class=\"wp-block-heading\">Caract\u00e9ristiques techniques du Rollator Simply II<\/h2>\n\n\n\n<ul class=\"wp-block-list\">\n<li>Hauteur : 81-94 cm<\/li>\n\n\n\n<li>Largeur hors-tout : 52 cm<\/li>\n\n\n\n<li>Longueur poign\u00e9e : 12 cm<\/li>\n\n\n\n<li>Profondeur : 65 cm<\/li>\n\n\n\n<li>Largeur entre poign\u00e9es : 40 cm<\/li>\n\n\n\n<li>Dimensions assise : 39 x 20 cm<\/li>\n\n\n\n<li>Encombrement pli\u00e9 : 12 cm<\/li>\n\n\n\n<li>Poids : 4,8 kg<\/li>\n\n\n\n<li>Poids support\u00e9 : 120 kg<\/li>\n\n\n\n<li>\u2205 roues : 11 cm<\/li>\n\n\n\n<li>Pliable<\/li>\n\n\n\n<li>Garanti 2 ans<\/li>\n<\/ul>\n<\/div><\/div>\n\n<\/div><\/div>","protected":false},"excerpt":{"rendered":"<p>Retour Rollator avec si\u00e8ge Simply II Rollator avec si\u00e8ge Simply II &#8211; 53,81\u20ac (une prise en charge est possible avec une ordonnance)R\u00e9f\u00e9rence: 114753 Caract\u00e9ristiques techniques du Rollator Simply II<\/p>\n","protected":false},"author":1,"featured_media":0,"parent":0,"menu_order":0,"comment_status":"closed","ping_status":"closed","template":"","meta":{"content-type":"","_kad_post_transparent":"","_kad_post_title":"hide","_kad_post_layout":"","_kad_post_sidebar_id":"","_kad_post_content_style":"","_kad_post_vertical_padding":"","_kad_post_feature":"","_kad_post_feature_position":"","_kad_post_header":false,"_kad_post_footer":false,"footnotes":""},"class_list":["post-3621","page","type-page","status-publish","hentry"],"_links":{"self":[{"href":"https:\/\/bastideparis.fr\/ro49090-ovh\/index.php\/wp-json\/wp\/v2\/pages\/3621","targetHints":{"allow":["GET"]}}],"collection":[{"href":"https:\/\/bastideparis.fr\/ro49090-ovh\/index.php\/wp-json\/wp\/v2\/pages"}],"about":[{"href":"https:\/\/bastideparis.fr\/ro49090-ovh\/index.php\/wp-json\/wp\/v2\/types\/page"}],"author":[{"embeddable":true,"href":"https:\/\/bastideparis.fr\/ro49090-ovh\/index.php\/wp-json\/wp\/v2\/users\/1"}],"replies":[{"embeddable":true,"href":"https:\/\/bastideparis.fr\/ro49090-ovh\/index.php\/wp-json\/wp\/v2\/comments?post=3621"}],"version-history":[{"count":2,"href":"https:\/\/bastideparis.fr\/ro49090-ovh\/index.php\/wp-json\/wp\/v2\/pages\/3621\/revisions"}],"predecessor-version":[{"id":3623,"href":"https:\/\/bastideparis.fr\/ro49090-ovh\/index.php\/wp-json\/wp\/v2\/pages\/3621\/revisions\/3623"}],"wp:attachment":[{"href":"https:\/\/bastideparis.fr\/ro49090-ovh\/index.php\/wp-json\/wp\/v2\/media?parent=3621"}],"curies":[{"name":"wp","href":"https:\/\/api.w.org\/{rel}","templated":true}]}}