{"id":3631,"date":"2024-06-05T12:39:17","date_gmt":"2024-06-05T10:39:17","guid":{"rendered":"https:\/\/bastideparis.fr\/ro49090-ovh\/?page_id=3631"},"modified":"2024-06-05T12:39:17","modified_gmt":"2024-06-05T10:39:17","slug":"assise-ergonomique-noire-dodo-homewear","status":"publish","type":"page","link":"https:\/\/bastideparis.fr\/ro49090-ovh\/index.php\/assise-ergonomique-noire-dodo-homewear\/","title":{"rendered":"Assise ergonomique noire Dodo Homewear"},"content":{"rendered":"\n<p><a href=\"https:\/\/bastideparis.fr\/ro49090-ovh\/index.php\/showroom-salon\/\">Retour<\/a><\/p>\n\n\n\n<p class=\"has-larger-font-size\">Assise ergonomique noire Dodo Homewear<\/p>\n\n\n<style>.kb-row-layout-id3631_16617e-f1 > .kt-row-column-wrap{align-content:start;}:where(.kb-row-layout-id3631_16617e-f1 > .kt-row-column-wrap) > .wp-block-kadence-column{justify-content:start;}.kb-row-layout-id3631_16617e-f1 > .kt-row-column-wrap{column-gap:var(--global-kb-gap-md, 2rem);row-gap:var(--global-kb-gap-md, 2rem);padding-top:var(--global-kb-spacing-sm, 1.5rem);padding-bottom:var(--global-kb-spacing-sm, 1.5rem);grid-template-columns:repeat(2, minmax(0, 1fr));}.kb-row-layout-id3631_16617e-f1 > .kt-row-layout-overlay{opacity:0.30;}@media all and (max-width: 1024px){.kb-row-layout-id3631_16617e-f1 > .kt-row-column-wrap{grid-template-columns:repeat(2, minmax(0, 1fr));}}@media all and (max-width: 767px){.kb-row-layout-id3631_16617e-f1 > .kt-row-column-wrap{grid-template-columns:minmax(0, 1fr);}}<\/style><div class=\"kb-row-layout-wrap kb-row-layout-id3631_16617e-f1 alignnone wp-block-kadence-rowlayout\"><div class=\"kt-row-column-wrap kt-has-2-columns kt-row-layout-equal kt-tab-layout-inherit kt-mobile-layout-row kt-row-valign-top\">\n<style>.kadence-column3631_ca6144-ed > .kt-inside-inner-col,.kadence-column3631_ca6144-ed > .kt-inside-inner-col:before{border-top-left-radius:0px;border-top-right-radius:0px;border-bottom-right-radius:0px;border-bottom-left-radius:0px;}.kadence-column3631_ca6144-ed > .kt-inside-inner-col{column-gap:var(--global-kb-gap-sm, 1rem);}.kadence-column3631_ca6144-ed > .kt-inside-inner-col{flex-direction:column;}.kadence-column3631_ca6144-ed > .kt-inside-inner-col > .aligncenter{width:100%;}.kadence-column3631_ca6144-ed > .kt-inside-inner-col:before{opacity:0.3;}.kadence-column3631_ca6144-ed{position:relative;}@media all and (max-width: 1024px){.kadence-column3631_ca6144-ed > .kt-inside-inner-col{flex-direction:column;justify-content:center;}}@media all and (max-width: 767px){.kadence-column3631_ca6144-ed > .kt-inside-inner-col{flex-direction:column;justify-content:center;}}<\/style>\n<div class=\"wp-block-kadence-column kadence-column3631_ca6144-ed\"><div class=\"kt-inside-inner-col\"><div class=\"wp-block-image\">\n<figure class=\"aligncenter size-full\"><img loading=\"lazy\" decoding=\"async\" width=\"360\" height=\"360\" src=\"https:\/\/bastideparis.fr\/ro49090-ovh\/wp-content\/uploads\/2024\/02\/assise-ergonomique-noire.webp\" alt=\"\" class=\"wp-image-2556\" srcset=\"https:\/\/bastideparis.fr\/ro49090-ovh\/wp-content\/uploads\/2024\/02\/assise-ergonomique-noire.webp 360w, https:\/\/bastideparis.fr\/ro49090-ovh\/wp-content\/uploads\/2024\/02\/assise-ergonomique-noire-300x300.webp 300w, https:\/\/bastideparis.fr\/ro49090-ovh\/wp-content\/uploads\/2024\/02\/assise-ergonomique-noire-150x150.webp 150w\" sizes=\"auto, (max-width: 360px) 100vw, 360px\" \/><\/figure>\n<\/div><\/div><\/div>\n\n\n<style>.kadence-column3631_e3f0d9-8d > .kt-inside-inner-col,.kadence-column3631_e3f0d9-8d > .kt-inside-inner-col:before{border-top-left-radius:0px;border-top-right-radius:0px;border-bottom-right-radius:0px;border-bottom-left-radius:0px;}.kadence-column3631_e3f0d9-8d > .kt-inside-inner-col{column-gap:var(--global-kb-gap-sm, 1rem);}.kadence-column3631_e3f0d9-8d > .kt-inside-inner-col{flex-direction:column;}.kadence-column3631_e3f0d9-8d > .kt-inside-inner-col > .aligncenter{width:100%;}.kadence-column3631_e3f0d9-8d > .kt-inside-inner-col:before{opacity:0.3;}.kadence-column3631_e3f0d9-8d{position:relative;}@media all and (max-width: 1024px){.kadence-column3631_e3f0d9-8d > .kt-inside-inner-col{flex-direction:column;justify-content:center;}}@media all and (max-width: 767px){.kadence-column3631_e3f0d9-8d > .kt-inside-inner-col{flex-direction:column;justify-content:center;}}<\/style>\n<div class=\"wp-block-kadence-column kadence-column3631_e3f0d9-8d\"><div class=\"kt-inside-inner-col\">\n<p><strong>Assise ergonomique noire Dodo Homewear &#8211; 39\u20ac<br>R\u00e9f\u00e9rence : 115209<\/strong><\/p>\n\n\n\n<h2 class=\"wp-block-heading\">Description du produit<\/h2>\n\n\n\n<p>L&rsquo;<strong>assise noire<\/strong>&nbsp;Dodo homewear permet de maintenir une bonne position sur tous les types d&rsquo;assise. Que ce se soit en&nbsp;<strong>voiture<\/strong>, au&nbsp;<strong>bureau<\/strong>&nbsp;ou \u00e0 la&nbsp;<strong>maison<\/strong>, l&rsquo;assise ergonomique Dodo vous permettra de maintenir le dos bien droit.<\/p>\n\n\n\n<h2 class=\"wp-block-heading\">Avantages de l&rsquo;assise ergonomique tous supports<\/h2>\n\n\n\n<ul class=\"wp-block-list\">\n<li>Coussin \u00e0 m\u00e9moire de forme<\/li>\n\n\n\n<li>design ergonomique<\/li>\n\n\n\n<li>Mati\u00e8re alv\u00e9ol\u00e9e et respirante<\/li>\n\n\n\n<li>Housse amovible<\/li>\n\n\n\n<li>Convient pour toutes les assises<\/li>\n\n\n\n<li>TAILLE PRODUIT : 38cm x 45cm x 7.5cm\/2.5cm<\/li>\n\n\n\n<li>POIDS PRODUIT : 775gr<\/li>\n<\/ul>\n<\/div><\/div>\n\n<\/div><\/div>","protected":false},"excerpt":{"rendered":"<p>Retour Assise ergonomique noire Dodo Homewear Assise ergonomique noire Dodo Homewear &#8211; 39\u20acR\u00e9f\u00e9rence : 115209 Description du produit L&rsquo;assise noire&nbsp;Dodo homewear permet de maintenir une bonne position sur tous les types d&rsquo;assise. Que ce se soit en&nbsp;voiture, au&nbsp;bureau&nbsp;ou \u00e0 la&nbsp;maison, l&rsquo;assise ergonomique Dodo vous permettra de maintenir le dos bien droit. Avantages de l&rsquo;assise ergonomique&#8230;<\/p>\n","protected":false},"author":1,"featured_media":0,"parent":0,"menu_order":0,"comment_status":"closed","ping_status":"closed","template":"","meta":{"content-type":"","_kad_post_transparent":"","_kad_post_title":"hide","_kad_post_layout":"","_kad_post_sidebar_id":"","_kad_post_content_style":"","_kad_post_vertical_padding":"","_kad_post_feature":"","_kad_post_feature_position":"","_kad_post_header":false,"_kad_post_footer":false,"footnotes":""},"class_list":["post-3631","page","type-page","status-publish","hentry"],"_links":{"self":[{"href":"https:\/\/bastideparis.fr\/ro49090-ovh\/index.php\/wp-json\/wp\/v2\/pages\/3631","targetHints":{"allow":["GET"]}}],"collection":[{"href":"https:\/\/bastideparis.fr\/ro49090-ovh\/index.php\/wp-json\/wp\/v2\/pages"}],"about":[{"href":"https:\/\/bastideparis.fr\/ro49090-ovh\/index.php\/wp-json\/wp\/v2\/types\/page"}],"author":[{"embeddable":true,"href":"https:\/\/bastideparis.fr\/ro49090-ovh\/index.php\/wp-json\/wp\/v2\/users\/1"}],"replies":[{"embeddable":true,"href":"https:\/\/bastideparis.fr\/ro49090-ovh\/index.php\/wp-json\/wp\/v2\/comments?post=3631"}],"version-history":[{"count":1,"href":"https:\/\/bastideparis.fr\/ro49090-ovh\/index.php\/wp-json\/wp\/v2\/pages\/3631\/revisions"}],"predecessor-version":[{"id":3632,"href":"https:\/\/bastideparis.fr\/ro49090-ovh\/index.php\/wp-json\/wp\/v2\/pages\/3631\/revisions\/3632"}],"wp:attachment":[{"href":"https:\/\/bastideparis.fr\/ro49090-ovh\/index.php\/wp-json\/wp\/v2\/media?parent=3631"}],"curies":[{"name":"wp","href":"https:\/\/api.w.org\/{rel}","templated":true}]}}