{"id":3634,"date":"2024-06-05T13:52:05","date_gmt":"2024-06-05T11:52:05","guid":{"rendered":"https:\/\/bastideparis.fr\/ro49090-ovh\/?page_id=3634"},"modified":"2024-06-05T13:52:06","modified_gmt":"2024-06-05T11:52:06","slug":"assise-ergonomique-special-sit-2-en-1-sissel","status":"publish","type":"page","link":"https:\/\/bastideparis.fr\/ro49090-ovh\/index.php\/assise-ergonomique-special-sit-2-en-1-sissel\/","title":{"rendered":"Assise ergonomique Special Sit 2 en 1 Sissel"},"content":{"rendered":"\n<p><a href=\"https:\/\/bastideparis.fr\/ro49090-ovh\/index.php\/showroom-salon\/\">Retour<\/a><\/p>\n\n\n\n<p class=\"has-larger-font-size\">Assise ergonomique Special Sit 2 en 1 Sissel<\/p>\n\n\n<style>.kb-row-layout-id3634_36a0aa-cb > .kt-row-column-wrap{align-content:start;}:where(.kb-row-layout-id3634_36a0aa-cb > .kt-row-column-wrap) > .wp-block-kadence-column{justify-content:start;}.kb-row-layout-id3634_36a0aa-cb > .kt-row-column-wrap{column-gap:var(--global-kb-gap-md, 2rem);row-gap:var(--global-kb-gap-md, 2rem);padding-top:var(--global-kb-spacing-sm, 1.5rem);padding-bottom:var(--global-kb-spacing-sm, 1.5rem);grid-template-columns:repeat(2, minmax(0, 1fr));}.kb-row-layout-id3634_36a0aa-cb > .kt-row-layout-overlay{opacity:0.30;}@media all and (max-width: 1024px){.kb-row-layout-id3634_36a0aa-cb > .kt-row-column-wrap{grid-template-columns:repeat(2, minmax(0, 1fr));}}@media all and (max-width: 767px){.kb-row-layout-id3634_36a0aa-cb > .kt-row-column-wrap{grid-template-columns:minmax(0, 1fr);}}<\/style><div class=\"kb-row-layout-wrap kb-row-layout-id3634_36a0aa-cb alignnone wp-block-kadence-rowlayout\"><div class=\"kt-row-column-wrap kt-has-2-columns kt-row-layout-equal kt-tab-layout-inherit kt-mobile-layout-row kt-row-valign-top\">\n<style>.kadence-column3634_fd1aea-62 > .kt-inside-inner-col,.kadence-column3634_fd1aea-62 > .kt-inside-inner-col:before{border-top-left-radius:0px;border-top-right-radius:0px;border-bottom-right-radius:0px;border-bottom-left-radius:0px;}.kadence-column3634_fd1aea-62 > .kt-inside-inner-col{column-gap:var(--global-kb-gap-sm, 1rem);}.kadence-column3634_fd1aea-62 > .kt-inside-inner-col{flex-direction:column;}.kadence-column3634_fd1aea-62 > .kt-inside-inner-col > .aligncenter{width:100%;}.kadence-column3634_fd1aea-62 > .kt-inside-inner-col:before{opacity:0.3;}.kadence-column3634_fd1aea-62{position:relative;}@media all and (max-width: 1024px){.kadence-column3634_fd1aea-62 > .kt-inside-inner-col{flex-direction:column;justify-content:center;}}@media all and (max-width: 767px){.kadence-column3634_fd1aea-62 > .kt-inside-inner-col{flex-direction:column;justify-content:center;}}<\/style>\n<div class=\"wp-block-kadence-column kadence-column3634_fd1aea-62\"><div class=\"kt-inside-inner-col\"><div class=\"wp-block-image\">\n<figure class=\"aligncenter size-full\"><img loading=\"lazy\" decoding=\"async\" width=\"360\" height=\"360\" src=\"https:\/\/bastideparis.fr\/ro49090-ovh\/wp-content\/uploads\/2024\/02\/coussin-sissel-special-Sit-2-en-1.webp\" alt=\"\" class=\"wp-image-2557\" srcset=\"https:\/\/bastideparis.fr\/ro49090-ovh\/wp-content\/uploads\/2024\/02\/coussin-sissel-special-Sit-2-en-1.webp 360w, https:\/\/bastideparis.fr\/ro49090-ovh\/wp-content\/uploads\/2024\/02\/coussin-sissel-special-Sit-2-en-1-300x300.webp 300w, https:\/\/bastideparis.fr\/ro49090-ovh\/wp-content\/uploads\/2024\/02\/coussin-sissel-special-Sit-2-en-1-150x150.webp 150w\" sizes=\"auto, (max-width: 360px) 100vw, 360px\" \/><\/figure>\n<\/div><\/div><\/div>\n\n\n<style>.kadence-column3634_49b6b1-09 > .kt-inside-inner-col,.kadence-column3634_49b6b1-09 > .kt-inside-inner-col:before{border-top-left-radius:0px;border-top-right-radius:0px;border-bottom-right-radius:0px;border-bottom-left-radius:0px;}.kadence-column3634_49b6b1-09 > .kt-inside-inner-col{column-gap:var(--global-kb-gap-sm, 1rem);}.kadence-column3634_49b6b1-09 > .kt-inside-inner-col{flex-direction:column;}.kadence-column3634_49b6b1-09 > .kt-inside-inner-col > .aligncenter{width:100%;}.kadence-column3634_49b6b1-09 > .kt-inside-inner-col:before{opacity:0.3;}.kadence-column3634_49b6b1-09{position:relative;}@media all and (max-width: 1024px){.kadence-column3634_49b6b1-09 > .kt-inside-inner-col{flex-direction:column;justify-content:center;}}@media all and (max-width: 767px){.kadence-column3634_49b6b1-09 > .kt-inside-inner-col{flex-direction:column;justify-content:center;}}<\/style>\n<div class=\"wp-block-kadence-column kadence-column3634_49b6b1-09\"><div class=\"kt-inside-inner-col\">\n<p><strong>Assise ergonomique Special Sit 2 en 1 Sissel &#8211; 99,90\u20ac<br>R\u00e9f\u00e9rence: 108348<\/strong><\/p>\n\n\n\n<h2 class=\"wp-block-heading\">Description du produit<\/h2>\n\n\n\n<p>Une fois plac\u00e9e sur une chaise, le coussin d&rsquo;<strong>assise ergonomique SPECIAL SIT 2 EN 1\u00a0<\/strong><em>SISSEL\u00a0<\/em>permet de\u00a0<strong>conserver un dos bien droit<\/strong>. Nous recommandons l&rsquo;utilisation du coussin d\u2019assise ergonomique est id\u00e9al apr\u00e8s une blessure au coccyx.<\/p>\n\n\n\n<h2 class=\"wp-block-heading\">CARACTERISTIQUES&nbsp;assise ergonomique SPECIAL SIT 2 EN 1<\/h2>\n\n\n\n<ul class=\"wp-block-list\">\n<li>Housse\u00a0de luxe\u00a0: velours 100\u00a0% polyester,\u00a0lavable en machine \u00e0 30 \u00b0C.\u00a0<\/li>\n\n\n\n<li>Dimensions : 40 x 43 x 9 cm<\/li>\n\n\n\n<li>Densit\u00e9 de la mousse : 65 kg\/m3<\/li>\n\n\n\n<li>Couleur : bleu marine<\/li>\n\n\n\n<li>Garantie 5 ans<\/li>\n\n\n\n<li>Poids maximum de l&rsquo;utilisateur: 130 kg<\/li>\n<\/ul>\n<\/div><\/div>\n\n<\/div><\/div>","protected":false},"excerpt":{"rendered":"<p>Retour Assise ergonomique Special Sit 2 en 1 Sissel Assise ergonomique Special Sit 2 en 1 Sissel &#8211; 99,90\u20acR\u00e9f\u00e9rence: 108348 Description du produit Une fois plac\u00e9e sur une chaise, le coussin d&rsquo;assise ergonomique SPECIAL SIT 2 EN 1\u00a0SISSEL\u00a0permet de\u00a0conserver un dos bien droit. Nous recommandons l&rsquo;utilisation du coussin d\u2019assise ergonomique est id\u00e9al apr\u00e8s une blessure&#8230;<\/p>\n","protected":false},"author":1,"featured_media":0,"parent":0,"menu_order":0,"comment_status":"closed","ping_status":"closed","template":"","meta":{"content-type":"","_kad_post_transparent":"","_kad_post_title":"hide","_kad_post_layout":"","_kad_post_sidebar_id":"","_kad_post_content_style":"","_kad_post_vertical_padding":"","_kad_post_feature":"","_kad_post_feature_position":"","_kad_post_header":false,"_kad_post_footer":false,"footnotes":""},"class_list":["post-3634","page","type-page","status-publish","hentry"],"_links":{"self":[{"href":"https:\/\/bastideparis.fr\/ro49090-ovh\/index.php\/wp-json\/wp\/v2\/pages\/3634","targetHints":{"allow":["GET"]}}],"collection":[{"href":"https:\/\/bastideparis.fr\/ro49090-ovh\/index.php\/wp-json\/wp\/v2\/pages"}],"about":[{"href":"https:\/\/bastideparis.fr\/ro49090-ovh\/index.php\/wp-json\/wp\/v2\/types\/page"}],"author":[{"embeddable":true,"href":"https:\/\/bastideparis.fr\/ro49090-ovh\/index.php\/wp-json\/wp\/v2\/users\/1"}],"replies":[{"embeddable":true,"href":"https:\/\/bastideparis.fr\/ro49090-ovh\/index.php\/wp-json\/wp\/v2\/comments?post=3634"}],"version-history":[{"count":1,"href":"https:\/\/bastideparis.fr\/ro49090-ovh\/index.php\/wp-json\/wp\/v2\/pages\/3634\/revisions"}],"predecessor-version":[{"id":3635,"href":"https:\/\/bastideparis.fr\/ro49090-ovh\/index.php\/wp-json\/wp\/v2\/pages\/3634\/revisions\/3635"}],"wp:attachment":[{"href":"https:\/\/bastideparis.fr\/ro49090-ovh\/index.php\/wp-json\/wp\/v2\/media?parent=3634"}],"curies":[{"name":"wp","href":"https:\/\/api.w.org\/{rel}","templated":true}]}}