{"id":3640,"date":"2024-06-06T10:11:15","date_gmt":"2024-06-06T08:11:15","guid":{"rendered":"https:\/\/bastideparis.fr\/ro49090-ovh\/?page_id=3640"},"modified":"2024-06-06T10:11:16","modified_gmt":"2024-06-06T08:11:16","slug":"coussin-antiderapant-stop-gliss-pharmaouest-45-x-47-cm","status":"publish","type":"page","link":"https:\/\/bastideparis.fr\/ro49090-ovh\/index.php\/coussin-antiderapant-stop-gliss-pharmaouest-45-x-47-cm\/","title":{"rendered":"Coussin antid\u00e9rapant Stop Gliss Pharmaouest &#8211; 45 x 47 cm"},"content":{"rendered":"\n<p><a href=\"https:\/\/bastideparis.fr\/ro49090-ovh\/index.php\/showroom-salon\/\">Retour<\/a><\/p>\n\n\n\n<p class=\"has-larger-font-size\">Coussin antid\u00e9rapant Stop Gliss Pharmaouest &#8211; 45 x 47 cm<\/p>\n\n\n<style>.kb-row-layout-id3640_0237e5-5f > .kt-row-column-wrap{align-content:start;}:where(.kb-row-layout-id3640_0237e5-5f > .kt-row-column-wrap) > .wp-block-kadence-column{justify-content:start;}.kb-row-layout-id3640_0237e5-5f > .kt-row-column-wrap{column-gap:var(--global-kb-gap-md, 2rem);row-gap:var(--global-kb-gap-md, 2rem);padding-top:var(--global-kb-spacing-sm, 1.5rem);padding-bottom:var(--global-kb-spacing-sm, 1.5rem);grid-template-columns:repeat(2, minmax(0, 1fr));}.kb-row-layout-id3640_0237e5-5f > .kt-row-layout-overlay{opacity:0.30;}@media all and (max-width: 1024px){.kb-row-layout-id3640_0237e5-5f > .kt-row-column-wrap{grid-template-columns:repeat(2, minmax(0, 1fr));}}@media all and (max-width: 767px){.kb-row-layout-id3640_0237e5-5f > .kt-row-column-wrap{grid-template-columns:minmax(0, 1fr);}}<\/style><div class=\"kb-row-layout-wrap kb-row-layout-id3640_0237e5-5f alignnone wp-block-kadence-rowlayout\"><div class=\"kt-row-column-wrap kt-has-2-columns kt-row-layout-equal kt-tab-layout-inherit kt-mobile-layout-row kt-row-valign-top\">\n<style>.kadence-column3640_5fdb92-1a > .kt-inside-inner-col,.kadence-column3640_5fdb92-1a > .kt-inside-inner-col:before{border-top-left-radius:0px;border-top-right-radius:0px;border-bottom-right-radius:0px;border-bottom-left-radius:0px;}.kadence-column3640_5fdb92-1a > .kt-inside-inner-col{column-gap:var(--global-kb-gap-sm, 1rem);}.kadence-column3640_5fdb92-1a > .kt-inside-inner-col{flex-direction:column;}.kadence-column3640_5fdb92-1a > .kt-inside-inner-col > .aligncenter{width:100%;}.kadence-column3640_5fdb92-1a > .kt-inside-inner-col:before{opacity:0.3;}.kadence-column3640_5fdb92-1a{position:relative;}@media all and (max-width: 1024px){.kadence-column3640_5fdb92-1a > .kt-inside-inner-col{flex-direction:column;justify-content:center;}}@media all and (max-width: 767px){.kadence-column3640_5fdb92-1a > .kt-inside-inner-col{flex-direction:column;justify-content:center;}}<\/style>\n<div class=\"wp-block-kadence-column kadence-column3640_5fdb92-1a\"><div class=\"kt-inside-inner-col\"><div class=\"wp-block-image\">\n<figure class=\"aligncenter size-full\"><img loading=\"lazy\" decoding=\"async\" width=\"360\" height=\"360\" src=\"https:\/\/bastideparis.fr\/ro49090-ovh\/wp-content\/uploads\/2024\/02\/coussin-antiderapant.webp\" alt=\"\" class=\"wp-image-2561\" srcset=\"https:\/\/bastideparis.fr\/ro49090-ovh\/wp-content\/uploads\/2024\/02\/coussin-antiderapant.webp 360w, https:\/\/bastideparis.fr\/ro49090-ovh\/wp-content\/uploads\/2024\/02\/coussin-antiderapant-300x300.webp 300w, https:\/\/bastideparis.fr\/ro49090-ovh\/wp-content\/uploads\/2024\/02\/coussin-antiderapant-150x150.webp 150w\" sizes=\"auto, (max-width: 360px) 100vw, 360px\" \/><\/figure>\n<\/div><\/div><\/div>\n\n\n<style>.kadence-column3640_fdc7d9-e3 > .kt-inside-inner-col,.kadence-column3640_fdc7d9-e3 > .kt-inside-inner-col:before{border-top-left-radius:0px;border-top-right-radius:0px;border-bottom-right-radius:0px;border-bottom-left-radius:0px;}.kadence-column3640_fdc7d9-e3 > .kt-inside-inner-col{column-gap:var(--global-kb-gap-sm, 1rem);}.kadence-column3640_fdc7d9-e3 > .kt-inside-inner-col{flex-direction:column;}.kadence-column3640_fdc7d9-e3 > .kt-inside-inner-col > .aligncenter{width:100%;}.kadence-column3640_fdc7d9-e3 > .kt-inside-inner-col:before{opacity:0.3;}.kadence-column3640_fdc7d9-e3{position:relative;}@media all and (max-width: 1024px){.kadence-column3640_fdc7d9-e3 > .kt-inside-inner-col{flex-direction:column;justify-content:center;}}@media all and (max-width: 767px){.kadence-column3640_fdc7d9-e3 > .kt-inside-inner-col{flex-direction:column;justify-content:center;}}<\/style>\n<div class=\"wp-block-kadence-column kadence-column3640_fdc7d9-e3\"><div class=\"kt-inside-inner-col\">\n<p><strong>Coussin antid\u00e9rapant Stop Gliss Pharmaouest &#8211; 45 x 47 cm &#8211; 62,95\u20ac<br>R\u00e9f\u00e9rence: 111699<\/strong><\/p>\n\n\n\n<h2 class=\"wp-block-heading\">Description du produit<\/h2>\n\n\n\n<p>Le&nbsp;<strong>coussin antid\u00e9rapant&nbsp;<\/strong>\u00ab&nbsp;stop glisse&nbsp;\u00bb&nbsp;<em>Pharmaouest<\/em>&nbsp;permet de s\u00e9curiser l\u2019assise des&nbsp;<strong>personnes handicap\u00e9es<\/strong>&nbsp;ou \u00e0 mobilit\u00e9 r\u00e9duite. Une fois positionn\u00e9 sur l\u2019assise souhait\u00e9e, le patient ne peut plus glisser vers l\u2019avant. Gr\u00e2ce \u00e0 son syst\u00e8me unique d\u2019accroche le positionnement du tapis est facile et&nbsp;<strong>s\u00fbr<\/strong>.<\/p>\n\n\n\n<h2 class=\"wp-block-heading\">AVANTAGES DU coussin ANTI-DERAPANT<\/h2>\n\n\n\n<ul class=\"wp-block-list\">\n<li>Pr\u00e9vient les risques de chute<\/li>\n\n\n\n<li>Evite l\u2019affaissement vers l\u2019avant<\/li>\n\n\n\n<li>Syst\u00e8me antid\u00e9rapant \u00e0 bandes directionnelles<\/li>\n<\/ul>\n\n\n\n<h2 class=\"wp-block-heading\">CARACTERISTIQUES TECHNIQUES DU coussin ANTIDERAPANT POUR PERSONNES HANDICAPEES<\/h2>\n\n\n\n<ul class=\"wp-block-list\">\n<li>Lavable \u00e0 40\u00b0<\/li>\n\n\n\n<li>Composition 100 % polypropyl\u00e8ne<\/li>\n\n\n\n<li>Dimensions 45 x 47 cm<\/li>\n<\/ul>\n<\/div><\/div>\n\n<\/div><\/div>","protected":false},"excerpt":{"rendered":"<p>Retour Coussin antid\u00e9rapant Stop Gliss Pharmaouest &#8211; 45 x 47 cm Coussin antid\u00e9rapant Stop Gliss Pharmaouest &#8211; 45 x 47 cm &#8211; 62,95\u20acR\u00e9f\u00e9rence: 111699 Description du produit Le&nbsp;coussin antid\u00e9rapant&nbsp;\u00ab&nbsp;stop glisse&nbsp;\u00bb&nbsp;Pharmaouest&nbsp;permet de s\u00e9curiser l\u2019assise des&nbsp;personnes handicap\u00e9es&nbsp;ou \u00e0 mobilit\u00e9 r\u00e9duite. Une fois positionn\u00e9 sur l\u2019assise souhait\u00e9e, le patient ne peut plus glisser vers l\u2019avant. Gr\u00e2ce \u00e0 son&#8230;<\/p>\n","protected":false},"author":1,"featured_media":0,"parent":0,"menu_order":0,"comment_status":"closed","ping_status":"closed","template":"","meta":{"content-type":"","_kad_post_transparent":"","_kad_post_title":"hide","_kad_post_layout":"","_kad_post_sidebar_id":"","_kad_post_content_style":"","_kad_post_vertical_padding":"","_kad_post_feature":"","_kad_post_feature_position":"","_kad_post_header":false,"_kad_post_footer":false,"footnotes":""},"class_list":["post-3640","page","type-page","status-publish","hentry"],"_links":{"self":[{"href":"https:\/\/bastideparis.fr\/ro49090-ovh\/index.php\/wp-json\/wp\/v2\/pages\/3640","targetHints":{"allow":["GET"]}}],"collection":[{"href":"https:\/\/bastideparis.fr\/ro49090-ovh\/index.php\/wp-json\/wp\/v2\/pages"}],"about":[{"href":"https:\/\/bastideparis.fr\/ro49090-ovh\/index.php\/wp-json\/wp\/v2\/types\/page"}],"author":[{"embeddable":true,"href":"https:\/\/bastideparis.fr\/ro49090-ovh\/index.php\/wp-json\/wp\/v2\/users\/1"}],"replies":[{"embeddable":true,"href":"https:\/\/bastideparis.fr\/ro49090-ovh\/index.php\/wp-json\/wp\/v2\/comments?post=3640"}],"version-history":[{"count":1,"href":"https:\/\/bastideparis.fr\/ro49090-ovh\/index.php\/wp-json\/wp\/v2\/pages\/3640\/revisions"}],"predecessor-version":[{"id":3641,"href":"https:\/\/bastideparis.fr\/ro49090-ovh\/index.php\/wp-json\/wp\/v2\/pages\/3640\/revisions\/3641"}],"wp:attachment":[{"href":"https:\/\/bastideparis.fr\/ro49090-ovh\/index.php\/wp-json\/wp\/v2\/media?parent=3640"}],"curies":[{"name":"wp","href":"https:\/\/api.w.org\/{rel}","templated":true}]}}