{"id":3644,"date":"2024-06-06T10:55:30","date_gmt":"2024-06-06T08:55:30","guid":{"rendered":"https:\/\/bastideparis.fr\/ro49090-ovh\/?page_id=3644"},"modified":"2024-06-06T10:55:31","modified_gmt":"2024-06-06T08:55:31","slug":"coussin-rehausseur-antiderapant-herdegen","status":"publish","type":"page","link":"https:\/\/bastideparis.fr\/ro49090-ovh\/index.php\/coussin-rehausseur-antiderapant-herdegen\/","title":{"rendered":"Coussin rehausseur antid\u00e9rapant Herdegen"},"content":{"rendered":"\n<p><a href=\"https:\/\/bastideparis.fr\/ro49090-ovh\/index.php\/showroom-salon\/\">Retour<\/a><\/p>\n\n\n\n<p class=\"has-larger-font-size\">Coussin rehausseur antid\u00e9rapant Herdegen<\/p>\n\n\n<style>.kb-row-layout-id3644_13866c-f9 > .kt-row-column-wrap{align-content:start;}:where(.kb-row-layout-id3644_13866c-f9 > .kt-row-column-wrap) > .wp-block-kadence-column{justify-content:start;}.kb-row-layout-id3644_13866c-f9 > .kt-row-column-wrap{column-gap:var(--global-kb-gap-md, 2rem);row-gap:var(--global-kb-gap-md, 2rem);padding-top:var(--global-kb-spacing-sm, 1.5rem);padding-bottom:var(--global-kb-spacing-sm, 1.5rem);grid-template-columns:repeat(2, minmax(0, 1fr));}.kb-row-layout-id3644_13866c-f9 > .kt-row-layout-overlay{opacity:0.30;}@media all and (max-width: 1024px){.kb-row-layout-id3644_13866c-f9 > .kt-row-column-wrap{grid-template-columns:repeat(2, minmax(0, 1fr));}}@media all and (max-width: 767px){.kb-row-layout-id3644_13866c-f9 > .kt-row-column-wrap{grid-template-columns:minmax(0, 1fr);}}<\/style><div class=\"kb-row-layout-wrap kb-row-layout-id3644_13866c-f9 alignnone wp-block-kadence-rowlayout\"><div class=\"kt-row-column-wrap kt-has-2-columns kt-row-layout-equal kt-tab-layout-inherit kt-mobile-layout-row kt-row-valign-top\">\n<style>.kadence-column3644_356649-b1 > .kt-inside-inner-col,.kadence-column3644_356649-b1 > .kt-inside-inner-col:before{border-top-left-radius:0px;border-top-right-radius:0px;border-bottom-right-radius:0px;border-bottom-left-radius:0px;}.kadence-column3644_356649-b1 > .kt-inside-inner-col{column-gap:var(--global-kb-gap-sm, 1rem);}.kadence-column3644_356649-b1 > .kt-inside-inner-col{flex-direction:column;}.kadence-column3644_356649-b1 > .kt-inside-inner-col > .aligncenter{width:100%;}.kadence-column3644_356649-b1 > .kt-inside-inner-col:before{opacity:0.3;}.kadence-column3644_356649-b1{position:relative;}@media all and (max-width: 1024px){.kadence-column3644_356649-b1 > .kt-inside-inner-col{flex-direction:column;justify-content:center;}}@media all and (max-width: 767px){.kadence-column3644_356649-b1 > .kt-inside-inner-col{flex-direction:column;justify-content:center;}}<\/style>\n<div class=\"wp-block-kadence-column kadence-column3644_356649-b1\"><div class=\"kt-inside-inner-col\"><div class=\"wp-block-image\">\n<figure class=\"aligncenter size-full\"><img loading=\"lazy\" decoding=\"async\" width=\"360\" height=\"360\" src=\"https:\/\/bastideparis.fr\/ro49090-ovh\/wp-content\/uploads\/2024\/02\/coussin-rehausseur-.webp\" alt=\"\" class=\"wp-image-2559\" srcset=\"https:\/\/bastideparis.fr\/ro49090-ovh\/wp-content\/uploads\/2024\/02\/coussin-rehausseur-.webp 360w, https:\/\/bastideparis.fr\/ro49090-ovh\/wp-content\/uploads\/2024\/02\/coussin-rehausseur--300x300.webp 300w, https:\/\/bastideparis.fr\/ro49090-ovh\/wp-content\/uploads\/2024\/02\/coussin-rehausseur--150x150.webp 150w\" sizes=\"auto, (max-width: 360px) 100vw, 360px\" \/><\/figure>\n<\/div><\/div><\/div>\n\n\n<style>.kadence-column3644_98b413-b2 > .kt-inside-inner-col,.kadence-column3644_98b413-b2 > .kt-inside-inner-col:before{border-top-left-radius:0px;border-top-right-radius:0px;border-bottom-right-radius:0px;border-bottom-left-radius:0px;}.kadence-column3644_98b413-b2 > .kt-inside-inner-col{column-gap:var(--global-kb-gap-sm, 1rem);}.kadence-column3644_98b413-b2 > .kt-inside-inner-col{flex-direction:column;}.kadence-column3644_98b413-b2 > .kt-inside-inner-col > .aligncenter{width:100%;}.kadence-column3644_98b413-b2 > .kt-inside-inner-col:before{opacity:0.3;}.kadence-column3644_98b413-b2{position:relative;}@media all and (max-width: 1024px){.kadence-column3644_98b413-b2 > .kt-inside-inner-col{flex-direction:column;justify-content:center;}}@media all and (max-width: 767px){.kadence-column3644_98b413-b2 > .kt-inside-inner-col{flex-direction:column;justify-content:center;}}<\/style>\n<div class=\"wp-block-kadence-column kadence-column3644_98b413-b2\"><div class=\"kt-inside-inner-col\">\n<p><strong>Coussin r\u00e9hausseur antid\u00e9rapant Herdegen &#8211; 28,90\u20ac<br>R\u00e9f\u00e9rence : 107635<\/strong><\/p>\n\n\n\n<h2 class=\"wp-block-heading\">Description du produit<\/h2>\n\n\n\n<p>Le&nbsp;<strong>coussin rehausseur gaufrier HERDEGEN<\/strong>&nbsp;est con\u00e7u pour&nbsp;<strong>soulager<\/strong>&nbsp;et&nbsp;<strong>soutenir<\/strong>&nbsp;efficacement le&nbsp;<strong>corps<\/strong>, une fois assis. Il est&nbsp;<strong>utilisable<\/strong>&nbsp;sur&nbsp;<strong>tous supports<\/strong>, aussi bien que sur une chaise, qu\u2019un fauteuil et qu\u2019en voiture.<\/p>\n\n\n\n<h2 class=\"wp-block-heading\">Un coussin r\u00e9hausseur forme gaufrier antid\u00e9rapant et pratique<\/h2>\n\n\n\n<p>Ce coussin de la&nbsp;<strong>marque HERDEGEN<\/strong>&nbsp;est livr\u00e9 avec une&nbsp;<strong>housse en vinyle noir antid\u00e9rapante<\/strong>. De plus, il est dot\u00e9 d&rsquo;une<strong>&nbsp;poign\u00e9e en tissu<\/strong>&nbsp;vient faciliter le transport de ce coussin rehausseur.<\/p>\n\n\n\n<h2 class=\"wp-block-heading\">Caract\u00e9ristiques du coussin HERDEGEN<\/h2>\n\n\n\n<ul class=\"wp-block-list\">\n<li>Coussin \u00e0 d\u00e9coupe en forme de gaufrier<\/li>\n\n\n\n<li>Housse en vinyle<\/li>\n\n\n\n<li>Dimensions du coussin (largeur x Longueur x Hauteur)\u00a0: 40 x 40 x 10 cm<\/li>\n\n\n\n<li>Densit\u00e9 de la mousse\u00a0: 24 kg\/m3<\/li>\n\n\n\n<li>Poids\u00a0: 580 g<\/li>\n<\/ul>\n<\/div><\/div>\n\n<\/div><\/div>","protected":false},"excerpt":{"rendered":"<p>Retour Coussin rehausseur antid\u00e9rapant Herdegen Coussin r\u00e9hausseur antid\u00e9rapant Herdegen &#8211; 28,90\u20acR\u00e9f\u00e9rence : 107635 Description du produit Le&nbsp;coussin rehausseur gaufrier HERDEGEN&nbsp;est con\u00e7u pour&nbsp;soulager&nbsp;et&nbsp;soutenir&nbsp;efficacement le&nbsp;corps, une fois assis. Il est&nbsp;utilisable&nbsp;sur&nbsp;tous supports, aussi bien que sur une chaise, qu\u2019un fauteuil et qu\u2019en voiture. Un coussin r\u00e9hausseur forme gaufrier antid\u00e9rapant et pratique Ce coussin de la&nbsp;marque HERDEGEN&nbsp;est livr\u00e9 avec&#8230;<\/p>\n","protected":false},"author":1,"featured_media":0,"parent":0,"menu_order":0,"comment_status":"closed","ping_status":"closed","template":"","meta":{"content-type":"","_kad_post_transparent":"","_kad_post_title":"hide","_kad_post_layout":"","_kad_post_sidebar_id":"","_kad_post_content_style":"","_kad_post_vertical_padding":"","_kad_post_feature":"","_kad_post_feature_position":"","_kad_post_header":false,"_kad_post_footer":false,"footnotes":""},"class_list":["post-3644","page","type-page","status-publish","hentry"],"_links":{"self":[{"href":"https:\/\/bastideparis.fr\/ro49090-ovh\/index.php\/wp-json\/wp\/v2\/pages\/3644","targetHints":{"allow":["GET"]}}],"collection":[{"href":"https:\/\/bastideparis.fr\/ro49090-ovh\/index.php\/wp-json\/wp\/v2\/pages"}],"about":[{"href":"https:\/\/bastideparis.fr\/ro49090-ovh\/index.php\/wp-json\/wp\/v2\/types\/page"}],"author":[{"embeddable":true,"href":"https:\/\/bastideparis.fr\/ro49090-ovh\/index.php\/wp-json\/wp\/v2\/users\/1"}],"replies":[{"embeddable":true,"href":"https:\/\/bastideparis.fr\/ro49090-ovh\/index.php\/wp-json\/wp\/v2\/comments?post=3644"}],"version-history":[{"count":1,"href":"https:\/\/bastideparis.fr\/ro49090-ovh\/index.php\/wp-json\/wp\/v2\/pages\/3644\/revisions"}],"predecessor-version":[{"id":3645,"href":"https:\/\/bastideparis.fr\/ro49090-ovh\/index.php\/wp-json\/wp\/v2\/pages\/3644\/revisions\/3645"}],"wp:attachment":[{"href":"https:\/\/bastideparis.fr\/ro49090-ovh\/index.php\/wp-json\/wp\/v2\/media?parent=3644"}],"curies":[{"name":"wp","href":"https:\/\/api.w.org\/{rel}","templated":true}]}}