{"id":3647,"date":"2024-06-06T11:00:02","date_gmt":"2024-06-06T09:00:02","guid":{"rendered":"https:\/\/bastideparis.fr\/ro49090-ovh\/?page_id=3647"},"modified":"2024-06-06T11:00:02","modified_gmt":"2024-06-06T09:00:02","slug":"coussin-lombaire-noir-dodo-homewear","status":"publish","type":"page","link":"https:\/\/bastideparis.fr\/ro49090-ovh\/index.php\/coussin-lombaire-noir-dodo-homewear\/","title":{"rendered":"Coussin lombaire noir Dodo Homewear"},"content":{"rendered":"\n<p><a href=\"https:\/\/bastideparis.fr\/ro49090-ovh\/index.php\/showroom-salon\/\">Retour<\/a><\/p>\n\n\n\n<p class=\"has-larger-font-size\">Coussin lombaire noir Dodo Homewear<\/p>\n\n\n<style>.kb-row-layout-id3647_7a17d4-9a > .kt-row-column-wrap{align-content:start;}:where(.kb-row-layout-id3647_7a17d4-9a > .kt-row-column-wrap) > .wp-block-kadence-column{justify-content:start;}.kb-row-layout-id3647_7a17d4-9a > .kt-row-column-wrap{column-gap:var(--global-kb-gap-md, 2rem);row-gap:var(--global-kb-gap-md, 2rem);padding-top:var(--global-kb-spacing-sm, 1.5rem);padding-bottom:var(--global-kb-spacing-sm, 1.5rem);grid-template-columns:repeat(2, minmax(0, 1fr));}.kb-row-layout-id3647_7a17d4-9a > .kt-row-layout-overlay{opacity:0.30;}@media all and (max-width: 1024px){.kb-row-layout-id3647_7a17d4-9a > .kt-row-column-wrap{grid-template-columns:repeat(2, minmax(0, 1fr));}}@media all and (max-width: 767px){.kb-row-layout-id3647_7a17d4-9a > .kt-row-column-wrap{grid-template-columns:minmax(0, 1fr);}}<\/style><div class=\"kb-row-layout-wrap kb-row-layout-id3647_7a17d4-9a alignnone wp-block-kadence-rowlayout\"><div class=\"kt-row-column-wrap kt-has-2-columns kt-row-layout-equal kt-tab-layout-inherit kt-mobile-layout-row kt-row-valign-top\">\n<style>.kadence-column3647_a149e4-1d > .kt-inside-inner-col,.kadence-column3647_a149e4-1d > .kt-inside-inner-col:before{border-top-left-radius:0px;border-top-right-radius:0px;border-bottom-right-radius:0px;border-bottom-left-radius:0px;}.kadence-column3647_a149e4-1d > .kt-inside-inner-col{column-gap:var(--global-kb-gap-sm, 1rem);}.kadence-column3647_a149e4-1d > .kt-inside-inner-col{flex-direction:column;}.kadence-column3647_a149e4-1d > .kt-inside-inner-col > .aligncenter{width:100%;}.kadence-column3647_a149e4-1d > .kt-inside-inner-col:before{opacity:0.3;}.kadence-column3647_a149e4-1d{position:relative;}@media all and (max-width: 1024px){.kadence-column3647_a149e4-1d > .kt-inside-inner-col{flex-direction:column;justify-content:center;}}@media all and (max-width: 767px){.kadence-column3647_a149e4-1d > .kt-inside-inner-col{flex-direction:column;justify-content:center;}}<\/style>\n<div class=\"wp-block-kadence-column kadence-column3647_a149e4-1d\"><div class=\"kt-inside-inner-col\"><div class=\"wp-block-image\">\n<figure class=\"aligncenter size-full\"><img loading=\"lazy\" decoding=\"async\" width=\"360\" height=\"360\" src=\"https:\/\/bastideparis.fr\/ro49090-ovh\/wp-content\/uploads\/2024\/02\/coussin-lombaire-dos.webp\" alt=\"\" class=\"wp-image-2560\" srcset=\"https:\/\/bastideparis.fr\/ro49090-ovh\/wp-content\/uploads\/2024\/02\/coussin-lombaire-dos.webp 360w, https:\/\/bastideparis.fr\/ro49090-ovh\/wp-content\/uploads\/2024\/02\/coussin-lombaire-dos-300x300.webp 300w, https:\/\/bastideparis.fr\/ro49090-ovh\/wp-content\/uploads\/2024\/02\/coussin-lombaire-dos-150x150.webp 150w\" sizes=\"auto, (max-width: 360px) 100vw, 360px\" \/><\/figure>\n<\/div><\/div><\/div>\n\n\n<style>.kadence-column3647_304617-cb > .kt-inside-inner-col,.kadence-column3647_304617-cb > .kt-inside-inner-col:before{border-top-left-radius:0px;border-top-right-radius:0px;border-bottom-right-radius:0px;border-bottom-left-radius:0px;}.kadence-column3647_304617-cb > .kt-inside-inner-col{column-gap:var(--global-kb-gap-sm, 1rem);}.kadence-column3647_304617-cb > .kt-inside-inner-col{flex-direction:column;}.kadence-column3647_304617-cb > .kt-inside-inner-col > .aligncenter{width:100%;}.kadence-column3647_304617-cb > .kt-inside-inner-col:before{opacity:0.3;}.kadence-column3647_304617-cb{position:relative;}@media all and (max-width: 1024px){.kadence-column3647_304617-cb > .kt-inside-inner-col{flex-direction:column;justify-content:center;}}@media all and (max-width: 767px){.kadence-column3647_304617-cb > .kt-inside-inner-col{flex-direction:column;justify-content:center;}}<\/style>\n<div class=\"wp-block-kadence-column kadence-column3647_304617-cb\"><div class=\"kt-inside-inner-col\">\n<p>Coussin lombaire noir Dodo Homewear &#8211; 24,90\u20ac<br>R\u00e9f\u00e9rence: 115208<\/p>\n\n\n\n<h2 class=\"wp-block-heading\">Description du produit<\/h2>\n\n\n\n<p>Le coussin lombaire Dodo homewear permet de maintenir une bonne position sur tous les types d&rsquo;assise. Que ce se soit en voiture, au bureau ou \u00e0 la maison, Le coussin lombaire Dodo vous permettra de maintenir le dos bien droit.<\/p>\n\n\n\n<h2 class=\"wp-block-heading\">Avantages du coussin lombaire tous supports<\/h2>\n\n\n\n<ul class=\"wp-block-list\">\n<li>Coussin \u00e0 m\u00e9moire de forme<\/li>\n\n\n\n<li>design ergonomique<\/li>\n\n\n\n<li>Mati\u00e8re alv\u00e9ol\u00e9e et respirante<\/li>\n\n\n\n<li>Housse amovible<\/li>\n\n\n\n<li>Convient pour toutes les assises<\/li>\n<\/ul>\n\n\n\n<h2 class=\"wp-block-heading\">Caract\u00e9ristiques du coussin confort lombaires Dodo Homewear<\/h2>\n\n\n\n<ul class=\"wp-block-list\">\n<li>Matiere exterieure :150gr &#8211; 100% polyester<\/li>\n\n\n\n<li>Mousse interieure :300gr &#8211; 45kg\/m3<\/li>\n\n\n\n<li>Taille produit :32.5cm x 28.5cm x 11cm<\/li>\n\n\n\n<li>Poids produit : 370gr<\/li>\n<\/ul>\n<\/div><\/div>\n\n<\/div><\/div>","protected":false},"excerpt":{"rendered":"<p>Retour Coussin lombaire noir Dodo Homewear Coussin lombaire noir Dodo Homewear &#8211; 24,90\u20acR\u00e9f\u00e9rence: 115208 Description du produit Le coussin lombaire Dodo homewear permet de maintenir une bonne position sur tous les types d&rsquo;assise. Que ce se soit en voiture, au bureau ou \u00e0 la maison, Le coussin lombaire Dodo vous permettra de maintenir le dos&#8230;<\/p>\n","protected":false},"author":1,"featured_media":0,"parent":0,"menu_order":0,"comment_status":"closed","ping_status":"closed","template":"","meta":{"content-type":"","_kad_post_transparent":"","_kad_post_title":"hide","_kad_post_layout":"","_kad_post_sidebar_id":"","_kad_post_content_style":"","_kad_post_vertical_padding":"","_kad_post_feature":"","_kad_post_feature_position":"","_kad_post_header":false,"_kad_post_footer":false,"footnotes":""},"class_list":["post-3647","page","type-page","status-publish","hentry"],"_links":{"self":[{"href":"https:\/\/bastideparis.fr\/ro49090-ovh\/index.php\/wp-json\/wp\/v2\/pages\/3647","targetHints":{"allow":["GET"]}}],"collection":[{"href":"https:\/\/bastideparis.fr\/ro49090-ovh\/index.php\/wp-json\/wp\/v2\/pages"}],"about":[{"href":"https:\/\/bastideparis.fr\/ro49090-ovh\/index.php\/wp-json\/wp\/v2\/types\/page"}],"author":[{"embeddable":true,"href":"https:\/\/bastideparis.fr\/ro49090-ovh\/index.php\/wp-json\/wp\/v2\/users\/1"}],"replies":[{"embeddable":true,"href":"https:\/\/bastideparis.fr\/ro49090-ovh\/index.php\/wp-json\/wp\/v2\/comments?post=3647"}],"version-history":[{"count":1,"href":"https:\/\/bastideparis.fr\/ro49090-ovh\/index.php\/wp-json\/wp\/v2\/pages\/3647\/revisions"}],"predecessor-version":[{"id":3648,"href":"https:\/\/bastideparis.fr\/ro49090-ovh\/index.php\/wp-json\/wp\/v2\/pages\/3647\/revisions\/3648"}],"wp:attachment":[{"href":"https:\/\/bastideparis.fr\/ro49090-ovh\/index.php\/wp-json\/wp\/v2\/media?parent=3647"}],"curies":[{"name":"wp","href":"https:\/\/api.w.org\/{rel}","templated":true}]}}