{"id":3650,"date":"2024-06-06T11:27:01","date_gmt":"2024-06-06T09:27:01","guid":{"rendered":"https:\/\/bastideparis.fr\/ro49090-ovh\/?page_id=3650"},"modified":"2024-06-06T11:27:02","modified_gmt":"2024-06-06T09:27:02","slug":"dossier-soutien-dos-dorsabackcar-sissel","status":"publish","type":"page","link":"https:\/\/bastideparis.fr\/ro49090-ovh\/index.php\/dossier-soutien-dos-dorsabackcar-sissel\/","title":{"rendered":"Dossier soutien dos Dorsabackcar Sissel"},"content":{"rendered":"\n<p><a href=\"https:\/\/bastideparis.fr\/ro49090-ovh\/index.php\/showroom-salon\/\">Retour<\/a><\/p>\n\n\n\n<p class=\"has-larger-font-size\">Dossier soutien dos Dorsabackcar Sissel<\/p>\n\n\n<style>.kb-row-layout-id3650_b07b08-5c > .kt-row-column-wrap{align-content:start;}:where(.kb-row-layout-id3650_b07b08-5c > .kt-row-column-wrap) > .wp-block-kadence-column{justify-content:start;}.kb-row-layout-id3650_b07b08-5c > .kt-row-column-wrap{column-gap:var(--global-kb-gap-md, 2rem);row-gap:var(--global-kb-gap-md, 2rem);padding-top:var(--global-kb-spacing-sm, 1.5rem);padding-bottom:var(--global-kb-spacing-sm, 1.5rem);grid-template-columns:repeat(2, minmax(0, 1fr));}.kb-row-layout-id3650_b07b08-5c > .kt-row-layout-overlay{opacity:0.30;}@media all and (max-width: 1024px){.kb-row-layout-id3650_b07b08-5c > .kt-row-column-wrap{grid-template-columns:repeat(2, minmax(0, 1fr));}}@media all and (max-width: 767px){.kb-row-layout-id3650_b07b08-5c > .kt-row-column-wrap{grid-template-columns:minmax(0, 1fr);}}<\/style><div class=\"kb-row-layout-wrap kb-row-layout-id3650_b07b08-5c alignnone wp-block-kadence-rowlayout\"><div class=\"kt-row-column-wrap kt-has-2-columns kt-row-layout-equal kt-tab-layout-inherit kt-mobile-layout-row kt-row-valign-top\">\n<style>.kadence-column3650_561884-b3 > .kt-inside-inner-col,.kadence-column3650_561884-b3 > .kt-inside-inner-col:before{border-top-left-radius:0px;border-top-right-radius:0px;border-bottom-right-radius:0px;border-bottom-left-radius:0px;}.kadence-column3650_561884-b3 > .kt-inside-inner-col{column-gap:var(--global-kb-gap-sm, 1rem);}.kadence-column3650_561884-b3 > .kt-inside-inner-col{flex-direction:column;}.kadence-column3650_561884-b3 > .kt-inside-inner-col > .aligncenter{width:100%;}.kadence-column3650_561884-b3 > .kt-inside-inner-col:before{opacity:0.3;}.kadence-column3650_561884-b3{position:relative;}@media all and (max-width: 1024px){.kadence-column3650_561884-b3 > .kt-inside-inner-col{flex-direction:column;justify-content:center;}}@media all and (max-width: 767px){.kadence-column3650_561884-b3 > .kt-inside-inner-col{flex-direction:column;justify-content:center;}}<\/style>\n<div class=\"wp-block-kadence-column kadence-column3650_561884-b3\"><div class=\"kt-inside-inner-col\"><div class=\"wp-block-image\">\n<figure class=\"aligncenter size-full\"><img loading=\"lazy\" decoding=\"async\" width=\"360\" height=\"360\" src=\"https:\/\/bastideparis.fr\/ro49090-ovh\/wp-content\/uploads\/2024\/02\/dossier-soutien-dos-sissel.webp\" alt=\"\" class=\"wp-image-2562\" srcset=\"https:\/\/bastideparis.fr\/ro49090-ovh\/wp-content\/uploads\/2024\/02\/dossier-soutien-dos-sissel.webp 360w, https:\/\/bastideparis.fr\/ro49090-ovh\/wp-content\/uploads\/2024\/02\/dossier-soutien-dos-sissel-300x300.webp 300w, https:\/\/bastideparis.fr\/ro49090-ovh\/wp-content\/uploads\/2024\/02\/dossier-soutien-dos-sissel-150x150.webp 150w\" sizes=\"auto, (max-width: 360px) 100vw, 360px\" \/><\/figure>\n<\/div><\/div><\/div>\n\n\n<style>.kadence-column3650_60745f-42 > .kt-inside-inner-col,.kadence-column3650_60745f-42 > .kt-inside-inner-col:before{border-top-left-radius:0px;border-top-right-radius:0px;border-bottom-right-radius:0px;border-bottom-left-radius:0px;}.kadence-column3650_60745f-42 > .kt-inside-inner-col{column-gap:var(--global-kb-gap-sm, 1rem);}.kadence-column3650_60745f-42 > .kt-inside-inner-col{flex-direction:column;}.kadence-column3650_60745f-42 > .kt-inside-inner-col > .aligncenter{width:100%;}.kadence-column3650_60745f-42 > .kt-inside-inner-col:before{opacity:0.3;}.kadence-column3650_60745f-42{position:relative;}@media all and (max-width: 1024px){.kadence-column3650_60745f-42 > .kt-inside-inner-col{flex-direction:column;justify-content:center;}}@media all and (max-width: 767px){.kadence-column3650_60745f-42 > .kt-inside-inner-col{flex-direction:column;justify-content:center;}}<\/style>\n<div class=\"wp-block-kadence-column kadence-column3650_60745f-42\"><div class=\"kt-inside-inner-col\">\n<p><strong>Dossier soutien dos Dorsabackcar Sissel &#8211; 69\u20ac<br>R\u00e9f\u00e9rence : 105384<\/strong><\/p>\n\n\n\n<h2 class=\"wp-block-heading\">Description du produit<\/h2>\n\n\n\n<p>Le&nbsp;<strong>dossier de soutien dos&nbsp;<\/strong>et<strong>&nbsp;lombaires&nbsp;<\/strong><em>DORSABACK SISSEL<\/em><strong>&nbsp;pr\u00e9vient<\/strong>&nbsp;les probl\u00e8mes de dos et&nbsp;<strong>soulage<\/strong>&nbsp;douleurs dorsales. L\u00e9ger et peu encombrant, ce dossier s\u2019adapte \u00e0 tous les fauteuils et si\u00e8ges de voiture. Il soutient la colonne vert\u00e9brale.<\/p>\n\n\n\n<h2 class=\"wp-block-heading\">Dossier ergonomique pour le dos multi-usages<\/h2>\n\n\n\n<p>Ce&nbsp;<strong>dossier ergonomique<\/strong>&nbsp;pour le dos s&rsquo;adapte \u00e0 tous les si\u00e8ges et poss\u00e8de une&nbsp;<strong>housse amovible<\/strong>&nbsp;en coton matelass\u00e9. Le dossier Dorsaback peut s\u2019utiliser en coussin voiture pour un confort optimal.<\/p>\n\n\n\n<h2 class=\"wp-block-heading\">CARACTERISTIQUES du coussin dossier Dorsaback<\/h2>\n\n\n\n<ul class=\"wp-block-list\">\n<li>Dimensions : 31 x 50 cm<\/li>\n\n\n\n<li>Housse amovible en coton<\/li>\n\n\n\n<li>Coloris: Noir<\/li>\n\n\n\n<li>Sangles r\u00e9glables<\/li>\n\n\n\n<li>Housse amovible<\/li>\n\n\n\n<li>S&rsquo;adapte \u00e0 tous les si\u00e8ges de voiture et au si\u00e8ge de bureau<\/li>\n<\/ul>\n<\/div><\/div>\n\n<\/div><\/div>","protected":false},"excerpt":{"rendered":"<p>Retour Dossier soutien dos Dorsabackcar Sissel Dossier soutien dos Dorsabackcar Sissel &#8211; 69\u20acR\u00e9f\u00e9rence : 105384 Description du produit Le&nbsp;dossier de soutien dos&nbsp;et&nbsp;lombaires&nbsp;DORSABACK SISSEL&nbsp;pr\u00e9vient&nbsp;les probl\u00e8mes de dos et&nbsp;soulage&nbsp;douleurs dorsales. L\u00e9ger et peu encombrant, ce dossier s\u2019adapte \u00e0 tous les fauteuils et si\u00e8ges de voiture. Il soutient la colonne vert\u00e9brale. Dossier ergonomique pour le dos multi-usages Ce&nbsp;dossier&#8230;<\/p>\n","protected":false},"author":1,"featured_media":0,"parent":0,"menu_order":0,"comment_status":"closed","ping_status":"closed","template":"","meta":{"content-type":"","_kad_post_transparent":"","_kad_post_title":"hide","_kad_post_layout":"","_kad_post_sidebar_id":"","_kad_post_content_style":"","_kad_post_vertical_padding":"","_kad_post_feature":"","_kad_post_feature_position":"","_kad_post_header":false,"_kad_post_footer":false,"footnotes":""},"class_list":["post-3650","page","type-page","status-publish","hentry"],"_links":{"self":[{"href":"https:\/\/bastideparis.fr\/ro49090-ovh\/index.php\/wp-json\/wp\/v2\/pages\/3650","targetHints":{"allow":["GET"]}}],"collection":[{"href":"https:\/\/bastideparis.fr\/ro49090-ovh\/index.php\/wp-json\/wp\/v2\/pages"}],"about":[{"href":"https:\/\/bastideparis.fr\/ro49090-ovh\/index.php\/wp-json\/wp\/v2\/types\/page"}],"author":[{"embeddable":true,"href":"https:\/\/bastideparis.fr\/ro49090-ovh\/index.php\/wp-json\/wp\/v2\/users\/1"}],"replies":[{"embeddable":true,"href":"https:\/\/bastideparis.fr\/ro49090-ovh\/index.php\/wp-json\/wp\/v2\/comments?post=3650"}],"version-history":[{"count":1,"href":"https:\/\/bastideparis.fr\/ro49090-ovh\/index.php\/wp-json\/wp\/v2\/pages\/3650\/revisions"}],"predecessor-version":[{"id":3651,"href":"https:\/\/bastideparis.fr\/ro49090-ovh\/index.php\/wp-json\/wp\/v2\/pages\/3650\/revisions\/3651"}],"wp:attachment":[{"href":"https:\/\/bastideparis.fr\/ro49090-ovh\/index.php\/wp-json\/wp\/v2\/media?parent=3650"}],"curies":[{"name":"wp","href":"https:\/\/api.w.org\/{rel}","templated":true}]}}