{"id":3653,"date":"2024-06-06T11:31:30","date_gmt":"2024-06-06T09:31:30","guid":{"rendered":"https:\/\/bastideparis.fr\/ro49090-ovh\/?page_id=3653"},"modified":"2024-06-06T11:31:41","modified_gmt":"2024-06-06T09:31:41","slug":"sur-siege-soutien-dos-dorsaback-sissel","status":"publish","type":"page","link":"https:\/\/bastideparis.fr\/ro49090-ovh\/index.php\/sur-siege-soutien-dos-dorsaback-sissel\/","title":{"rendered":"Sur-si\u00e8ge soutien dos Dorsaback Sissel"},"content":{"rendered":"\n<p><a href=\"https:\/\/bastideparis.fr\/ro49090-ovh\/index.php\/showroom-salon\/\">Retour<\/a><\/p>\n\n\n\n<p class=\"has-larger-font-size\">Sur-si\u00e8ge soutien dos Dorsaback Sissel<\/p>\n\n\n<style>.kb-row-layout-id3653_7fd402-49 > .kt-row-column-wrap{align-content:start;}:where(.kb-row-layout-id3653_7fd402-49 > .kt-row-column-wrap) > .wp-block-kadence-column{justify-content:start;}.kb-row-layout-id3653_7fd402-49 > .kt-row-column-wrap{column-gap:var(--global-kb-gap-md, 2rem);row-gap:var(--global-kb-gap-md, 2rem);padding-top:var(--global-kb-spacing-sm, 1.5rem);padding-bottom:var(--global-kb-spacing-sm, 1.5rem);grid-template-columns:repeat(2, minmax(0, 1fr));}.kb-row-layout-id3653_7fd402-49 > .kt-row-layout-overlay{opacity:0.30;}@media all and (max-width: 1024px){.kb-row-layout-id3653_7fd402-49 > .kt-row-column-wrap{grid-template-columns:repeat(2, minmax(0, 1fr));}}@media all and (max-width: 767px){.kb-row-layout-id3653_7fd402-49 > .kt-row-column-wrap{grid-template-columns:minmax(0, 1fr);}}<\/style><div class=\"kb-row-layout-wrap kb-row-layout-id3653_7fd402-49 alignnone wp-block-kadence-rowlayout\"><div class=\"kt-row-column-wrap kt-has-2-columns kt-row-layout-equal kt-tab-layout-inherit kt-mobile-layout-row kt-row-valign-top\">\n<style>.kadence-column3653_1eaf66-f9 > .kt-inside-inner-col,.kadence-column3653_1eaf66-f9 > .kt-inside-inner-col:before{border-top-left-radius:0px;border-top-right-radius:0px;border-bottom-right-radius:0px;border-bottom-left-radius:0px;}.kadence-column3653_1eaf66-f9 > .kt-inside-inner-col{column-gap:var(--global-kb-gap-sm, 1rem);}.kadence-column3653_1eaf66-f9 > .kt-inside-inner-col{flex-direction:column;}.kadence-column3653_1eaf66-f9 > .kt-inside-inner-col > .aligncenter{width:100%;}.kadence-column3653_1eaf66-f9 > .kt-inside-inner-col:before{opacity:0.3;}.kadence-column3653_1eaf66-f9{position:relative;}@media all and (max-width: 1024px){.kadence-column3653_1eaf66-f9 > .kt-inside-inner-col{flex-direction:column;justify-content:center;}}@media all and (max-width: 767px){.kadence-column3653_1eaf66-f9 > .kt-inside-inner-col{flex-direction:column;justify-content:center;}}<\/style>\n<div class=\"wp-block-kadence-column kadence-column3653_1eaf66-f9\"><div class=\"kt-inside-inner-col\"><div class=\"wp-block-image\">\n<figure class=\"aligncenter size-full\"><img loading=\"lazy\" decoding=\"async\" width=\"360\" height=\"360\" src=\"https:\/\/bastideparis.fr\/ro49090-ovh\/wp-content\/uploads\/2024\/02\/sur-siege-soutien-dos-dorsaback.webp\" alt=\"\" class=\"wp-image-2563\" srcset=\"https:\/\/bastideparis.fr\/ro49090-ovh\/wp-content\/uploads\/2024\/02\/sur-siege-soutien-dos-dorsaback.webp 360w, https:\/\/bastideparis.fr\/ro49090-ovh\/wp-content\/uploads\/2024\/02\/sur-siege-soutien-dos-dorsaback-300x300.webp 300w, https:\/\/bastideparis.fr\/ro49090-ovh\/wp-content\/uploads\/2024\/02\/sur-siege-soutien-dos-dorsaback-150x150.webp 150w\" sizes=\"auto, (max-width: 360px) 100vw, 360px\" \/><\/figure>\n<\/div><\/div><\/div>\n\n\n<style>.kadence-column3653_123cda-cf > .kt-inside-inner-col,.kadence-column3653_123cda-cf > .kt-inside-inner-col:before{border-top-left-radius:0px;border-top-right-radius:0px;border-bottom-right-radius:0px;border-bottom-left-radius:0px;}.kadence-column3653_123cda-cf > .kt-inside-inner-col{column-gap:var(--global-kb-gap-sm, 1rem);}.kadence-column3653_123cda-cf > .kt-inside-inner-col{flex-direction:column;}.kadence-column3653_123cda-cf > .kt-inside-inner-col > .aligncenter{width:100%;}.kadence-column3653_123cda-cf > .kt-inside-inner-col:before{opacity:0.3;}.kadence-column3653_123cda-cf{position:relative;}@media all and (max-width: 1024px){.kadence-column3653_123cda-cf > .kt-inside-inner-col{flex-direction:column;justify-content:center;}}@media all and (max-width: 767px){.kadence-column3653_123cda-cf > .kt-inside-inner-col{flex-direction:column;justify-content:center;}}<\/style>\n<div class=\"wp-block-kadence-column kadence-column3653_123cda-cf\"><div class=\"kt-inside-inner-col\">\n<p><strong>Sur-si\u00e8ge soutien dos Dorsaback Sissel &#8211; 119\u20ac<br>R\u00e9f\u00e9rence : 105383<\/strong><\/p>\n\n\n\n<h2 class=\"wp-block-heading\">Description du produit<\/h2>\n\n\n\n<p>En voiture comme \u00e0 la maison, le&nbsp;<strong>sursi\u00e8ge dorsal ergonomique&nbsp;<\/strong><em>DORSABACK SISSEL&nbsp;<\/em><strong>pr\u00e9vient<\/strong>&nbsp;les probl\u00e8mes de dos,&nbsp;<strong>soulage&nbsp;<\/strong>les dorsales et les lombaires.<\/p>\n\n\n\n<h2 class=\"wp-block-heading\">Un sursi\u00e8ge qui soutien votre dos<\/h2>\n\n\n\n<p>Le sursi\u00e8ge soutien dos et lombaires DORSABACK de SISSEL est constitu\u00e9 d&rsquo;une armature en bois naturel lamin\u00e9 et d&rsquo;une&nbsp;<strong>housse amovible<\/strong>&nbsp;en coton matelass\u00e9e. Ce&nbsp;<strong>coussin ergonomique pour le dos DORSABACK<\/strong>&nbsp;poss\u00e8de un angle d&rsquo;inclinaison r\u00e9glable pour s&rsquo;adapter \u00e0 tous types de fauteuils et un soutien lombaire \u00e0 hauteur variable \u00ab\u00a0Dorsaback-Pad\u00a0\u00bb (non vendu avec le Sursi\u00e8ge Dorsaback). Restez bien assis sur tous les types d&rsquo;assise : \u00e0 la maison (lit, canap\u00e9), en voiture ou au bureau !<\/p>\n<\/div><\/div>\n\n<\/div><\/div>\n\n<style>.kb-row-layout-id3653_929b23-7a > .kt-row-column-wrap{align-content:start;}:where(.kb-row-layout-id3653_929b23-7a > .kt-row-column-wrap) > .wp-block-kadence-column{justify-content:start;}.kb-row-layout-id3653_929b23-7a > .kt-row-column-wrap{column-gap:var(--global-kb-gap-md, 2rem);row-gap:var(--global-kb-gap-md, 2rem);padding-top:var(--global-kb-spacing-sm, 1.5rem);padding-bottom:var(--global-kb-spacing-sm, 1.5rem);grid-template-columns:repeat(2, minmax(0, 1fr));}.kb-row-layout-id3653_929b23-7a > .kt-row-layout-overlay{opacity:0.30;}@media all and (max-width: 1024px){.kb-row-layout-id3653_929b23-7a > .kt-row-column-wrap{grid-template-columns:repeat(2, minmax(0, 1fr));}}@media all and (max-width: 767px){.kb-row-layout-id3653_929b23-7a > .kt-row-column-wrap{grid-template-columns:minmax(0, 1fr);}}<\/style><div class=\"kb-row-layout-wrap kb-row-layout-id3653_929b23-7a alignnone wp-block-kadence-rowlayout\"><div class=\"kt-row-column-wrap kt-has-2-columns kt-row-layout-equal kt-tab-layout-inherit kt-mobile-layout-row kt-row-valign-top\">\n<style>.kadence-column3653_4030f1-0d > .kt-inside-inner-col,.kadence-column3653_4030f1-0d > .kt-inside-inner-col:before{border-top-left-radius:0px;border-top-right-radius:0px;border-bottom-right-radius:0px;border-bottom-left-radius:0px;}.kadence-column3653_4030f1-0d > .kt-inside-inner-col{column-gap:var(--global-kb-gap-sm, 1rem);}.kadence-column3653_4030f1-0d > .kt-inside-inner-col{flex-direction:column;}.kadence-column3653_4030f1-0d > .kt-inside-inner-col > .aligncenter{width:100%;}.kadence-column3653_4030f1-0d > .kt-inside-inner-col:before{opacity:0.3;}.kadence-column3653_4030f1-0d{position:relative;}@media all and (max-width: 1024px){.kadence-column3653_4030f1-0d > .kt-inside-inner-col{flex-direction:column;justify-content:center;}}@media all and (max-width: 767px){.kadence-column3653_4030f1-0d > .kt-inside-inner-col{flex-direction:column;justify-content:center;}}<\/style>\n<div class=\"wp-block-kadence-column kadence-column3653_4030f1-0d\"><div class=\"kt-inside-inner-col\">\n<h2 class=\"wp-block-heading\">CARACTERISTIQUES du surgi\u00e8ge Sissel Dorsaback<\/h2>\n\n\n\n<ul class=\"wp-block-list\">\n<li>Dimensions&nbsp;: Dossier : 31 X 50 cm,&nbsp;<\/li>\n\n\n\n<li>Dimensions : Assise : 44 X 37 X 3,5 cm<\/li>\n\n\n\n<li>Poids&nbsp;: 2.3 kg<\/li>\n\n\n\n<li>Poids maximum de l&rsquo;utilisateur: 125 kg<\/li>\n\n\n\n<li>Housse amovible<\/li>\n\n\n\n<li>Angle d&rsquo;inclinaison r\u00e9glable<\/li>\n\n\n\n<li>Garantie 3 ans<\/li>\n\n\n\n<li>Coloris: Noir<\/li>\n<\/ul>\n<\/div><\/div>\n\n\n<style>.kadence-column3653_7ee165-61 > .kt-inside-inner-col,.kadence-column3653_7ee165-61 > .kt-inside-inner-col:before{border-top-left-radius:0px;border-top-right-radius:0px;border-bottom-right-radius:0px;border-bottom-left-radius:0px;}.kadence-column3653_7ee165-61 > .kt-inside-inner-col{column-gap:var(--global-kb-gap-sm, 1rem);}.kadence-column3653_7ee165-61 > .kt-inside-inner-col{flex-direction:column;}.kadence-column3653_7ee165-61 > .kt-inside-inner-col > .aligncenter{width:100%;}.kadence-column3653_7ee165-61 > .kt-inside-inner-col:before{opacity:0.3;}.kadence-column3653_7ee165-61{position:relative;}@media all and (max-width: 1024px){.kadence-column3653_7ee165-61 > .kt-inside-inner-col{flex-direction:column;justify-content:center;}}@media all and (max-width: 767px){.kadence-column3653_7ee165-61 > .kt-inside-inner-col{flex-direction:column;justify-content:center;}}<\/style>\n<div class=\"wp-block-kadence-column kadence-column3653_7ee165-61\"><div class=\"kt-inside-inner-col\"><\/div><\/div>\n\n<\/div><\/div>","protected":false},"excerpt":{"rendered":"<p>Retour Sur-si\u00e8ge soutien dos Dorsaback Sissel Sur-si\u00e8ge soutien dos Dorsaback Sissel &#8211; 119\u20acR\u00e9f\u00e9rence : 105383 Description du produit En voiture comme \u00e0 la maison, le&nbsp;sursi\u00e8ge dorsal ergonomique&nbsp;DORSABACK SISSEL&nbsp;pr\u00e9vient&nbsp;les probl\u00e8mes de dos,&nbsp;soulage&nbsp;les dorsales et les lombaires. Un sursi\u00e8ge qui soutien votre dos Le sursi\u00e8ge soutien dos et lombaires DORSABACK de SISSEL est constitu\u00e9 d&rsquo;une armature en&#8230;<\/p>\n","protected":false},"author":1,"featured_media":0,"parent":0,"menu_order":0,"comment_status":"closed","ping_status":"closed","template":"","meta":{"content-type":"","_kad_post_transparent":"","_kad_post_title":"hide","_kad_post_layout":"","_kad_post_sidebar_id":"","_kad_post_content_style":"","_kad_post_vertical_padding":"","_kad_post_feature":"","_kad_post_feature_position":"","_kad_post_header":false,"_kad_post_footer":false,"footnotes":""},"class_list":["post-3653","page","type-page","status-publish","hentry"],"_links":{"self":[{"href":"https:\/\/bastideparis.fr\/ro49090-ovh\/index.php\/wp-json\/wp\/v2\/pages\/3653","targetHints":{"allow":["GET"]}}],"collection":[{"href":"https:\/\/bastideparis.fr\/ro49090-ovh\/index.php\/wp-json\/wp\/v2\/pages"}],"about":[{"href":"https:\/\/bastideparis.fr\/ro49090-ovh\/index.php\/wp-json\/wp\/v2\/types\/page"}],"author":[{"embeddable":true,"href":"https:\/\/bastideparis.fr\/ro49090-ovh\/index.php\/wp-json\/wp\/v2\/users\/1"}],"replies":[{"embeddable":true,"href":"https:\/\/bastideparis.fr\/ro49090-ovh\/index.php\/wp-json\/wp\/v2\/comments?post=3653"}],"version-history":[{"count":2,"href":"https:\/\/bastideparis.fr\/ro49090-ovh\/index.php\/wp-json\/wp\/v2\/pages\/3653\/revisions"}],"predecessor-version":[{"id":3655,"href":"https:\/\/bastideparis.fr\/ro49090-ovh\/index.php\/wp-json\/wp\/v2\/pages\/3653\/revisions\/3655"}],"wp:attachment":[{"href":"https:\/\/bastideparis.fr\/ro49090-ovh\/index.php\/wp-json\/wp\/v2\/media?parent=3653"}],"curies":[{"name":"wp","href":"https:\/\/api.w.org\/{rel}","templated":true}]}}