{"id":3671,"date":"2024-06-06T14:15:30","date_gmt":"2024-06-06T12:15:30","guid":{"rendered":"https:\/\/bastideparis.fr\/ro49090-ovh\/?page_id=3671"},"modified":"2024-06-06T14:15:30","modified_gmt":"2024-06-06T12:15:30","slug":"surelevateur-de-toilette-rehotec-meditec","status":"publish","type":"page","link":"https:\/\/bastideparis.fr\/ro49090-ovh\/index.php\/surelevateur-de-toilette-rehotec-meditec\/","title":{"rendered":"Sur\u00e9l\u00e9vateur de toilette Rehotec M\u00e9ditec"},"content":{"rendered":"\n<p><a href=\"https:\/\/bastideparis.fr\/ro49090-ovh\/index.php\/showroom-toilettes\/\">Retour<\/a><\/p>\n\n\n\n<p class=\"has-larger-font-size\">Sur\u00e9l\u00e9vateur de toilette Rehotec M\u00e9ditec<\/p>\n\n\n<style>.kb-row-layout-id3671_299e71-35 > .kt-row-column-wrap{align-content:start;}:where(.kb-row-layout-id3671_299e71-35 > .kt-row-column-wrap) > .wp-block-kadence-column{justify-content:start;}.kb-row-layout-id3671_299e71-35 > .kt-row-column-wrap{column-gap:var(--global-kb-gap-md, 2rem);row-gap:var(--global-kb-gap-md, 2rem);padding-top:var(--global-kb-spacing-sm, 1.5rem);padding-bottom:var(--global-kb-spacing-sm, 1.5rem);grid-template-columns:repeat(2, minmax(0, 1fr));}.kb-row-layout-id3671_299e71-35 > .kt-row-layout-overlay{opacity:0.30;}@media all and (max-width: 1024px){.kb-row-layout-id3671_299e71-35 > .kt-row-column-wrap{grid-template-columns:repeat(2, minmax(0, 1fr));}}@media all and (max-width: 767px){.kb-row-layout-id3671_299e71-35 > .kt-row-column-wrap{grid-template-columns:minmax(0, 1fr);}}<\/style><div class=\"kb-row-layout-wrap kb-row-layout-id3671_299e71-35 alignnone wp-block-kadence-rowlayout\"><div class=\"kt-row-column-wrap kt-has-2-columns kt-row-layout-equal kt-tab-layout-inherit kt-mobile-layout-row kt-row-valign-top\">\n<style>.kadence-column3671_9dfe53-cd > .kt-inside-inner-col,.kadence-column3671_9dfe53-cd > .kt-inside-inner-col:before{border-top-left-radius:0px;border-top-right-radius:0px;border-bottom-right-radius:0px;border-bottom-left-radius:0px;}.kadence-column3671_9dfe53-cd > .kt-inside-inner-col{column-gap:var(--global-kb-gap-sm, 1rem);}.kadence-column3671_9dfe53-cd > .kt-inside-inner-col{flex-direction:column;}.kadence-column3671_9dfe53-cd > .kt-inside-inner-col > .aligncenter{width:100%;}.kadence-column3671_9dfe53-cd > .kt-inside-inner-col:before{opacity:0.3;}.kadence-column3671_9dfe53-cd{position:relative;}@media all and (max-width: 1024px){.kadence-column3671_9dfe53-cd > .kt-inside-inner-col{flex-direction:column;justify-content:center;}}@media all and (max-width: 767px){.kadence-column3671_9dfe53-cd > .kt-inside-inner-col{flex-direction:column;justify-content:center;}}<\/style>\n<div class=\"wp-block-kadence-column kadence-column3671_9dfe53-cd\"><div class=\"kt-inside-inner-col\"><div class=\"wp-block-image\">\n<figure class=\"aligncenter size-full\"><img loading=\"lazy\" decoding=\"async\" width=\"360\" height=\"360\" src=\"https:\/\/bastideparis.fr\/ro49090-ovh\/wp-content\/uploads\/2024\/02\/rehotec-sans-couvercle.webp\" alt=\"\" class=\"wp-image-2406\" srcset=\"https:\/\/bastideparis.fr\/ro49090-ovh\/wp-content\/uploads\/2024\/02\/rehotec-sans-couvercle.webp 360w, https:\/\/bastideparis.fr\/ro49090-ovh\/wp-content\/uploads\/2024\/02\/rehotec-sans-couvercle-300x300.webp 300w, https:\/\/bastideparis.fr\/ro49090-ovh\/wp-content\/uploads\/2024\/02\/rehotec-sans-couvercle-150x150.webp 150w\" sizes=\"auto, (max-width: 360px) 100vw, 360px\" \/><\/figure>\n<\/div><\/div><\/div>\n\n\n<style>.kadence-column3671_187618-47 > .kt-inside-inner-col,.kadence-column3671_187618-47 > .kt-inside-inner-col:before{border-top-left-radius:0px;border-top-right-radius:0px;border-bottom-right-radius:0px;border-bottom-left-radius:0px;}.kadence-column3671_187618-47 > .kt-inside-inner-col{column-gap:var(--global-kb-gap-sm, 1rem);}.kadence-column3671_187618-47 > .kt-inside-inner-col{flex-direction:column;}.kadence-column3671_187618-47 > .kt-inside-inner-col > .aligncenter{width:100%;}.kadence-column3671_187618-47 > .kt-inside-inner-col:before{opacity:0.3;}.kadence-column3671_187618-47{position:relative;}@media all and (max-width: 1024px){.kadence-column3671_187618-47 > .kt-inside-inner-col{flex-direction:column;justify-content:center;}}@media all and (max-width: 767px){.kadence-column3671_187618-47 > .kt-inside-inner-col{flex-direction:column;justify-content:center;}}<\/style>\n<div class=\"wp-block-kadence-column kadence-column3671_187618-47\"><div class=\"kt-inside-inner-col\">\n<p><strong>Sur\u00e9l\u00e9vateur de toilette Rehotec M\u00e9ditec &#8211; 19,90\u20ac<br>R\u00e9f\u00e9rence: 110549<\/strong><\/p>\n\n\n\n<h2 class=\"wp-block-heading\">Description du produit<\/h2>\n\n\n\n<p>Le&nbsp;<strong>rehausse WC Rehotec,<\/strong>&nbsp;du fournisseur&nbsp;<strong>Pharmaouest,<\/strong>&nbsp;est&nbsp;<strong>facile \u00e0 installer<\/strong>. Il vous suffit&nbsp;<strong>positionner<\/strong>&nbsp;le sur\u00e9l\u00e9vateur sur votre&nbsp;<strong>cuvette<\/strong>&nbsp;et de le serrer \u00e0 l\u2019aide des deux molettes. Ces deux pattes de fixation vous assurent&nbsp;<strong>une assise en toute s\u00e9curit\u00e9<\/strong>.<\/p>\n\n\n\n<p>Son&nbsp;<strong>assise ergonomique<\/strong>&nbsp;est inclin\u00e9e de 3\u00b0 afin de&nbsp;<strong>respecter l\u2019angulation naturelle du bassin<\/strong>. Sa forme incurv\u00e9e&nbsp;<strong>\u00e9pouse la forme du corps<\/strong>&nbsp;pour plus de confort.<\/p>\n\n\n\n<p><strong>Facile \u00e0 nettoyer<\/strong>, les rehausses WC r\u00e9siste au lavage machine ainsi qu\u2019\u00e0 l\u2019autoclave.<\/p>\n<\/div><\/div>\n\n<\/div><\/div>\n\n<style>.kb-row-layout-id3671_58591b-04 > .kt-row-column-wrap{align-content:start;}:where(.kb-row-layout-id3671_58591b-04 > .kt-row-column-wrap) > .wp-block-kadence-column{justify-content:start;}.kb-row-layout-id3671_58591b-04 > .kt-row-column-wrap{column-gap:var(--global-kb-gap-md, 2rem);row-gap:var(--global-kb-gap-md, 2rem);padding-top:var(--global-kb-spacing-sm, 1.5rem);padding-bottom:var(--global-kb-spacing-sm, 1.5rem);grid-template-columns:repeat(2, minmax(0, 1fr));}.kb-row-layout-id3671_58591b-04 > .kt-row-layout-overlay{opacity:0.30;}@media all and (max-width: 1024px){.kb-row-layout-id3671_58591b-04 > .kt-row-column-wrap{grid-template-columns:repeat(2, minmax(0, 1fr));}}@media all and (max-width: 767px){.kb-row-layout-id3671_58591b-04 > .kt-row-column-wrap{grid-template-columns:minmax(0, 1fr);}}<\/style><div class=\"kb-row-layout-wrap kb-row-layout-id3671_58591b-04 alignnone wp-block-kadence-rowlayout\"><div class=\"kt-row-column-wrap kt-has-2-columns kt-row-layout-equal kt-tab-layout-inherit kt-mobile-layout-row kt-row-valign-top\">\n<style>.kadence-column3671_4a5cac-d4 > .kt-inside-inner-col,.kadence-column3671_4a5cac-d4 > .kt-inside-inner-col:before{border-top-left-radius:0px;border-top-right-radius:0px;border-bottom-right-radius:0px;border-bottom-left-radius:0px;}.kadence-column3671_4a5cac-d4 > .kt-inside-inner-col{column-gap:var(--global-kb-gap-sm, 1rem);}.kadence-column3671_4a5cac-d4 > .kt-inside-inner-col{flex-direction:column;}.kadence-column3671_4a5cac-d4 > .kt-inside-inner-col > .aligncenter{width:100%;}.kadence-column3671_4a5cac-d4 > .kt-inside-inner-col:before{opacity:0.3;}.kadence-column3671_4a5cac-d4{position:relative;}@media all and (max-width: 1024px){.kadence-column3671_4a5cac-d4 > .kt-inside-inner-col{flex-direction:column;justify-content:center;}}@media all and (max-width: 767px){.kadence-column3671_4a5cac-d4 > .kt-inside-inner-col{flex-direction:column;justify-content:center;}}<\/style>\n<div class=\"wp-block-kadence-column kadence-column3671_4a5cac-d4\"><div class=\"kt-inside-inner-col\">\n<h2 class=\"wp-block-heading\">Dimensions du sur\u00e9l\u00e9vateur de toilette<\/h2>\n\n\n\n<ul class=\"wp-block-list\">\n<li>Hauteur&nbsp;: 10 cm<\/li>\n\n\n\n<li>Largeur&nbsp;: 44.5 cm<\/li>\n\n\n\n<li>Longueur&nbsp;: 43 cm<\/li>\n\n\n\n<li>Poids max : 180 kg<\/li>\n<\/ul>\n<\/div><\/div>\n\n\n<style>.kadence-column3671_ad5379-82 > .kt-inside-inner-col,.kadence-column3671_ad5379-82 > .kt-inside-inner-col:before{border-top-left-radius:0px;border-top-right-radius:0px;border-bottom-right-radius:0px;border-bottom-left-radius:0px;}.kadence-column3671_ad5379-82 > .kt-inside-inner-col{column-gap:var(--global-kb-gap-sm, 1rem);}.kadence-column3671_ad5379-82 > .kt-inside-inner-col{flex-direction:column;}.kadence-column3671_ad5379-82 > .kt-inside-inner-col > .aligncenter{width:100%;}.kadence-column3671_ad5379-82 > .kt-inside-inner-col:before{opacity:0.3;}.kadence-column3671_ad5379-82{position:relative;}@media all and (max-width: 1024px){.kadence-column3671_ad5379-82 > .kt-inside-inner-col{flex-direction:column;justify-content:center;}}@media all and (max-width: 767px){.kadence-column3671_ad5379-82 > .kt-inside-inner-col{flex-direction:column;justify-content:center;}}<\/style>\n<div class=\"wp-block-kadence-column kadence-column3671_ad5379-82\"><div class=\"kt-inside-inner-col\"><\/div><\/div>\n\n<\/div><\/div>","protected":false},"excerpt":{"rendered":"<p>Retour Sur\u00e9l\u00e9vateur de toilette Rehotec M\u00e9ditec Sur\u00e9l\u00e9vateur de toilette Rehotec M\u00e9ditec &#8211; 19,90\u20acR\u00e9f\u00e9rence: 110549 Description du produit Le&nbsp;rehausse WC Rehotec,&nbsp;du fournisseur&nbsp;Pharmaouest,&nbsp;est&nbsp;facile \u00e0 installer. Il vous suffit&nbsp;positionner&nbsp;le sur\u00e9l\u00e9vateur sur votre&nbsp;cuvette&nbsp;et de le serrer \u00e0 l\u2019aide des deux molettes. Ces deux pattes de fixation vous assurent&nbsp;une assise en toute s\u00e9curit\u00e9. Son&nbsp;assise ergonomique&nbsp;est inclin\u00e9e de 3\u00b0 afin de&nbsp;respecter&#8230;<\/p>\n","protected":false},"author":1,"featured_media":0,"parent":0,"menu_order":0,"comment_status":"closed","ping_status":"closed","template":"","meta":{"content-type":"","_kad_post_transparent":"","_kad_post_title":"hide","_kad_post_layout":"","_kad_post_sidebar_id":"","_kad_post_content_style":"","_kad_post_vertical_padding":"","_kad_post_feature":"","_kad_post_feature_position":"","_kad_post_header":false,"_kad_post_footer":false,"footnotes":""},"class_list":["post-3671","page","type-page","status-publish","hentry"],"_links":{"self":[{"href":"https:\/\/bastideparis.fr\/ro49090-ovh\/index.php\/wp-json\/wp\/v2\/pages\/3671","targetHints":{"allow":["GET"]}}],"collection":[{"href":"https:\/\/bastideparis.fr\/ro49090-ovh\/index.php\/wp-json\/wp\/v2\/pages"}],"about":[{"href":"https:\/\/bastideparis.fr\/ro49090-ovh\/index.php\/wp-json\/wp\/v2\/types\/page"}],"author":[{"embeddable":true,"href":"https:\/\/bastideparis.fr\/ro49090-ovh\/index.php\/wp-json\/wp\/v2\/users\/1"}],"replies":[{"embeddable":true,"href":"https:\/\/bastideparis.fr\/ro49090-ovh\/index.php\/wp-json\/wp\/v2\/comments?post=3671"}],"version-history":[{"count":1,"href":"https:\/\/bastideparis.fr\/ro49090-ovh\/index.php\/wp-json\/wp\/v2\/pages\/3671\/revisions"}],"predecessor-version":[{"id":3672,"href":"https:\/\/bastideparis.fr\/ro49090-ovh\/index.php\/wp-json\/wp\/v2\/pages\/3671\/revisions\/3672"}],"wp:attachment":[{"href":"https:\/\/bastideparis.fr\/ro49090-ovh\/index.php\/wp-json\/wp\/v2\/media?parent=3671"}],"curies":[{"name":"wp","href":"https:\/\/api.w.org\/{rel}","templated":true}]}}