{"id":3674,"date":"2024-06-06T14:19:04","date_gmt":"2024-06-06T12:19:04","guid":{"rendered":"https:\/\/bastideparis.fr\/ro49090-ovh\/?page_id=3674"},"modified":"2024-06-06T14:19:04","modified_gmt":"2024-06-06T12:19:04","slug":"surelevateur-de-toilette-avec-couvercle","status":"publish","type":"page","link":"https:\/\/bastideparis.fr\/ro49090-ovh\/index.php\/surelevateur-de-toilette-avec-couvercle\/","title":{"rendered":"Sur\u00e9l\u00e9vateur de toilette avec couvercle"},"content":{"rendered":"\n<p><a href=\"https:\/\/bastideparis.fr\/ro49090-ovh\/index.php\/showroom-toilettes\/\">Retour<\/a><\/p>\n\n\n\n<p class=\"has-larger-font-size\">Sur\u00e9l\u00e9vateur de toilette avec couvercle<\/p>\n\n\n<style>.kb-row-layout-id3674_619b16-0b > .kt-row-column-wrap{align-content:start;}:where(.kb-row-layout-id3674_619b16-0b > .kt-row-column-wrap) > .wp-block-kadence-column{justify-content:start;}.kb-row-layout-id3674_619b16-0b > .kt-row-column-wrap{column-gap:var(--global-kb-gap-md, 2rem);row-gap:var(--global-kb-gap-md, 2rem);padding-top:var(--global-kb-spacing-sm, 1.5rem);padding-bottom:var(--global-kb-spacing-sm, 1.5rem);grid-template-columns:repeat(2, minmax(0, 1fr));}.kb-row-layout-id3674_619b16-0b > .kt-row-layout-overlay{opacity:0.30;}@media all and (max-width: 1024px){.kb-row-layout-id3674_619b16-0b > .kt-row-column-wrap{grid-template-columns:repeat(2, minmax(0, 1fr));}}@media all and (max-width: 767px){.kb-row-layout-id3674_619b16-0b > .kt-row-column-wrap{grid-template-columns:minmax(0, 1fr);}}<\/style><div class=\"kb-row-layout-wrap kb-row-layout-id3674_619b16-0b alignnone wp-block-kadence-rowlayout\"><div class=\"kt-row-column-wrap kt-has-2-columns kt-row-layout-equal kt-tab-layout-inherit kt-mobile-layout-row kt-row-valign-top\">\n<style>.kadence-column3674_a6a80d-9d > .kt-inside-inner-col,.kadence-column3674_a6a80d-9d > .kt-inside-inner-col:before{border-top-left-radius:0px;border-top-right-radius:0px;border-bottom-right-radius:0px;border-bottom-left-radius:0px;}.kadence-column3674_a6a80d-9d > .kt-inside-inner-col{column-gap:var(--global-kb-gap-sm, 1rem);}.kadence-column3674_a6a80d-9d > .kt-inside-inner-col{flex-direction:column;}.kadence-column3674_a6a80d-9d > .kt-inside-inner-col > .aligncenter{width:100%;}.kadence-column3674_a6a80d-9d > .kt-inside-inner-col:before{opacity:0.3;}.kadence-column3674_a6a80d-9d{position:relative;}@media all and (max-width: 1024px){.kadence-column3674_a6a80d-9d > .kt-inside-inner-col{flex-direction:column;justify-content:center;}}@media all and (max-width: 767px){.kadence-column3674_a6a80d-9d > .kt-inside-inner-col{flex-direction:column;justify-content:center;}}<\/style>\n<div class=\"wp-block-kadence-column kadence-column3674_a6a80d-9d\"><div class=\"kt-inside-inner-col\"><div class=\"wp-block-image\">\n<figure class=\"aligncenter size-full\"><img loading=\"lazy\" decoding=\"async\" width=\"360\" height=\"360\" src=\"https:\/\/bastideparis.fr\/ro49090-ovh\/wp-content\/uploads\/2024\/02\/rehotec-couvercle.webp\" alt=\"\" class=\"wp-image-2407\" srcset=\"https:\/\/bastideparis.fr\/ro49090-ovh\/wp-content\/uploads\/2024\/02\/rehotec-couvercle.webp 360w, https:\/\/bastideparis.fr\/ro49090-ovh\/wp-content\/uploads\/2024\/02\/rehotec-couvercle-300x300.webp 300w, https:\/\/bastideparis.fr\/ro49090-ovh\/wp-content\/uploads\/2024\/02\/rehotec-couvercle-150x150.webp 150w\" sizes=\"auto, (max-width: 360px) 100vw, 360px\" \/><\/figure>\n<\/div><\/div><\/div>\n\n\n<style>.kadence-column3674_d8c434-ac > .kt-inside-inner-col,.kadence-column3674_d8c434-ac > .kt-inside-inner-col:before{border-top-left-radius:0px;border-top-right-radius:0px;border-bottom-right-radius:0px;border-bottom-left-radius:0px;}.kadence-column3674_d8c434-ac > .kt-inside-inner-col{column-gap:var(--global-kb-gap-sm, 1rem);}.kadence-column3674_d8c434-ac > .kt-inside-inner-col{flex-direction:column;}.kadence-column3674_d8c434-ac > .kt-inside-inner-col > .aligncenter{width:100%;}.kadence-column3674_d8c434-ac > .kt-inside-inner-col:before{opacity:0.3;}.kadence-column3674_d8c434-ac{position:relative;}@media all and (max-width: 1024px){.kadence-column3674_d8c434-ac > .kt-inside-inner-col{flex-direction:column;justify-content:center;}}@media all and (max-width: 767px){.kadence-column3674_d8c434-ac > .kt-inside-inner-col{flex-direction:column;justify-content:center;}}<\/style>\n<div class=\"wp-block-kadence-column kadence-column3674_d8c434-ac\"><div class=\"kt-inside-inner-col\">\n<p><strong>Sur\u00e9l\u00e9vateur de toilette avec couvercle &#8211; 23,90\u20ac<br>R\u00e9f\u00e9rence : 110550<\/strong><\/p>\n\n\n\n<h2 class=\"wp-block-heading\">Description du produit<\/h2>\n\n\n\n<p>Le&nbsp;<strong>rehausse WC Rehotec&nbsp;<\/strong>avec couvercle, s\u2019installe tr\u00e8s rapidement. Il vous suffit&nbsp;<strong>positionner<\/strong>&nbsp;le sur\u00e9l\u00e9vateur sur votre&nbsp;<strong>cuvette<\/strong>&nbsp;et de le serrer \u00e0 l\u2019aide des deux pattes de fixation positionn\u00e9es sur le c\u00f4t\u00e9. Les deux pattes de fixation vous assurent&nbsp;<strong>une assise en toute s\u00e9curit\u00e9<\/strong>.<\/p>\n\n\n\n<p>Son&nbsp;<strong>assise ergonomique,<\/strong>&nbsp;inclin\u00e9e de 3\u00b0, permet de&nbsp;<strong>respecter l\u2019angulation naturelle du bassin<\/strong>. Sa forme incurv\u00e9e&nbsp;<strong>\u00e9pouse naturellement la forme du corps<\/strong>.<\/p>\n\n\n\n<p><strong>Facile \u00e0 nettoyer<\/strong>, les rehausses WC Rehotec r\u00e9siste au lavage machine ainsi qu\u2019\u00e0 l\u2019autoclave.<\/p>\n<\/div><\/div>\n\n<\/div><\/div>\n\n<style>.kb-row-layout-id3674_c4bc23-63 > .kt-row-column-wrap{align-content:start;}:where(.kb-row-layout-id3674_c4bc23-63 > .kt-row-column-wrap) > .wp-block-kadence-column{justify-content:start;}.kb-row-layout-id3674_c4bc23-63 > .kt-row-column-wrap{column-gap:var(--global-kb-gap-md, 2rem);row-gap:var(--global-kb-gap-md, 2rem);padding-top:var(--global-kb-spacing-sm, 1.5rem);padding-bottom:var(--global-kb-spacing-sm, 1.5rem);grid-template-columns:repeat(2, minmax(0, 1fr));}.kb-row-layout-id3674_c4bc23-63 > .kt-row-layout-overlay{opacity:0.30;}@media all and (max-width: 1024px){.kb-row-layout-id3674_c4bc23-63 > .kt-row-column-wrap{grid-template-columns:repeat(2, minmax(0, 1fr));}}@media all and (max-width: 767px){.kb-row-layout-id3674_c4bc23-63 > .kt-row-column-wrap{grid-template-columns:minmax(0, 1fr);}}<\/style><div class=\"kb-row-layout-wrap kb-row-layout-id3674_c4bc23-63 alignnone wp-block-kadence-rowlayout\"><div class=\"kt-row-column-wrap kt-has-2-columns kt-row-layout-equal kt-tab-layout-inherit kt-mobile-layout-row kt-row-valign-top\">\n<style>.kadence-column3674_131c22-a8 > .kt-inside-inner-col,.kadence-column3674_131c22-a8 > .kt-inside-inner-col:before{border-top-left-radius:0px;border-top-right-radius:0px;border-bottom-right-radius:0px;border-bottom-left-radius:0px;}.kadence-column3674_131c22-a8 > .kt-inside-inner-col{column-gap:var(--global-kb-gap-sm, 1rem);}.kadence-column3674_131c22-a8 > .kt-inside-inner-col{flex-direction:column;}.kadence-column3674_131c22-a8 > .kt-inside-inner-col > .aligncenter{width:100%;}.kadence-column3674_131c22-a8 > .kt-inside-inner-col:before{opacity:0.3;}.kadence-column3674_131c22-a8{position:relative;}@media all and (max-width: 1024px){.kadence-column3674_131c22-a8 > .kt-inside-inner-col{flex-direction:column;justify-content:center;}}@media all and (max-width: 767px){.kadence-column3674_131c22-a8 > .kt-inside-inner-col{flex-direction:column;justify-content:center;}}<\/style>\n<div class=\"wp-block-kadence-column kadence-column3674_131c22-a8\"><div class=\"kt-inside-inner-col\">\n<h2 class=\"wp-block-heading\">Dimensions du r\u00e9hausse WC avec couvercle<\/h2>\n\n\n\n<ul class=\"wp-block-list\">\n<li>Hauteur totale: 19 cm<\/li>\n\n\n\n<li>Haute de la r\u00e9hausse: 10 cm<\/li>\n\n\n\n<li>Largeur\u00a0: 44.5 cm<\/li>\n\n\n\n<li>Longueur\u00a0: 43 cm<\/li>\n\n\n\n<li>Poids du produit: 1.35 kg<\/li>\n\n\n\n<li>Poids max utilisateur: 180 kg<\/li>\n<\/ul>\n<\/div><\/div>\n\n\n<style>.kadence-column3674_a85512-94 > .kt-inside-inner-col,.kadence-column3674_a85512-94 > .kt-inside-inner-col:before{border-top-left-radius:0px;border-top-right-radius:0px;border-bottom-right-radius:0px;border-bottom-left-radius:0px;}.kadence-column3674_a85512-94 > .kt-inside-inner-col{column-gap:var(--global-kb-gap-sm, 1rem);}.kadence-column3674_a85512-94 > .kt-inside-inner-col{flex-direction:column;}.kadence-column3674_a85512-94 > .kt-inside-inner-col > .aligncenter{width:100%;}.kadence-column3674_a85512-94 > .kt-inside-inner-col:before{opacity:0.3;}.kadence-column3674_a85512-94{position:relative;}@media all and (max-width: 1024px){.kadence-column3674_a85512-94 > .kt-inside-inner-col{flex-direction:column;justify-content:center;}}@media all and (max-width: 767px){.kadence-column3674_a85512-94 > .kt-inside-inner-col{flex-direction:column;justify-content:center;}}<\/style>\n<div class=\"wp-block-kadence-column kadence-column3674_a85512-94\"><div class=\"kt-inside-inner-col\"><\/div><\/div>\n\n<\/div><\/div>","protected":false},"excerpt":{"rendered":"<p>Retour Sur\u00e9l\u00e9vateur de toilette avec couvercle Sur\u00e9l\u00e9vateur de toilette avec couvercle &#8211; 23,90\u20acR\u00e9f\u00e9rence : 110550 Description du produit Le&nbsp;rehausse WC Rehotec&nbsp;avec couvercle, s\u2019installe tr\u00e8s rapidement. Il vous suffit&nbsp;positionner&nbsp;le sur\u00e9l\u00e9vateur sur votre&nbsp;cuvette&nbsp;et de le serrer \u00e0 l\u2019aide des deux pattes de fixation positionn\u00e9es sur le c\u00f4t\u00e9. Les deux pattes de fixation vous assurent&nbsp;une assise en toute&#8230;<\/p>\n","protected":false},"author":1,"featured_media":0,"parent":0,"menu_order":0,"comment_status":"closed","ping_status":"closed","template":"","meta":{"content-type":"","_kad_post_transparent":"","_kad_post_title":"hide","_kad_post_layout":"","_kad_post_sidebar_id":"","_kad_post_content_style":"","_kad_post_vertical_padding":"","_kad_post_feature":"","_kad_post_feature_position":"","_kad_post_header":false,"_kad_post_footer":false,"footnotes":""},"class_list":["post-3674","page","type-page","status-publish","hentry"],"_links":{"self":[{"href":"https:\/\/bastideparis.fr\/ro49090-ovh\/index.php\/wp-json\/wp\/v2\/pages\/3674","targetHints":{"allow":["GET"]}}],"collection":[{"href":"https:\/\/bastideparis.fr\/ro49090-ovh\/index.php\/wp-json\/wp\/v2\/pages"}],"about":[{"href":"https:\/\/bastideparis.fr\/ro49090-ovh\/index.php\/wp-json\/wp\/v2\/types\/page"}],"author":[{"embeddable":true,"href":"https:\/\/bastideparis.fr\/ro49090-ovh\/index.php\/wp-json\/wp\/v2\/users\/1"}],"replies":[{"embeddable":true,"href":"https:\/\/bastideparis.fr\/ro49090-ovh\/index.php\/wp-json\/wp\/v2\/comments?post=3674"}],"version-history":[{"count":1,"href":"https:\/\/bastideparis.fr\/ro49090-ovh\/index.php\/wp-json\/wp\/v2\/pages\/3674\/revisions"}],"predecessor-version":[{"id":3675,"href":"https:\/\/bastideparis.fr\/ro49090-ovh\/index.php\/wp-json\/wp\/v2\/pages\/3674\/revisions\/3675"}],"wp:attachment":[{"href":"https:\/\/bastideparis.fr\/ro49090-ovh\/index.php\/wp-json\/wp\/v2\/media?parent=3674"}],"curies":[{"name":"wp","href":"https:\/\/api.w.org\/{rel}","templated":true}]}}