{"id":3677,"date":"2024-06-06T14:22:51","date_gmt":"2024-06-06T12:22:51","guid":{"rendered":"https:\/\/bastideparis.fr\/ro49090-ovh\/?page_id=3677"},"modified":"2025-04-10T10:40:43","modified_gmt":"2025-04-10T08:40:43","slug":"rehausse-wc-medisoft-meditec","status":"publish","type":"page","link":"https:\/\/bastideparis.fr\/ro49090-ovh\/index.php\/rehausse-wc-medisoft-meditec\/","title":{"rendered":"R\u00e9hausse wc Medisoft M\u00e9ditec"},"content":{"rendered":"\n<p><a href=\"https:\/\/bastideparis.fr\/ro49090-ovh\/index.php\/showroom-toilettes\/\">Retour<\/a><\/p>\n\n\n\n<p class=\"has-larger-font-size\">R\u00e9hausse wc Medisoft M\u00e9ditec<\/p>\n\n\n<style>.kb-row-layout-id3677_977853-f0 > .kt-row-column-wrap{align-content:start;}:where(.kb-row-layout-id3677_977853-f0 > .kt-row-column-wrap) > .wp-block-kadence-column{justify-content:start;}.kb-row-layout-id3677_977853-f0 > .kt-row-column-wrap{column-gap:var(--global-kb-gap-md, 2rem);row-gap:var(--global-kb-gap-md, 2rem);padding-top:var(--global-kb-spacing-sm, 1.5rem);padding-bottom:var(--global-kb-spacing-sm, 1.5rem);grid-template-columns:repeat(2, minmax(0, 1fr));}.kb-row-layout-id3677_977853-f0 > .kt-row-layout-overlay{opacity:0.30;}@media all and (max-width: 1024px){.kb-row-layout-id3677_977853-f0 > .kt-row-column-wrap{grid-template-columns:repeat(2, minmax(0, 1fr));}}@media all and (max-width: 767px){.kb-row-layout-id3677_977853-f0 > .kt-row-column-wrap{grid-template-columns:minmax(0, 1fr);}}<\/style><div class=\"kb-row-layout-wrap kb-row-layout-id3677_977853-f0 alignnone wp-block-kadence-rowlayout\"><div class=\"kt-row-column-wrap kt-has-2-columns kt-row-layout-equal kt-tab-layout-inherit kt-mobile-layout-row kt-row-valign-top\">\n<style>.kadence-column3677_4b4c50-03 > .kt-inside-inner-col,.kadence-column3677_4b4c50-03 > .kt-inside-inner-col:before{border-top-left-radius:0px;border-top-right-radius:0px;border-bottom-right-radius:0px;border-bottom-left-radius:0px;}.kadence-column3677_4b4c50-03 > .kt-inside-inner-col{column-gap:var(--global-kb-gap-sm, 1rem);}.kadence-column3677_4b4c50-03 > .kt-inside-inner-col{flex-direction:column;}.kadence-column3677_4b4c50-03 > .kt-inside-inner-col > .aligncenter{width:100%;}.kadence-column3677_4b4c50-03 > .kt-inside-inner-col:before{opacity:0.3;}.kadence-column3677_4b4c50-03{position:relative;}@media all and (max-width: 1024px){.kadence-column3677_4b4c50-03 > .kt-inside-inner-col{flex-direction:column;justify-content:center;}}@media all and (max-width: 767px){.kadence-column3677_4b4c50-03 > .kt-inside-inner-col{flex-direction:column;justify-content:center;}}<\/style>\n<div class=\"wp-block-kadence-column kadence-column3677_4b4c50-03\"><div class=\"kt-inside-inner-col\"><div class=\"wp-block-image\">\n<figure class=\"aligncenter size-full\"><img loading=\"lazy\" decoding=\"async\" width=\"360\" height=\"360\" src=\"https:\/\/bastideparis.fr\/ro49090-ovh\/wp-content\/uploads\/2024\/02\/rehosoft-sans-couvercle.webp\" alt=\"\" class=\"wp-image-2408\" srcset=\"https:\/\/bastideparis.fr\/ro49090-ovh\/wp-content\/uploads\/2024\/02\/rehosoft-sans-couvercle.webp 360w, https:\/\/bastideparis.fr\/ro49090-ovh\/wp-content\/uploads\/2024\/02\/rehosoft-sans-couvercle-300x300.webp 300w, https:\/\/bastideparis.fr\/ro49090-ovh\/wp-content\/uploads\/2024\/02\/rehosoft-sans-couvercle-150x150.webp 150w\" sizes=\"auto, (max-width: 360px) 100vw, 360px\" \/><\/figure>\n<\/div><\/div><\/div>\n\n\n<style>.kadence-column3677_13783e-19 > .kt-inside-inner-col,.kadence-column3677_13783e-19 > .kt-inside-inner-col:before{border-top-left-radius:0px;border-top-right-radius:0px;border-bottom-right-radius:0px;border-bottom-left-radius:0px;}.kadence-column3677_13783e-19 > .kt-inside-inner-col{column-gap:var(--global-kb-gap-sm, 1rem);}.kadence-column3677_13783e-19 > .kt-inside-inner-col{flex-direction:column;}.kadence-column3677_13783e-19 > .kt-inside-inner-col > .aligncenter{width:100%;}.kadence-column3677_13783e-19 > .kt-inside-inner-col:before{opacity:0.3;}.kadence-column3677_13783e-19{position:relative;}@media all and (max-width: 1024px){.kadence-column3677_13783e-19 > .kt-inside-inner-col{flex-direction:column;justify-content:center;}}@media all and (max-width: 767px){.kadence-column3677_13783e-19 > .kt-inside-inner-col{flex-direction:column;justify-content:center;}}<\/style>\n<div class=\"wp-block-kadence-column kadence-column3677_13783e-19\"><div class=\"kt-inside-inner-col\">\n<p><strong>R\u00e9hausse wc Medisoft M\u00e9ditec &#8211; 39,90\u20ac<br>R\u00e9f\u00e9rence : 104600<\/strong><\/p>\n\n\n\n<h2 class=\"wp-block-heading\">Description du produit<\/h2>\n\n\n\n<p>Tr\u00e8s confortable, le&nbsp;<strong>rehausse WC Medisoft de Meditec<\/strong>&nbsp;s\u2019adapte sur toutes les&nbsp;<strong>cuvettes standards<\/strong>. Il&nbsp;<strong>facilite<\/strong>&nbsp;ainsi le&nbsp;<strong>positionnement des personnes<\/strong>&nbsp;pour lesquelles la station assise constitue une r\u00e9elle difficult\u00e9 (par exemple, les personnes ayant des difficult\u00e9s \u00e0 s\u2019asseoir, les personnes op\u00e9r\u00e9es des hanches, les personnes \u00e2g\u00e9es ou encore les personnes amput\u00e9es).<\/p>\n<\/div><\/div>\n\n<\/div><\/div>\n\n<style>.kb-row-layout-id3677_29d03c-92 > .kt-row-column-wrap{align-content:start;}:where(.kb-row-layout-id3677_29d03c-92 > .kt-row-column-wrap) > .wp-block-kadence-column{justify-content:start;}.kb-row-layout-id3677_29d03c-92 > .kt-row-column-wrap{column-gap:var(--global-kb-gap-md, 2rem);row-gap:var(--global-kb-gap-md, 2rem);padding-top:var(--global-kb-spacing-sm, 1.5rem);padding-bottom:var(--global-kb-spacing-sm, 1.5rem);grid-template-columns:repeat(2, minmax(0, 1fr));}.kb-row-layout-id3677_29d03c-92 > .kt-row-layout-overlay{opacity:0.30;}@media all and (max-width: 1024px){.kb-row-layout-id3677_29d03c-92 > .kt-row-column-wrap{grid-template-columns:repeat(2, minmax(0, 1fr));}}@media all and (max-width: 767px){.kb-row-layout-id3677_29d03c-92 > .kt-row-column-wrap{grid-template-columns:minmax(0, 1fr);}}<\/style><div class=\"kb-row-layout-wrap kb-row-layout-id3677_29d03c-92 alignnone wp-block-kadence-rowlayout\"><div class=\"kt-row-column-wrap kt-has-2-columns kt-row-layout-equal kt-tab-layout-inherit kt-mobile-layout-row kt-row-valign-top\">\n<style>.kadence-column3677_bf2da3-8a > .kt-inside-inner-col,.kadence-column3677_bf2da3-8a > .kt-inside-inner-col:before{border-top-left-radius:0px;border-top-right-radius:0px;border-bottom-right-radius:0px;border-bottom-left-radius:0px;}.kadence-column3677_bf2da3-8a > .kt-inside-inner-col{column-gap:var(--global-kb-gap-sm, 1rem);}.kadence-column3677_bf2da3-8a > .kt-inside-inner-col{flex-direction:column;}.kadence-column3677_bf2da3-8a > .kt-inside-inner-col > .aligncenter{width:100%;}.kadence-column3677_bf2da3-8a > .kt-inside-inner-col:before{opacity:0.3;}.kadence-column3677_bf2da3-8a{position:relative;}@media all and (max-width: 1024px){.kadence-column3677_bf2da3-8a > .kt-inside-inner-col{flex-direction:column;justify-content:center;}}@media all and (max-width: 767px){.kadence-column3677_bf2da3-8a > .kt-inside-inner-col{flex-direction:column;justify-content:center;}}<\/style>\n<div class=\"wp-block-kadence-column kadence-column3677_bf2da3-8a\"><div class=\"kt-inside-inner-col\">\n<h2 class=\"wp-block-heading\"><strong>ATOUTS<\/strong><\/h2>\n\n\n\n<p>Les&nbsp;<strong>atouts<\/strong>&nbsp;de ce rehausse WC Meditec sont&nbsp;<strong>multiples<\/strong>&nbsp;:<\/p>\n\n\n\n<ul class=\"wp-block-list\">\n<li>Grande stabilit\u00e9,<\/li>\n\n\n\n<li>Propri\u00e9t\u00e9s antimicrobiennes,<\/li>\n\n\n\n<li>Facilit\u00e9 d\u2019utilisation,<\/li>\n\n\n\n<li>Simplicit\u00e9 de mise en place,<\/li>\n\n\n\n<li>Mousse souple, inject\u00e9e pour un confort optimal,<\/li>\n\n\n\n<li>Surface imperm\u00e9able.<\/li>\n\n\n\n<li>Son&nbsp;<strong>installation<\/strong>&nbsp;est&nbsp;<strong>simplifi\u00e9e<\/strong>&nbsp;par un&nbsp;<strong>positionnement imm\u00e9diat<\/strong>. Pour l\u2019installer sur la cuvette de vos toilettes, il suffit de bien l\u2019emboiter. Ainsi, il offrira une&nbsp;<strong>stabilit\u00e9<\/strong>&nbsp;permettant d\u2019assurer une s\u00e9curit\u00e9 d\u2019utilisation optimale.<\/li>\n\n\n\n<li>Avant toute utilisation, il convient de s\u2019assurer de la&nbsp;<strong>bonne tenue<\/strong>&nbsp;de la&nbsp;<strong>cuvette<\/strong>&nbsp;des toilettes.<\/li>\n<\/ul>\n<\/div><\/div>\n\n\n<style>.kadence-column3677_86491f-f7 > .kt-inside-inner-col,.kadence-column3677_86491f-f7 > .kt-inside-inner-col:before{border-top-left-radius:0px;border-top-right-radius:0px;border-bottom-right-radius:0px;border-bottom-left-radius:0px;}.kadence-column3677_86491f-f7 > .kt-inside-inner-col{column-gap:var(--global-kb-gap-sm, 1rem);}.kadence-column3677_86491f-f7 > .kt-inside-inner-col{flex-direction:column;}.kadence-column3677_86491f-f7 > .kt-inside-inner-col > .aligncenter{width:100%;}.kadence-column3677_86491f-f7 > .kt-inside-inner-col:before{opacity:0.3;}.kadence-column3677_86491f-f7{position:relative;}@media all and (max-width: 1024px){.kadence-column3677_86491f-f7 > .kt-inside-inner-col{flex-direction:column;justify-content:center;}}@media all and (max-width: 767px){.kadence-column3677_86491f-f7 > .kt-inside-inner-col{flex-direction:column;justify-content:center;}}<\/style>\n<div class=\"wp-block-kadence-column kadence-column3677_86491f-f7\"><div class=\"kt-inside-inner-col\">\n<h2 class=\"wp-block-heading\"><strong>CARACTERISTIQUES<\/strong><\/h2>\n\n\n\n<ul class=\"wp-block-list\">\n<li>Dimensions (largeur x Longueur x Hauteur)&nbsp;: 420 x 400 x 170 mm<\/li>\n\n\n\n<li>Poids maximal support\u00e9&nbsp;: 120 kg<\/li>\n\n\n\n<li>Poids du rehausse WC&nbsp;: 2,6 kg<\/li>\n\n\n\n<li>Hauteur de sur\u00e9l\u00e9vation&nbsp;: 115 mm<\/li>\n\n\n\n<li>Composition&nbsp;: Mousse polyur\u00e9thane et PVC<\/li>\n\n\n\n<li>Nettoyage&nbsp;: Tous produits courants et eau savonneuse<\/li>\n\n\n\n<li>D\u00e9sinfection&nbsp;: A\u00e9rosol de d\u00e9sinfection ou dilution chlor\u00e9e<\/li>\n<\/ul>\n<\/div><\/div>\n\n<\/div><\/div>","protected":false},"excerpt":{"rendered":"<p>Retour R\u00e9hausse wc Medisoft M\u00e9ditec R\u00e9hausse wc Medisoft M\u00e9ditec &#8211; 39,90\u20acR\u00e9f\u00e9rence : 104600 Description du produit Tr\u00e8s confortable, le&nbsp;rehausse WC Medisoft de Meditec&nbsp;s\u2019adapte sur toutes les&nbsp;cuvettes standards. Il&nbsp;facilite&nbsp;ainsi le&nbsp;positionnement des personnes&nbsp;pour lesquelles la station assise constitue une r\u00e9elle difficult\u00e9 (par exemple, les personnes ayant des difficult\u00e9s \u00e0 s\u2019asseoir, les personnes op\u00e9r\u00e9es des hanches, les personnes&#8230;<\/p>\n","protected":false},"author":1,"featured_media":0,"parent":0,"menu_order":0,"comment_status":"closed","ping_status":"closed","template":"","meta":{"content-type":"","_kad_post_transparent":"","_kad_post_title":"hide","_kad_post_layout":"default","_kad_post_sidebar_id":"","_kad_post_content_style":"","_kad_post_vertical_padding":"","_kad_post_feature":"","_kad_post_feature_position":"","_kad_post_header":false,"_kad_post_footer":false,"footnotes":""},"class_list":["post-3677","page","type-page","status-publish","hentry"],"_links":{"self":[{"href":"https:\/\/bastideparis.fr\/ro49090-ovh\/index.php\/wp-json\/wp\/v2\/pages\/3677","targetHints":{"allow":["GET"]}}],"collection":[{"href":"https:\/\/bastideparis.fr\/ro49090-ovh\/index.php\/wp-json\/wp\/v2\/pages"}],"about":[{"href":"https:\/\/bastideparis.fr\/ro49090-ovh\/index.php\/wp-json\/wp\/v2\/types\/page"}],"author":[{"embeddable":true,"href":"https:\/\/bastideparis.fr\/ro49090-ovh\/index.php\/wp-json\/wp\/v2\/users\/1"}],"replies":[{"embeddable":true,"href":"https:\/\/bastideparis.fr\/ro49090-ovh\/index.php\/wp-json\/wp\/v2\/comments?post=3677"}],"version-history":[{"count":2,"href":"https:\/\/bastideparis.fr\/ro49090-ovh\/index.php\/wp-json\/wp\/v2\/pages\/3677\/revisions"}],"predecessor-version":[{"id":4838,"href":"https:\/\/bastideparis.fr\/ro49090-ovh\/index.php\/wp-json\/wp\/v2\/pages\/3677\/revisions\/4838"}],"wp:attachment":[{"href":"https:\/\/bastideparis.fr\/ro49090-ovh\/index.php\/wp-json\/wp\/v2\/media?parent=3677"}],"curies":[{"name":"wp","href":"https:\/\/api.w.org\/{rel}","templated":true}]}}