{"id":3680,"date":"2024-06-06T14:25:08","date_gmt":"2024-06-06T12:25:08","guid":{"rendered":"https:\/\/bastideparis.fr\/ro49090-ovh\/?page_id=3680"},"modified":"2024-06-06T14:25:21","modified_gmt":"2024-06-06T12:25:21","slug":"rehausse-wc-avec-couvercle-medisoft-meditec","status":"publish","type":"page","link":"https:\/\/bastideparis.fr\/ro49090-ovh\/index.php\/rehausse-wc-avec-couvercle-medisoft-meditec\/","title":{"rendered":"Rehausse WC avec couvercle Medisoft M\u00e9ditec"},"content":{"rendered":"\n<p><a href=\"https:\/\/bastideparis.fr\/ro49090-ovh\/index.php\/showroom-toilettes\/\">Retour<\/a><\/p>\n\n\n\n<p class=\"has-larger-font-size\">Rehausse WC avec couvercle Medisoft M\u00e9ditec<\/p>\n\n\n<style>.kb-row-layout-id3680_afae1e-7d > .kt-row-column-wrap{align-content:start;}:where(.kb-row-layout-id3680_afae1e-7d > .kt-row-column-wrap) > .wp-block-kadence-column{justify-content:start;}.kb-row-layout-id3680_afae1e-7d > .kt-row-column-wrap{column-gap:var(--global-kb-gap-md, 2rem);row-gap:var(--global-kb-gap-md, 2rem);padding-top:var(--global-kb-spacing-sm, 1.5rem);padding-bottom:var(--global-kb-spacing-sm, 1.5rem);grid-template-columns:repeat(2, minmax(0, 1fr));}.kb-row-layout-id3680_afae1e-7d > .kt-row-layout-overlay{opacity:0.30;}@media all and (max-width: 1024px){.kb-row-layout-id3680_afae1e-7d > .kt-row-column-wrap{grid-template-columns:repeat(2, minmax(0, 1fr));}}@media all and (max-width: 767px){.kb-row-layout-id3680_afae1e-7d > .kt-row-column-wrap{grid-template-columns:minmax(0, 1fr);}}<\/style><div class=\"kb-row-layout-wrap kb-row-layout-id3680_afae1e-7d alignnone wp-block-kadence-rowlayout\"><div class=\"kt-row-column-wrap kt-has-2-columns kt-row-layout-equal kt-tab-layout-inherit kt-mobile-layout-row kt-row-valign-top\">\n<style>.kadence-column3680_b8a3b7-94 > .kt-inside-inner-col,.kadence-column3680_b8a3b7-94 > .kt-inside-inner-col:before{border-top-left-radius:0px;border-top-right-radius:0px;border-bottom-right-radius:0px;border-bottom-left-radius:0px;}.kadence-column3680_b8a3b7-94 > .kt-inside-inner-col{column-gap:var(--global-kb-gap-sm, 1rem);}.kadence-column3680_b8a3b7-94 > .kt-inside-inner-col{flex-direction:column;}.kadence-column3680_b8a3b7-94 > .kt-inside-inner-col > .aligncenter{width:100%;}.kadence-column3680_b8a3b7-94 > .kt-inside-inner-col:before{opacity:0.3;}.kadence-column3680_b8a3b7-94{position:relative;}@media all and (max-width: 1024px){.kadence-column3680_b8a3b7-94 > .kt-inside-inner-col{flex-direction:column;justify-content:center;}}@media all and (max-width: 767px){.kadence-column3680_b8a3b7-94 > .kt-inside-inner-col{flex-direction:column;justify-content:center;}}<\/style>\n<div class=\"wp-block-kadence-column kadence-column3680_b8a3b7-94\"><div class=\"kt-inside-inner-col\"><div class=\"wp-block-image\">\n<figure class=\"aligncenter size-full\"><img loading=\"lazy\" decoding=\"async\" width=\"255\" height=\"360\" src=\"https:\/\/bastideparis.fr\/ro49090-ovh\/wp-content\/uploads\/2023\/10\/REHAUSSE-WC-MEDISOFT.webp\" alt=\"\" class=\"wp-image-993\" srcset=\"https:\/\/bastideparis.fr\/ro49090-ovh\/wp-content\/uploads\/2023\/10\/REHAUSSE-WC-MEDISOFT.webp 255w, https:\/\/bastideparis.fr\/ro49090-ovh\/wp-content\/uploads\/2023\/10\/REHAUSSE-WC-MEDISOFT-213x300.webp 213w\" sizes=\"auto, (max-width: 255px) 100vw, 255px\" \/><\/figure>\n<\/div><\/div><\/div>\n\n\n<style>.kadence-column3680_bc6d2c-f7 > .kt-inside-inner-col,.kadence-column3680_bc6d2c-f7 > .kt-inside-inner-col:before{border-top-left-radius:0px;border-top-right-radius:0px;border-bottom-right-radius:0px;border-bottom-left-radius:0px;}.kadence-column3680_bc6d2c-f7 > .kt-inside-inner-col{column-gap:var(--global-kb-gap-sm, 1rem);}.kadence-column3680_bc6d2c-f7 > .kt-inside-inner-col{flex-direction:column;}.kadence-column3680_bc6d2c-f7 > .kt-inside-inner-col > .aligncenter{width:100%;}.kadence-column3680_bc6d2c-f7 > .kt-inside-inner-col:before{opacity:0.3;}.kadence-column3680_bc6d2c-f7{position:relative;}@media all and (max-width: 1024px){.kadence-column3680_bc6d2c-f7 > .kt-inside-inner-col{flex-direction:column;justify-content:center;}}@media all and (max-width: 767px){.kadence-column3680_bc6d2c-f7 > .kt-inside-inner-col{flex-direction:column;justify-content:center;}}<\/style>\n<div class=\"wp-block-kadence-column kadence-column3680_bc6d2c-f7\"><div class=\"kt-inside-inner-col\">\n<p><strong>Rehausse WC avec couvercle Medisoft M\u00e9ditec &#8211; 47,90\u20ac<br>R\u00e9f\u00e9rence : 107631<\/strong><\/p>\n\n\n\n<h2 class=\"wp-block-heading\">Description du produit<\/h2>\n\n\n\n<p>Un rehausse WC dispose d&rsquo;une mousse souple. Il est facile d&rsquo;utilisation et s&rsquo;adapte \u00e0 toute cuvette. Le rehausse WC medisoft facilite le positionnement des personnes \u00e0 mobilit\u00e9 r\u00e9duite pour lesquelles la position assise constitue une difficult\u00e9 (patients op\u00e9r\u00e9s des hanches, personnes ag\u00e9es, amput\u00e9s).<\/p>\n<\/div><\/div>\n\n<\/div><\/div>\n\n<style>.kb-row-layout-id3680_f93082-1e > .kt-row-column-wrap{align-content:start;}:where(.kb-row-layout-id3680_f93082-1e > .kt-row-column-wrap) > .wp-block-kadence-column{justify-content:start;}.kb-row-layout-id3680_f93082-1e > .kt-row-column-wrap{column-gap:var(--global-kb-gap-md, 2rem);row-gap:var(--global-kb-gap-md, 2rem);padding-top:var(--global-kb-spacing-sm, 1.5rem);padding-bottom:var(--global-kb-spacing-sm, 1.5rem);grid-template-columns:repeat(2, minmax(0, 1fr));}.kb-row-layout-id3680_f93082-1e > .kt-row-layout-overlay{opacity:0.30;}@media all and (max-width: 1024px){.kb-row-layout-id3680_f93082-1e > .kt-row-column-wrap{grid-template-columns:repeat(2, minmax(0, 1fr));}}@media all and (max-width: 767px){.kb-row-layout-id3680_f93082-1e > .kt-row-column-wrap{grid-template-columns:minmax(0, 1fr);}}<\/style><div class=\"kb-row-layout-wrap kb-row-layout-id3680_f93082-1e alignnone wp-block-kadence-rowlayout\"><div class=\"kt-row-column-wrap kt-has-2-columns kt-row-layout-equal kt-tab-layout-inherit kt-mobile-layout-row kt-row-valign-top\">\n<style>.kadence-column3680_11d256-e7 > .kt-inside-inner-col,.kadence-column3680_11d256-e7 > .kt-inside-inner-col:before{border-top-left-radius:0px;border-top-right-radius:0px;border-bottom-right-radius:0px;border-bottom-left-radius:0px;}.kadence-column3680_11d256-e7 > .kt-inside-inner-col{column-gap:var(--global-kb-gap-sm, 1rem);}.kadence-column3680_11d256-e7 > .kt-inside-inner-col{flex-direction:column;}.kadence-column3680_11d256-e7 > .kt-inside-inner-col > .aligncenter{width:100%;}.kadence-column3680_11d256-e7 > .kt-inside-inner-col:before{opacity:0.3;}.kadence-column3680_11d256-e7{position:relative;}@media all and (max-width: 1024px){.kadence-column3680_11d256-e7 > .kt-inside-inner-col{flex-direction:column;justify-content:center;}}@media all and (max-width: 767px){.kadence-column3680_11d256-e7 > .kt-inside-inner-col{flex-direction:column;justify-content:center;}}<\/style>\n<div class=\"wp-block-kadence-column kadence-column3680_11d256-e7\"><div class=\"kt-inside-inner-col\">\n<h2 class=\"wp-block-heading\">AVANTAGES DU REHAUSSE WC MEDISOFT<\/h2>\n\n\n\n<p>Un confort optimal est assur\u00e9 par les qualit\u00e9s techniques des mat\u00e9riaux utilis\u00e9s:<\/p>\n\n\n\n<ul class=\"wp-block-list\">\n<li>souplesse de la mousse<\/li>\n\n\n\n<li>contact agr\u00e9able de l&rsquo;enveloppe<\/li>\n\n\n\n<li>surface imperm\u00e9able<\/li>\n<\/ul>\n<\/div><\/div>\n\n\n<style>.kadence-column3680_5aa7f6-5f > .kt-inside-inner-col,.kadence-column3680_5aa7f6-5f > .kt-inside-inner-col:before{border-top-left-radius:0px;border-top-right-radius:0px;border-bottom-right-radius:0px;border-bottom-left-radius:0px;}.kadence-column3680_5aa7f6-5f > .kt-inside-inner-col{column-gap:var(--global-kb-gap-sm, 1rem);}.kadence-column3680_5aa7f6-5f > .kt-inside-inner-col{flex-direction:column;}.kadence-column3680_5aa7f6-5f > .kt-inside-inner-col > .aligncenter{width:100%;}.kadence-column3680_5aa7f6-5f > .kt-inside-inner-col:before{opacity:0.3;}.kadence-column3680_5aa7f6-5f{position:relative;}@media all and (max-width: 1024px){.kadence-column3680_5aa7f6-5f > .kt-inside-inner-col{flex-direction:column;justify-content:center;}}@media all and (max-width: 767px){.kadence-column3680_5aa7f6-5f > .kt-inside-inner-col{flex-direction:column;justify-content:center;}}<\/style>\n<div class=\"wp-block-kadence-column kadence-column3680_5aa7f6-5f\"><div class=\"kt-inside-inner-col\">\n<h2 class=\"wp-block-heading\">CARACTERISTIQUES DU REHAUSSE WC AVEC COUVERCLE<\/h2>\n\n\n\n<ul class=\"wp-block-list\">\n<li>Dimensions : 420x400x170mm<\/li>\n\n\n\n<li>Poids maximal utilisateur : 120kg<\/li>\n\n\n\n<li>Hauteur de sur\u00e9l\u00e9vation : 115mm<\/li>\n\n\n\n<li>Poids : 3.6kg<\/li>\n\n\n\n<li>Composition : Mousse de Polyur\u00e9thane et PVC, couvercle en polypropyl\u00e8ne<\/li>\n<\/ul>\n<\/div><\/div>\n\n<\/div><\/div>","protected":false},"excerpt":{"rendered":"<p>Retour Rehausse WC avec couvercle Medisoft M\u00e9ditec Rehausse WC avec couvercle Medisoft M\u00e9ditec &#8211; 47,90\u20acR\u00e9f\u00e9rence : 107631 Description du produit Un rehausse WC dispose d&rsquo;une mousse souple. Il est facile d&rsquo;utilisation et s&rsquo;adapte \u00e0 toute cuvette. Le rehausse WC medisoft facilite le positionnement des personnes \u00e0 mobilit\u00e9 r\u00e9duite pour lesquelles la position assise constitue une&#8230;<\/p>\n","protected":false},"author":1,"featured_media":0,"parent":0,"menu_order":0,"comment_status":"closed","ping_status":"closed","template":"","meta":{"content-type":"","_kad_post_transparent":"","_kad_post_title":"hide","_kad_post_layout":"","_kad_post_sidebar_id":"","_kad_post_content_style":"","_kad_post_vertical_padding":"","_kad_post_feature":"","_kad_post_feature_position":"","_kad_post_header":false,"_kad_post_footer":false,"footnotes":""},"class_list":["post-3680","page","type-page","status-publish","hentry"],"_links":{"self":[{"href":"https:\/\/bastideparis.fr\/ro49090-ovh\/index.php\/wp-json\/wp\/v2\/pages\/3680","targetHints":{"allow":["GET"]}}],"collection":[{"href":"https:\/\/bastideparis.fr\/ro49090-ovh\/index.php\/wp-json\/wp\/v2\/pages"}],"about":[{"href":"https:\/\/bastideparis.fr\/ro49090-ovh\/index.php\/wp-json\/wp\/v2\/types\/page"}],"author":[{"embeddable":true,"href":"https:\/\/bastideparis.fr\/ro49090-ovh\/index.php\/wp-json\/wp\/v2\/users\/1"}],"replies":[{"embeddable":true,"href":"https:\/\/bastideparis.fr\/ro49090-ovh\/index.php\/wp-json\/wp\/v2\/comments?post=3680"}],"version-history":[{"count":2,"href":"https:\/\/bastideparis.fr\/ro49090-ovh\/index.php\/wp-json\/wp\/v2\/pages\/3680\/revisions"}],"predecessor-version":[{"id":3682,"href":"https:\/\/bastideparis.fr\/ro49090-ovh\/index.php\/wp-json\/wp\/v2\/pages\/3680\/revisions\/3682"}],"wp:attachment":[{"href":"https:\/\/bastideparis.fr\/ro49090-ovh\/index.php\/wp-json\/wp\/v2\/media?parent=3680"}],"curies":[{"name":"wp","href":"https:\/\/api.w.org\/{rel}","templated":true}]}}