{"id":3684,"date":"2024-06-06T14:27:38","date_gmt":"2024-06-06T12:27:38","guid":{"rendered":"https:\/\/bastideparis.fr\/ro49090-ovh\/?page_id=3684"},"modified":"2024-06-06T14:27:39","modified_gmt":"2024-06-06T12:27:39","slug":"rehausse-wc-avec-accoudoirs-relevables-tse-120","status":"publish","type":"page","link":"https:\/\/bastideparis.fr\/ro49090-ovh\/index.php\/rehausse-wc-avec-accoudoirs-relevables-tse-120\/","title":{"rendered":"R\u00e9hausse WC avec accoudoirs relevables TSE 120+"},"content":{"rendered":"\n<p><a href=\"https:\/\/bastideparis.fr\/ro49090-ovh\/index.php\/showroom-toilettes\/\">Retour<\/a><\/p>\n\n\n\n<p class=\"has-larger-font-size\">R\u00e9hausse WC avec accoudoirs relevables TSE 120+<\/p>\n\n\n<style>.kb-row-layout-id3684_ac83c4-0e > .kt-row-column-wrap{align-content:start;}:where(.kb-row-layout-id3684_ac83c4-0e > .kt-row-column-wrap) > .wp-block-kadence-column{justify-content:start;}.kb-row-layout-id3684_ac83c4-0e > .kt-row-column-wrap{column-gap:var(--global-kb-gap-md, 2rem);row-gap:var(--global-kb-gap-md, 2rem);padding-top:var(--global-kb-spacing-sm, 1.5rem);padding-bottom:var(--global-kb-spacing-sm, 1.5rem);grid-template-columns:repeat(2, minmax(0, 1fr));}.kb-row-layout-id3684_ac83c4-0e > .kt-row-layout-overlay{opacity:0.30;}@media all and (max-width: 1024px){.kb-row-layout-id3684_ac83c4-0e > .kt-row-column-wrap{grid-template-columns:repeat(2, minmax(0, 1fr));}}@media all and (max-width: 767px){.kb-row-layout-id3684_ac83c4-0e > .kt-row-column-wrap{grid-template-columns:minmax(0, 1fr);}}<\/style><div class=\"kb-row-layout-wrap kb-row-layout-id3684_ac83c4-0e alignnone wp-block-kadence-rowlayout\"><div class=\"kt-row-column-wrap kt-has-2-columns kt-row-layout-equal kt-tab-layout-inherit kt-mobile-layout-row kt-row-valign-top\">\n<style>.kadence-column3684_1ac749-1d > .kt-inside-inner-col,.kadence-column3684_1ac749-1d > .kt-inside-inner-col:before{border-top-left-radius:0px;border-top-right-radius:0px;border-bottom-right-radius:0px;border-bottom-left-radius:0px;}.kadence-column3684_1ac749-1d > .kt-inside-inner-col{column-gap:var(--global-kb-gap-sm, 1rem);}.kadence-column3684_1ac749-1d > .kt-inside-inner-col{flex-direction:column;}.kadence-column3684_1ac749-1d > .kt-inside-inner-col > .aligncenter{width:100%;}.kadence-column3684_1ac749-1d > .kt-inside-inner-col:before{opacity:0.3;}.kadence-column3684_1ac749-1d{position:relative;}@media all and (max-width: 1024px){.kadence-column3684_1ac749-1d > .kt-inside-inner-col{flex-direction:column;justify-content:center;}}@media all and (max-width: 767px){.kadence-column3684_1ac749-1d > .kt-inside-inner-col{flex-direction:column;justify-content:center;}}<\/style>\n<div class=\"wp-block-kadence-column kadence-column3684_1ac749-1d\"><div class=\"kt-inside-inner-col\"><div class=\"wp-block-image\">\n<figure class=\"aligncenter size-full\"><img loading=\"lazy\" decoding=\"async\" width=\"800\" height=\"800\" src=\"https:\/\/bastideparis.fr\/ro49090-ovh\/wp-content\/uploads\/2024\/02\/TSE.webp\" alt=\"\" class=\"wp-image-2410\" srcset=\"https:\/\/bastideparis.fr\/ro49090-ovh\/wp-content\/uploads\/2024\/02\/TSE.webp 800w, https:\/\/bastideparis.fr\/ro49090-ovh\/wp-content\/uploads\/2024\/02\/TSE-300x300.webp 300w, https:\/\/bastideparis.fr\/ro49090-ovh\/wp-content\/uploads\/2024\/02\/TSE-150x150.webp 150w, https:\/\/bastideparis.fr\/ro49090-ovh\/wp-content\/uploads\/2024\/02\/TSE-768x768.webp 768w\" sizes=\"auto, (max-width: 800px) 100vw, 800px\" \/><\/figure>\n<\/div><\/div><\/div>\n\n\n<style>.kadence-column3684_9e1fad-04 > .kt-inside-inner-col,.kadence-column3684_9e1fad-04 > .kt-inside-inner-col:before{border-top-left-radius:0px;border-top-right-radius:0px;border-bottom-right-radius:0px;border-bottom-left-radius:0px;}.kadence-column3684_9e1fad-04 > .kt-inside-inner-col{column-gap:var(--global-kb-gap-sm, 1rem);}.kadence-column3684_9e1fad-04 > .kt-inside-inner-col{flex-direction:column;}.kadence-column3684_9e1fad-04 > .kt-inside-inner-col > .aligncenter{width:100%;}.kadence-column3684_9e1fad-04 > .kt-inside-inner-col:before{opacity:0.3;}.kadence-column3684_9e1fad-04{position:relative;}@media all and (max-width: 1024px){.kadence-column3684_9e1fad-04 > .kt-inside-inner-col{flex-direction:column;justify-content:center;}}@media all and (max-width: 767px){.kadence-column3684_9e1fad-04 > .kt-inside-inner-col{flex-direction:column;justify-content:center;}}<\/style>\n<div class=\"wp-block-kadence-column kadence-column3684_9e1fad-04\"><div class=\"kt-inside-inner-col\">\n<p><strong>R\u00e9hausse WC avec accoudoirs relevables TSE 120+ &#8211; 69,90\u20ac<br>R\u00e9f\u00e9rence : 117375<\/strong><\/p>\n\n\n\n<h2 class=\"wp-block-heading\">Description du produit<\/h2>\n\n\n\n<p>Le&nbsp;<strong>r\u00e9hausse WC TSE 120+<\/strong>&nbsp;permet de&nbsp;<strong>rehausser<\/strong>&nbsp;vos&nbsp;<strong>toilettes<\/strong>&nbsp;de&nbsp;<strong>diff\u00e9rentes hauteurs<\/strong>&nbsp;: 90, 125 ou bien 160 mm. Gr\u00e2ce \u00e0 ses&nbsp;<strong>accoudoirs relevables et amovibles<\/strong>, ce rehausse TSE 120+ vous aidera \u00e0 vous relever et \u00e0 vous asseoir sans efforts suppl\u00e9mentaires de votre part. Tout est con\u00e7u pour&nbsp;<strong>faciliter le transfert<\/strong>&nbsp;et pr\u00e9server votre autonomie.<\/p>\n\n\n\n<p>Montage ais\u00e9 sur toutes les cuvettes courantes et\/ou normalis\u00e9es.<\/p>\n<\/div><\/div>\n\n<\/div><\/div>\n\n<style>.kb-row-layout-id3684_5c48b3-22 > .kt-row-column-wrap{align-content:start;}:where(.kb-row-layout-id3684_5c48b3-22 > .kt-row-column-wrap) > .wp-block-kadence-column{justify-content:start;}.kb-row-layout-id3684_5c48b3-22 > .kt-row-column-wrap{column-gap:var(--global-kb-gap-md, 2rem);row-gap:var(--global-kb-gap-md, 2rem);padding-top:var(--global-kb-spacing-sm, 1.5rem);padding-bottom:var(--global-kb-spacing-sm, 1.5rem);grid-template-columns:repeat(2, minmax(0, 1fr));}.kb-row-layout-id3684_5c48b3-22 > .kt-row-layout-overlay{opacity:0.30;}@media all and (max-width: 1024px){.kb-row-layout-id3684_5c48b3-22 > .kt-row-column-wrap{grid-template-columns:repeat(2, minmax(0, 1fr));}}@media all and (max-width: 767px){.kb-row-layout-id3684_5c48b3-22 > .kt-row-column-wrap{grid-template-columns:minmax(0, 1fr);}}<\/style><div class=\"kb-row-layout-wrap kb-row-layout-id3684_5c48b3-22 alignnone wp-block-kadence-rowlayout\"><div class=\"kt-row-column-wrap kt-has-2-columns kt-row-layout-equal kt-tab-layout-inherit kt-mobile-layout-row kt-row-valign-top\">\n<style>.kadence-column3684_4ba369-df > .kt-inside-inner-col,.kadence-column3684_4ba369-df > .kt-inside-inner-col:before{border-top-left-radius:0px;border-top-right-radius:0px;border-bottom-right-radius:0px;border-bottom-left-radius:0px;}.kadence-column3684_4ba369-df > .kt-inside-inner-col{column-gap:var(--global-kb-gap-sm, 1rem);}.kadence-column3684_4ba369-df > .kt-inside-inner-col{flex-direction:column;}.kadence-column3684_4ba369-df > .kt-inside-inner-col > .aligncenter{width:100%;}.kadence-column3684_4ba369-df > .kt-inside-inner-col:before{opacity:0.3;}.kadence-column3684_4ba369-df{position:relative;}@media all and (max-width: 1024px){.kadence-column3684_4ba369-df > .kt-inside-inner-col{flex-direction:column;justify-content:center;}}@media all and (max-width: 767px){.kadence-column3684_4ba369-df > .kt-inside-inner-col{flex-direction:column;justify-content:center;}}<\/style>\n<div class=\"wp-block-kadence-column kadence-column3684_4ba369-df\"><div class=\"kt-inside-inner-col\">\n<h2 class=\"wp-block-heading\">CARACTERISTIQUES du r\u00e9hausse WC avec accoudoirs TSE 120 +<\/h2>\n\n\n\n<ul class=\"wp-block-list\">\n<li>Longueur totale : 49 cm<\/li>\n\n\n\n<li>Largeur totale : 55 cm<\/li>\n\n\n\n<li>Largeur entre accoudoirs : 46 cm<\/li>\n\n\n\n<li>Hauteur totale : 38 cm<\/li>\n\n\n\n<li>Hauteur cuvette\/si\u00e8ge r\u00e9glable : +9 cm\/ + 12,5cm\/ + 16cm<\/li>\n\n\n\n<li>Coloris : blanc<\/li>\n\n\n\n<li>Poids total : 4,1 kg<\/li>\n\n\n\n<li>Poids maximum support\u00e9 : 120 kg<\/li>\n<\/ul>\n<\/div><\/div>\n\n\n<style>.kadence-column3684_1dc844-b7 > .kt-inside-inner-col,.kadence-column3684_1dc844-b7 > .kt-inside-inner-col:before{border-top-left-radius:0px;border-top-right-radius:0px;border-bottom-right-radius:0px;border-bottom-left-radius:0px;}.kadence-column3684_1dc844-b7 > .kt-inside-inner-col{column-gap:var(--global-kb-gap-sm, 1rem);}.kadence-column3684_1dc844-b7 > .kt-inside-inner-col{flex-direction:column;}.kadence-column3684_1dc844-b7 > .kt-inside-inner-col > .aligncenter{width:100%;}.kadence-column3684_1dc844-b7 > .kt-inside-inner-col:before{opacity:0.3;}.kadence-column3684_1dc844-b7{position:relative;}@media all and (max-width: 1024px){.kadence-column3684_1dc844-b7 > .kt-inside-inner-col{flex-direction:column;justify-content:center;}}@media all and (max-width: 767px){.kadence-column3684_1dc844-b7 > .kt-inside-inner-col{flex-direction:column;justify-content:center;}}<\/style>\n<div class=\"wp-block-kadence-column kadence-column3684_1dc844-b7\"><div class=\"kt-inside-inner-col\"><\/div><\/div>\n\n<\/div><\/div>","protected":false},"excerpt":{"rendered":"<p>Retour R\u00e9hausse WC avec accoudoirs relevables TSE 120+ R\u00e9hausse WC avec accoudoirs relevables TSE 120+ &#8211; 69,90\u20acR\u00e9f\u00e9rence : 117375 Description du produit Le&nbsp;r\u00e9hausse WC TSE 120+&nbsp;permet de&nbsp;rehausser&nbsp;vos&nbsp;toilettes&nbsp;de&nbsp;diff\u00e9rentes hauteurs&nbsp;: 90, 125 ou bien 160 mm. Gr\u00e2ce \u00e0 ses&nbsp;accoudoirs relevables et amovibles, ce rehausse TSE 120+ vous aidera \u00e0 vous relever et \u00e0 vous asseoir sans efforts&#8230;<\/p>\n","protected":false},"author":1,"featured_media":0,"parent":0,"menu_order":0,"comment_status":"closed","ping_status":"closed","template":"","meta":{"content-type":"","_kad_post_transparent":"","_kad_post_title":"hide","_kad_post_layout":"","_kad_post_sidebar_id":"","_kad_post_content_style":"","_kad_post_vertical_padding":"","_kad_post_feature":"","_kad_post_feature_position":"","_kad_post_header":false,"_kad_post_footer":false,"footnotes":""},"class_list":["post-3684","page","type-page","status-publish","hentry"],"_links":{"self":[{"href":"https:\/\/bastideparis.fr\/ro49090-ovh\/index.php\/wp-json\/wp\/v2\/pages\/3684","targetHints":{"allow":["GET"]}}],"collection":[{"href":"https:\/\/bastideparis.fr\/ro49090-ovh\/index.php\/wp-json\/wp\/v2\/pages"}],"about":[{"href":"https:\/\/bastideparis.fr\/ro49090-ovh\/index.php\/wp-json\/wp\/v2\/types\/page"}],"author":[{"embeddable":true,"href":"https:\/\/bastideparis.fr\/ro49090-ovh\/index.php\/wp-json\/wp\/v2\/users\/1"}],"replies":[{"embeddable":true,"href":"https:\/\/bastideparis.fr\/ro49090-ovh\/index.php\/wp-json\/wp\/v2\/comments?post=3684"}],"version-history":[{"count":1,"href":"https:\/\/bastideparis.fr\/ro49090-ovh\/index.php\/wp-json\/wp\/v2\/pages\/3684\/revisions"}],"predecessor-version":[{"id":3685,"href":"https:\/\/bastideparis.fr\/ro49090-ovh\/index.php\/wp-json\/wp\/v2\/pages\/3684\/revisions\/3685"}],"wp:attachment":[{"href":"https:\/\/bastideparis.fr\/ro49090-ovh\/index.php\/wp-json\/wp\/v2\/media?parent=3684"}],"curies":[{"name":"wp","href":"https:\/\/api.w.org\/{rel}","templated":true}]}}