{"id":3697,"date":"2024-06-06T14:48:24","date_gmt":"2024-06-06T12:48:24","guid":{"rendered":"https:\/\/bastideparis.fr\/ro49090-ovh\/?page_id=3697"},"modified":"2024-06-06T14:48:24","modified_gmt":"2024-06-06T12:48:24","slug":"chaise-de-toilette-pliante-islande-2","status":"publish","type":"page","link":"https:\/\/bastideparis.fr\/ro49090-ovh\/index.php\/chaise-de-toilette-pliante-islande-2\/","title":{"rendered":"Chaise de toilette pliante Islande"},"content":{"rendered":"\n<p><a href=\"https:\/\/bastideparis.fr\/ro49090-ovh\/index.php\/showroom-toilettes\/\">Retour<\/a><\/p>\n\n\n\n<p class=\"has-larger-font-size\">Chaise de toilette pliante Islande<\/p>\n\n\n<style>.kb-row-layout-id3697_bf3b68-e3 > .kt-row-column-wrap{align-content:center;}:where(.kb-row-layout-id3697_bf3b68-e3 > .kt-row-column-wrap) > .wp-block-kadence-column{justify-content:center;}.kb-row-layout-id3697_bf3b68-e3 > .kt-row-column-wrap{column-gap:var(--global-kb-gap-md, 2rem);row-gap:var(--global-kb-gap-md, 2rem);padding-top:var(--global-kb-spacing-sm, 1.5rem);padding-bottom:var(--global-kb-spacing-sm, 1.5rem);grid-template-columns:repeat(2, minmax(0, 1fr));}.kb-row-layout-id3697_bf3b68-e3 > .kt-row-layout-overlay{opacity:0.30;}@media all and (max-width: 1024px){.kb-row-layout-id3697_bf3b68-e3 > .kt-row-column-wrap{grid-template-columns:repeat(2, minmax(0, 1fr));}}@media all and (max-width: 767px){.kb-row-layout-id3697_bf3b68-e3 > .kt-row-column-wrap{grid-template-columns:minmax(0, 1fr);}}<\/style><div class=\"kb-row-layout-wrap kb-row-layout-id3697_bf3b68-e3 alignnone wp-block-kadence-rowlayout\"><div class=\"kt-row-column-wrap kt-has-2-columns kt-row-layout-equal kt-tab-layout-inherit kt-mobile-layout-row kt-row-valign-middle\">\n<style>.kadence-column3697_b7525a-5a > .kt-inside-inner-col,.kadence-column3697_b7525a-5a > .kt-inside-inner-col:before{border-top-left-radius:0px;border-top-right-radius:0px;border-bottom-right-radius:0px;border-bottom-left-radius:0px;}.kadence-column3697_b7525a-5a > .kt-inside-inner-col{column-gap:var(--global-kb-gap-sm, 1rem);}.kadence-column3697_b7525a-5a > .kt-inside-inner-col{flex-direction:column;}.kadence-column3697_b7525a-5a > .kt-inside-inner-col > .aligncenter{width:100%;}.kadence-column3697_b7525a-5a > .kt-inside-inner-col:before{opacity:0.3;}.kadence-column3697_b7525a-5a{position:relative;}@media all and (max-width: 1024px){.kadence-column3697_b7525a-5a > .kt-inside-inner-col{flex-direction:column;justify-content:center;}}@media all and (max-width: 767px){.kadence-column3697_b7525a-5a > .kt-inside-inner-col{flex-direction:column;justify-content:center;}}<\/style>\n<div class=\"wp-block-kadence-column kadence-column3697_b7525a-5a\"><div class=\"kt-inside-inner-col\"><div class=\"wp-block-image\">\n<figure class=\"aligncenter size-full\"><img loading=\"lazy\" decoding=\"async\" width=\"800\" height=\"800\" src=\"https:\/\/bastideparis.fr\/ro49090-ovh\/wp-content\/uploads\/2023\/10\/islande.webp\" alt=\"\" class=\"wp-image-994\" srcset=\"https:\/\/bastideparis.fr\/ro49090-ovh\/wp-content\/uploads\/2023\/10\/islande.webp 800w, https:\/\/bastideparis.fr\/ro49090-ovh\/wp-content\/uploads\/2023\/10\/islande-300x300.webp 300w, https:\/\/bastideparis.fr\/ro49090-ovh\/wp-content\/uploads\/2023\/10\/islande-150x150.webp 150w, https:\/\/bastideparis.fr\/ro49090-ovh\/wp-content\/uploads\/2023\/10\/islande-768x768.webp 768w\" sizes=\"auto, (max-width: 800px) 100vw, 800px\" \/><\/figure>\n<\/div><\/div><\/div>\n\n\n<style>.kadence-column3697_eea149-89 > .kt-inside-inner-col,.kadence-column3697_eea149-89 > .kt-inside-inner-col:before{border-top-left-radius:0px;border-top-right-radius:0px;border-bottom-right-radius:0px;border-bottom-left-radius:0px;}.kadence-column3697_eea149-89 > .kt-inside-inner-col{column-gap:var(--global-kb-gap-sm, 1rem);}.kadence-column3697_eea149-89 > .kt-inside-inner-col{flex-direction:column;}.kadence-column3697_eea149-89 > .kt-inside-inner-col > .aligncenter{width:100%;}.kadence-column3697_eea149-89 > .kt-inside-inner-col:before{opacity:0.3;}.kadence-column3697_eea149-89{position:relative;}@media all and (max-width: 1024px){.kadence-column3697_eea149-89 > .kt-inside-inner-col{flex-direction:column;justify-content:center;}}@media all and (max-width: 767px){.kadence-column3697_eea149-89 > .kt-inside-inner-col{flex-direction:column;justify-content:center;}}<\/style>\n<div class=\"wp-block-kadence-column kadence-column3697_eea149-89\"><div class=\"kt-inside-inner-col\">\n<p><strong>Chaise de toilette pliante Islande &#8211; 127,62\u20ac (une prise en charge de 102,62\u20ac est possible avec une ordonnance)<br>R\u00e9f\u00e9rence: 115749<\/strong><\/p>\n\n\n\n<h2 class=\"wp-block-heading\">Description du produit<\/h2>\n\n\n\n<p>Notre chaise de toilettes Islande vous permet d\u2019\u00eatre confortablement install\u00e9. Son syst\u00e8me de pliage sera tr\u00e8s pratique pour le rangement de la chaise.&nbsp;<\/p>\n<\/div><\/div>\n\n<\/div><\/div>\n\n<style>.kb-row-layout-id3697_ed028b-bc > .kt-row-column-wrap{align-content:start;}:where(.kb-row-layout-id3697_ed028b-bc > .kt-row-column-wrap) > .wp-block-kadence-column{justify-content:start;}.kb-row-layout-id3697_ed028b-bc > .kt-row-column-wrap{column-gap:var(--global-kb-gap-md, 2rem);row-gap:var(--global-kb-gap-md, 2rem);padding-top:var(--global-kb-spacing-sm, 1.5rem);padding-bottom:var(--global-kb-spacing-sm, 1.5rem);grid-template-columns:repeat(2, minmax(0, 1fr));}.kb-row-layout-id3697_ed028b-bc > .kt-row-layout-overlay{opacity:0.30;}@media all and (max-width: 1024px){.kb-row-layout-id3697_ed028b-bc > .kt-row-column-wrap{grid-template-columns:repeat(2, minmax(0, 1fr));}}@media all and (max-width: 767px){.kb-row-layout-id3697_ed028b-bc > .kt-row-column-wrap{grid-template-columns:minmax(0, 1fr);}}<\/style><div class=\"kb-row-layout-wrap kb-row-layout-id3697_ed028b-bc alignnone wp-block-kadence-rowlayout\"><div class=\"kt-row-column-wrap kt-has-2-columns kt-row-layout-equal kt-tab-layout-inherit kt-mobile-layout-row kt-row-valign-top\">\n<style>.kadence-column3697_d54c4f-df > .kt-inside-inner-col,.kadence-column3697_d54c4f-df > .kt-inside-inner-col:before{border-top-left-radius:0px;border-top-right-radius:0px;border-bottom-right-radius:0px;border-bottom-left-radius:0px;}.kadence-column3697_d54c4f-df > .kt-inside-inner-col{column-gap:var(--global-kb-gap-sm, 1rem);}.kadence-column3697_d54c4f-df > .kt-inside-inner-col{flex-direction:column;}.kadence-column3697_d54c4f-df > .kt-inside-inner-col > .aligncenter{width:100%;}.kadence-column3697_d54c4f-df > .kt-inside-inner-col:before{opacity:0.3;}.kadence-column3697_d54c4f-df{position:relative;}@media all and (max-width: 1024px){.kadence-column3697_d54c4f-df > .kt-inside-inner-col{flex-direction:column;justify-content:center;}}@media all and (max-width: 767px){.kadence-column3697_d54c4f-df > .kt-inside-inner-col{flex-direction:column;justify-content:center;}}<\/style>\n<div class=\"wp-block-kadence-column kadence-column3697_d54c4f-df\"><div class=\"kt-inside-inner-col\">\n<h2 class=\"wp-block-heading\">Caract\u00e9ristiques de la chaise de toilettes pliante Islande<\/h2>\n\n\n\n<ul class=\"wp-block-list\">\n<li>Munie d&rsquo;un pot amovible par le haut et vers l&rsquo;avant<\/li>\n\n\n\n<li>Livr\u00e9e avec galette souple recouvrant l&rsquo;assise perc\u00e9e (ouverture anatomique 22 x 30 cm)<\/li>\n\n\n\n<li>Dimensions hors-tout : larg. 61.5 x prof. 56.5 x haut. 90.5 \u00e0 98 cm.<\/li>\n\n\n\n<li>Dimensions assise : larg. 43 x prof. 43 x haut . 46 \u00e0 54 cm<\/li>\n\n\n\n<li>Largeur entre accoudoirs : 50 cm<\/li>\n\n\n\n<li>Poids : 5 kg<\/li>\n\n\n\n<li>Poids maximum autoris\u00e9 : 150 kg<\/li>\n<\/ul>\n<\/div><\/div>\n\n\n<style>.kadence-column3697_080628-93 > .kt-inside-inner-col,.kadence-column3697_080628-93 > .kt-inside-inner-col:before{border-top-left-radius:0px;border-top-right-radius:0px;border-bottom-right-radius:0px;border-bottom-left-radius:0px;}.kadence-column3697_080628-93 > .kt-inside-inner-col{column-gap:var(--global-kb-gap-sm, 1rem);}.kadence-column3697_080628-93 > .kt-inside-inner-col{flex-direction:column;}.kadence-column3697_080628-93 > .kt-inside-inner-col > .aligncenter{width:100%;}.kadence-column3697_080628-93 > .kt-inside-inner-col:before{opacity:0.3;}.kadence-column3697_080628-93{position:relative;}@media all and (max-width: 1024px){.kadence-column3697_080628-93 > .kt-inside-inner-col{flex-direction:column;justify-content:center;}}@media all and (max-width: 767px){.kadence-column3697_080628-93 > .kt-inside-inner-col{flex-direction:column;justify-content:center;}}<\/style>\n<div class=\"wp-block-kadence-column kadence-column3697_080628-93\"><div class=\"kt-inside-inner-col\"><\/div><\/div>\n\n<\/div><\/div>","protected":false},"excerpt":{"rendered":"<p>Retour Chaise de toilette pliante Islande Chaise de toilette pliante Islande &#8211; 127,62\u20ac (une prise en charge de 102,62\u20ac est possible avec une ordonnance)R\u00e9f\u00e9rence: 115749 Description du produit Notre chaise de toilettes Islande vous permet d\u2019\u00eatre confortablement install\u00e9. Son syst\u00e8me de pliage sera tr\u00e8s pratique pour le rangement de la chaise.&nbsp; Caract\u00e9ristiques de la chaise&#8230;<\/p>\n","protected":false},"author":1,"featured_media":0,"parent":0,"menu_order":0,"comment_status":"closed","ping_status":"closed","template":"","meta":{"content-type":"","_kad_post_transparent":"","_kad_post_title":"hide","_kad_post_layout":"","_kad_post_sidebar_id":"","_kad_post_content_style":"","_kad_post_vertical_padding":"","_kad_post_feature":"","_kad_post_feature_position":"","_kad_post_header":false,"_kad_post_footer":false,"footnotes":""},"class_list":["post-3697","page","type-page","status-publish","hentry"],"_links":{"self":[{"href":"https:\/\/bastideparis.fr\/ro49090-ovh\/index.php\/wp-json\/wp\/v2\/pages\/3697","targetHints":{"allow":["GET"]}}],"collection":[{"href":"https:\/\/bastideparis.fr\/ro49090-ovh\/index.php\/wp-json\/wp\/v2\/pages"}],"about":[{"href":"https:\/\/bastideparis.fr\/ro49090-ovh\/index.php\/wp-json\/wp\/v2\/types\/page"}],"author":[{"embeddable":true,"href":"https:\/\/bastideparis.fr\/ro49090-ovh\/index.php\/wp-json\/wp\/v2\/users\/1"}],"replies":[{"embeddable":true,"href":"https:\/\/bastideparis.fr\/ro49090-ovh\/index.php\/wp-json\/wp\/v2\/comments?post=3697"}],"version-history":[{"count":1,"href":"https:\/\/bastideparis.fr\/ro49090-ovh\/index.php\/wp-json\/wp\/v2\/pages\/3697\/revisions"}],"predecessor-version":[{"id":3698,"href":"https:\/\/bastideparis.fr\/ro49090-ovh\/index.php\/wp-json\/wp\/v2\/pages\/3697\/revisions\/3698"}],"wp:attachment":[{"href":"https:\/\/bastideparis.fr\/ro49090-ovh\/index.php\/wp-json\/wp\/v2\/media?parent=3697"}],"curies":[{"name":"wp","href":"https:\/\/api.w.org\/{rel}","templated":true}]}}