{"id":3701,"date":"2024-06-06T15:12:19","date_gmt":"2024-06-06T13:12:19","guid":{"rendered":"https:\/\/bastideparis.fr\/ro49090-ovh\/?page_id=3701"},"modified":"2024-06-06T15:12:19","modified_gmt":"2024-06-06T13:12:19","slug":"chaise-garde-robe-suva","status":"publish","type":"page","link":"https:\/\/bastideparis.fr\/ro49090-ovh\/index.php\/chaise-garde-robe-suva\/","title":{"rendered":"Chaise garde robe Suva"},"content":{"rendered":"\n<p><a href=\"https:\/\/bastideparis.fr\/ro49090-ovh\/index.php\/showroom-toilettes\/\">Retour<\/a><\/p>\n\n\n\n<p class=\"has-larger-font-size\">Chaise garde robe Suva<\/p>\n\n\n<style>.kb-row-layout-id3701_dba68d-6c > .kt-row-column-wrap{align-content:start;}:where(.kb-row-layout-id3701_dba68d-6c > .kt-row-column-wrap) > .wp-block-kadence-column{justify-content:start;}.kb-row-layout-id3701_dba68d-6c > .kt-row-column-wrap{column-gap:var(--global-kb-gap-md, 2rem);row-gap:var(--global-kb-gap-md, 2rem);padding-top:var(--global-kb-spacing-sm, 1.5rem);padding-bottom:var(--global-kb-spacing-sm, 1.5rem);grid-template-columns:repeat(2, minmax(0, 1fr));}.kb-row-layout-id3701_dba68d-6c > .kt-row-layout-overlay{opacity:0.30;}@media all and (max-width: 1024px){.kb-row-layout-id3701_dba68d-6c > .kt-row-column-wrap{grid-template-columns:repeat(2, minmax(0, 1fr));}}@media all and (max-width: 767px){.kb-row-layout-id3701_dba68d-6c > .kt-row-column-wrap{grid-template-columns:minmax(0, 1fr);}}<\/style><div class=\"kb-row-layout-wrap kb-row-layout-id3701_dba68d-6c alignnone wp-block-kadence-rowlayout\"><div class=\"kt-row-column-wrap kt-has-2-columns kt-row-layout-equal kt-tab-layout-inherit kt-mobile-layout-row kt-row-valign-top\">\n<style>.kadence-column3701_9610b1-fa > .kt-inside-inner-col,.kadence-column3701_9610b1-fa > .kt-inside-inner-col:before{border-top-left-radius:0px;border-top-right-radius:0px;border-bottom-right-radius:0px;border-bottom-left-radius:0px;}.kadence-column3701_9610b1-fa > .kt-inside-inner-col{column-gap:var(--global-kb-gap-sm, 1rem);}.kadence-column3701_9610b1-fa > .kt-inside-inner-col{flex-direction:column;}.kadence-column3701_9610b1-fa > .kt-inside-inner-col > .aligncenter{width:100%;}.kadence-column3701_9610b1-fa > .kt-inside-inner-col:before{opacity:0.3;}.kadence-column3701_9610b1-fa{position:relative;}@media all and (max-width: 1024px){.kadence-column3701_9610b1-fa > .kt-inside-inner-col{flex-direction:column;justify-content:center;}}@media all and (max-width: 767px){.kadence-column3701_9610b1-fa > .kt-inside-inner-col{flex-direction:column;justify-content:center;}}<\/style>\n<div class=\"wp-block-kadence-column kadence-column3701_9610b1-fa\"><div class=\"kt-inside-inner-col\">\n<figure class=\"wp-block-image size-full\"><img loading=\"lazy\" decoding=\"async\" width=\"360\" height=\"360\" src=\"https:\/\/bastideparis.fr\/ro49090-ovh\/wp-content\/uploads\/2024\/02\/chaise-gr-suva.webp\" alt=\"\" class=\"wp-image-2199\" srcset=\"https:\/\/bastideparis.fr\/ro49090-ovh\/wp-content\/uploads\/2024\/02\/chaise-gr-suva.webp 360w, https:\/\/bastideparis.fr\/ro49090-ovh\/wp-content\/uploads\/2024\/02\/chaise-gr-suva-300x300.webp 300w, https:\/\/bastideparis.fr\/ro49090-ovh\/wp-content\/uploads\/2024\/02\/chaise-gr-suva-150x150.webp 150w\" sizes=\"auto, (max-width: 360px) 100vw, 360px\" \/><\/figure>\n<\/div><\/div>\n\n\n<style>.kadence-column3701_8de82a-ba > .kt-inside-inner-col,.kadence-column3701_8de82a-ba > .kt-inside-inner-col:before{border-top-left-radius:0px;border-top-right-radius:0px;border-bottom-right-radius:0px;border-bottom-left-radius:0px;}.kadence-column3701_8de82a-ba > .kt-inside-inner-col{column-gap:var(--global-kb-gap-sm, 1rem);}.kadence-column3701_8de82a-ba > .kt-inside-inner-col{flex-direction:column;}.kadence-column3701_8de82a-ba > .kt-inside-inner-col > .aligncenter{width:100%;}.kadence-column3701_8de82a-ba > .kt-inside-inner-col:before{opacity:0.3;}.kadence-column3701_8de82a-ba{position:relative;}@media all and (max-width: 1024px){.kadence-column3701_8de82a-ba > .kt-inside-inner-col{flex-direction:column;justify-content:center;}}@media all and (max-width: 767px){.kadence-column3701_8de82a-ba > .kt-inside-inner-col{flex-direction:column;justify-content:center;}}<\/style>\n<div class=\"wp-block-kadence-column kadence-column3701_8de82a-ba\"><div class=\"kt-inside-inner-col\">\n<p><strong>Chaise garde robe Suva &#8211; 157,62\u20ac (une prise en charge de 102,62\u20ac est possible avec une ordonnance)<br>R\u00e9f\u00e9rence : 115765<\/strong><\/p>\n\n\n\n<h2 class=\"wp-block-heading\">Description du produit<\/h2>\n\n\n\n<p>La&nbsp;<strong>chaise garde-robe SUVA<\/strong>&nbsp;est &nbsp;<strong>confortable et discr\u00e8te<\/strong>, avec une hauteur r\u00e9glable, adapt\u00e9 aux personnes rencontrant un probl\u00e8me de mobilit\u00e9. Cette&nbsp;<strong>chaise<\/strong><strong>&nbsp;de douche garde robe<\/strong>&nbsp;peut&nbsp;<strong>s\u2019installer pr\u00e8s d\u2019un lit<\/strong>. Elle est id\u00e9ale pour les personnes souhaitant des toilettes \u00e0 proximit\u00e9.<\/p>\n\n\n\n<h2 class=\"wp-block-heading\">Une chaise garde-robe multi-fonctions<\/h2>\n\n\n\n<p>Gr\u00e2ce \u00e0 la&nbsp;<strong>pr\u00e9sence de coussins<\/strong>, la chaise garde-robe SUVA s\u2019av\u00e8re&nbsp;<strong>tr\u00e8s confortable&nbsp;<\/strong>lors des phases d\u2019habillage et de d\u00e9shabillage. Cette&nbsp;<strong>chaise garde-robe SUVA&nbsp;<\/strong>peut \u00e9galement&nbsp;<strong>servir<\/strong>&nbsp;de&nbsp;<strong>chaise de douche<\/strong>&nbsp;ou de&nbsp;<strong>sur\u00e9l\u00e9vateur de toilette sur pied<\/strong>.<\/p>\n<\/div><\/div>\n\n<\/div><\/div>\n\n<style>.kb-row-layout-id3701_1930a8-13 > .kt-row-column-wrap{align-content:start;}:where(.kb-row-layout-id3701_1930a8-13 > .kt-row-column-wrap) > .wp-block-kadence-column{justify-content:start;}.kb-row-layout-id3701_1930a8-13 > .kt-row-column-wrap{column-gap:var(--global-kb-gap-md, 2rem);row-gap:var(--global-kb-gap-md, 2rem);padding-top:var(--global-kb-spacing-sm, 1.5rem);padding-bottom:var(--global-kb-spacing-sm, 1.5rem);grid-template-columns:repeat(2, minmax(0, 1fr));}.kb-row-layout-id3701_1930a8-13 > .kt-row-layout-overlay{opacity:0.30;}@media all and (max-width: 1024px){.kb-row-layout-id3701_1930a8-13 > .kt-row-column-wrap{grid-template-columns:repeat(2, minmax(0, 1fr));}}@media all and (max-width: 767px){.kb-row-layout-id3701_1930a8-13 > .kt-row-column-wrap{grid-template-columns:minmax(0, 1fr);}}<\/style><div class=\"kb-row-layout-wrap kb-row-layout-id3701_1930a8-13 alignnone wp-block-kadence-rowlayout\"><div class=\"kt-row-column-wrap kt-has-2-columns kt-row-layout-equal kt-tab-layout-inherit kt-mobile-layout-row kt-row-valign-top\">\n<style>.kadence-column3701_3f6770-93 > .kt-inside-inner-col,.kadence-column3701_3f6770-93 > .kt-inside-inner-col:before{border-top-left-radius:0px;border-top-right-radius:0px;border-bottom-right-radius:0px;border-bottom-left-radius:0px;}.kadence-column3701_3f6770-93 > .kt-inside-inner-col{column-gap:var(--global-kb-gap-sm, 1rem);}.kadence-column3701_3f6770-93 > .kt-inside-inner-col{flex-direction:column;}.kadence-column3701_3f6770-93 > .kt-inside-inner-col > .aligncenter{width:100%;}.kadence-column3701_3f6770-93 > .kt-inside-inner-col:before{opacity:0.3;}.kadence-column3701_3f6770-93{position:relative;}@media all and (max-width: 1024px){.kadence-column3701_3f6770-93 > .kt-inside-inner-col{flex-direction:column;justify-content:center;}}@media all and (max-width: 767px){.kadence-column3701_3f6770-93 > .kt-inside-inner-col{flex-direction:column;justify-content:center;}}<\/style>\n<div class=\"wp-block-kadence-column kadence-column3701_3f6770-93\"><div class=\"kt-inside-inner-col\">\n<h2 class=\"wp-block-heading\">Une assise confortable modulable<\/h2>\n\n\n\n<p>De plus, cette chaise offre une&nbsp;<strong>stabilit\u00e9 parfaite<\/strong>&nbsp;gr\u00e2ce \u00e0 ses 4 pieds pos\u00e9s fermement sur le sol. R\u00e9glable \u00e0 diff\u00e9rentes hauteurs, la chaise de toilettes peut \u00eatre l\u00e9g\u00e8rement pench\u00e9e vers l\u2019avant afin de faciliter la lev\u00e9e. Le&nbsp;<strong>dossier<\/strong>&nbsp;et les&nbsp;<strong>repose-bras<\/strong>&nbsp;sont&nbsp;<strong>amovibles<\/strong>.<\/p>\n\n\n\n<h2 class=\"wp-block-heading\">Entretien facile et materiaux anti-corrosion<\/h2>\n\n\n\n<p>Cette chaise garde-robe brille par son&nbsp;<strong>assemblage<\/strong>&nbsp;(livr\u00e9e d\u00e9mont\u00e9e), sa&nbsp;<strong>manipulation<\/strong>&nbsp;et son&nbsp;<strong>nettoyage facile<\/strong>. Elle s\u2019assemble, se r\u00e8gle tout cela sans outil. C\u00f4t\u00e9 nettoyage, elle est facile \u00e0 transporter gr\u00e2ce \u00e0 son faible poids et peut \u00eatre directement&nbsp;<strong>nettoy\u00e9e sous la douche<\/strong>. La&nbsp;<strong>cuvette int\u00e9gr\u00e9e<\/strong>&nbsp;\u2013 plac\u00e9e sous le si\u00e8ge \u2013 se dote d\u2019un&nbsp;<strong>couvercle<\/strong>&nbsp;qui se&nbsp;<strong>verrouille<\/strong>&nbsp;lorsque sa poign\u00e9e est relev\u00e9e.<\/p>\n<\/div><\/div>\n\n\n<style>.kadence-column3701_779c88-2e > .kt-inside-inner-col,.kadence-column3701_779c88-2e > .kt-inside-inner-col:before{border-top-left-radius:0px;border-top-right-radius:0px;border-bottom-right-radius:0px;border-bottom-left-radius:0px;}.kadence-column3701_779c88-2e > .kt-inside-inner-col{column-gap:var(--global-kb-gap-sm, 1rem);}.kadence-column3701_779c88-2e > .kt-inside-inner-col{flex-direction:column;}.kadence-column3701_779c88-2e > .kt-inside-inner-col > .aligncenter{width:100%;}.kadence-column3701_779c88-2e > .kt-inside-inner-col:before{opacity:0.3;}.kadence-column3701_779c88-2e{position:relative;}@media all and (max-width: 1024px){.kadence-column3701_779c88-2e > .kt-inside-inner-col{flex-direction:column;justify-content:center;}}@media all and (max-width: 767px){.kadence-column3701_779c88-2e > .kt-inside-inner-col{flex-direction:column;justify-content:center;}}<\/style>\n<div class=\"wp-block-kadence-column kadence-column3701_779c88-2e\"><div class=\"kt-inside-inner-col\">\n<h2 class=\"wp-block-heading\">CARACTERISTIQUES de la chaise de douche garde-robe SUVA<\/h2>\n\n\n\n<ul class=\"wp-block-list\">\n<li>Largeur de l\u2019assise : 46 cm<\/li>\n\n\n\n<li>Largeur de la chaise\u00a0: 50.5 cm<\/li>\n\n\n\n<li>Hauteur de la chaise\u00a0: de 47 jusqu\u2019\u00e0 62.5 cm<\/li>\n\n\n\n<li>Poids\u00a0: 5,1 kg<\/li>\n\n\n\n<li>Poids maximum support\u00e9\u00a0: 130 kg<\/li>\n\n\n\n<li>Couleur\u00a0: Gris, Blanc<\/li>\n\n\n\n<li>Mat\u00e9riaux : Plastique et aluminium<\/li>\n<\/ul>\n<\/div><\/div>\n\n<\/div><\/div>","protected":false},"excerpt":{"rendered":"<p>Retour Chaise garde robe Suva Chaise garde robe Suva &#8211; 157,62\u20ac (une prise en charge de 102,62\u20ac est possible avec une ordonnance)R\u00e9f\u00e9rence : 115765 Description du produit La&nbsp;chaise garde-robe SUVA&nbsp;est &nbsp;confortable et discr\u00e8te, avec une hauteur r\u00e9glable, adapt\u00e9 aux personnes rencontrant un probl\u00e8me de mobilit\u00e9. Cette&nbsp;chaise&nbsp;de douche garde robe&nbsp;peut&nbsp;s\u2019installer pr\u00e8s d\u2019un lit. Elle est id\u00e9ale&#8230;<\/p>\n","protected":false},"author":1,"featured_media":0,"parent":0,"menu_order":0,"comment_status":"closed","ping_status":"closed","template":"","meta":{"content-type":"","_kad_post_transparent":"","_kad_post_title":"hide","_kad_post_layout":"","_kad_post_sidebar_id":"","_kad_post_content_style":"","_kad_post_vertical_padding":"","_kad_post_feature":"","_kad_post_feature_position":"","_kad_post_header":false,"_kad_post_footer":false,"footnotes":""},"class_list":["post-3701","page","type-page","status-publish","hentry"],"_links":{"self":[{"href":"https:\/\/bastideparis.fr\/ro49090-ovh\/index.php\/wp-json\/wp\/v2\/pages\/3701","targetHints":{"allow":["GET"]}}],"collection":[{"href":"https:\/\/bastideparis.fr\/ro49090-ovh\/index.php\/wp-json\/wp\/v2\/pages"}],"about":[{"href":"https:\/\/bastideparis.fr\/ro49090-ovh\/index.php\/wp-json\/wp\/v2\/types\/page"}],"author":[{"embeddable":true,"href":"https:\/\/bastideparis.fr\/ro49090-ovh\/index.php\/wp-json\/wp\/v2\/users\/1"}],"replies":[{"embeddable":true,"href":"https:\/\/bastideparis.fr\/ro49090-ovh\/index.php\/wp-json\/wp\/v2\/comments?post=3701"}],"version-history":[{"count":1,"href":"https:\/\/bastideparis.fr\/ro49090-ovh\/index.php\/wp-json\/wp\/v2\/pages\/3701\/revisions"}],"predecessor-version":[{"id":3703,"href":"https:\/\/bastideparis.fr\/ro49090-ovh\/index.php\/wp-json\/wp\/v2\/pages\/3701\/revisions\/3703"}],"wp:attachment":[{"href":"https:\/\/bastideparis.fr\/ro49090-ovh\/index.php\/wp-json\/wp\/v2\/media?parent=3701"}],"curies":[{"name":"wp","href":"https:\/\/api.w.org\/{rel}","templated":true}]}}