{"id":3715,"date":"2024-06-12T19:06:16","date_gmt":"2024-06-12T17:06:16","guid":{"rendered":"https:\/\/bastideparis.fr\/ro49090-ovh\/?page_id=3715"},"modified":"2024-06-12T19:06:17","modified_gmt":"2024-06-12T17:06:17","slug":"chaise-de-douche-garde-robe-a-roulettes-obana","status":"publish","type":"page","link":"https:\/\/bastideparis.fr\/ro49090-ovh\/index.php\/chaise-de-douche-garde-robe-a-roulettes-obana\/","title":{"rendered":"Chaise de douche garde-robe \u00e0 roulettes Obana"},"content":{"rendered":"\n<p><a href=\"https:\/\/bastideparis.fr\/ro49090-ovh\/index.php\/showroom-toilettes\/\">Retour<\/a><\/p>\n\n\n\n<p class=\"has-larger-font-size\">Chaise de douche garde-robe \u00e0 roulettes Obana<\/p>\n\n\n<style>.kb-row-layout-id3715_64c9a5-c5 > .kt-row-column-wrap{align-content:start;}:where(.kb-row-layout-id3715_64c9a5-c5 > .kt-row-column-wrap) > .wp-block-kadence-column{justify-content:start;}.kb-row-layout-id3715_64c9a5-c5 > .kt-row-column-wrap{column-gap:var(--global-kb-gap-md, 2rem);row-gap:var(--global-kb-gap-md, 2rem);padding-top:var(--global-kb-spacing-sm, 1.5rem);padding-bottom:var(--global-kb-spacing-sm, 1.5rem);grid-template-columns:repeat(2, minmax(0, 1fr));}.kb-row-layout-id3715_64c9a5-c5 > .kt-row-layout-overlay{opacity:0.30;}@media all and (max-width: 1024px){.kb-row-layout-id3715_64c9a5-c5 > .kt-row-column-wrap{grid-template-columns:repeat(2, minmax(0, 1fr));}}@media all and (max-width: 767px){.kb-row-layout-id3715_64c9a5-c5 > .kt-row-column-wrap{grid-template-columns:minmax(0, 1fr);}}<\/style><div class=\"kb-row-layout-wrap kb-row-layout-id3715_64c9a5-c5 alignnone wp-block-kadence-rowlayout\"><div class=\"kt-row-column-wrap kt-has-2-columns kt-row-layout-equal kt-tab-layout-inherit kt-mobile-layout-row kt-row-valign-top\">\n<style>.kadence-column3715_f676d6-08 > .kt-inside-inner-col,.kadence-column3715_f676d6-08 > .kt-inside-inner-col:before{border-top-left-radius:0px;border-top-right-radius:0px;border-bottom-right-radius:0px;border-bottom-left-radius:0px;}.kadence-column3715_f676d6-08 > .kt-inside-inner-col{column-gap:var(--global-kb-gap-sm, 1rem);}.kadence-column3715_f676d6-08 > .kt-inside-inner-col{flex-direction:column;}.kadence-column3715_f676d6-08 > .kt-inside-inner-col > .aligncenter{width:100%;}.kadence-column3715_f676d6-08 > .kt-inside-inner-col:before{opacity:0.3;}.kadence-column3715_f676d6-08{position:relative;}@media all and (max-width: 1024px){.kadence-column3715_f676d6-08 > .kt-inside-inner-col{flex-direction:column;justify-content:center;}}@media all and (max-width: 767px){.kadence-column3715_f676d6-08 > .kt-inside-inner-col{flex-direction:column;justify-content:center;}}<\/style>\n<div class=\"wp-block-kadence-column kadence-column3715_f676d6-08\"><div class=\"kt-inside-inner-col\"><div class=\"wp-block-image\">\n<figure class=\"aligncenter size-full\"><img loading=\"lazy\" decoding=\"async\" width=\"360\" height=\"360\" src=\"https:\/\/bastideparis.fr\/ro49090-ovh\/wp-content\/uploads\/2024\/02\/chaise-obana.webp\" alt=\"\" class=\"wp-image-2221\" srcset=\"https:\/\/bastideparis.fr\/ro49090-ovh\/wp-content\/uploads\/2024\/02\/chaise-obana.webp 360w, https:\/\/bastideparis.fr\/ro49090-ovh\/wp-content\/uploads\/2024\/02\/chaise-obana-300x300.webp 300w, https:\/\/bastideparis.fr\/ro49090-ovh\/wp-content\/uploads\/2024\/02\/chaise-obana-150x150.webp 150w\" sizes=\"auto, (max-width: 360px) 100vw, 360px\" \/><\/figure>\n<\/div><\/div><\/div>\n\n\n<style>.kadence-column3715_8d2664-71 > .kt-inside-inner-col,.kadence-column3715_8d2664-71 > .kt-inside-inner-col:before{border-top-left-radius:0px;border-top-right-radius:0px;border-bottom-right-radius:0px;border-bottom-left-radius:0px;}.kadence-column3715_8d2664-71 > .kt-inside-inner-col{column-gap:var(--global-kb-gap-sm, 1rem);}.kadence-column3715_8d2664-71 > .kt-inside-inner-col{flex-direction:column;}.kadence-column3715_8d2664-71 > .kt-inside-inner-col > .aligncenter{width:100%;}.kadence-column3715_8d2664-71 > .kt-inside-inner-col:before{opacity:0.3;}.kadence-column3715_8d2664-71{position:relative;}@media all and (max-width: 1024px){.kadence-column3715_8d2664-71 > .kt-inside-inner-col{flex-direction:column;justify-content:center;}}@media all and (max-width: 767px){.kadence-column3715_8d2664-71 > .kt-inside-inner-col{flex-direction:column;justify-content:center;}}<\/style>\n<div class=\"wp-block-kadence-column kadence-column3715_8d2664-71\"><div class=\"kt-inside-inner-col\">\n<p><strong>Chaise de douche garde-robe \u00e0 roulettes Obana &#8211; 219\u20ac (une prise en charge de 102,62\u20ac est possible avec une ordonnance)<br>R\u00e9f\u00e9rence : 111746<\/strong><\/p>\n\n\n\n<h2 class=\"wp-block-heading\">Description du produit<\/h2>\n\n\n\n<p><strong>La chaise de douche garde-robe&nbsp;<\/strong><em>Obana Herdegen<\/em>&nbsp;est munie d\u2019une assise amovible perc\u00e9e et ergonomique. Compos\u00e9e enti\u00e8rement en aluminium, la chaise garde-robe est garantie 100% anticorrosion. Ce fauteuil peut donc s\u2019utiliser comme une toilette de substitution pour la douche mais aussi dans la chambre. Pratique et maniable, la chaise perc\u00e9e se manipule ais\u00e9ment en toute s\u00e9curit\u00e9 gr\u00e2ce \u00e0 ses 4 roues et \u00e0 ses deux freins qui agissent sur l\u2019arri\u00e8re de la chaise de toilette. Le tissu du dossier se rel\u00e8ve afin de faciliter l&rsquo;acc\u00e8s au dos.<\/p>\n<\/div><\/div>\n\n<\/div><\/div>\n\n<style>.kb-row-layout-id3715_fd2655-55 > .kt-row-column-wrap{align-content:start;}:where(.kb-row-layout-id3715_fd2655-55 > .kt-row-column-wrap) > .wp-block-kadence-column{justify-content:start;}.kb-row-layout-id3715_fd2655-55 > .kt-row-column-wrap{column-gap:var(--global-kb-gap-md, 2rem);row-gap:var(--global-kb-gap-md, 2rem);padding-top:var(--global-kb-spacing-sm, 1.5rem);padding-bottom:var(--global-kb-spacing-sm, 1.5rem);grid-template-columns:repeat(2, minmax(0, 1fr));}.kb-row-layout-id3715_fd2655-55 > .kt-row-layout-overlay{opacity:0.30;}@media all and (max-width: 1024px){.kb-row-layout-id3715_fd2655-55 > .kt-row-column-wrap{grid-template-columns:repeat(2, minmax(0, 1fr));}}@media all and (max-width: 767px){.kb-row-layout-id3715_fd2655-55 > .kt-row-column-wrap{grid-template-columns:minmax(0, 1fr);}}<\/style><div class=\"kb-row-layout-wrap kb-row-layout-id3715_fd2655-55 alignnone wp-block-kadence-rowlayout\"><div class=\"kt-row-column-wrap kt-has-2-columns kt-row-layout-equal kt-tab-layout-inherit kt-mobile-layout-row kt-row-valign-top\">\n<style>.kadence-column3715_12db59-29 > .kt-inside-inner-col,.kadence-column3715_12db59-29 > .kt-inside-inner-col:before{border-top-left-radius:0px;border-top-right-radius:0px;border-bottom-right-radius:0px;border-bottom-left-radius:0px;}.kadence-column3715_12db59-29 > .kt-inside-inner-col{column-gap:var(--global-kb-gap-sm, 1rem);}.kadence-column3715_12db59-29 > .kt-inside-inner-col{flex-direction:column;}.kadence-column3715_12db59-29 > .kt-inside-inner-col > .aligncenter{width:100%;}.kadence-column3715_12db59-29 > .kt-inside-inner-col:before{opacity:0.3;}.kadence-column3715_12db59-29{position:relative;}@media all and (max-width: 1024px){.kadence-column3715_12db59-29 > .kt-inside-inner-col{flex-direction:column;justify-content:center;}}@media all and (max-width: 767px){.kadence-column3715_12db59-29 > .kt-inside-inner-col{flex-direction:column;justify-content:center;}}<\/style>\n<div class=\"wp-block-kadence-column kadence-column3715_12db59-29\"><div class=\"kt-inside-inner-col\">\n<h2 class=\"wp-block-heading\">CARACTERISTIQUES DE LA CHAISE PERCEE A ROULETTES<\/h2>\n\n\n\n<ul class=\"wp-block-list\">\n<li>Poids max utilisateur\u00a0: 110 kg<\/li>\n\n\n\n<li>Couleurs\u00a0: Bleu et gris<\/li>\n\n\n\n<li>Composition\u00a0: Aluminium<\/li>\n\n\n\n<li>Diam\u00e8tre des roues\u00a0: 13 cm<\/li>\n\n\n\n<li>Hauteur d\u2019assise : 52 cm<\/li>\n\n\n\n<li>Hauteur totale : 96 cm<\/li>\n\n\n\n<li>Largeur entre les accoudoirs : 50 cm<\/li>\n\n\n\n<li>Largeur d\u2019assise : 44 cm<\/li>\n\n\n\n<li>Profondeur d\u2019assise : 40 cm<\/li>\n\n\n\n<li>Encombrement hors-tout (L x l x h) : 78 x 56 x 96 cm<\/li>\n\n\n\n<li>Poids de la chaise: 6.5 kg<\/li>\n\n\n\n<li>Garantie 2 ans<\/li>\n<\/ul>\n<\/div><\/div>\n\n\n<style>.kadence-column3715_f8f404-4a > .kt-inside-inner-col,.kadence-column3715_f8f404-4a > .kt-inside-inner-col:before{border-top-left-radius:0px;border-top-right-radius:0px;border-bottom-right-radius:0px;border-bottom-left-radius:0px;}.kadence-column3715_f8f404-4a > .kt-inside-inner-col{column-gap:var(--global-kb-gap-sm, 1rem);}.kadence-column3715_f8f404-4a > .kt-inside-inner-col{flex-direction:column;}.kadence-column3715_f8f404-4a > .kt-inside-inner-col > .aligncenter{width:100%;}.kadence-column3715_f8f404-4a > .kt-inside-inner-col:before{opacity:0.3;}.kadence-column3715_f8f404-4a{position:relative;}@media all and (max-width: 1024px){.kadence-column3715_f8f404-4a > .kt-inside-inner-col{flex-direction:column;justify-content:center;}}@media all and (max-width: 767px){.kadence-column3715_f8f404-4a > .kt-inside-inner-col{flex-direction:column;justify-content:center;}}<\/style>\n<div class=\"wp-block-kadence-column kadence-column3715_f8f404-4a\"><div class=\"kt-inside-inner-col\"><\/div><\/div>\n\n<\/div><\/div>","protected":false},"excerpt":{"rendered":"<p>Retour Chaise de douche garde-robe \u00e0 roulettes Obana Chaise de douche garde-robe \u00e0 roulettes Obana &#8211; 219\u20ac (une prise en charge de 102,62\u20ac est possible avec une ordonnance)R\u00e9f\u00e9rence : 111746 Description du produit La chaise de douche garde-robe&nbsp;Obana Herdegen&nbsp;est munie d\u2019une assise amovible perc\u00e9e et ergonomique. Compos\u00e9e enti\u00e8rement en aluminium, la chaise garde-robe est garantie&#8230;<\/p>\n","protected":false},"author":1,"featured_media":0,"parent":0,"menu_order":0,"comment_status":"closed","ping_status":"closed","template":"","meta":{"content-type":"","_kad_post_transparent":"","_kad_post_title":"hide","_kad_post_layout":"","_kad_post_sidebar_id":"","_kad_post_content_style":"","_kad_post_vertical_padding":"","_kad_post_feature":"","_kad_post_feature_position":"","_kad_post_header":false,"_kad_post_footer":false,"footnotes":""},"class_list":["post-3715","page","type-page","status-publish","hentry"],"_links":{"self":[{"href":"https:\/\/bastideparis.fr\/ro49090-ovh\/index.php\/wp-json\/wp\/v2\/pages\/3715","targetHints":{"allow":["GET"]}}],"collection":[{"href":"https:\/\/bastideparis.fr\/ro49090-ovh\/index.php\/wp-json\/wp\/v2\/pages"}],"about":[{"href":"https:\/\/bastideparis.fr\/ro49090-ovh\/index.php\/wp-json\/wp\/v2\/types\/page"}],"author":[{"embeddable":true,"href":"https:\/\/bastideparis.fr\/ro49090-ovh\/index.php\/wp-json\/wp\/v2\/users\/1"}],"replies":[{"embeddable":true,"href":"https:\/\/bastideparis.fr\/ro49090-ovh\/index.php\/wp-json\/wp\/v2\/comments?post=3715"}],"version-history":[{"count":1,"href":"https:\/\/bastideparis.fr\/ro49090-ovh\/index.php\/wp-json\/wp\/v2\/pages\/3715\/revisions"}],"predecessor-version":[{"id":3717,"href":"https:\/\/bastideparis.fr\/ro49090-ovh\/index.php\/wp-json\/wp\/v2\/pages\/3715\/revisions\/3717"}],"wp:attachment":[{"href":"https:\/\/bastideparis.fr\/ro49090-ovh\/index.php\/wp-json\/wp\/v2\/media?parent=3715"}],"curies":[{"name":"wp","href":"https:\/\/api.w.org\/{rel}","templated":true}]}}