{"id":3735,"date":"2024-06-12T19:56:48","date_gmt":"2024-06-12T17:56:48","guid":{"rendered":"https:\/\/bastideparis.fr\/ro49090-ovh\/?page_id=3735"},"modified":"2024-06-12T19:56:49","modified_gmt":"2024-06-12T17:56:49","slug":"barre-dappui-acier-chrome","status":"publish","type":"page","link":"https:\/\/bastideparis.fr\/ro49090-ovh\/index.php\/barre-dappui-acier-chrome\/","title":{"rendered":"Barre d&rsquo;appui acier chrom\u00e9"},"content":{"rendered":"\n<p><a href=\"https:\/\/bastideparis.fr\/ro49090-ovh\/index.php\/showroom-toilettes\/\">Retour<\/a><\/p>\n\n\n\n<p class=\"has-larger-font-size\">Barre d&rsquo;appui acier chrom\u00e9<\/p>\n\n\n<style>.kb-row-layout-id3735_4b5617-07 > .kt-row-column-wrap{align-content:start;}:where(.kb-row-layout-id3735_4b5617-07 > .kt-row-column-wrap) > .wp-block-kadence-column{justify-content:start;}.kb-row-layout-id3735_4b5617-07 > .kt-row-column-wrap{column-gap:var(--global-kb-gap-md, 2rem);row-gap:var(--global-kb-gap-md, 2rem);padding-top:var(--global-kb-spacing-sm, 1.5rem);padding-bottom:var(--global-kb-spacing-sm, 1.5rem);grid-template-columns:repeat(2, minmax(0, 1fr));}.kb-row-layout-id3735_4b5617-07 > .kt-row-layout-overlay{opacity:0.30;}@media all and (max-width: 1024px){.kb-row-layout-id3735_4b5617-07 > .kt-row-column-wrap{grid-template-columns:repeat(2, minmax(0, 1fr));}}@media all and (max-width: 767px){.kb-row-layout-id3735_4b5617-07 > .kt-row-column-wrap{grid-template-columns:minmax(0, 1fr);}}<\/style><div class=\"kb-row-layout-wrap kb-row-layout-id3735_4b5617-07 alignnone wp-block-kadence-rowlayout\"><div class=\"kt-row-column-wrap kt-has-2-columns kt-row-layout-equal kt-tab-layout-inherit kt-mobile-layout-row kt-row-valign-top\">\n<style>.kadence-column3735_d270d3-fd > .kt-inside-inner-col,.kadence-column3735_d270d3-fd > .kt-inside-inner-col:before{border-top-left-radius:0px;border-top-right-radius:0px;border-bottom-right-radius:0px;border-bottom-left-radius:0px;}.kadence-column3735_d270d3-fd > .kt-inside-inner-col{column-gap:var(--global-kb-gap-sm, 1rem);}.kadence-column3735_d270d3-fd > .kt-inside-inner-col{flex-direction:column;}.kadence-column3735_d270d3-fd > .kt-inside-inner-col > .aligncenter{width:100%;}.kadence-column3735_d270d3-fd > .kt-inside-inner-col:before{opacity:0.3;}.kadence-column3735_d270d3-fd{position:relative;}@media all and (max-width: 1024px){.kadence-column3735_d270d3-fd > .kt-inside-inner-col{flex-direction:column;justify-content:center;}}@media all and (max-width: 767px){.kadence-column3735_d270d3-fd > .kt-inside-inner-col{flex-direction:column;justify-content:center;}}<\/style>\n<div class=\"wp-block-kadence-column kadence-column3735_d270d3-fd\"><div class=\"kt-inside-inner-col\"><div class=\"wp-block-image\">\n<figure class=\"aligncenter size-full\"><img loading=\"lazy\" decoding=\"async\" width=\"360\" height=\"360\" src=\"https:\/\/bastideparis.fr\/ro49090-ovh\/wp-content\/uploads\/2024\/02\/barre-appui-acier-chrome.webp\" alt=\"\" class=\"wp-image-2212\" srcset=\"https:\/\/bastideparis.fr\/ro49090-ovh\/wp-content\/uploads\/2024\/02\/barre-appui-acier-chrome.webp 360w, https:\/\/bastideparis.fr\/ro49090-ovh\/wp-content\/uploads\/2024\/02\/barre-appui-acier-chrome-300x300.webp 300w, https:\/\/bastideparis.fr\/ro49090-ovh\/wp-content\/uploads\/2024\/02\/barre-appui-acier-chrome-150x150.webp 150w\" sizes=\"auto, (max-width: 360px) 100vw, 360px\" \/><\/figure>\n<\/div><\/div><\/div>\n\n\n<style>.kadence-column3735_7a71fb-45 > .kt-inside-inner-col,.kadence-column3735_7a71fb-45 > .kt-inside-inner-col:before{border-top-left-radius:0px;border-top-right-radius:0px;border-bottom-right-radius:0px;border-bottom-left-radius:0px;}.kadence-column3735_7a71fb-45 > .kt-inside-inner-col{column-gap:var(--global-kb-gap-sm, 1rem);}.kadence-column3735_7a71fb-45 > .kt-inside-inner-col{flex-direction:column;}.kadence-column3735_7a71fb-45 > .kt-inside-inner-col > .aligncenter{width:100%;}.kadence-column3735_7a71fb-45 > .kt-inside-inner-col:before{opacity:0.3;}.kadence-column3735_7a71fb-45{position:relative;}@media all and (max-width: 1024px){.kadence-column3735_7a71fb-45 > .kt-inside-inner-col{flex-direction:column;justify-content:center;}}@media all and (max-width: 767px){.kadence-column3735_7a71fb-45 > .kt-inside-inner-col{flex-direction:column;justify-content:center;}}<\/style>\n<div class=\"wp-block-kadence-column kadence-column3735_7a71fb-45\"><div class=\"kt-inside-inner-col\">\n<p><strong>Barre d&rsquo;appui acier chrom\u00e9 &#8211; \u00e0 partir de 13,90\u20ac<br>Existe en 30,5cm ; 40,5 cm ; 45 cm ; 61 cm ; 81 cm <\/strong><\/p>\n\n\n\n<h2 class=\"wp-block-heading\">Description du produit<\/h2>\n\n\n\n<p>La&nbsp;<strong>barre d\u2019appui murale<\/strong>&nbsp;en acier chrom\u00e9 Homecraft permet de&nbsp;<strong>s\u00e9curiser vos d\u00e9placements<\/strong>&nbsp;pour entrer ou sortir de la douche ou pour vous&nbsp;<strong>aider<\/strong>&nbsp;\u00e0 vous asseoir et vous relever des toilettes.<\/p>\n\n\n\n<p>L&rsquo;utilisateur ne doit pas exercer tout son poids sur la barre d&rsquo;appui.<\/p>\n\n\n\n<h2 class=\"wp-block-heading\">CARACTERISTIQUES TECHNIQUES DE LA BARRE D\u2019APPUI ACIER CHROME<\/h2>\n\n\n\n<ul class=\"wp-block-list\">\n<li>Avec partie antid\u00e9rapante<\/li>\n\n\n\n<li>En acier chrom\u00e9<\/li>\n\n\n\n<li>Solide<\/li>\n\n\n\n<li>Disponible en plusieurs dimensions<\/li>\n\n\n\n<li>Diam\u00e8tre du tube: 2.5 cm<\/li>\n\n\n\n<li>Distance du mur: 4 cm<\/li>\n<\/ul>\n\n\n\n<p><em>Livr\u00e9e sans les vis<\/em><\/p>\n<\/div><\/div>\n\n<\/div><\/div>","protected":false},"excerpt":{"rendered":"<p>Retour Barre d&rsquo;appui acier chrom\u00e9 Barre d&rsquo;appui acier chrom\u00e9 &#8211; \u00e0 partir de 13,90\u20acExiste en 30,5cm ; 40,5 cm ; 45 cm ; 61 cm ; 81 cm Description du produit La&nbsp;barre d\u2019appui murale&nbsp;en acier chrom\u00e9 Homecraft permet de&nbsp;s\u00e9curiser vos d\u00e9placements&nbsp;pour entrer ou sortir de la douche ou pour vous&nbsp;aider&nbsp;\u00e0 vous asseoir et vous relever&#8230;<\/p>\n","protected":false},"author":1,"featured_media":0,"parent":0,"menu_order":0,"comment_status":"closed","ping_status":"closed","template":"","meta":{"content-type":"","_kad_post_transparent":"","_kad_post_title":"hide","_kad_post_layout":"","_kad_post_sidebar_id":"","_kad_post_content_style":"","_kad_post_vertical_padding":"","_kad_post_feature":"","_kad_post_feature_position":"","_kad_post_header":false,"_kad_post_footer":false,"footnotes":""},"class_list":["post-3735","page","type-page","status-publish","hentry"],"_links":{"self":[{"href":"https:\/\/bastideparis.fr\/ro49090-ovh\/index.php\/wp-json\/wp\/v2\/pages\/3735","targetHints":{"allow":["GET"]}}],"collection":[{"href":"https:\/\/bastideparis.fr\/ro49090-ovh\/index.php\/wp-json\/wp\/v2\/pages"}],"about":[{"href":"https:\/\/bastideparis.fr\/ro49090-ovh\/index.php\/wp-json\/wp\/v2\/types\/page"}],"author":[{"embeddable":true,"href":"https:\/\/bastideparis.fr\/ro49090-ovh\/index.php\/wp-json\/wp\/v2\/users\/1"}],"replies":[{"embeddable":true,"href":"https:\/\/bastideparis.fr\/ro49090-ovh\/index.php\/wp-json\/wp\/v2\/comments?post=3735"}],"version-history":[{"count":1,"href":"https:\/\/bastideparis.fr\/ro49090-ovh\/index.php\/wp-json\/wp\/v2\/pages\/3735\/revisions"}],"predecessor-version":[{"id":3736,"href":"https:\/\/bastideparis.fr\/ro49090-ovh\/index.php\/wp-json\/wp\/v2\/pages\/3735\/revisions\/3736"}],"wp:attachment":[{"href":"https:\/\/bastideparis.fr\/ro49090-ovh\/index.php\/wp-json\/wp\/v2\/media?parent=3735"}],"curies":[{"name":"wp","href":"https:\/\/api.w.org\/{rel}","templated":true}]}}