{"id":3743,"date":"2024-06-12T20:26:19","date_gmt":"2024-06-12T18:26:19","guid":{"rendered":"https:\/\/bastideparis.fr\/ro49090-ovh\/?page_id=3743"},"modified":"2024-09-05T14:52:16","modified_gmt":"2024-09-05T12:52:16","slug":"barre-dappui-antiderapante","status":"publish","type":"page","link":"https:\/\/bastideparis.fr\/ro49090-ovh\/index.php\/barre-dappui-antiderapante\/","title":{"rendered":"Barre d&rsquo;appui antid\u00e9rapante"},"content":{"rendered":"\n<p><a href=\"https:\/\/bastideparis.fr\/ro49090-ovh\/index.php\/showroom-toilettes\/\">Retour<\/a><\/p>\n\n\n\n<p class=\"has-larger-font-size\">Barre d&rsquo;appui antid\u00e9rapante <\/p>\n\n\n<style>.kb-row-layout-id3743_7caee5-b3 > .kt-row-column-wrap{align-content:start;}:where(.kb-row-layout-id3743_7caee5-b3 > .kt-row-column-wrap) > .wp-block-kadence-column{justify-content:start;}.kb-row-layout-id3743_7caee5-b3 > .kt-row-column-wrap{column-gap:var(--global-kb-gap-md, 2rem);row-gap:var(--global-kb-gap-md, 2rem);padding-top:var(--global-kb-spacing-sm, 1.5rem);padding-bottom:var(--global-kb-spacing-sm, 1.5rem);grid-template-columns:repeat(2, minmax(0, 1fr));}.kb-row-layout-id3743_7caee5-b3 > .kt-row-layout-overlay{opacity:0.30;}@media all and (max-width: 1024px){.kb-row-layout-id3743_7caee5-b3 > .kt-row-column-wrap{grid-template-columns:repeat(2, minmax(0, 1fr));}}@media all and (max-width: 767px){.kb-row-layout-id3743_7caee5-b3 > .kt-row-column-wrap{grid-template-columns:minmax(0, 1fr);}}<\/style><div class=\"kb-row-layout-wrap kb-row-layout-id3743_7caee5-b3 alignnone wp-block-kadence-rowlayout\"><div class=\"kt-row-column-wrap kt-has-2-columns kt-row-layout-equal kt-tab-layout-inherit kt-mobile-layout-row kt-row-valign-top\">\n<style>.kadence-column3743_c54a9a-e7 > .kt-inside-inner-col,.kadence-column3743_c54a9a-e7 > .kt-inside-inner-col:before{border-top-left-radius:0px;border-top-right-radius:0px;border-bottom-right-radius:0px;border-bottom-left-radius:0px;}.kadence-column3743_c54a9a-e7 > .kt-inside-inner-col{column-gap:var(--global-kb-gap-sm, 1rem);}.kadence-column3743_c54a9a-e7 > .kt-inside-inner-col{flex-direction:column;}.kadence-column3743_c54a9a-e7 > .kt-inside-inner-col > .aligncenter{width:100%;}.kadence-column3743_c54a9a-e7 > .kt-inside-inner-col:before{opacity:0.3;}.kadence-column3743_c54a9a-e7{position:relative;}@media all and (max-width: 1024px){.kadence-column3743_c54a9a-e7 > .kt-inside-inner-col{flex-direction:column;justify-content:center;}}@media all and (max-width: 767px){.kadence-column3743_c54a9a-e7 > .kt-inside-inner-col{flex-direction:column;justify-content:center;}}<\/style>\n<div class=\"wp-block-kadence-column kadence-column3743_c54a9a-e7\"><div class=\"kt-inside-inner-col\"><div class=\"wp-block-image\">\n<figure class=\"aligncenter size-full\"><img loading=\"lazy\" decoding=\"async\" width=\"360\" height=\"360\" src=\"https:\/\/bastideparis.fr\/ro49090-ovh\/wp-content\/uploads\/2024\/02\/barre-dappui-securisee-blanche.webp\" alt=\"\" class=\"wp-image-2214\" srcset=\"https:\/\/bastideparis.fr\/ro49090-ovh\/wp-content\/uploads\/2024\/02\/barre-dappui-securisee-blanche.webp 360w, https:\/\/bastideparis.fr\/ro49090-ovh\/wp-content\/uploads\/2024\/02\/barre-dappui-securisee-blanche-300x300.webp 300w, https:\/\/bastideparis.fr\/ro49090-ovh\/wp-content\/uploads\/2024\/02\/barre-dappui-securisee-blanche-150x150.webp 150w\" sizes=\"auto, (max-width: 360px) 100vw, 360px\" \/><\/figure>\n<\/div><\/div><\/div>\n\n\n<style>.kadence-column3743_d4b85c-8b > .kt-inside-inner-col,.kadence-column3743_d4b85c-8b > .kt-inside-inner-col:before{border-top-left-radius:0px;border-top-right-radius:0px;border-bottom-right-radius:0px;border-bottom-left-radius:0px;}.kadence-column3743_d4b85c-8b > .kt-inside-inner-col{column-gap:var(--global-kb-gap-sm, 1rem);}.kadence-column3743_d4b85c-8b > .kt-inside-inner-col{flex-direction:column;}.kadence-column3743_d4b85c-8b > .kt-inside-inner-col > .aligncenter{width:100%;}.kadence-column3743_d4b85c-8b > .kt-inside-inner-col:before{opacity:0.3;}.kadence-column3743_d4b85c-8b{position:relative;}@media all and (max-width: 1024px){.kadence-column3743_d4b85c-8b > .kt-inside-inner-col{flex-direction:column;justify-content:center;}}@media all and (max-width: 767px){.kadence-column3743_d4b85c-8b > .kt-inside-inner-col{flex-direction:column;justify-content:center;}}<\/style>\n<div class=\"wp-block-kadence-column kadence-column3743_d4b85c-8b\"><div class=\"kt-inside-inner-col\">\n<p><strong>Barre d&rsquo;appui antid\u00e9rapante &#8211; \u00e0 partir de 17,90\u20ac<br>Existe en 30 cm et 40 cm. <\/strong><\/p>\n\n\n\n<h2 class=\"wp-block-heading\">Description du produit<\/h2>\n\n\n\n<p>La&nbsp;<strong>barre de douche<\/strong>&nbsp;<em>Prima<\/em>&nbsp;est dot\u00e9e de&nbsp;<strong>moulures sp\u00e9ciales<\/strong>&nbsp;pour r<strong>enforcer la pr\u00e9hension<\/strong>&nbsp;et&nbsp;<strong>s\u00e9curiser vos d\u00e9placements<\/strong>. La barre de douche droite r\u00e9duit le risque de glissade, m\u00eame avec des mains humides et savonneuses. La barre d\u2019appui en 30 cm ou en 40 cm est en plastique moul\u00e9 monobloc robuste avec une r\u00e9sistance renforc\u00e9e par un tube interne en aluminium antirouille. La prise ergonomique est confortable et jamais froide au toucher.<\/p>\n\n\n\n<p>Ces barres d\u2019appui droites peuvent \u00eatre mont\u00e9es horizontalement, verticalement ou en diagonale. Ces barres d\u2019appui sont id\u00e9ales pour la toilette, car elles permettent aux utilisateurs ayant une faible force dans les mains de se lever ou de se tenir.<\/p>\n<\/div><\/div>\n\n<\/div><\/div>\n\n<style>.kb-row-layout-id3743_0fca84-84 > .kt-row-column-wrap{align-content:start;}:where(.kb-row-layout-id3743_0fca84-84 > .kt-row-column-wrap) > .wp-block-kadence-column{justify-content:start;}.kb-row-layout-id3743_0fca84-84 > .kt-row-column-wrap{column-gap:var(--global-kb-gap-md, 2rem);row-gap:var(--global-kb-gap-md, 2rem);padding-top:var(--global-kb-spacing-sm, 1.5rem);padding-bottom:var(--global-kb-spacing-sm, 1.5rem);grid-template-columns:repeat(2, minmax(0, 1fr));}.kb-row-layout-id3743_0fca84-84 > .kt-row-layout-overlay{opacity:0.30;}@media all and (max-width: 1024px){.kb-row-layout-id3743_0fca84-84 > .kt-row-column-wrap{grid-template-columns:repeat(2, minmax(0, 1fr));}}@media all and (max-width: 767px){.kb-row-layout-id3743_0fca84-84 > .kt-row-column-wrap{grid-template-columns:minmax(0, 1fr);}}<\/style><div class=\"kb-row-layout-wrap kb-row-layout-id3743_0fca84-84 alignnone wp-block-kadence-rowlayout\"><div class=\"kt-row-column-wrap kt-has-2-columns kt-row-layout-equal kt-tab-layout-inherit kt-mobile-layout-row kt-row-valign-top\">\n<style>.kadence-column3743_49acad-4f > .kt-inside-inner-col,.kadence-column3743_49acad-4f > .kt-inside-inner-col:before{border-top-left-radius:0px;border-top-right-radius:0px;border-bottom-right-radius:0px;border-bottom-left-radius:0px;}.kadence-column3743_49acad-4f > .kt-inside-inner-col{column-gap:var(--global-kb-gap-sm, 1rem);}.kadence-column3743_49acad-4f > .kt-inside-inner-col{flex-direction:column;}.kadence-column3743_49acad-4f > .kt-inside-inner-col > .aligncenter{width:100%;}.kadence-column3743_49acad-4f > .kt-inside-inner-col:before{opacity:0.3;}.kadence-column3743_49acad-4f{position:relative;}@media all and (max-width: 1024px){.kadence-column3743_49acad-4f > .kt-inside-inner-col{flex-direction:column;justify-content:center;}}@media all and (max-width: 767px){.kadence-column3743_49acad-4f > .kt-inside-inner-col{flex-direction:column;justify-content:center;}}<\/style>\n<div class=\"wp-block-kadence-column kadence-column3743_49acad-4f\"><div class=\"kt-inside-inner-col\">\n<h2 class=\"wp-block-heading\">Caract\u00e9ristiques de la barre d&rsquo;appui pour la douche<\/h2>\n\n\n\n<ul class=\"wp-block-list\">\n<li>Ergonomique<\/li>\n\n\n\n<li>Muni d&rsquo;anneaux antid\u00e9rapants pour diminuer les risques de chute en cas de mains mouill\u00e9es<\/li>\n\n\n\n<li>Diam\u00e8tre de 30 mm pour une meilleure pr\u00e9hension<\/li>\n\n\n\n<li>La barre se fixe tr\u00e8s rapidement sur un mur<\/li>\n\n\n\n<li>Vis dissimul\u00e9es par des caches (vis non fournies)<\/li>\n\n\n\n<li>Plastique moul\u00e9 monobloc<\/li>\n\n\n\n<li>Int\u00e9rieur renforc\u00e9 par un tube en aluminium non oxydant<\/li>\n\n\n\n<li>Supporte 160 Kg<\/li>\n<\/ul>\n<\/div><\/div>\n\n\n<style>.kadence-column3743_b790fd-13 > .kt-inside-inner-col,.kadence-column3743_b790fd-13 > .kt-inside-inner-col:before{border-top-left-radius:0px;border-top-right-radius:0px;border-bottom-right-radius:0px;border-bottom-left-radius:0px;}.kadence-column3743_b790fd-13 > .kt-inside-inner-col{column-gap:var(--global-kb-gap-sm, 1rem);}.kadence-column3743_b790fd-13 > .kt-inside-inner-col{flex-direction:column;}.kadence-column3743_b790fd-13 > .kt-inside-inner-col > .aligncenter{width:100%;}.kadence-column3743_b790fd-13 > .kt-inside-inner-col:before{opacity:0.3;}.kadence-column3743_b790fd-13{position:relative;}@media all and (max-width: 1024px){.kadence-column3743_b790fd-13 > .kt-inside-inner-col{flex-direction:column;justify-content:center;}}@media all and (max-width: 767px){.kadence-column3743_b790fd-13 > .kt-inside-inner-col{flex-direction:column;justify-content:center;}}<\/style>\n<div class=\"wp-block-kadence-column kadence-column3743_b790fd-13\"><div class=\"kt-inside-inner-col\"><\/div><\/div>\n\n<\/div><\/div>","protected":false},"excerpt":{"rendered":"<p>Retour Barre d&rsquo;appui antid\u00e9rapante Barre d&rsquo;appui antid\u00e9rapante &#8211; \u00e0 partir de 17,90\u20acExiste en 30 cm et 40 cm. Description du produit La&nbsp;barre de douche&nbsp;Prima&nbsp;est dot\u00e9e de&nbsp;moulures sp\u00e9ciales&nbsp;pour renforcer la pr\u00e9hension&nbsp;et&nbsp;s\u00e9curiser vos d\u00e9placements. La barre de douche droite r\u00e9duit le risque de glissade, m\u00eame avec des mains humides et savonneuses. La barre d\u2019appui en 30 cm&#8230;<\/p>\n","protected":false},"author":1,"featured_media":0,"parent":0,"menu_order":0,"comment_status":"closed","ping_status":"closed","template":"","meta":{"content-type":"","_kad_post_transparent":"","_kad_post_title":"hide","_kad_post_layout":"","_kad_post_sidebar_id":"","_kad_post_content_style":"","_kad_post_vertical_padding":"","_kad_post_feature":"","_kad_post_feature_position":"","_kad_post_header":false,"_kad_post_footer":false,"footnotes":""},"class_list":["post-3743","page","type-page","status-publish","hentry"],"_links":{"self":[{"href":"https:\/\/bastideparis.fr\/ro49090-ovh\/index.php\/wp-json\/wp\/v2\/pages\/3743","targetHints":{"allow":["GET"]}}],"collection":[{"href":"https:\/\/bastideparis.fr\/ro49090-ovh\/index.php\/wp-json\/wp\/v2\/pages"}],"about":[{"href":"https:\/\/bastideparis.fr\/ro49090-ovh\/index.php\/wp-json\/wp\/v2\/types\/page"}],"author":[{"embeddable":true,"href":"https:\/\/bastideparis.fr\/ro49090-ovh\/index.php\/wp-json\/wp\/v2\/users\/1"}],"replies":[{"embeddable":true,"href":"https:\/\/bastideparis.fr\/ro49090-ovh\/index.php\/wp-json\/wp\/v2\/comments?post=3743"}],"version-history":[{"count":2,"href":"https:\/\/bastideparis.fr\/ro49090-ovh\/index.php\/wp-json\/wp\/v2\/pages\/3743\/revisions"}],"predecessor-version":[{"id":4164,"href":"https:\/\/bastideparis.fr\/ro49090-ovh\/index.php\/wp-json\/wp\/v2\/pages\/3743\/revisions\/4164"}],"wp:attachment":[{"href":"https:\/\/bastideparis.fr\/ro49090-ovh\/index.php\/wp-json\/wp\/v2\/media?parent=3743"}],"curies":[{"name":"wp","href":"https:\/\/api.w.org\/{rel}","templated":true}]}}