{"id":3746,"date":"2024-06-12T20:29:16","date_gmt":"2024-06-12T18:29:16","guid":{"rendered":"https:\/\/bastideparis.fr\/ro49090-ovh\/?page_id=3746"},"modified":"2024-06-12T20:29:16","modified_gmt":"2024-06-12T18:29:16","slug":"barre-dappui-verticale-sol-plafond-curve","status":"publish","type":"page","link":"https:\/\/bastideparis.fr\/ro49090-ovh\/index.php\/barre-dappui-verticale-sol-plafond-curve\/","title":{"rendered":"Barre d&rsquo;appui verticale sol plafond Curve"},"content":{"rendered":"\n<p><a href=\"https:\/\/bastideparis.fr\/ro49090-ovh\/index.php\/showroom-toilettes\/\">Retour<\/a><\/p>\n\n\n\n<p class=\"has-larger-font-size\">Barre d&rsquo;appui verticale sol plafond Curve<\/p>\n\n\n<style>.kb-row-layout-id3746_2465dc-9c > .kt-row-column-wrap{align-content:start;}:where(.kb-row-layout-id3746_2465dc-9c > .kt-row-column-wrap) > .wp-block-kadence-column{justify-content:start;}.kb-row-layout-id3746_2465dc-9c > .kt-row-column-wrap{column-gap:var(--global-kb-gap-md, 2rem);row-gap:var(--global-kb-gap-md, 2rem);padding-top:var(--global-kb-spacing-sm, 1.5rem);padding-bottom:var(--global-kb-spacing-sm, 1.5rem);grid-template-columns:repeat(2, minmax(0, 1fr));}.kb-row-layout-id3746_2465dc-9c > .kt-row-layout-overlay{opacity:0.30;}@media all and (max-width: 1024px){.kb-row-layout-id3746_2465dc-9c > .kt-row-column-wrap{grid-template-columns:repeat(2, minmax(0, 1fr));}}@media all and (max-width: 767px){.kb-row-layout-id3746_2465dc-9c > .kt-row-column-wrap{grid-template-columns:minmax(0, 1fr);}}<\/style><div class=\"kb-row-layout-wrap kb-row-layout-id3746_2465dc-9c alignnone wp-block-kadence-rowlayout\"><div class=\"kt-row-column-wrap kt-has-2-columns kt-row-layout-equal kt-tab-layout-inherit kt-mobile-layout-row kt-row-valign-top\">\n<style>.kadence-column3746_64cdbd-7e > .kt-inside-inner-col,.kadence-column3746_64cdbd-7e > .kt-inside-inner-col:before{border-top-left-radius:0px;border-top-right-radius:0px;border-bottom-right-radius:0px;border-bottom-left-radius:0px;}.kadence-column3746_64cdbd-7e > .kt-inside-inner-col{column-gap:var(--global-kb-gap-sm, 1rem);}.kadence-column3746_64cdbd-7e > .kt-inside-inner-col{flex-direction:column;}.kadence-column3746_64cdbd-7e > .kt-inside-inner-col > .aligncenter{width:100%;}.kadence-column3746_64cdbd-7e > .kt-inside-inner-col:before{opacity:0.3;}.kadence-column3746_64cdbd-7e{position:relative;}@media all and (max-width: 1024px){.kadence-column3746_64cdbd-7e > .kt-inside-inner-col{flex-direction:column;justify-content:center;}}@media all and (max-width: 767px){.kadence-column3746_64cdbd-7e > .kt-inside-inner-col{flex-direction:column;justify-content:center;}}<\/style>\n<div class=\"wp-block-kadence-column kadence-column3746_64cdbd-7e\"><div class=\"kt-inside-inner-col\"><div class=\"wp-block-image\">\n<figure class=\"aligncenter size-full\"><img loading=\"lazy\" decoding=\"async\" width=\"360\" height=\"360\" src=\"https:\/\/bastideparis.fr\/ro49090-ovh\/wp-content\/uploads\/2024\/02\/barre-dappui-solplafond.webp\" alt=\"\" class=\"wp-image-2215\" srcset=\"https:\/\/bastideparis.fr\/ro49090-ovh\/wp-content\/uploads\/2024\/02\/barre-dappui-solplafond.webp 360w, https:\/\/bastideparis.fr\/ro49090-ovh\/wp-content\/uploads\/2024\/02\/barre-dappui-solplafond-300x300.webp 300w, https:\/\/bastideparis.fr\/ro49090-ovh\/wp-content\/uploads\/2024\/02\/barre-dappui-solplafond-150x150.webp 150w\" sizes=\"auto, (max-width: 360px) 100vw, 360px\" \/><\/figure>\n<\/div><\/div><\/div>\n\n\n<style>.kadence-column3746_425c1c-cd > .kt-inside-inner-col,.kadence-column3746_425c1c-cd > .kt-inside-inner-col:before{border-top-left-radius:0px;border-top-right-radius:0px;border-bottom-right-radius:0px;border-bottom-left-radius:0px;}.kadence-column3746_425c1c-cd > .kt-inside-inner-col{column-gap:var(--global-kb-gap-sm, 1rem);}.kadence-column3746_425c1c-cd > .kt-inside-inner-col{flex-direction:column;}.kadence-column3746_425c1c-cd > .kt-inside-inner-col > .aligncenter{width:100%;}.kadence-column3746_425c1c-cd > .kt-inside-inner-col:before{opacity:0.3;}.kadence-column3746_425c1c-cd{position:relative;}@media all and (max-width: 1024px){.kadence-column3746_425c1c-cd > .kt-inside-inner-col{flex-direction:column;justify-content:center;}}@media all and (max-width: 767px){.kadence-column3746_425c1c-cd > .kt-inside-inner-col{flex-direction:column;justify-content:center;}}<\/style>\n<div class=\"wp-block-kadence-column kadence-column3746_425c1c-cd\"><div class=\"kt-inside-inner-col\">\n<p><strong>Barre d&rsquo;appui verticale sol plafond Curve &#8211; 299\u20ac<br>R\u00e9f\u00e9rence : 114674<\/strong><\/p>\n\n\n\n<h2 class=\"wp-block-heading\">Description du produit<\/h2>\n\n\n\n<p>La&nbsp;<strong>barre d\u2019appui vertical<\/strong>&nbsp;sol et plafond&nbsp;<em>Curve<\/em>&nbsp;s\u2019adapte \u00e0 tous les pi\u00e8ces de votre lieu de vie. R\u00e9glable en hauteur de 210 cm \u00e0 300 cm, la barre d\u2019appui verticale permet de&nbsp;<strong>s\u00e9curiser vos d\u00e9placements<\/strong>, d\u2019<strong>am\u00e9liorer votre mobilit\u00e9 et votre autonomie<\/strong>. La barre d\u2019appui est munie d\u2019une&nbsp;<strong>poign\u00e9e ergonomique<\/strong>&nbsp;qui peut \u00eatre prise \u00e0 4 endroits diff\u00e9rents.<\/p>\n\n\n\n<h2 class=\"wp-block-heading\"><strong>Barre d\u2019appui verticale avec fixation<\/strong>\u00a0sans outil<\/h2>\n\n\n\n<p>Pas besoin d\u2019outil pour fixer la barre d\u2019appui r\u00e9glable. Elle se resserre automatiquement entre le sol et le plafond. Pour prot\u00e9ger le sol et le plafond, la barre d\u2019appui est munie de caoutchouc en dessous et au-dessus des zones de contact.<\/p>\n<\/div><\/div>\n\n<\/div><\/div>\n\n<style>.kb-row-layout-id3746_04ed50-df > .kt-row-column-wrap{align-content:start;}:where(.kb-row-layout-id3746_04ed50-df > .kt-row-column-wrap) > .wp-block-kadence-column{justify-content:start;}.kb-row-layout-id3746_04ed50-df > .kt-row-column-wrap{column-gap:var(--global-kb-gap-md, 2rem);row-gap:var(--global-kb-gap-md, 2rem);padding-top:var(--global-kb-spacing-sm, 1.5rem);padding-bottom:var(--global-kb-spacing-sm, 1.5rem);grid-template-columns:repeat(2, minmax(0, 1fr));}.kb-row-layout-id3746_04ed50-df > .kt-row-layout-overlay{opacity:0.30;}@media all and (max-width: 1024px){.kb-row-layout-id3746_04ed50-df > .kt-row-column-wrap{grid-template-columns:repeat(2, minmax(0, 1fr));}}@media all and (max-width: 767px){.kb-row-layout-id3746_04ed50-df > .kt-row-column-wrap{grid-template-columns:minmax(0, 1fr);}}<\/style><div class=\"kb-row-layout-wrap kb-row-layout-id3746_04ed50-df alignnone wp-block-kadence-rowlayout\"><div class=\"kt-row-column-wrap kt-has-2-columns kt-row-layout-equal kt-tab-layout-inherit kt-mobile-layout-row kt-row-valign-top\">\n<style>.kadence-column3746_73dfc3-bd > .kt-inside-inner-col,.kadence-column3746_73dfc3-bd > .kt-inside-inner-col:before{border-top-left-radius:0px;border-top-right-radius:0px;border-bottom-right-radius:0px;border-bottom-left-radius:0px;}.kadence-column3746_73dfc3-bd > .kt-inside-inner-col{column-gap:var(--global-kb-gap-sm, 1rem);}.kadence-column3746_73dfc3-bd > .kt-inside-inner-col{flex-direction:column;}.kadence-column3746_73dfc3-bd > .kt-inside-inner-col > .aligncenter{width:100%;}.kadence-column3746_73dfc3-bd > .kt-inside-inner-col:before{opacity:0.3;}.kadence-column3746_73dfc3-bd{position:relative;}@media all and (max-width: 1024px){.kadence-column3746_73dfc3-bd > .kt-inside-inner-col{flex-direction:column;justify-content:center;}}@media all and (max-width: 767px){.kadence-column3746_73dfc3-bd > .kt-inside-inner-col{flex-direction:column;justify-content:center;}}<\/style>\n<div class=\"wp-block-kadence-column kadence-column3746_73dfc3-bd\"><div class=\"kt-inside-inner-col\">\n<h2 class=\"wp-block-heading\">CARACTERISTIQUES TECHNIQUES DE LA BARRE D\u2019APPUI VERTICALE REGLABLE<\/h2>\n\n\n\n<ul class=\"wp-block-list\">\n<li>Largeur : 22 cm<\/li>\n\n\n\n<li>Hauteur totale des poign\u00e9es : 49 cm<\/li>\n\n\n\n<li>R\u00e9glable en hauteur (210 cm \u00e0 300 cm)<\/li>\n\n\n\n<li>Se fixe sans outil<\/li>\n\n\n\n<li>Poign\u00e9e pivotante avec click de s\u00e9curit\u00e9 tous les 45\u00b0<\/li>\n\n\n\n<li>Prise en main multiple<\/li>\n<\/ul>\n<\/div><\/div>\n\n\n<style>.kadence-column3746_d62c27-09 > .kt-inside-inner-col,.kadence-column3746_d62c27-09 > .kt-inside-inner-col:before{border-top-left-radius:0px;border-top-right-radius:0px;border-bottom-right-radius:0px;border-bottom-left-radius:0px;}.kadence-column3746_d62c27-09 > .kt-inside-inner-col{column-gap:var(--global-kb-gap-sm, 1rem);}.kadence-column3746_d62c27-09 > .kt-inside-inner-col{flex-direction:column;}.kadence-column3746_d62c27-09 > .kt-inside-inner-col > .aligncenter{width:100%;}.kadence-column3746_d62c27-09 > .kt-inside-inner-col:before{opacity:0.3;}.kadence-column3746_d62c27-09{position:relative;}@media all and (max-width: 1024px){.kadence-column3746_d62c27-09 > .kt-inside-inner-col{flex-direction:column;justify-content:center;}}@media all and (max-width: 767px){.kadence-column3746_d62c27-09 > .kt-inside-inner-col{flex-direction:column;justify-content:center;}}<\/style>\n<div class=\"wp-block-kadence-column kadence-column3746_d62c27-09\"><div class=\"kt-inside-inner-col\"><\/div><\/div>\n\n<\/div><\/div>","protected":false},"excerpt":{"rendered":"<p>Retour Barre d&rsquo;appui verticale sol plafond Curve Barre d&rsquo;appui verticale sol plafond Curve &#8211; 299\u20acR\u00e9f\u00e9rence : 114674 Description du produit La&nbsp;barre d\u2019appui vertical&nbsp;sol et plafond&nbsp;Curve&nbsp;s\u2019adapte \u00e0 tous les pi\u00e8ces de votre lieu de vie. R\u00e9glable en hauteur de 210 cm \u00e0 300 cm, la barre d\u2019appui verticale permet de&nbsp;s\u00e9curiser vos d\u00e9placements, d\u2019am\u00e9liorer votre mobilit\u00e9 et&#8230;<\/p>\n","protected":false},"author":1,"featured_media":0,"parent":0,"menu_order":0,"comment_status":"closed","ping_status":"closed","template":"","meta":{"content-type":"","_kad_post_transparent":"","_kad_post_title":"hide","_kad_post_layout":"","_kad_post_sidebar_id":"","_kad_post_content_style":"","_kad_post_vertical_padding":"","_kad_post_feature":"","_kad_post_feature_position":"","_kad_post_header":false,"_kad_post_footer":false,"footnotes":""},"class_list":["post-3746","page","type-page","status-publish","hentry"],"_links":{"self":[{"href":"https:\/\/bastideparis.fr\/ro49090-ovh\/index.php\/wp-json\/wp\/v2\/pages\/3746","targetHints":{"allow":["GET"]}}],"collection":[{"href":"https:\/\/bastideparis.fr\/ro49090-ovh\/index.php\/wp-json\/wp\/v2\/pages"}],"about":[{"href":"https:\/\/bastideparis.fr\/ro49090-ovh\/index.php\/wp-json\/wp\/v2\/types\/page"}],"author":[{"embeddable":true,"href":"https:\/\/bastideparis.fr\/ro49090-ovh\/index.php\/wp-json\/wp\/v2\/users\/1"}],"replies":[{"embeddable":true,"href":"https:\/\/bastideparis.fr\/ro49090-ovh\/index.php\/wp-json\/wp\/v2\/comments?post=3746"}],"version-history":[{"count":1,"href":"https:\/\/bastideparis.fr\/ro49090-ovh\/index.php\/wp-json\/wp\/v2\/pages\/3746\/revisions"}],"predecessor-version":[{"id":3747,"href":"https:\/\/bastideparis.fr\/ro49090-ovh\/index.php\/wp-json\/wp\/v2\/pages\/3746\/revisions\/3747"}],"wp:attachment":[{"href":"https:\/\/bastideparis.fr\/ro49090-ovh\/index.php\/wp-json\/wp\/v2\/media?parent=3746"}],"curies":[{"name":"wp","href":"https:\/\/api.w.org\/{rel}","templated":true}]}}