{"id":3750,"date":"2024-06-12T20:54:58","date_gmt":"2024-06-12T18:54:58","guid":{"rendered":"https:\/\/bastideparis.fr\/ro49090-ovh\/?page_id=3750"},"modified":"2024-06-12T20:54:58","modified_gmt":"2024-06-12T18:54:58","slug":"barre-dappui-a-ventouses-40-cm","status":"publish","type":"page","link":"https:\/\/bastideparis.fr\/ro49090-ovh\/index.php\/barre-dappui-a-ventouses-40-cm\/","title":{"rendered":"Barre d&rsquo;appui \u00e0 ventouses 40 cm"},"content":{"rendered":"\n<p><a href=\"https:\/\/bastideparis.fr\/ro49090-ovh\/index.php\/showroom-toilettes\/\">Retour<\/a><\/p>\n\n\n\n<p class=\"has-larger-font-size\">Barre d&rsquo;appui \u00e0 ventouses 40 cm<\/p>\n\n\n<style>.kb-row-layout-id3750_9fe1bb-90 > .kt-row-column-wrap{align-content:start;}:where(.kb-row-layout-id3750_9fe1bb-90 > .kt-row-column-wrap) > .wp-block-kadence-column{justify-content:start;}.kb-row-layout-id3750_9fe1bb-90 > .kt-row-column-wrap{column-gap:var(--global-kb-gap-md, 2rem);row-gap:var(--global-kb-gap-md, 2rem);padding-top:var(--global-kb-spacing-sm, 1.5rem);padding-bottom:var(--global-kb-spacing-sm, 1.5rem);grid-template-columns:repeat(2, minmax(0, 1fr));}.kb-row-layout-id3750_9fe1bb-90 > .kt-row-layout-overlay{opacity:0.30;}@media all and (max-width: 1024px){.kb-row-layout-id3750_9fe1bb-90 > .kt-row-column-wrap{grid-template-columns:repeat(2, minmax(0, 1fr));}}@media all and (max-width: 767px){.kb-row-layout-id3750_9fe1bb-90 > .kt-row-column-wrap{grid-template-columns:minmax(0, 1fr);}}<\/style><div class=\"kb-row-layout-wrap kb-row-layout-id3750_9fe1bb-90 alignnone wp-block-kadence-rowlayout\"><div class=\"kt-row-column-wrap kt-has-2-columns kt-row-layout-equal kt-tab-layout-inherit kt-mobile-layout-row kt-row-valign-top\">\n<style>.kadence-column3750_4415a8-86 > .kt-inside-inner-col,.kadence-column3750_4415a8-86 > .kt-inside-inner-col:before{border-top-left-radius:0px;border-top-right-radius:0px;border-bottom-right-radius:0px;border-bottom-left-radius:0px;}.kadence-column3750_4415a8-86 > .kt-inside-inner-col{column-gap:var(--global-kb-gap-sm, 1rem);}.kadence-column3750_4415a8-86 > .kt-inside-inner-col{flex-direction:column;}.kadence-column3750_4415a8-86 > .kt-inside-inner-col > .aligncenter{width:100%;}.kadence-column3750_4415a8-86 > .kt-inside-inner-col:before{opacity:0.3;}.kadence-column3750_4415a8-86{position:relative;}@media all and (max-width: 1024px){.kadence-column3750_4415a8-86 > .kt-inside-inner-col{flex-direction:column;justify-content:center;}}@media all and (max-width: 767px){.kadence-column3750_4415a8-86 > .kt-inside-inner-col{flex-direction:column;justify-content:center;}}<\/style>\n<div class=\"wp-block-kadence-column kadence-column3750_4415a8-86\"><div class=\"kt-inside-inner-col\"><div class=\"wp-block-image\">\n<figure class=\"aligncenter size-full\"><img loading=\"lazy\" decoding=\"async\" width=\"360\" height=\"360\" src=\"https:\/\/bastideparis.fr\/ro49090-ovh\/wp-content\/uploads\/2024\/02\/barre-ventouse-40cm.webp\" alt=\"\" class=\"wp-image-2216\" srcset=\"https:\/\/bastideparis.fr\/ro49090-ovh\/wp-content\/uploads\/2024\/02\/barre-ventouse-40cm.webp 360w, https:\/\/bastideparis.fr\/ro49090-ovh\/wp-content\/uploads\/2024\/02\/barre-ventouse-40cm-300x300.webp 300w, https:\/\/bastideparis.fr\/ro49090-ovh\/wp-content\/uploads\/2024\/02\/barre-ventouse-40cm-150x150.webp 150w\" sizes=\"auto, (max-width: 360px) 100vw, 360px\" \/><\/figure>\n<\/div><\/div><\/div>\n\n\n<style>.kadence-column3750_d05a90-27 > .kt-inside-inner-col,.kadence-column3750_d05a90-27 > .kt-inside-inner-col:before{border-top-left-radius:0px;border-top-right-radius:0px;border-bottom-right-radius:0px;border-bottom-left-radius:0px;}.kadence-column3750_d05a90-27 > .kt-inside-inner-col{column-gap:var(--global-kb-gap-sm, 1rem);}.kadence-column3750_d05a90-27 > .kt-inside-inner-col{flex-direction:column;}.kadence-column3750_d05a90-27 > .kt-inside-inner-col > .aligncenter{width:100%;}.kadence-column3750_d05a90-27 > .kt-inside-inner-col:before{opacity:0.3;}.kadence-column3750_d05a90-27{position:relative;}@media all and (max-width: 1024px){.kadence-column3750_d05a90-27 > .kt-inside-inner-col{flex-direction:column;justify-content:center;}}@media all and (max-width: 767px){.kadence-column3750_d05a90-27 > .kt-inside-inner-col{flex-direction:column;justify-content:center;}}<\/style>\n<div class=\"wp-block-kadence-column kadence-column3750_d05a90-27\"><div class=\"kt-inside-inner-col\">\n<p><strong>Barre d&rsquo;appui \u00e0 ventouses 40 cm &#8211; 27,70\u20ac<br>R\u00e9f\u00e9rence : 112045<\/strong><\/p>\n\n\n\n<h2 class=\"wp-block-heading\">Description du produit<\/h2>\n\n\n\n<p>La\u00a0<strong>barre d\u2019appui \u00e0 ventouse<\/strong>\u00a0est con\u00e7ue pour<strong>\u00a0s\u00e9curiser les transferts dans la douche<\/strong>,\u00a0<strong>la baignoire<\/strong>\u00a0ou encore\u00a0<strong>un cabinet de toilettes<\/strong>. Les ventouses permettent de placer la barre d\u2019appui\u00a0<strong>sans avoir \u00e0 percer le mur<\/strong>\u00a0en fa\u00efence.<\/p>\n\n\n\n<h2 class=\"wp-block-heading\">Une barre d\u2019appui simple d\u2019utilisation<\/h2>\n\n\n\n<p>Pour installer la barre d\u2019appui, il suffit de la placer sur le mur et&nbsp;<strong>de presser les deux leviers lat\u00e9raux.<\/strong>&nbsp;La barre d\u2019appui \u00e0 ventouse adapt\u00e9e \u00e0 la salle d\u2019eau peut \u00eatre install\u00e9e&nbsp;<strong>sur tous les supports lisses<\/strong>. Elle dispose d\u2019un&nbsp;<strong>t\u00e9moin de verrouillage<\/strong>&nbsp;permettant de s\u2019assurer que la ventouse est correctement engag\u00e9e.<\/p>\n<\/div><\/div>\n\n<\/div><\/div>\n\n<style>.kb-row-layout-id3750_dd20cd-b9 > .kt-row-column-wrap{align-content:start;}:where(.kb-row-layout-id3750_dd20cd-b9 > .kt-row-column-wrap) > .wp-block-kadence-column{justify-content:start;}.kb-row-layout-id3750_dd20cd-b9 > .kt-row-column-wrap{column-gap:var(--global-kb-gap-md, 2rem);row-gap:var(--global-kb-gap-md, 2rem);padding-top:var(--global-kb-spacing-sm, 1.5rem);padding-bottom:var(--global-kb-spacing-sm, 1.5rem);grid-template-columns:repeat(2, minmax(0, 1fr));}.kb-row-layout-id3750_dd20cd-b9 > .kt-row-layout-overlay{opacity:0.30;}@media all and (max-width: 1024px){.kb-row-layout-id3750_dd20cd-b9 > .kt-row-column-wrap{grid-template-columns:repeat(2, minmax(0, 1fr));}}@media all and (max-width: 767px){.kb-row-layout-id3750_dd20cd-b9 > .kt-row-column-wrap{grid-template-columns:minmax(0, 1fr);}}<\/style><div class=\"kb-row-layout-wrap kb-row-layout-id3750_dd20cd-b9 alignnone wp-block-kadence-rowlayout\"><div class=\"kt-row-column-wrap kt-has-2-columns kt-row-layout-equal kt-tab-layout-inherit kt-mobile-layout-row kt-row-valign-top\">\n<style>.kadence-column3750_4c87d2-00 > .kt-inside-inner-col,.kadence-column3750_4c87d2-00 > .kt-inside-inner-col:before{border-top-left-radius:0px;border-top-right-radius:0px;border-bottom-right-radius:0px;border-bottom-left-radius:0px;}.kadence-column3750_4c87d2-00 > .kt-inside-inner-col{column-gap:var(--global-kb-gap-sm, 1rem);}.kadence-column3750_4c87d2-00 > .kt-inside-inner-col{flex-direction:column;}.kadence-column3750_4c87d2-00 > .kt-inside-inner-col > .aligncenter{width:100%;}.kadence-column3750_4c87d2-00 > .kt-inside-inner-col:before{opacity:0.3;}.kadence-column3750_4c87d2-00{position:relative;}@media all and (max-width: 1024px){.kadence-column3750_4c87d2-00 > .kt-inside-inner-col{flex-direction:column;justify-content:center;}}@media all and (max-width: 767px){.kadence-column3750_4c87d2-00 > .kt-inside-inner-col{flex-direction:column;justify-content:center;}}<\/style>\n<div class=\"wp-block-kadence-column kadence-column3750_4c87d2-00\"><div class=\"kt-inside-inner-col\">\n<h2 class=\"wp-block-heading\">Caract\u00e9ristiques de la barre d\u2019appui \u00e0 ventouses<\/h2>\n\n\n\n<ul class=\"wp-block-list\">\n<li>Diam\u00e8tre de la ventouse\u00a0: 10 cm<\/li>\n\n\n\n<li>Longueur\u00a0: 40 cm<\/li>\n<\/ul>\n<\/div><\/div>\n\n\n<style>.kadence-column3750_102650-72 > .kt-inside-inner-col,.kadence-column3750_102650-72 > .kt-inside-inner-col:before{border-top-left-radius:0px;border-top-right-radius:0px;border-bottom-right-radius:0px;border-bottom-left-radius:0px;}.kadence-column3750_102650-72 > .kt-inside-inner-col{column-gap:var(--global-kb-gap-sm, 1rem);}.kadence-column3750_102650-72 > .kt-inside-inner-col{flex-direction:column;}.kadence-column3750_102650-72 > .kt-inside-inner-col > .aligncenter{width:100%;}.kadence-column3750_102650-72 > .kt-inside-inner-col:before{opacity:0.3;}.kadence-column3750_102650-72{position:relative;}@media all and (max-width: 1024px){.kadence-column3750_102650-72 > .kt-inside-inner-col{flex-direction:column;justify-content:center;}}@media all and (max-width: 767px){.kadence-column3750_102650-72 > .kt-inside-inner-col{flex-direction:column;justify-content:center;}}<\/style>\n<div class=\"wp-block-kadence-column kadence-column3750_102650-72\"><div class=\"kt-inside-inner-col\">\n<h2 class=\"wp-block-heading\">Pr\u00e9cautions d&#8217;emploi<\/h2>\n\n\n\n<ul class=\"wp-block-list\">\n<li>Nettoyer les ventouses uniquement avec de l\u2019eau chaude et du savon.<\/li>\n\n\n\n<li>Ne pas positionner la barre d\u2019appui \u00e0 ventouse sur des supports poreux ou fragiles comme le pl\u00e2tre, les murs peints ou le bois.<\/li>\n\n\n\n<li>Avant chaque utilisation, v\u00e9rifier la couleur de l\u2019indicateur.<\/li>\n\n\n\n<li>La barre d\u2019appui ne peut pas supporter la totalit\u00e9 du poids d\u2019une personne. Veiller toujours \u00e0 avoir un point d\u2019appui compl\u00e9mentaire afin d\u2019\u00e9viter une chute en cas de d\u00e9faillance de celle-ci<\/li>\n\n\n\n<li>Ne pas installer sur une surface humide ou non lisse, ni sur une vitre ou un miroir.<\/li>\n\n\n\n<li>Positionnez la ventouse au milieu de votre carreau, pas sur un joint pour \u00e9viter que de l&rsquo;air ne s&rsquo;y engouffre. Le carreau doit \u00eatre\u00a0<strong>PARFAITEMENT lisse.<\/strong><\/li>\n<\/ul>\n<\/div><\/div>\n\n<\/div><\/div>","protected":false},"excerpt":{"rendered":"<p>Retour Barre d&rsquo;appui \u00e0 ventouses 40 cm Barre d&rsquo;appui \u00e0 ventouses 40 cm &#8211; 27,70\u20acR\u00e9f\u00e9rence : 112045 Description du produit La\u00a0barre d\u2019appui \u00e0 ventouse\u00a0est con\u00e7ue pour\u00a0s\u00e9curiser les transferts dans la douche,\u00a0la baignoire\u00a0ou encore\u00a0un cabinet de toilettes. Les ventouses permettent de placer la barre d\u2019appui\u00a0sans avoir \u00e0 percer le mur\u00a0en fa\u00efence. Une barre d\u2019appui simple d\u2019utilisation&#8230;<\/p>\n","protected":false},"author":1,"featured_media":0,"parent":0,"menu_order":0,"comment_status":"closed","ping_status":"closed","template":"","meta":{"content-type":"","_kad_post_transparent":"","_kad_post_title":"hide","_kad_post_layout":"","_kad_post_sidebar_id":"","_kad_post_content_style":"","_kad_post_vertical_padding":"","_kad_post_feature":"","_kad_post_feature_position":"","_kad_post_header":false,"_kad_post_footer":false,"footnotes":""},"class_list":["post-3750","page","type-page","status-publish","hentry"],"_links":{"self":[{"href":"https:\/\/bastideparis.fr\/ro49090-ovh\/index.php\/wp-json\/wp\/v2\/pages\/3750","targetHints":{"allow":["GET"]}}],"collection":[{"href":"https:\/\/bastideparis.fr\/ro49090-ovh\/index.php\/wp-json\/wp\/v2\/pages"}],"about":[{"href":"https:\/\/bastideparis.fr\/ro49090-ovh\/index.php\/wp-json\/wp\/v2\/types\/page"}],"author":[{"embeddable":true,"href":"https:\/\/bastideparis.fr\/ro49090-ovh\/index.php\/wp-json\/wp\/v2\/users\/1"}],"replies":[{"embeddable":true,"href":"https:\/\/bastideparis.fr\/ro49090-ovh\/index.php\/wp-json\/wp\/v2\/comments?post=3750"}],"version-history":[{"count":1,"href":"https:\/\/bastideparis.fr\/ro49090-ovh\/index.php\/wp-json\/wp\/v2\/pages\/3750\/revisions"}],"predecessor-version":[{"id":3751,"href":"https:\/\/bastideparis.fr\/ro49090-ovh\/index.php\/wp-json\/wp\/v2\/pages\/3750\/revisions\/3751"}],"wp:attachment":[{"href":"https:\/\/bastideparis.fr\/ro49090-ovh\/index.php\/wp-json\/wp\/v2\/media?parent=3750"}],"curies":[{"name":"wp","href":"https:\/\/api.w.org\/{rel}","templated":true}]}}