{"id":3752,"date":"2024-06-12T20:57:42","date_gmt":"2024-06-12T18:57:42","guid":{"rendered":"https:\/\/bastideparis.fr\/ro49090-ovh\/?page_id=3752"},"modified":"2024-06-12T20:57:43","modified_gmt":"2024-06-12T18:57:43","slug":"barre-dappui-a-ventouses-29-cm","status":"publish","type":"page","link":"https:\/\/bastideparis.fr\/ro49090-ovh\/index.php\/barre-dappui-a-ventouses-29-cm\/","title":{"rendered":"Barre d&rsquo;appui \u00e0 ventouses 29 cm"},"content":{"rendered":"\n<p><a href=\"https:\/\/bastideparis.fr\/ro49090-ovh\/index.php\/showroom-toilettes\/\">Retour<\/a><\/p>\n\n\n\n<p class=\"has-larger-font-size\">Barre d&rsquo;appui \u00e0 ventouses 29 cm<\/p>\n\n\n<style>.kb-row-layout-id3752_14e0f4-0a > .kt-row-column-wrap{align-content:start;}:where(.kb-row-layout-id3752_14e0f4-0a > .kt-row-column-wrap) > .wp-block-kadence-column{justify-content:start;}.kb-row-layout-id3752_14e0f4-0a > .kt-row-column-wrap{column-gap:var(--global-kb-gap-md, 2rem);row-gap:var(--global-kb-gap-md, 2rem);padding-top:var(--global-kb-spacing-sm, 1.5rem);padding-bottom:var(--global-kb-spacing-sm, 1.5rem);grid-template-columns:repeat(2, minmax(0, 1fr));}.kb-row-layout-id3752_14e0f4-0a > .kt-row-layout-overlay{opacity:0.30;}@media all and (max-width: 1024px){.kb-row-layout-id3752_14e0f4-0a > .kt-row-column-wrap{grid-template-columns:repeat(2, minmax(0, 1fr));}}@media all and (max-width: 767px){.kb-row-layout-id3752_14e0f4-0a > .kt-row-column-wrap{grid-template-columns:minmax(0, 1fr);}}<\/style><div class=\"kb-row-layout-wrap kb-row-layout-id3752_14e0f4-0a alignnone wp-block-kadence-rowlayout\"><div class=\"kt-row-column-wrap kt-has-2-columns kt-row-layout-equal kt-tab-layout-inherit kt-mobile-layout-row kt-row-valign-top\">\n<style>.kadence-column3752_060b0a-49 > .kt-inside-inner-col,.kadence-column3752_060b0a-49 > .kt-inside-inner-col:before{border-top-left-radius:0px;border-top-right-radius:0px;border-bottom-right-radius:0px;border-bottom-left-radius:0px;}.kadence-column3752_060b0a-49 > .kt-inside-inner-col{column-gap:var(--global-kb-gap-sm, 1rem);}.kadence-column3752_060b0a-49 > .kt-inside-inner-col{flex-direction:column;}.kadence-column3752_060b0a-49 > .kt-inside-inner-col > .aligncenter{width:100%;}.kadence-column3752_060b0a-49 > .kt-inside-inner-col:before{opacity:0.3;}.kadence-column3752_060b0a-49{position:relative;}@media all and (max-width: 1024px){.kadence-column3752_060b0a-49 > .kt-inside-inner-col{flex-direction:column;justify-content:center;}}@media all and (max-width: 767px){.kadence-column3752_060b0a-49 > .kt-inside-inner-col{flex-direction:column;justify-content:center;}}<\/style>\n<div class=\"wp-block-kadence-column kadence-column3752_060b0a-49\"><div class=\"kt-inside-inner-col\"><div class=\"wp-block-image\">\n<figure class=\"aligncenter size-full\"><img loading=\"lazy\" decoding=\"async\" width=\"360\" height=\"360\" src=\"https:\/\/bastideparis.fr\/ro49090-ovh\/wp-content\/uploads\/2024\/02\/barre-ventouse-29.webp\" alt=\"\" class=\"wp-image-2217\" srcset=\"https:\/\/bastideparis.fr\/ro49090-ovh\/wp-content\/uploads\/2024\/02\/barre-ventouse-29.webp 360w, https:\/\/bastideparis.fr\/ro49090-ovh\/wp-content\/uploads\/2024\/02\/barre-ventouse-29-300x300.webp 300w, https:\/\/bastideparis.fr\/ro49090-ovh\/wp-content\/uploads\/2024\/02\/barre-ventouse-29-150x150.webp 150w\" sizes=\"auto, (max-width: 360px) 100vw, 360px\" \/><\/figure>\n<\/div><\/div><\/div>\n\n\n<style>.kadence-column3752_0a2855-7b > .kt-inside-inner-col,.kadence-column3752_0a2855-7b > .kt-inside-inner-col:before{border-top-left-radius:0px;border-top-right-radius:0px;border-bottom-right-radius:0px;border-bottom-left-radius:0px;}.kadence-column3752_0a2855-7b > .kt-inside-inner-col{column-gap:var(--global-kb-gap-sm, 1rem);}.kadence-column3752_0a2855-7b > .kt-inside-inner-col{flex-direction:column;}.kadence-column3752_0a2855-7b > .kt-inside-inner-col > .aligncenter{width:100%;}.kadence-column3752_0a2855-7b > .kt-inside-inner-col:before{opacity:0.3;}.kadence-column3752_0a2855-7b{position:relative;}@media all and (max-width: 1024px){.kadence-column3752_0a2855-7b > .kt-inside-inner-col{flex-direction:column;justify-content:center;}}@media all and (max-width: 767px){.kadence-column3752_0a2855-7b > .kt-inside-inner-col{flex-direction:column;justify-content:center;}}<\/style>\n<div class=\"wp-block-kadence-column kadence-column3752_0a2855-7b\"><div class=\"kt-inside-inner-col\">\n<p><strong>Barre d&rsquo;appui \u00e0 ventouses 29 cm &#8211; 16,90\u20ac<br>R\u00e9f\u00e9rence : 112044<\/strong><\/p>\n\n\n\n<h2 class=\"wp-block-heading\">Description du produit<\/h2>\n\n\n\n<p>La&nbsp;<strong>barre d\u2019appui \u00e0 ventouse<\/strong>&nbsp;s\u00e9curise les transferts dans la douche, la baignoire ou encore un cabinet de toilettes sans avoir \u00e0 percer dans une fa\u00efence murale.<\/p>\n\n\n\n<h2 class=\"wp-block-heading\">Pour une fixation rapide<\/h2>\n\n\n\n<p>La barre d\u2019appui \u00e0 ventouses est tr\u00e8s pratique et&nbsp;<strong>s\u2019installe en quelques secondes sans outil.<\/strong>&nbsp;Elle se d\u00e9place facilement sans aide ext\u00e9rieure. L\u00e9g\u00e8re vous pouvez emporter la barre d\u2019appui \u00e0 ventouse o\u00f9 vous souhaitez.<\/p>\n\n\n\n<h2 class=\"wp-block-heading\">Une barre d\u2019appui facile \u00e0 utiliser<\/h2>\n\n\n\n<p>Pour installer la barre d\u2019appui, il suffit de&nbsp;<strong>la placer sur le mur et de presser les deux leviers lat\u00e9raux<\/strong>. La barre d\u2019appui \u00e0 ventouse adapt\u00e9e \u00e0 la salle d\u2019eau peut \u00eatre install\u00e9e sur tous les supports lisses.<\/p>\n<\/div><\/div>\n\n<\/div><\/div>\n\n<style>.kb-row-layout-id3752_bff8e1-96 > .kt-row-column-wrap{align-content:start;}:where(.kb-row-layout-id3752_bff8e1-96 > .kt-row-column-wrap) > .wp-block-kadence-column{justify-content:start;}.kb-row-layout-id3752_bff8e1-96 > .kt-row-column-wrap{column-gap:var(--global-kb-gap-md, 2rem);row-gap:var(--global-kb-gap-md, 2rem);padding-top:var(--global-kb-spacing-sm, 1.5rem);padding-bottom:var(--global-kb-spacing-sm, 1.5rem);grid-template-columns:repeat(2, minmax(0, 1fr));}.kb-row-layout-id3752_bff8e1-96 > .kt-row-layout-overlay{opacity:0.30;}@media all and (max-width: 1024px){.kb-row-layout-id3752_bff8e1-96 > .kt-row-column-wrap{grid-template-columns:repeat(2, minmax(0, 1fr));}}@media all and (max-width: 767px){.kb-row-layout-id3752_bff8e1-96 > .kt-row-column-wrap{grid-template-columns:minmax(0, 1fr);}}<\/style><div class=\"kb-row-layout-wrap kb-row-layout-id3752_bff8e1-96 alignnone wp-block-kadence-rowlayout\"><div class=\"kt-row-column-wrap kt-has-2-columns kt-row-layout-equal kt-tab-layout-inherit kt-mobile-layout-row kt-row-valign-top\">\n<style>.kadence-column3752_2043b6-18 > .kt-inside-inner-col,.kadence-column3752_2043b6-18 > .kt-inside-inner-col:before{border-top-left-radius:0px;border-top-right-radius:0px;border-bottom-right-radius:0px;border-bottom-left-radius:0px;}.kadence-column3752_2043b6-18 > .kt-inside-inner-col{column-gap:var(--global-kb-gap-sm, 1rem);}.kadence-column3752_2043b6-18 > .kt-inside-inner-col{flex-direction:column;}.kadence-column3752_2043b6-18 > .kt-inside-inner-col > .aligncenter{width:100%;}.kadence-column3752_2043b6-18 > .kt-inside-inner-col:before{opacity:0.3;}.kadence-column3752_2043b6-18{position:relative;}@media all and (max-width: 1024px){.kadence-column3752_2043b6-18 > .kt-inside-inner-col{flex-direction:column;justify-content:center;}}@media all and (max-width: 767px){.kadence-column3752_2043b6-18 > .kt-inside-inner-col{flex-direction:column;justify-content:center;}}<\/style>\n<div class=\"wp-block-kadence-column kadence-column3752_2043b6-18\"><div class=\"kt-inside-inner-col\">\n<h2 class=\"wp-block-heading\">Caract\u00e9ristiques de la barre d\u2019appui \u00e0 ventouses<\/h2>\n\n\n\n<ul class=\"wp-block-list\">\n<li>Fixation par 2 larges ventouses<\/li>\n\n\n\n<li>Prise en main 11 cm<\/li>\n\n\n\n<li>Longueur de la barre\u00a0: 29 cm<\/li>\n<\/ul>\n<\/div><\/div>\n\n\n<style>.kadence-column3752_ced3cd-e0 > .kt-inside-inner-col,.kadence-column3752_ced3cd-e0 > .kt-inside-inner-col:before{border-top-left-radius:0px;border-top-right-radius:0px;border-bottom-right-radius:0px;border-bottom-left-radius:0px;}.kadence-column3752_ced3cd-e0 > .kt-inside-inner-col{column-gap:var(--global-kb-gap-sm, 1rem);}.kadence-column3752_ced3cd-e0 > .kt-inside-inner-col{flex-direction:column;}.kadence-column3752_ced3cd-e0 > .kt-inside-inner-col > .aligncenter{width:100%;}.kadence-column3752_ced3cd-e0 > .kt-inside-inner-col:before{opacity:0.3;}.kadence-column3752_ced3cd-e0{position:relative;}@media all and (max-width: 1024px){.kadence-column3752_ced3cd-e0 > .kt-inside-inner-col{flex-direction:column;justify-content:center;}}@media all and (max-width: 767px){.kadence-column3752_ced3cd-e0 > .kt-inside-inner-col{flex-direction:column;justify-content:center;}}<\/style>\n<div class=\"wp-block-kadence-column kadence-column3752_ced3cd-e0\"><div class=\"kt-inside-inner-col\">\n<h2 class=\"wp-block-heading\">Pr\u00e9cautions d&#8217;emploi<\/h2>\n\n\n\n<ul class=\"wp-block-list\">\n<li>Nettoyer les ventouses uniquement avec de l\u2019eau chaude et du savon.<\/li>\n\n\n\n<li>Ne pas positionner la barre d\u2019appui \u00e0 ventouse sur des supports poreux ou fragiles comme le pl\u00e2tre, les murs peints ou le bois.<\/li>\n\n\n\n<li>Avant chaque utilisation, v\u00e9rifier la couleur de l\u2019indicateur.<\/li>\n\n\n\n<li>La barre d\u2019appui ne peut pas supporter la totalit\u00e9 du poids d\u2019une personne. Veiller toujours \u00e0 avoir un point d\u2019appui compl\u00e9mentaire afin d\u2019\u00e9viter une chute en cas de d\u00e9faillance de celle-ci<\/li>\n\n\n\n<li>Ne pas installer sur une surface humide ou non lisse, ni sur une vitre ou un miroir.<\/li>\n\n\n\n<li>Positionnez la ventouse au milieu de votre carreau, pas sur un joint pour \u00e9viter que de l&rsquo;air ne s&rsquo;y engouffre. Le carreau doit \u00eatre\u00a0<strong>PARFAITEMENT lisse.<\/strong><\/li>\n<\/ul>\n<\/div><\/div>\n\n<\/div><\/div>","protected":false},"excerpt":{"rendered":"<p>Retour Barre d&rsquo;appui \u00e0 ventouses 29 cm Barre d&rsquo;appui \u00e0 ventouses 29 cm &#8211; 16,90\u20acR\u00e9f\u00e9rence : 112044 Description du produit La&nbsp;barre d\u2019appui \u00e0 ventouse&nbsp;s\u00e9curise les transferts dans la douche, la baignoire ou encore un cabinet de toilettes sans avoir \u00e0 percer dans une fa\u00efence murale. Pour une fixation rapide La barre d\u2019appui \u00e0 ventouses est&#8230;<\/p>\n","protected":false},"author":1,"featured_media":0,"parent":0,"menu_order":0,"comment_status":"closed","ping_status":"closed","template":"","meta":{"content-type":"","_kad_post_transparent":"","_kad_post_title":"hide","_kad_post_layout":"","_kad_post_sidebar_id":"","_kad_post_content_style":"","_kad_post_vertical_padding":"","_kad_post_feature":"","_kad_post_feature_position":"","_kad_post_header":false,"_kad_post_footer":false,"footnotes":""},"class_list":["post-3752","page","type-page","status-publish","hentry"],"_links":{"self":[{"href":"https:\/\/bastideparis.fr\/ro49090-ovh\/index.php\/wp-json\/wp\/v2\/pages\/3752","targetHints":{"allow":["GET"]}}],"collection":[{"href":"https:\/\/bastideparis.fr\/ro49090-ovh\/index.php\/wp-json\/wp\/v2\/pages"}],"about":[{"href":"https:\/\/bastideparis.fr\/ro49090-ovh\/index.php\/wp-json\/wp\/v2\/types\/page"}],"author":[{"embeddable":true,"href":"https:\/\/bastideparis.fr\/ro49090-ovh\/index.php\/wp-json\/wp\/v2\/users\/1"}],"replies":[{"embeddable":true,"href":"https:\/\/bastideparis.fr\/ro49090-ovh\/index.php\/wp-json\/wp\/v2\/comments?post=3752"}],"version-history":[{"count":1,"href":"https:\/\/bastideparis.fr\/ro49090-ovh\/index.php\/wp-json\/wp\/v2\/pages\/3752\/revisions"}],"predecessor-version":[{"id":3753,"href":"https:\/\/bastideparis.fr\/ro49090-ovh\/index.php\/wp-json\/wp\/v2\/pages\/3752\/revisions\/3753"}],"wp:attachment":[{"href":"https:\/\/bastideparis.fr\/ro49090-ovh\/index.php\/wp-json\/wp\/v2\/media?parent=3752"}],"curies":[{"name":"wp","href":"https:\/\/api.w.org\/{rel}","templated":true}]}}